{"id":5753,"date":"2023-02-11T14:45:57","date_gmt":"2023-02-11T14:45:57","guid":{"rendered":"https:\/\/www.saharatoursmarruecos.com\/product\/8-dias-de-trekking-por-la-montana-y-el-desierto-desde-marrakech\/"},"modified":"2023-02-11T14:45:57","modified_gmt":"2023-02-11T14:45:57","slug":"8-dias-de-marrakesh-a-montana-y-desierto-senderismo","status":"publish","type":"product","link":"https:\/\/saharatoursmarruecos.com\/es\/producto\/8-dias-de-marrakesh-a-montana-y-desierto-senderismo\/","title":{"rendered":"8 d\u00edas de trekking por la monta\u00f1a y el desierto desde Marrakech"},"content":{"rendered":"<h2>8 d\u00edas de trekking por la monta\u00f1a y el desierto desde Marrakech<\/h2>\n<h3>1er d\u00eda: Marrakech &#8211; Gargantas del Dades<\/h3>\n<p>Marruecos trekking tour salida ser\u00e1 desde el aeropuerto de Marrakech a las 8 am, donde vamos a cruzar por la monta\u00f1a m\u00e1s alta de \u00c1frica, \u00bb Las monta\u00f1as del Alto Atlas \u00ab, seguido por la monta\u00f1a Tichka, para llegar a Dades Gorges al final del d\u00eda, donde nos instalaremos en un Hotel, para cenar y luego pasar una noche all\u00ed. Adem\u00e1s, antes de llegar a las Gargantas del Dades, pasaremos por el Oasis de Skoura, lleno de antiguas Kasbahs en ruinas entre palmeras, y el valle de las rosas en Kelaat M&#8217;gouna, para visitar y echar un vistazo a los art\u00edculos cosm\u00e9ticos de fabricaci\u00f3n local; y que se consideran de gran inter\u00e9s y valor en todo Marruecos.<\/p>\n<h3>D\u00edas 2, 3 y 4:<\/h3>\n<p>Pasaremos tres d\u00edas y dos noches en las Gargantas del Dades. Despu\u00e9s de desayunar, le espera un viaje espl\u00e9ndido y divertido. Los gu\u00edas y arrieros de la excursi\u00f3n le mostrar\u00e1n las caracter\u00edsticas especiales del paisaje, programar\u00e1n d\u00f3nde empezar\u00e1 y terminar\u00e1 la excursi\u00f3n y d\u00f3nde parar; y tambi\u00e9n le describir\u00e1n la naturaleza y el modo de vida de los bereberes locales, que habitan las Monta\u00f1as del Anti Atlas. Ser\u00e1 un gran viaje pasar la noche en las cuevas de los n\u00f3madas de los bereberes en las monta\u00f1as, y tal vez pasar la noche con una familia bereber definitivamente disfrutar de su hostilidad y austeridad.<\/p>\n<h3>D\u00eda 5: San &#8211; Merzouga<\/h3>\n<p>El quinto d\u00eda de su viaje por Marruecos, le devolveremos a su hotel. refrescante en la ducha. Llegada al \u00abVivac\u00bb en las dunas de Erg Chebbi de Merzouga. De camino al vivac, visite el desfiladero de Tudra y despu\u00e9s Rissani para disfrutar de un delicioso almuerzo. Cuando llegue al vivac, pasar\u00e1 la noche y cenar\u00e1.<\/p>\n<h4>6\u00ba d\u00eda: Merzouga<\/h4>\n<p>En Merzouga; desayunaremos y despu\u00e9s daremos un paseo en camello de dos horas por las encantadoras y espl\u00e9ndidas dunas de arena del S\u00e1hara, despu\u00e9s descansaremos para preparar y almorzar. Ser\u00e1 Otra caminata en camello de dos horas para llegar a las altas dunas de Erg Chebbi, por la tarde, donde el ambiente y la incre\u00edble vista de la puesta de sol hizo un paisaje espectacular, y donde vamos a pasar una noche, y cenar.<\/p>\n<h4>7\u00ba d\u00eda: Merzouga &#8211; Ouarzazate<\/h4>\n<p>Intente despertarse temprano para contemplar una impresionante vista de la puesta de sol cubriendo las dunas y cambiando su color para crear una escena muy hermosa. Regresaremos hacia el este hasta los pueblos de Tazzarine (que apareci\u00f3 en la pel\u00edcula Bebel), y N&#8217;Qob para almorzar. A continuaci\u00f3n nos dirigiremos a \u00bb Tansikht \u00ab, tomando la antigua caravana para llegar al valle de Dar&#8217;a en Agdz, lleno de grandes palmeras y antiguas Kasbahs. Continuaremos pasando por Tizi-N-Tinfifite hasta Ouarzazate, para cenar y pasar una noche en el Riad.<\/p>\n<h4>8\u00ba d\u00eda Ouarzazate &#8211; Marrakech<\/h4>\n<p>Nuestro \u00faltimo d\u00eda de Marruecos trekking tour, comenzar\u00e1 despu\u00e9s de tomar el desayuno, para visitar Taourirt Kasbah, que pertenec\u00eda a la Pasha de Marrakech, y el lugar donde sol\u00eda llevar las mercanc\u00edas tra\u00eddas en las caravanas del \u00c1frica subsahariana, antes de venderlos. Tambi\u00e9n visitar\u00e1 la kasbah m\u00e1s famosa de Marruecos, llamada \u00abAit Ben Haddou\u00bb, utilizada en muchas superproducciones de Hollywood y declarada Patrimonio de la Humanidad por la Unesco. A continuaci\u00f3n, a otra kasbah, llamada \u00bb Telouet \u00ab, a lo largo de la nueva carretera, que es una Kasbah situada justo en medio de las monta\u00f1as, y una vez perteneci\u00f3 al \u00faltimo Glaoui Pasha de Marrakech. Llegaremos a Marrakech como final del trekking por Marruecos, despu\u00e9s de pasar por la monta\u00f1a Tizi-N-Tichka.<\/p>\n<h3>Incluido en el tour:<\/h3>\n<ul>\n<li>Transporte desde el aeropuerto de Marrakech a todos los destinos<\/li>\n<li>Alojamiento (hotel, vivac, riad) durante 7 noches<\/li>\n<li>Todas las comidas (desayuno, almuerzo, cena)<\/li>\n<li>Senderismo guiado por el Atlas y el Anti-Atlas<\/li>\n<li>Paseo en camello por las dunas de Erg Chebbi<\/li>\n<li>Visita al oasis de Skoura y al valle de las rosas<\/li>\n<li>Visita a las gargantas de Tudra y Rissani<\/li>\n<li>Visita a la Kasbah de Taourirt, Ait Ben Haddou y Telouet<\/li>\n<li>Gu\u00edas locales y arrieros<\/li>\n<\/ul>\n<h3>No incluido en el tour:<\/h3>\n<ul>\n<li>Billetes de avi\u00f3n a Marrakech<\/li>\n<li>Seguro de viaje<\/li>\n<li>Gastos personales (recuerdos, bebidas, etc.)<\/li>\n<li>Actividades opcionales<\/li>\n<li>Propinas para gu\u00edas y arrieros.<\/li>\n<\/ul>\n","protected":false},"excerpt":{"rendered":"<p>En este tour de 6 d\u00edas desde Marrakech, explorar\u00e1 la vibrante e hist\u00f3rica ciudad marroqu\u00ed de <a href=\"https:\/\/en.wikipedia.org\/wiki\/Marrakech\">Marrakech<\/a> y sus impresionantes alrededores. Desde la bulliciosa plaza Jemaa El Fna hasta la hist\u00f3rica Kasbah de Ait Ben Haddou, tendr\u00e1 la oportunidad de experimentar lo mejor de la cultura y la historia de Marruecos. Este viaje tambi\u00e9n incluye una visita al desierto del S\u00e1hara, donde se embarcar\u00e1 en una excursi\u00f3n en camello para contemplar las impresionantes dunas de Erg Chebbi y pasar la noche en un campamento tradicional bereber del desierto. Con un veh\u00edculo privado con aire acondicionado y gu\u00eda de habla inglesa, esta excursi\u00f3n es ideal para descubrir la belleza y riqueza de Marruecos. Acomp\u00e1\u00f1enos en un viaje lleno de aventuras, cultura y recuerdos para toda la vida.<\/p>\n","protected":false},"featured_media":5649,"comment_status":"open","ping_status":"closed","template":"","meta":[],"product_cat":[71],"product_tag":[],"class_list":["post-5753","product","type-product","status-publish","has-post-thumbnail","hentry","product_cat-tours-desde-marrakech"],"yoast_head":"<!-- This site is optimized with the Yoast SEO plugin v20.1 - https:\/\/yoast.com\/wordpress\/plugins\/seo\/ -->\n<title>8 d\u00edas de trekking por la monta\u00f1a y el desierto desde Marrakech - Sahara Tours Marruecos<\/title>\n<meta name=\"description\" content=\"Explore la impresionante belleza de Marruecos con nuestra excursi\u00f3n de 6 d\u00edas a Marrakech. Experimente el desierto, visite ciudades hist\u00f3ricas y marav\u00edllese ante paisajes esc\u00e9nicos.\" \/>\n<meta name=\"robots\" content=\"index, follow, max-snippet:-1, max-image-preview:large, max-video-preview:-1\" \/>\n<link rel=\"canonical\" href=\"https:\/\/saharatoursmarruecos.com\/es\/producto\/8-dias-de-marrakesh-a-montana-y-desierto-senderismo\/\" \/>\n<meta property=\"og:locale\" content=\"es_ES\" \/>\n<meta property=\"og:type\" content=\"article\" \/>\n<meta property=\"og:title\" content=\"8 d\u00edas de trekking por la monta\u00f1a y el desierto desde Marrakech - Sahara Tours Marruecos\" \/>\n<meta property=\"og:description\" content=\"Explore la impresionante belleza de Marruecos con nuestra excursi\u00f3n de 6 d\u00edas a Marrakech. Experimente el desierto, visite ciudades hist\u00f3ricas y marav\u00edllese ante paisajes esc\u00e9nicos.\" \/>\n<meta property=\"og:url\" content=\"https:\/\/saharatoursmarruecos.com\/es\/producto\/8-dias-de-marrakesh-a-montana-y-desierto-senderismo\/\" \/>\n<meta property=\"og:site_name\" content=\"Sahara Tours Marruecos\" \/>\n<meta property=\"og:image\" content=\"https:\/\/saharatoursmarruecos.com\/wp-content\/uploads\/2023\/02\/363e5cdb3dad9e445d2a9adda1d10f14.jpg\" \/>\n\t<meta property=\"og:image:width\" content=\"780\" \/>\n\t<meta property=\"og:image:height\" content=\"468\" \/>\n\t<meta property=\"og:image:type\" content=\"image\/jpeg\" \/>\n<meta name=\"twitter:card\" content=\"summary_large_image\" \/>\n<meta name=\"twitter:label1\" content=\"Tiempo de lectura\" \/>\n\t<meta name=\"twitter:data1\" content=\"4 minutos\" \/>\n<script type=\"application\/ld+json\" class=\"yoast-schema-graph\">{\"@context\":\"https:\/\/schema.org\",\"@graph\":[{\"@type\":\"WebPage\",\"@id\":\"https:\/\/saharatoursmarruecos.com\/es\/producto\/8-dias-de-marrakesh-a-montana-y-desierto-senderismo\/\",\"url\":\"https:\/\/saharatoursmarruecos.com\/es\/producto\/8-dias-de-marrakesh-a-montana-y-desierto-senderismo\/\",\"name\":\"8 d\u00edas de trekking por la monta\u00f1a y el desierto desde Marrakech - Sahara Tours Marruecos\",\"isPartOf\":{\"@id\":\"https:\/\/saharatoursmarruecos.com\/#website\"},\"datePublished\":\"2023-02-11T14:45:57+00:00\",\"dateModified\":\"2023-02-11T14:45:57+00:00\",\"description\":\"Explore la impresionante belleza de Marruecos con nuestra excursi\u00f3n de 6 d\u00edas a Marrakech. Experimente el desierto, visite ciudades hist\u00f3ricas y marav\u00edllese ante paisajes esc\u00e9nicos.\",\"breadcrumb\":{\"@id\":\"https:\/\/saharatoursmarruecos.com\/es\/producto\/8-dias-de-marrakesh-a-montana-y-desierto-senderismo\/#breadcrumb\"},\"inLanguage\":\"es\",\"potentialAction\":[{\"@type\":\"ReadAction\",\"target\":[\"https:\/\/saharatoursmarruecos.com\/es\/producto\/8-dias-de-marrakesh-a-montana-y-desierto-senderismo\/\"]}]},{\"@type\":\"BreadcrumbList\",\"@id\":\"https:\/\/saharatoursmarruecos.com\/es\/producto\/8-dias-de-marrakesh-a-montana-y-desierto-senderismo\/#breadcrumb\",\"itemListElement\":[{\"@type\":\"ListItem\",\"position\":1,\"name\":\"Home\",\"item\":\"https:\/\/saharatoursmarruecos.com\/\"},{\"@type\":\"ListItem\",\"position\":2,\"name\":\"Shop\",\"item\":\"https:\/\/saharatoursmarruecos.com\/shop\/\"},{\"@type\":\"ListItem\",\"position\":3,\"name\":\"8 d\u00edas de trekking por la monta\u00f1a y el desierto desde Marrakech\"}]},{\"@type\":\"WebSite\",\"@id\":\"https:\/\/saharatoursmarruecos.com\/#website\",\"url\":\"https:\/\/saharatoursmarruecos.com\/\",\"name\":\"Sahara Tours Marruecos\",\"description\":\"Sahara Tours Marruecos\",\"potentialAction\":[{\"@type\":\"SearchAction\",\"target\":{\"@type\":\"EntryPoint\",\"urlTemplate\":\"https:\/\/saharatoursmarruecos.com\/?s={search_term_string}\"},\"query-input\":\"required name=search_term_string\"}],\"inLanguage\":\"es\"}]}<\/script>\n<!-- \/ Yoast SEO plugin. -->","yoast_head_json":{"title":"8 d\u00edas de trekking por la monta\u00f1a y el desierto desde Marrakech - Sahara Tours Marruecos","description":"Explore la impresionante belleza de Marruecos con nuestra excursi\u00f3n de 6 d\u00edas a Marrakech. Experimente el desierto, visite ciudades hist\u00f3ricas y marav\u00edllese ante paisajes esc\u00e9nicos.","robots":{"index":"index","follow":"follow","max-snippet":"max-snippet:-1","max-image-preview":"max-image-preview:large","max-video-preview":"max-video-preview:-1"},"canonical":"https:\/\/saharatoursmarruecos.com\/es\/producto\/8-dias-de-marrakesh-a-montana-y-desierto-senderismo\/","og_locale":"es_ES","og_type":"article","og_title":"8 d\u00edas de trekking por la monta\u00f1a y el desierto desde Marrakech - Sahara Tours Marruecos","og_description":"Explore la impresionante belleza de Marruecos con nuestra excursi\u00f3n de 6 d\u00edas a Marrakech. Experimente el desierto, visite ciudades hist\u00f3ricas y marav\u00edllese ante paisajes esc\u00e9nicos.","og_url":"https:\/\/saharatoursmarruecos.com\/es\/producto\/8-dias-de-marrakesh-a-montana-y-desierto-senderismo\/","og_site_name":"Sahara Tours Marruecos","og_image":[{"width":780,"height":468,"url":"https:\/\/saharatoursmarruecos.com\/wp-content\/uploads\/2023\/02\/363e5cdb3dad9e445d2a9adda1d10f14.jpg","type":"image\/jpeg"}],"twitter_card":"summary_large_image","twitter_misc":{"Tiempo de lectura":"4 minutos"},"schema":{"@context":"https:\/\/schema.org","@graph":[{"@type":"WebPage","@id":"https:\/\/saharatoursmarruecos.com\/es\/producto\/8-dias-de-marrakesh-a-montana-y-desierto-senderismo\/","url":"https:\/\/saharatoursmarruecos.com\/es\/producto\/8-dias-de-marrakesh-a-montana-y-desierto-senderismo\/","name":"8 d\u00edas de trekking por la monta\u00f1a y el desierto desde Marrakech - Sahara Tours Marruecos","isPartOf":{"@id":"https:\/\/saharatoursmarruecos.com\/#website"},"datePublished":"2023-02-11T14:45:57+00:00","dateModified":"2023-02-11T14:45:57+00:00","description":"Explore la impresionante belleza de Marruecos con nuestra excursi\u00f3n de 6 d\u00edas a Marrakech. Experimente el desierto, visite ciudades hist\u00f3ricas y marav\u00edllese ante paisajes esc\u00e9nicos.","breadcrumb":{"@id":"https:\/\/saharatoursmarruecos.com\/es\/producto\/8-dias-de-marrakesh-a-montana-y-desierto-senderismo\/#breadcrumb"},"inLanguage":"es","potentialAction":[{"@type":"ReadAction","target":["https:\/\/saharatoursmarruecos.com\/es\/producto\/8-dias-de-marrakesh-a-montana-y-desierto-senderismo\/"]}]},{"@type":"BreadcrumbList","@id":"https:\/\/saharatoursmarruecos.com\/es\/producto\/8-dias-de-marrakesh-a-montana-y-desierto-senderismo\/#breadcrumb","itemListElement":[{"@type":"ListItem","position":1,"name":"Home","item":"https:\/\/saharatoursmarruecos.com\/"},{"@type":"ListItem","position":2,"name":"Shop","item":"https:\/\/saharatoursmarruecos.com\/shop\/"},{"@type":"ListItem","position":3,"name":"8 d\u00edas de trekking por la monta\u00f1a y el desierto desde Marrakech"}]},{"@type":"WebSite","@id":"https:\/\/saharatoursmarruecos.com\/#website","url":"https:\/\/saharatoursmarruecos.com\/","name":"Sahara Tours Marruecos","description":"Sahara Tours Marruecos","potentialAction":[{"@type":"SearchAction","target":{"@type":"EntryPoint","urlTemplate":"https:\/\/saharatoursmarruecos.com\/?s={search_term_string}"},"query-input":"required name=search_term_string"}],"inLanguage":"es"}]}},"_links":{"self":[{"href":"https:\/\/saharatoursmarruecos.com\/es\/wp-json\/wp\/v2\/product\/5753","targetHints":{"allow":["GET"]}}],"collection":[{"href":"https:\/\/saharatoursmarruecos.com\/es\/wp-json\/wp\/v2\/product"}],"about":[{"href":"https:\/\/saharatoursmarruecos.com\/es\/wp-json\/wp\/v2\/types\/product"}],"replies":[{"embeddable":true,"href":"https:\/\/saharatoursmarruecos.com\/es\/wp-json\/wp\/v2\/comments?post=5753"}],"wp:featuredmedia":[{"embeddable":true,"href":"https:\/\/saharatoursmarruecos.com\/es\/wp-json\/wp\/v2\/media\/5649"}],"wp:attachment":[{"href":"https:\/\/saharatoursmarruecos.com\/es\/wp-json\/wp\/v2\/media?parent=5753"}],"wp:term":[{"taxonomy":"product_cat","embeddable":true,"href":"https:\/\/saharatoursmarruecos.com\/es\/wp-json\/wp\/v2\/product_cat?post=5753"},{"taxonomy":"product_tag","embeddable":true,"href":"https:\/\/saharatoursmarruecos.com\/es\/wp-json\/wp\/v2\/product_tag?post=5753"}],"curies":[{"name":"wp","href":"https:\/\/api.w.org\/{rel}","templated":true}]}}