{"id":5752,"date":"2023-02-10T13:19:48","date_gmt":"2023-02-10T13:19:48","guid":{"rendered":"https:\/\/www.saharatoursmarruecos.com\/product\/viaje-de-6-dias-y-5-noches-de-marrakech-al-desierto-del-sahara\/"},"modified":"2023-02-10T13:19:48","modified_gmt":"2023-02-10T13:19:48","slug":"circuito-de-6-dias-desde-marrakech-para-explorar-el-desierto","status":"publish","type":"product","link":"https:\/\/saharatoursmarruecos.com\/es\/producto\/circuito-de-6-dias-desde-marrakech-para-explorar-el-desierto\/","title":{"rendered":"Viaje de 6 d\u00edas y 5 noches de Marrakech al desierto del S\u00e1hara"},"content":{"rendered":"<h2>Viaje de 6 d\u00edas y 5 noches desde Marrakech al desierto del S\u00e1hara<\/h2>\n<p>&nbsp;<\/p>\n<h3>D\u00cdA 1 : MARRAKECH &#8211; TELOUET &#8211; OUARZAZATE<\/h3>\n<p>Nuestro viaje de 6 d\u00edas al desierto de Marrakech Merzouga comenzar\u00e1 despu\u00e9s de desayunar, a primera hora de la ma\u00f1ana, pasando por las monta\u00f1as del Alto Atlas, y el paso de Tizi-N-Tichka, hacia la visita de \u00abTelouet\u00bb, la Kasbah de Pasha Glaoui, y almorzar en un restaurante all\u00ed, luego hacia la interesante y conocida Kasbah de \u00abAit Ben Haddou\u00bb, cruzando los pueblos bereberes del valle de Ounila, y finalmente a Ouarzazate para cenar y pasar una noche all\u00ed.<\/p>\n<h3>D\u00cdA 2: OUARZAZATE &#8211; VALLE DEL DRAA &#8211; ZAGORA<\/h3>\n<p>Nos dirigiremos a Zagora despu\u00e9s de desayunar, pasando por el Anti-Atlas, el valle de Dar&#8217;a (lleno de palmeras) y pueblos bereberes. Al llegar a Merzouga, almorzaremos, visitaremos la antigua biblioteca cor\u00e1nica de Tamegroute, que es una Kasbah subterr\u00e1nea, conocida por su cer\u00e1mica hecha a mano, hasta el final de nuestro segundo d\u00eda de 6 D\u00edas Marrakech Merzouga tour por el desierto, donde pasaremos una noche y cenaremos en un hotel.<\/p>\n<h3>D\u00cdA 3: ZAGORA &#8211; TAZARINE &#8211; ALNIF &#8211; RISSANI &#8211; MERZOUGA<\/h3>\n<p>Continuaremos hacia Merzouga, despu\u00e9s de desayunar, pasando por el valle de Dar&#8217;a, hacia los pueblos de Taftechna y A\u00eet Ouazik, para llegar a Tazarine y Alnif y almorzar all\u00ed. A continuaci\u00f3n, hacia Rissani, y las dunas de Erg Chebbi en Merzouga, donde cambiaremos del 4\u00d74 para dar un divertido paseo en camello, con el fin de disfrutar de la puesta de sol, directamente hacia el Vivac para pasar una noche y cenar all\u00ed.<\/p>\n<h3>D\u00cdA 4: MERZOUGA &#8211; ERFOUD &#8211; TOUROUG &#8211; TINEJDAD &#8211; TINGHIR<\/h3>\n<p>Si desea contemplar una impresionante vista de la salida del sol en la cima de las dunas de Merzouga, procure despertarse temprano. Despu\u00e9s del desayuno, nos dirigiremos hacia Erfoud, Touroug con sus palmeras, Tinejdad para almorzar, y a las hermosas Gargantas del Todra, para cenar y pasar una noche all\u00ed.<\/p>\n<p>&nbsp;<\/p>\n<h3>D\u00cdA 5: TINGHIR _ BOUMALNE _ GARGANTAS DEL DADES _ VALLE DE LAS ROSAS _ KELAAT MGOUNA _ SKOURA _ OUARZAZATE<\/h3>\n<p>Despu\u00e9s de desayunar, daremos un paseo por el palmeral de Tinghir y luego iremos a Boulmane y a las Gargantas del Dades para almorzar. Continuaremos hacia la Kasbah de Ait Youl, el Valle de las Rosas en Kelaat M&#8217;gouna, Skoura para visitar la Kasbah de Amredhyle, y hacia Ouarzazate.<\/p>\n<p>&nbsp;<\/p>\n<h3>D\u00cdA 6: OUARZAZATE &#8211; MARRAKECH<\/h3>\n<p>En nuestro \u00faltimo d\u00eda del tour de 6 d\u00edas Marrakech Merzouga por el desierto, exploraremos Ouarzazate, visitando la Kasbah de Taourirt, y los Estudios de Cine y luego cruzaremos el puerto de monta\u00f1a de Tizi-N-Tichka para llegar a Marrakech.<\/p>\n<p>&nbsp;<\/p>\n<p>&nbsp;<\/p>\n<h4>Incluido en el tour:<\/h4>\n<ul>\n<li>Transporte en veh\u00edculo 4&#215;4<\/li>\n<li>Alojamiento en hoteles y vivacs<\/li>\n<li>Desayuno, almuerzo y cena seg\u00fan lo mencionado en el itinerario<\/li>\n<li>Paseo en camello por Merzouga<\/li>\n<li>Visita a Telouet, Ait Ben Haddou, Tamegroute, Tinghir, Boulmane, Gargantas del Dades, Valle de las Rosas, Skoura, Kasbah de Taourirt y los Estudios de Cine.<\/li>\n<li>Exploraci\u00f3n de pueblos bereberes y plantaciones de palmeras<\/li>\n<li>Una noche en el desierto para disfrutar de la puesta y la salida del sol<\/li>\n<\/ul>\n<h4>No incluido en el tour:<\/h4>\n<ul>\n<li>Vuelos internacionales<\/li>\n<li>Seguro de viaje<\/li>\n<li>Gastos personales como bebidas, recuerdos y propinas<\/li>\n<li>Cualquier otro art\u00edculo o servicio no mencionado en la lista \u00abIncluido en el viaje\u00bb.<\/li>\n<\/ul>\n","protected":false},"excerpt":{"rendered":"<p>Viaje de 6 d\u00edas y 5 noches desde Marrakech al desierto del S\u00e1hara &nbsp; D\u00cdA 1 : MARRAKECH &#8211; TELOUET &#8211; OUARZAZATE Nuestro viaje de 6 d\u00edas al desierto de Marrakech Merzouga comenzar\u00e1 despu\u00e9s de desayunar, a primera hora de la ma\u00f1ana, pasando por las monta\u00f1as del Alto Atlas, y el paso de Tizi-N-Tichka, hacia [&hellip;]<\/p>\n","protected":false},"featured_media":5661,"comment_status":"open","ping_status":"closed","template":"","meta":[],"product_cat":[71],"product_tag":[],"class_list":["post-5752","product","type-product","status-publish","has-post-thumbnail","hentry","product_cat-tours-desde-marrakech"],"yoast_head":"<!-- This site is optimized with the Yoast SEO plugin v20.1 - https:\/\/yoast.com\/wordpress\/plugins\/seo\/ -->\n<title>Viaje de 6 d\u00edas y 5 noches de Marrakech al desierto del S\u00e1hara - Sahara Tours Marruecos<\/title>\n<meta name=\"description\" content=\"Explore la impresionante belleza de Marruecos con nuestra excursi\u00f3n de 6 d\u00edas a Marrakech. Experimente el desierto, visite ciudades hist\u00f3ricas y marav\u00edllese ante paisajes esc\u00e9nicos.\" \/>\n<meta name=\"robots\" content=\"index, follow, max-snippet:-1, max-image-preview:large, max-video-preview:-1\" \/>\n<link rel=\"canonical\" href=\"https:\/\/saharatoursmarruecos.com\/es\/producto\/circuito-de-6-dias-desde-marrakech-para-explorar-el-desierto\/\" \/>\n<meta property=\"og:locale\" content=\"es_ES\" \/>\n<meta property=\"og:type\" content=\"article\" \/>\n<meta property=\"og:title\" content=\"Viaje de 6 d\u00edas y 5 noches de Marrakech al desierto del S\u00e1hara - Sahara Tours Marruecos\" \/>\n<meta property=\"og:description\" content=\"Explore la impresionante belleza de Marruecos con nuestra excursi\u00f3n de 6 d\u00edas a Marrakech. Experimente el desierto, visite ciudades hist\u00f3ricas y marav\u00edllese ante paisajes esc\u00e9nicos.\" \/>\n<meta property=\"og:url\" content=\"https:\/\/saharatoursmarruecos.com\/es\/producto\/circuito-de-6-dias-desde-marrakech-para-explorar-el-desierto\/\" \/>\n<meta property=\"og:site_name\" content=\"Sahara Tours Marruecos\" \/>\n<meta property=\"og:image\" content=\"https:\/\/saharatoursmarruecos.com\/wp-content\/uploads\/2023\/02\/caption.jpg\" \/>\n\t<meta property=\"og:image:width\" content=\"720\" \/>\n\t<meta property=\"og:image:height\" content=\"480\" \/>\n\t<meta property=\"og:image:type\" content=\"image\/jpeg\" \/>\n<meta name=\"twitter:card\" content=\"summary_large_image\" \/>\n<meta name=\"twitter:label1\" content=\"Tiempo de lectura\" \/>\n\t<meta name=\"twitter:data1\" content=\"3 minutos\" \/>\n<script type=\"application\/ld+json\" class=\"yoast-schema-graph\">{\"@context\":\"https:\/\/schema.org\",\"@graph\":[{\"@type\":\"WebPage\",\"@id\":\"https:\/\/saharatoursmarruecos.com\/es\/producto\/circuito-de-6-dias-desde-marrakech-para-explorar-el-desierto\/\",\"url\":\"https:\/\/saharatoursmarruecos.com\/es\/producto\/circuito-de-6-dias-desde-marrakech-para-explorar-el-desierto\/\",\"name\":\"Viaje de 6 d\u00edas y 5 noches de Marrakech al desierto del S\u00e1hara - Sahara Tours Marruecos\",\"isPartOf\":{\"@id\":\"https:\/\/saharatoursmarruecos.com\/#website\"},\"datePublished\":\"2023-02-10T13:19:48+00:00\",\"dateModified\":\"2023-02-10T13:19:48+00:00\",\"description\":\"Explore la impresionante belleza de Marruecos con nuestra excursi\u00f3n de 6 d\u00edas a Marrakech. Experimente el desierto, visite ciudades hist\u00f3ricas y marav\u00edllese ante paisajes esc\u00e9nicos.\",\"breadcrumb\":{\"@id\":\"https:\/\/saharatoursmarruecos.com\/es\/producto\/circuito-de-6-dias-desde-marrakech-para-explorar-el-desierto\/#breadcrumb\"},\"inLanguage\":\"es\",\"potentialAction\":[{\"@type\":\"ReadAction\",\"target\":[\"https:\/\/saharatoursmarruecos.com\/es\/producto\/circuito-de-6-dias-desde-marrakech-para-explorar-el-desierto\/\"]}]},{\"@type\":\"BreadcrumbList\",\"@id\":\"https:\/\/saharatoursmarruecos.com\/es\/producto\/circuito-de-6-dias-desde-marrakech-para-explorar-el-desierto\/#breadcrumb\",\"itemListElement\":[{\"@type\":\"ListItem\",\"position\":1,\"name\":\"Home\",\"item\":\"https:\/\/saharatoursmarruecos.com\/\"},{\"@type\":\"ListItem\",\"position\":2,\"name\":\"Shop\",\"item\":\"https:\/\/saharatoursmarruecos.com\/shop\/\"},{\"@type\":\"ListItem\",\"position\":3,\"name\":\"Viaje de 6 d\u00edas y 5 noches de Marrakech al desierto del S\u00e1hara\"}]},{\"@type\":\"WebSite\",\"@id\":\"https:\/\/saharatoursmarruecos.com\/#website\",\"url\":\"https:\/\/saharatoursmarruecos.com\/\",\"name\":\"Sahara Tours Marruecos\",\"description\":\"Sahara Tours Marruecos\",\"potentialAction\":[{\"@type\":\"SearchAction\",\"target\":{\"@type\":\"EntryPoint\",\"urlTemplate\":\"https:\/\/saharatoursmarruecos.com\/?s={search_term_string}\"},\"query-input\":\"required name=search_term_string\"}],\"inLanguage\":\"es\"}]}<\/script>\n<!-- \/ Yoast SEO plugin. -->","yoast_head_json":{"title":"Viaje de 6 d\u00edas y 5 noches de Marrakech al desierto del S\u00e1hara - Sahara Tours Marruecos","description":"Explore la impresionante belleza de Marruecos con nuestra excursi\u00f3n de 6 d\u00edas a Marrakech. Experimente el desierto, visite ciudades hist\u00f3ricas y marav\u00edllese ante paisajes esc\u00e9nicos.","robots":{"index":"index","follow":"follow","max-snippet":"max-snippet:-1","max-image-preview":"max-image-preview:large","max-video-preview":"max-video-preview:-1"},"canonical":"https:\/\/saharatoursmarruecos.com\/es\/producto\/circuito-de-6-dias-desde-marrakech-para-explorar-el-desierto\/","og_locale":"es_ES","og_type":"article","og_title":"Viaje de 6 d\u00edas y 5 noches de Marrakech al desierto del S\u00e1hara - Sahara Tours Marruecos","og_description":"Explore la impresionante belleza de Marruecos con nuestra excursi\u00f3n de 6 d\u00edas a Marrakech. Experimente el desierto, visite ciudades hist\u00f3ricas y marav\u00edllese ante paisajes esc\u00e9nicos.","og_url":"https:\/\/saharatoursmarruecos.com\/es\/producto\/circuito-de-6-dias-desde-marrakech-para-explorar-el-desierto\/","og_site_name":"Sahara Tours Marruecos","og_image":[{"width":720,"height":480,"url":"https:\/\/saharatoursmarruecos.com\/wp-content\/uploads\/2023\/02\/caption.jpg","type":"image\/jpeg"}],"twitter_card":"summary_large_image","twitter_misc":{"Tiempo de lectura":"3 minutos"},"schema":{"@context":"https:\/\/schema.org","@graph":[{"@type":"WebPage","@id":"https:\/\/saharatoursmarruecos.com\/es\/producto\/circuito-de-6-dias-desde-marrakech-para-explorar-el-desierto\/","url":"https:\/\/saharatoursmarruecos.com\/es\/producto\/circuito-de-6-dias-desde-marrakech-para-explorar-el-desierto\/","name":"Viaje de 6 d\u00edas y 5 noches de Marrakech al desierto del S\u00e1hara - Sahara Tours Marruecos","isPartOf":{"@id":"https:\/\/saharatoursmarruecos.com\/#website"},"datePublished":"2023-02-10T13:19:48+00:00","dateModified":"2023-02-10T13:19:48+00:00","description":"Explore la impresionante belleza de Marruecos con nuestra excursi\u00f3n de 6 d\u00edas a Marrakech. Experimente el desierto, visite ciudades hist\u00f3ricas y marav\u00edllese ante paisajes esc\u00e9nicos.","breadcrumb":{"@id":"https:\/\/saharatoursmarruecos.com\/es\/producto\/circuito-de-6-dias-desde-marrakech-para-explorar-el-desierto\/#breadcrumb"},"inLanguage":"es","potentialAction":[{"@type":"ReadAction","target":["https:\/\/saharatoursmarruecos.com\/es\/producto\/circuito-de-6-dias-desde-marrakech-para-explorar-el-desierto\/"]}]},{"@type":"BreadcrumbList","@id":"https:\/\/saharatoursmarruecos.com\/es\/producto\/circuito-de-6-dias-desde-marrakech-para-explorar-el-desierto\/#breadcrumb","itemListElement":[{"@type":"ListItem","position":1,"name":"Home","item":"https:\/\/saharatoursmarruecos.com\/"},{"@type":"ListItem","position":2,"name":"Shop","item":"https:\/\/saharatoursmarruecos.com\/shop\/"},{"@type":"ListItem","position":3,"name":"Viaje de 6 d\u00edas y 5 noches de Marrakech al desierto del S\u00e1hara"}]},{"@type":"WebSite","@id":"https:\/\/saharatoursmarruecos.com\/#website","url":"https:\/\/saharatoursmarruecos.com\/","name":"Sahara Tours Marruecos","description":"Sahara Tours Marruecos","potentialAction":[{"@type":"SearchAction","target":{"@type":"EntryPoint","urlTemplate":"https:\/\/saharatoursmarruecos.com\/?s={search_term_string}"},"query-input":"required name=search_term_string"}],"inLanguage":"es"}]}},"_links":{"self":[{"href":"https:\/\/saharatoursmarruecos.com\/es\/wp-json\/wp\/v2\/product\/5752","targetHints":{"allow":["GET"]}}],"collection":[{"href":"https:\/\/saharatoursmarruecos.com\/es\/wp-json\/wp\/v2\/product"}],"about":[{"href":"https:\/\/saharatoursmarruecos.com\/es\/wp-json\/wp\/v2\/types\/product"}],"replies":[{"embeddable":true,"href":"https:\/\/saharatoursmarruecos.com\/es\/wp-json\/wp\/v2\/comments?post=5752"}],"wp:featuredmedia":[{"embeddable":true,"href":"https:\/\/saharatoursmarruecos.com\/es\/wp-json\/wp\/v2\/media\/5661"}],"wp:attachment":[{"href":"https:\/\/saharatoursmarruecos.com\/es\/wp-json\/wp\/v2\/media?parent=5752"}],"wp:term":[{"taxonomy":"product_cat","embeddable":true,"href":"https:\/\/saharatoursmarruecos.com\/es\/wp-json\/wp\/v2\/product_cat?post=5752"},{"taxonomy":"product_tag","embeddable":true,"href":"https:\/\/saharatoursmarruecos.com\/es\/wp-json\/wp\/v2\/product_tag?post=5752"}],"curies":[{"name":"wp","href":"https:\/\/api.w.org\/{rel}","templated":true}]}}