{"id":5751,"date":"2022-08-09T03:56:32","date_gmt":"2022-08-09T03:56:32","guid":{"rendered":"https:\/\/www.saharatoursmarruecos.com\/product\/excursion-cultural-y-de-aventura-de-3-dias-de-marrakech-a-fez\/"},"modified":"2023-03-06T02:46:37","modified_gmt":"2023-03-06T02:46:37","slug":"ruta-de-aventura-cultural-de-3-dias-de-marrakech-a-fez","status":"publish","type":"product","link":"https:\/\/saharatoursmarruecos.com\/es\/producto\/ruta-de-aventura-cultural-de-3-dias-de-marrakech-a-fez\/","title":{"rendered":"Excursi\u00f3n cultural y de aventura de 3 d\u00edas de Marrakech a Fez"},"content":{"rendered":"<p>&nbsp;<\/p>\n<h2>Excursi\u00f3n cultural y de aventura de 3 d\u00edas de Marrakech a Fez<\/h2>\n<p>Estamos encantados de que haya elegido la excursi\u00f3n de 3 d\u00edas de Marrakech a Fez. Emb\u00e1rquese en un viaje por el coraz\u00f3n de Marruecos y experimente la belleza diversa y el rico patrimonio cultural de este asombroso pa\u00eds. Desde la bulliciosa ciudad de Marrakech hasta la antigua Fez, este recorrido de 3 d\u00edas es una mezcla perfecta de historia, cultura y relajaci\u00f3n. Acomp\u00e1\u00f1enos a descubrir el mosaico de Marruecos, una tierra donde el pasado se funde con el presente, y la belleza natural con la maravilla arquitect\u00f3nica. Prep\u00e1rese para la aventura de su vida.<\/p>\n<h4>Resumen de la gira:<\/h4>\n<p>Embark on a journey through Morocco&#8217;s rich cultural heritage and stunning natural beauty with this 3-day tour from Marrakech to Fes. Comenzar\u00e1 con una visita a la emblem\u00e1tica Mezquita Koutoubia de Marrakech y explorar\u00e1 los bulliciosos zocos de la ciudad. A continuaci\u00f3n, realizar\u00e1 un pintoresco recorrido en coche por las monta\u00f1as del Alto Atlas y participar\u00e1 en una excursi\u00f3n en camello por la Palmeraie. Tras un almuerzo tradicional bereber, continuar\u00e1 hacia la pintoresca ciudad de Ifrane y despu\u00e9s a Fez, una de las ciudades marroqu\u00edes de mayor importancia hist\u00f3rica y cultural. En Fez, visitar\u00e1 la famosa Universidad y Mezquita de Al Quaraouiyine, el Palacio Real y la Madraza de Bou Inania, las curtidur\u00edas y las Tumbas Meren\u00edes. Este viaje le proporcionar\u00e1 una experiencia \u00fanica e inolvidable del rico patrimonio cultural y la belleza natural de Marruecos.<\/p>\n<h4>Plan de itinerario<\/h4>\n<h3>D\u00eda 1: Marrakech &#8211; Alto Atlas<\/h3>\n<p>Comenzamos nuestro primer d\u00eda con la recogida en el aeropuerto de Marrakech o en el hotel. A continuaci\u00f3n, visitar\u00e1 la emblem\u00e1tica Mezquita Koutoubia, la mayor mezquita de Marrakech y s\u00edmbolo de la rica historia y patrimonio cultural de la ciudad. A continuaci\u00f3n, explorar\u00e1 los bulliciosos zocos de Marrakech, un vibrante mercado repleto de vendedores de especias, tejidos, cer\u00e1mica y otros productos tradicionales marroqu\u00edes. A continuaci\u00f3n, se embarcar\u00e1 en un pintoresco viaje a trav\u00e9s de las monta\u00f1as del Alto Atlas, disfrutando de las impresionantes vistas de la escarpada cordillera. Tras llegar al pueblo bereber de Imlil, disfrutar\u00e1 de un almuerzo tradicional bereber y despu\u00e9s participar\u00e1 en una excursi\u00f3n en camello por la Palmeraie de Marrakech. El d\u00eda terminar\u00e1 con una noche en un riad tradicional de Marrakech, que proporcionar\u00e1 una experiencia \u00fanica y aut\u00e9ntica de la hospitalidad marroqu\u00ed.<\/p>\n<p>&nbsp;<\/p>\n<h3>D\u00eda 2: Marrakech &#8211; Ifrane &#8211; Fez<\/h3>\n<p>El segundo d\u00eda del viaje, saldremos de Marrakech y nos dirigiremos a Ifrane, conocida por su pintoresca ciudad y su singular arquitectura alpina. Tendr\u00e1 la oportunidad de explorar las encantadoras calles de esta bella ciudad y contemplar su belleza. Tras abandonar Ifrane, continuar\u00e1 su viaje hacia Fez, una de las ciudades de Marruecos con mayor importancia hist\u00f3rica y cultural. A su llegada a Fez, se registrar\u00e1 en su riad tradicional y tendr\u00e1 la oportunidad de explorar las encantadoras calles de la medina de Fez. Visitar\u00e1 la famosa Universidad y Mezquita de Al Quaraouiyine, centro de aprendizaje y estudios isl\u00e1micos desde hace m\u00e1s de mil a\u00f1os. El d\u00eda terminar\u00e1 con una cena tradicional marroqu\u00ed en un restaurante local, seguida de una noche en su riad de Fez.<\/p>\n<p>&nbsp;<\/p>\n<h3>D\u00eda 3: Fez &#8211; Salida<\/h3>\n<p>El \u00faltimo d\u00eda del viaje, se embarcar\u00e1 en una jornada completa de exploraci\u00f3n en Fez. Visitar\u00e1 el Palacio Real y la Madraza de Bou Inania, dos de los lugares arquitect\u00f3nicos e hist\u00f3ricos m\u00e1s significativos de la ciudad. Tambi\u00e9n tendr\u00e1 la oportunidad de explorar las curtidur\u00edas de Fez y presenciar el proceso tradicional de te\u00f1ido del cuero. Despu\u00e9s de visitar las curtidur\u00edas, visitar\u00e1 las Tumbas Merenidas, que ofrecen una vista panor\u00e1mica de la ciudad y un impresionante final para su visita. Por \u00faltimo, ser\u00e1 trasladado al aeropuerto u hotel de Fez para su partida, poniendo fin a su excursi\u00f3n de 3 d\u00edas de Marrakech a Fez. Este viaje le proporcionar\u00e1 una experiencia \u00fanica e inolvidable del rico patrimonio cultural y la belleza natural de Marruecos, y le dejar\u00e1 recuerdos para toda la vida.<\/p>\n<p>&nbsp;<\/p>\n<h4>Incluido:<\/h4>\n<ul>\n<li>Gu\u00eda profesional de habla espanol<\/li>\n<li>Transporte en un c\u00f3modo veh\u00edculo con aire acondicionado<\/li>\n<li>2 noches de alojamiento en un riad tradicional de Fez<\/li>\n<li>Comidas seg\u00fan itinerario (2 desayunos y 2 cenas)<\/li>\n<li>Paseo en camello por la Palmeraie de Marrakech<\/li>\n<\/ul>\n<h4>No se incluye:<\/h4>\n<ul>\n<li>Vuelos a y desde Marruecos<\/li>\n<li>Seguro de viaje<\/li>\n<li>Gastos personales como bebidas, recuerdos y propinas<\/li>\n<li>Cualquier otro elemento no mencionado como incluido<\/li>\n<\/ul>\n","protected":false},"excerpt":{"rendered":"<p>Esta excursi\u00f3n de 3 d\u00edas de Marrakech a Fez es una oportunidad para sumergirse en el rico patrimonio cultural y la impresionante belleza natural de Marruecos. Con un gu\u00eda profesional, transporte c\u00f3modo y dos noches de alojamiento en un riad tradicional de Fez, este viaje ofrece una experiencia completa y aut\u00e9ntica de Marruecos. Si le interesa la historia, la cultura o simplemente quiere relajarse y disfrutar de la belleza del pa\u00eds, este recorrido es perfecto para usted.<\/p>\n","protected":false},"featured_media":5411,"comment_status":"open","ping_status":"closed","template":"","meta":[],"product_cat":[71],"product_tag":[],"class_list":["post-5751","product","type-product","status-publish","has-post-thumbnail","hentry","product_cat-tours-desde-marrakech"],"yoast_head":"<!-- This site is optimized with the Yoast SEO plugin v20.1 - https:\/\/yoast.com\/wordpress\/plugins\/seo\/ -->\n<title>Excursi\u00f3n cultural y de aventura de 3 d\u00edas de Marrakech a Fez - Sahara Tours Marruecos<\/title>\n<meta name=\"robots\" content=\"index, follow, max-snippet:-1, max-image-preview:large, max-video-preview:-1\" \/>\n<link rel=\"canonical\" href=\"https:\/\/saharatoursmarruecos.com\/es\/producto\/ruta-de-aventura-cultural-de-3-dias-de-marrakech-a-fez\/\" \/>\n<meta property=\"og:locale\" content=\"es_ES\" \/>\n<meta property=\"og:type\" content=\"article\" \/>\n<meta property=\"og:title\" content=\"Excursi\u00f3n cultural y de aventura de 3 d\u00edas de Marrakech a Fez - Sahara Tours Marruecos\" \/>\n<meta property=\"og:description\" content=\"Esta excursi\u00f3n de 3 d\u00edas de Marrakech a Fez es una oportunidad para sumergirse en el rico patrimonio cultural y la impresionante belleza natural de Marruecos. Con un gu\u00eda profesional, transporte c\u00f3modo y dos noches de alojamiento en un riad tradicional de Fez, este viaje ofrece una experiencia completa y aut\u00e9ntica de Marruecos. Si le interesa la historia, la cultura o simplemente quiere relajarse y disfrutar de la belleza del pa\u00eds, este recorrido es perfecto para usted.\" \/>\n<meta property=\"og:url\" content=\"https:\/\/saharatoursmarruecos.com\/es\/producto\/ruta-de-aventura-cultural-de-3-dias-de-marrakech-a-fez\/\" \/>\n<meta property=\"og:site_name\" content=\"Sahara Tours Marruecos\" \/>\n<meta property=\"article:modified_time\" content=\"2023-03-06T02:46:37+00:00\" \/>\n<meta property=\"og:image\" content=\"https:\/\/saharatoursmarruecos.com\/wp-content\/uploads\/2023\/02\/marrakech-minaret-1.jpg\" \/>\n\t<meta property=\"og:image:width\" content=\"1024\" \/>\n\t<meta property=\"og:image:height\" content=\"682\" \/>\n\t<meta property=\"og:image:type\" content=\"image\/jpeg\" \/>\n<meta name=\"twitter:card\" content=\"summary_large_image\" \/>\n<meta name=\"twitter:label1\" content=\"Tiempo de lectura\" \/>\n\t<meta name=\"twitter:data1\" content=\"4 minutos\" \/>\n<script type=\"application\/ld+json\" class=\"yoast-schema-graph\">{\"@context\":\"https:\/\/schema.org\",\"@graph\":[{\"@type\":\"WebPage\",\"@id\":\"https:\/\/saharatoursmarruecos.com\/es\/producto\/ruta-de-aventura-cultural-de-3-dias-de-marrakech-a-fez\/\",\"url\":\"https:\/\/saharatoursmarruecos.com\/es\/producto\/ruta-de-aventura-cultural-de-3-dias-de-marrakech-a-fez\/\",\"name\":\"Excursi\u00f3n cultural y de aventura de 3 d\u00edas de Marrakech a Fez - Sahara Tours Marruecos\",\"isPartOf\":{\"@id\":\"https:\/\/saharatoursmarruecos.com\/#website\"},\"datePublished\":\"2022-08-09T03:56:32+00:00\",\"dateModified\":\"2023-03-06T02:46:37+00:00\",\"breadcrumb\":{\"@id\":\"https:\/\/saharatoursmarruecos.com\/es\/producto\/ruta-de-aventura-cultural-de-3-dias-de-marrakech-a-fez\/#breadcrumb\"},\"inLanguage\":\"es\",\"potentialAction\":[{\"@type\":\"ReadAction\",\"target\":[\"https:\/\/saharatoursmarruecos.com\/es\/producto\/ruta-de-aventura-cultural-de-3-dias-de-marrakech-a-fez\/\"]}]},{\"@type\":\"BreadcrumbList\",\"@id\":\"https:\/\/saharatoursmarruecos.com\/es\/producto\/ruta-de-aventura-cultural-de-3-dias-de-marrakech-a-fez\/#breadcrumb\",\"itemListElement\":[{\"@type\":\"ListItem\",\"position\":1,\"name\":\"Home\",\"item\":\"https:\/\/saharatoursmarruecos.com\/\"},{\"@type\":\"ListItem\",\"position\":2,\"name\":\"Shop\",\"item\":\"https:\/\/saharatoursmarruecos.com\/shop\/\"},{\"@type\":\"ListItem\",\"position\":3,\"name\":\"Excursi\u00f3n cultural y de aventura de 3 d\u00edas de Marrakech a Fez\"}]},{\"@type\":\"WebSite\",\"@id\":\"https:\/\/saharatoursmarruecos.com\/#website\",\"url\":\"https:\/\/saharatoursmarruecos.com\/\",\"name\":\"Sahara Tours Marruecos\",\"description\":\"Sahara Tours Marruecos\",\"potentialAction\":[{\"@type\":\"SearchAction\",\"target\":{\"@type\":\"EntryPoint\",\"urlTemplate\":\"https:\/\/saharatoursmarruecos.com\/?s={search_term_string}\"},\"query-input\":\"required name=search_term_string\"}],\"inLanguage\":\"es\"}]}<\/script>\n<!-- \/ Yoast SEO plugin. -->","yoast_head_json":{"title":"Excursi\u00f3n cultural y de aventura de 3 d\u00edas de Marrakech a Fez - Sahara Tours Marruecos","robots":{"index":"index","follow":"follow","max-snippet":"max-snippet:-1","max-image-preview":"max-image-preview:large","max-video-preview":"max-video-preview:-1"},"canonical":"https:\/\/saharatoursmarruecos.com\/es\/producto\/ruta-de-aventura-cultural-de-3-dias-de-marrakech-a-fez\/","og_locale":"es_ES","og_type":"article","og_title":"Excursi\u00f3n cultural y de aventura de 3 d\u00edas de Marrakech a Fez - Sahara Tours Marruecos","og_description":"Esta excursi\u00f3n de 3 d\u00edas de Marrakech a Fez es una oportunidad para sumergirse en el rico patrimonio cultural y la impresionante belleza natural de Marruecos. Con un gu\u00eda profesional, transporte c\u00f3modo y dos noches de alojamiento en un riad tradicional de Fez, este viaje ofrece una experiencia completa y aut\u00e9ntica de Marruecos. Si le interesa la historia, la cultura o simplemente quiere relajarse y disfrutar de la belleza del pa\u00eds, este recorrido es perfecto para usted.","og_url":"https:\/\/saharatoursmarruecos.com\/es\/producto\/ruta-de-aventura-cultural-de-3-dias-de-marrakech-a-fez\/","og_site_name":"Sahara Tours Marruecos","article_modified_time":"2023-03-06T02:46:37+00:00","og_image":[{"width":1024,"height":682,"url":"https:\/\/saharatoursmarruecos.com\/wp-content\/uploads\/2023\/02\/marrakech-minaret-1.jpg","type":"image\/jpeg"}],"twitter_card":"summary_large_image","twitter_misc":{"Tiempo de lectura":"4 minutos"},"schema":{"@context":"https:\/\/schema.org","@graph":[{"@type":"WebPage","@id":"https:\/\/saharatoursmarruecos.com\/es\/producto\/ruta-de-aventura-cultural-de-3-dias-de-marrakech-a-fez\/","url":"https:\/\/saharatoursmarruecos.com\/es\/producto\/ruta-de-aventura-cultural-de-3-dias-de-marrakech-a-fez\/","name":"Excursi\u00f3n cultural y de aventura de 3 d\u00edas de Marrakech a Fez - Sahara Tours Marruecos","isPartOf":{"@id":"https:\/\/saharatoursmarruecos.com\/#website"},"datePublished":"2022-08-09T03:56:32+00:00","dateModified":"2023-03-06T02:46:37+00:00","breadcrumb":{"@id":"https:\/\/saharatoursmarruecos.com\/es\/producto\/ruta-de-aventura-cultural-de-3-dias-de-marrakech-a-fez\/#breadcrumb"},"inLanguage":"es","potentialAction":[{"@type":"ReadAction","target":["https:\/\/saharatoursmarruecos.com\/es\/producto\/ruta-de-aventura-cultural-de-3-dias-de-marrakech-a-fez\/"]}]},{"@type":"BreadcrumbList","@id":"https:\/\/saharatoursmarruecos.com\/es\/producto\/ruta-de-aventura-cultural-de-3-dias-de-marrakech-a-fez\/#breadcrumb","itemListElement":[{"@type":"ListItem","position":1,"name":"Home","item":"https:\/\/saharatoursmarruecos.com\/"},{"@type":"ListItem","position":2,"name":"Shop","item":"https:\/\/saharatoursmarruecos.com\/shop\/"},{"@type":"ListItem","position":3,"name":"Excursi\u00f3n cultural y de aventura de 3 d\u00edas de Marrakech a Fez"}]},{"@type":"WebSite","@id":"https:\/\/saharatoursmarruecos.com\/#website","url":"https:\/\/saharatoursmarruecos.com\/","name":"Sahara Tours Marruecos","description":"Sahara Tours Marruecos","potentialAction":[{"@type":"SearchAction","target":{"@type":"EntryPoint","urlTemplate":"https:\/\/saharatoursmarruecos.com\/?s={search_term_string}"},"query-input":"required name=search_term_string"}],"inLanguage":"es"}]}},"_links":{"self":[{"href":"https:\/\/saharatoursmarruecos.com\/es\/wp-json\/wp\/v2\/product\/5751","targetHints":{"allow":["GET"]}}],"collection":[{"href":"https:\/\/saharatoursmarruecos.com\/es\/wp-json\/wp\/v2\/product"}],"about":[{"href":"https:\/\/saharatoursmarruecos.com\/es\/wp-json\/wp\/v2\/types\/product"}],"replies":[{"embeddable":true,"href":"https:\/\/saharatoursmarruecos.com\/es\/wp-json\/wp\/v2\/comments?post=5751"}],"wp:featuredmedia":[{"embeddable":true,"href":"https:\/\/saharatoursmarruecos.com\/es\/wp-json\/wp\/v2\/media\/5411"}],"wp:attachment":[{"href":"https:\/\/saharatoursmarruecos.com\/es\/wp-json\/wp\/v2\/media?parent=5751"}],"wp:term":[{"taxonomy":"product_cat","embeddable":true,"href":"https:\/\/saharatoursmarruecos.com\/es\/wp-json\/wp\/v2\/product_cat?post=5751"},{"taxonomy":"product_tag","embeddable":true,"href":"https:\/\/saharatoursmarruecos.com\/es\/wp-json\/wp\/v2\/product_tag?post=5751"}],"curies":[{"name":"wp","href":"https:\/\/api.w.org\/{rel}","templated":true}]}}