{"id":5750,"date":"2023-02-10T12:39:26","date_gmt":"2023-02-10T12:39:26","guid":{"rendered":"https:\/\/www.saharatoursmarruecos.com\/product\/excursion-de-aventura-de-5-dias-de-marrakech-al-desierto-a-camello\/"},"modified":"2023-02-10T12:39:26","modified_gmt":"2023-02-10T12:39:26","slug":"ruta-de-aventura-de-5-dias-entre-el-marrakech-y-el-camello-del-desierto","status":"publish","type":"product","link":"https:\/\/saharatoursmarruecos.com\/es\/producto\/ruta-de-aventura-de-5-dias-entre-el-marrakech-y-el-camello-del-desierto\/","title":{"rendered":"Excursi\u00f3n de aventura de 5 d\u00edas de Marrakech al desierto a camello"},"content":{"rendered":"<h2> Excursi\u00f3n de aventura de 5 d\u00edas de Marrakech al desierto a camello<\/h2>\n<p>Bienvenido a la excursi\u00f3n de aventura de 5 d\u00edas de Marrakech al desierto a camello. En este recorrido vivir\u00e1 una experiencia \u00fanica e inolvidable, combinando la vibrante cultura de Marrakech con la impresionante belleza del desierto del S\u00e1hara. Visitar\u00e1 algunos de los monumentos m\u00e1s emblem\u00e1ticos de Marruecos, como la Mezquita Koutoubia, las Tumbas Saad\u00edes y el Palacio Bah\u00eda, antes de dirigirse a Merzouga, la puerta del S\u00e1hara. Desde all\u00ed, se embarcar\u00e1 en una excursi\u00f3n en camello por el desierto, donde contemplar\u00e1 las impresionantes dunas de Erg Chebbi y visitar\u00e1 a una familia n\u00f3mada bereber. Tambi\u00e9n tendr\u00e1 la oportunidad de disfrutar de una experiencia de m\u00fasica y danza tradicional bereber alrededor de la hoguera. Este recorrido es la forma perfecta de sumergirse en la cultura y la belleza de Marruecos, y es apto para viajeros de todas las edades e intereses. Acomp\u00e1\u00f1enos en un viaje lleno de aventuras, cultura y recuerdos para toda la vida.<\/p>\n<p>&nbsp;<\/p>\n<h4>Resumen de la gira:<\/h4>\n<div class=\"w-full border-b border-black\/10 dark:border-gray-900\/50 text-gray-800 dark:text-gray-100 group bg-gray-50 dark:bg-[#444654]\">\n<div class=\"text-base gap-4 md:gap-6 m-auto md:max-w-2xl lg:max-w-2xl xl:max-w-3xl p-4 md:py-6 flex lg:px-0\">\n<div class=\"relative flex w-[calc(100%-50px)] flex-col gap-1 md:gap-3 lg:w-[calc(100%-115px)]\">\n<div class=\"flex flex-grow flex-col gap-3\">\n<div class=\"min-h-[20px] flex flex-col items-start gap-4 whitespace-pre-wrap\">\n<div class=\"markdown prose w-full break-words dark:prose-invert light\">\n<p>La excursi\u00f3n de aventura de 5 d\u00edas de Marrakech al desierto a camello es una experiencia completa e inolvidable que le llevar\u00e1 de viaje por la vibrante ciudad de Marrakech y el impresionante desierto del S\u00e1hara. El recorrido incluye visitas a algunos de los lugares m\u00e1s emblem\u00e1ticos de Marruecos, como la Mezquita Koutoubia, las Tumbas Saad\u00edes y el Palacio de Bah\u00eda, as\u00ed como una parada en la Kasbah Ait Ben Haddou, declarada Patrimonio de la Humanidad por la UNESCO. En Merzouga, se embarcar\u00e1 en una excursi\u00f3n en camello por el desierto y visitar\u00e1 a una familia n\u00f3mada bereber, antes de pasar la noche bajo las estrellas en un campamento tradicional bereber del desierto. La excursi\u00f3n tambi\u00e9n incluye una experiencia de m\u00fasica y danza tradicional bereber y las comidas indicadas en el itinerario. Con un veh\u00edculo privado con aire acondicionado, gu\u00eda profesional de habla inglesa y todas las entradas incluidas, esta excursi\u00f3n es la forma perfecta de sumergirse en la belleza y la cultura de Marruecos. Acomp\u00e1\u00f1enos en un viaje lleno de aventuras, cultura y recuerdos para toda la vida.<\/p>\n<\/div>\n<\/div>\n<\/div>\n<div class=\"flex justify-between\">\n<div class=\"text-gray-400 flex self-end lg:self-center justify-center mt-2 gap-3 md:gap-4 lg:gap-1 lg:absolute lg:top-0 lg:translate-x-full lg:right-0 lg:mt-0 lg:pl-2 visible\"><\/div>\n<\/div>\n<\/div>\n<\/div>\n<\/div>\n<h4>Plan de itinerario<\/h4>\n<h3>D\u00eda 1: Llegada a Marrakech y visita de la ciudad<\/h3>\n<p>El primer d\u00eda de su viaje de 5 d\u00edas llegar\u00e1 al aeropuerto de Marrakech Menara, donde le recibir\u00e1 su gu\u00eda. Tras un c\u00f3modo traslado a su hotel en Marrakech, dispondr\u00e1 de tiempo para refrescarse y relajarse. Por la tarde, se embarcar\u00e1 en una visita por la ciudad de Marrakech, famosa por su rica historia, su impresionante arquitectura y su vibrante cultura. Su primera parada ser\u00e1 la Mezquita Koutoubia, la mayor mezquita de Marrakech y un impresionante ejemplo de la arquitectura almohade. A continuaci\u00f3n, visitar\u00e1 las Tumbas Saad\u00edes, que albergan los restos de miembros de la dinast\u00eda saad\u00ed que gobern\u00f3 Marruecos de 1549 a 1659. Por \u00faltimo, visitar\u00e1 el Palacio Bah\u00eda, un hermoso palacio del siglo XIX que se construy\u00f3 como residencia de un acaudalado noble marroqu\u00ed. Tras la visita, dispondr\u00e1 del resto de la tarde para explorar la ciudad a su aire o relajarse en su hotel. Noche en Marrakech.<\/p>\n<h3>D\u00eda 2: Marrakech, Atlas, Kasbah Ait Ben-Haddou, Merzouga<\/h3>\n<p>En la segunda jornada de la excursi\u00f3n de 5 d\u00edas desde Marrakech, el destino es el desierto sahariano de Merzouga. Por la ma\u00f1ana, saldr\u00e1 de Marrakech y se dirigir\u00e1 a Merzouga, la puerta del desierto del S\u00e1hara. El viaje le llevar\u00e1 a trav\u00e9s de las impresionantes monta\u00f1as del Atlas, donde haremos una parada en la Kasbah Ait Ben-Haddou, declarada Patrimonio de la Humanidad por la UNESCO. Este pueblo fortificado se ha utilizado como lugar de rodaje para muchas pel\u00edculas y es un lugar fascinante para explorar. Desde all\u00ed, continuar\u00e1 hasta la garganta del Todra, un hermoso ca\u00f1\u00f3n de la cordillera del Atlas muy popular por sus posibilidades de escalada y senderismo. A \u00faltima hora de la tarde, llegar\u00e1 a Merzouga y se registrar\u00e1 en nuestro tradicional campamento bereber del desierto. Aqu\u00ed tendr\u00e1 la oportunidad de relajarse y empaparse del ambiente \u00fanico del S\u00e1hara antes de la cena. Noche en Merzouga.<\/p>\n<h3>D\u00eda 3: Exploraci\u00f3n del Merzouga, Erg Chebbi, n\u00f3madas bereberes, Merzouga<\/h3>\n<p>El tercer d\u00eda de su viaje, tendr\u00e1 la oportunidad de disfrutar de la belleza del desierto del S\u00e1hara. Tras el desayuno, se embarcar\u00e1 en una excursi\u00f3n en dromedario por el desierto, donde podr\u00e1 contemplar las espectaculares dunas de Erg Chebbi. Es una gran oportunidad para ver el desierto desde distintos \u00e1ngulos y disfrutar de la paz y la tranquilidad del S\u00e1hara. Durante la caminata, visitar\u00e1 a una familia n\u00f3mada bereber, donde podr\u00e1 conocer su modo de vida y ver c\u00f3mo se han adaptado a la vida en el desierto. Por la noche, regresar\u00e1 a su campamento en el desierto para cenar y pasar la noche bajo las estrellas. Tendr\u00e1 la oportunidad de disfrutar de la m\u00fasica y la danza tradicionales bereberes alrededor de la hoguera, lo que har\u00e1 que esta experiencia sea realmente inolvidable. Noche en Merzouga.<\/p>\n<h3>D\u00eda 4: Merzouga, Skoura, El Kelaa M&#8217;Gouna, Marrakech<\/h3>\n<p>El cuarto d\u00eda de su viaje, abandonar\u00e1 Merzouga y regresar\u00e1 a Marrakech por el valle del Dades. Por el camino, se detendr\u00e1 en los encantadores pueblos de Skoura y El Kelaa M&#8217;Gouna, donde podr\u00e1 contemplar casas tradicionales de adobe y frondosos palmerales. Tendr\u00e1 la oportunidad de almorzar en un restaurante local y degustar la deliciosa cocina local. A \u00faltima hora de la tarde, llegar\u00e1 a Marrakech y se registrar\u00e1 en su hotel. La tarde es libre para explorar la famosa plaza Jemaa El Fna y sus coloridos puestos de mercado, donde podr\u00e1 degustar comida callejera, comprar recuerdos y empaparse del animado ambiente de esta bulliciosa ciudad. Noche en Marrakech.<\/p>\n<h3>D\u00eda 5: Salida de Marrakech<\/h3>\n<p>El \u00faltimo d\u00eda de su viaje tendr\u00e1 tiempo para relajarse y reflexionar sobre las experiencias de los \u00faltimos d\u00edas. Si tiene que hacer alguna compra de \u00faltima hora o visitar alg\u00fan monumento, puede aprovechar este tiempo para hacerlo. A \u00faltima hora de la ma\u00f1ana, ser\u00e1 trasladado al aeropuerto de Marrakech Menara para tomar su vuelo de regreso a casa, poniendo fin a su viaje de aventura de 5 d\u00edas de Marrakech al desierto a camello. Esta experiencia inolvidable le dejar\u00e1 recuerdos para toda la vida y un aprecio por la belleza y diversidad de Marruecos.<\/p>\n<h4>Incluido en el tour:<\/h4>\n<ul>\n<li>Traslado al aeropuerto y transporte en veh\u00edculo privado con aire acondicionado<\/li>\n<li>Gu\u00eda profesional de habla inglesa<\/li>\n<li>4 noches de alojamiento (2 noches en Marrakech y 2 noches en un campamento tradicional bereber del desierto en Merzouga)<\/li>\n<li>Excursi\u00f3n en camello y acampada en el desierto<\/li>\n<li>Todas las entradas a los monumentos y actividades mencionados en el itinerario<\/li>\n<li>Comidas seg\u00fan lo indicado en el itinerario (4 desayunos, 3 almuerzos y 4 cenas)<\/li>\n<li>Experiencia de m\u00fasica y danza tradicional bereber<\/li>\n<\/ul>\n<h4>No incluido en el tour:<\/h4>\n<ul>\n<li>Vuelos internacionales<\/li>\n<li>Seguro de viaje<\/li>\n<li>Gastos personales como bebidas, recuerdos y propinas<\/li>\n<li>Cualquier otro art\u00edculo o servicio no mencionado en la lista \u00abIncluido en el viaje\u00bb.<\/li>\n<\/ul>\n","protected":false},"excerpt":{"rendered":"<p>La excursi\u00f3n de aventura de 5 d\u00edas de Marrakech al desierto a camello es una experiencia completa e inolvidable que le llevar\u00e1 de viaje por la vibrante ciudad de Marrakech y el impresionante desierto del S\u00e1hara. El recorrido incluye visitas a algunos de los lugares m\u00e1s emblem\u00e1ticos de Marruecos, como la Mezquita Koutoubia, las Tumbas Saad\u00edes y el Palacio de Bah\u00eda, as\u00ed como una parada en la Kasbah Ait Ben Haddou, declarada Patrimonio de la Humanidad por la UNESCO. En Merzouga, se embarcar\u00e1 en una excursi\u00f3n en camello por el desierto y visitar\u00e1 a una familia n\u00f3mada bereber, antes de pasar la noche bajo las estrellas en un campamento tradicional bereber del desierto. La excursi\u00f3n tambi\u00e9n incluye una experiencia de m\u00fasica y danza tradicional bereber y las comidas indicadas en el itinerario. Con un veh\u00edculo privado con aire acondicionado, gu\u00eda profesional de habla inglesa y todas las entradas incluidas, esta excursi\u00f3n es la forma perfecta de sumergirse en la belleza y la cultura de Marruecos. Acomp\u00e1\u00f1enos en un viaje lleno de aventuras, cultura y recuerdos para toda la vida.<\/p>\n","protected":false},"featured_media":5349,"comment_status":"open","ping_status":"closed","template":"","meta":[],"product_cat":[71],"product_tag":[],"class_list":["post-5750","product","type-product","status-publish","has-post-thumbnail","hentry","product_cat-tours-desde-marrakech"],"yoast_head":"<!-- This site is optimized with the Yoast SEO plugin v20.1 - https:\/\/yoast.com\/wordpress\/plugins\/seo\/ -->\n<title>Excursi\u00f3n de aventura de 5 d\u00edas de Marrakech al desierto a camello - Sahara Tours Marruecos<\/title>\n<meta name=\"robots\" content=\"index, follow, max-snippet:-1, max-image-preview:large, max-video-preview:-1\" \/>\n<link rel=\"canonical\" href=\"https:\/\/saharatoursmarruecos.com\/es\/producto\/ruta-de-aventura-de-5-dias-entre-el-marrakech-y-el-camello-del-desierto\/\" \/>\n<meta property=\"og:locale\" content=\"es_ES\" \/>\n<meta property=\"og:type\" content=\"article\" \/>\n<meta property=\"og:title\" content=\"Excursi\u00f3n de aventura de 5 d\u00edas de Marrakech al desierto a camello - Sahara Tours Marruecos\" \/>\n<meta property=\"og:description\" content=\"La excursi\u00f3n de aventura de 5 d\u00edas de Marrakech al desierto a camello es una experiencia completa e inolvidable que le llevar\u00e1 de viaje por la vibrante ciudad de Marrakech y el impresionante desierto del S\u00e1hara. El recorrido incluye visitas a algunos de los lugares m\u00e1s emblem\u00e1ticos de Marruecos, como la Mezquita Koutoubia, las Tumbas Saad\u00edes y el Palacio de Bah\u00eda, as\u00ed como una parada en la Kasbah Ait Ben Haddou, declarada Patrimonio de la Humanidad por la UNESCO. En Merzouga, se embarcar\u00e1 en una excursi\u00f3n en camello por el desierto y visitar\u00e1 a una familia n\u00f3mada bereber, antes de pasar la noche bajo las estrellas en un campamento tradicional bereber del desierto. La excursi\u00f3n tambi\u00e9n incluye una experiencia de m\u00fasica y danza tradicional bereber y las comidas indicadas en el itinerario. Con un veh\u00edculo privado con aire acondicionado, gu\u00eda profesional de habla inglesa y todas las entradas incluidas, esta excursi\u00f3n es la forma perfecta de sumergirse en la belleza y la cultura de Marruecos. Acomp\u00e1\u00f1enos en un viaje lleno de aventuras, cultura y recuerdos para toda la vida.\" \/>\n<meta property=\"og:url\" content=\"https:\/\/saharatoursmarruecos.com\/es\/producto\/ruta-de-aventura-de-5-dias-entre-el-marrakech-y-el-camello-del-desierto\/\" \/>\n<meta property=\"og:site_name\" content=\"Sahara Tours Marruecos\" \/>\n<meta property=\"og:image\" content=\"https:\/\/saharatoursmarruecos.com\/wp-content\/uploads\/2023\/02\/camels-sahara-morocco-africa-merzouga-desert-sand-dune-sand-dune-landscape-sky-dunes-arid-nature-dry_t20_ZJVYZo-1.jpg\" \/>\n\t<meta property=\"og:image:width\" content=\"1920\" \/>\n\t<meta property=\"og:image:height\" content=\"1080\" \/>\n\t<meta property=\"og:image:type\" content=\"image\/jpeg\" \/>\n<meta name=\"twitter:card\" content=\"summary_large_image\" \/>\n<meta name=\"twitter:label1\" content=\"Tiempo de lectura\" \/>\n\t<meta name=\"twitter:data1\" content=\"6 minutos\" \/>\n<script type=\"application\/ld+json\" class=\"yoast-schema-graph\">{\"@context\":\"https:\/\/schema.org\",\"@graph\":[{\"@type\":\"WebPage\",\"@id\":\"https:\/\/saharatoursmarruecos.com\/es\/producto\/ruta-de-aventura-de-5-dias-entre-el-marrakech-y-el-camello-del-desierto\/\",\"url\":\"https:\/\/saharatoursmarruecos.com\/es\/producto\/ruta-de-aventura-de-5-dias-entre-el-marrakech-y-el-camello-del-desierto\/\",\"name\":\"Excursi\u00f3n de aventura de 5 d\u00edas de Marrakech al desierto a camello - Sahara Tours Marruecos\",\"isPartOf\":{\"@id\":\"https:\/\/saharatoursmarruecos.com\/#website\"},\"datePublished\":\"2023-02-10T12:39:26+00:00\",\"dateModified\":\"2023-02-10T12:39:26+00:00\",\"breadcrumb\":{\"@id\":\"https:\/\/saharatoursmarruecos.com\/es\/producto\/ruta-de-aventura-de-5-dias-entre-el-marrakech-y-el-camello-del-desierto\/#breadcrumb\"},\"inLanguage\":\"es\",\"potentialAction\":[{\"@type\":\"ReadAction\",\"target\":[\"https:\/\/saharatoursmarruecos.com\/es\/producto\/ruta-de-aventura-de-5-dias-entre-el-marrakech-y-el-camello-del-desierto\/\"]}]},{\"@type\":\"BreadcrumbList\",\"@id\":\"https:\/\/saharatoursmarruecos.com\/es\/producto\/ruta-de-aventura-de-5-dias-entre-el-marrakech-y-el-camello-del-desierto\/#breadcrumb\",\"itemListElement\":[{\"@type\":\"ListItem\",\"position\":1,\"name\":\"Home\",\"item\":\"https:\/\/saharatoursmarruecos.com\/\"},{\"@type\":\"ListItem\",\"position\":2,\"name\":\"Shop\",\"item\":\"https:\/\/saharatoursmarruecos.com\/shop\/\"},{\"@type\":\"ListItem\",\"position\":3,\"name\":\"Excursi\u00f3n de aventura de 5 d\u00edas de Marrakech al desierto a camello\"}]},{\"@type\":\"WebSite\",\"@id\":\"https:\/\/saharatoursmarruecos.com\/#website\",\"url\":\"https:\/\/saharatoursmarruecos.com\/\",\"name\":\"Sahara Tours Marruecos\",\"description\":\"Sahara Tours Marruecos\",\"potentialAction\":[{\"@type\":\"SearchAction\",\"target\":{\"@type\":\"EntryPoint\",\"urlTemplate\":\"https:\/\/saharatoursmarruecos.com\/?s={search_term_string}\"},\"query-input\":\"required name=search_term_string\"}],\"inLanguage\":\"es\"}]}<\/script>\n<!-- \/ Yoast SEO plugin. -->","yoast_head_json":{"title":"Excursi\u00f3n de aventura de 5 d\u00edas de Marrakech al desierto a camello - Sahara Tours Marruecos","robots":{"index":"index","follow":"follow","max-snippet":"max-snippet:-1","max-image-preview":"max-image-preview:large","max-video-preview":"max-video-preview:-1"},"canonical":"https:\/\/saharatoursmarruecos.com\/es\/producto\/ruta-de-aventura-de-5-dias-entre-el-marrakech-y-el-camello-del-desierto\/","og_locale":"es_ES","og_type":"article","og_title":"Excursi\u00f3n de aventura de 5 d\u00edas de Marrakech al desierto a camello - Sahara Tours Marruecos","og_description":"La excursi\u00f3n de aventura de 5 d\u00edas de Marrakech al desierto a camello es una experiencia completa e inolvidable que le llevar\u00e1 de viaje por la vibrante ciudad de Marrakech y el impresionante desierto del S\u00e1hara. El recorrido incluye visitas a algunos de los lugares m\u00e1s emblem\u00e1ticos de Marruecos, como la Mezquita Koutoubia, las Tumbas Saad\u00edes y el Palacio de Bah\u00eda, as\u00ed como una parada en la Kasbah Ait Ben Haddou, declarada Patrimonio de la Humanidad por la UNESCO. En Merzouga, se embarcar\u00e1 en una excursi\u00f3n en camello por el desierto y visitar\u00e1 a una familia n\u00f3mada bereber, antes de pasar la noche bajo las estrellas en un campamento tradicional bereber del desierto. La excursi\u00f3n tambi\u00e9n incluye una experiencia de m\u00fasica y danza tradicional bereber y las comidas indicadas en el itinerario. Con un veh\u00edculo privado con aire acondicionado, gu\u00eda profesional de habla inglesa y todas las entradas incluidas, esta excursi\u00f3n es la forma perfecta de sumergirse en la belleza y la cultura de Marruecos. Acomp\u00e1\u00f1enos en un viaje lleno de aventuras, cultura y recuerdos para toda la vida.","og_url":"https:\/\/saharatoursmarruecos.com\/es\/producto\/ruta-de-aventura-de-5-dias-entre-el-marrakech-y-el-camello-del-desierto\/","og_site_name":"Sahara Tours Marruecos","og_image":[{"width":1920,"height":1080,"url":"https:\/\/saharatoursmarruecos.com\/wp-content\/uploads\/2023\/02\/camels-sahara-morocco-africa-merzouga-desert-sand-dune-sand-dune-landscape-sky-dunes-arid-nature-dry_t20_ZJVYZo-1.jpg","type":"image\/jpeg"}],"twitter_card":"summary_large_image","twitter_misc":{"Tiempo de lectura":"6 minutos"},"schema":{"@context":"https:\/\/schema.org","@graph":[{"@type":"WebPage","@id":"https:\/\/saharatoursmarruecos.com\/es\/producto\/ruta-de-aventura-de-5-dias-entre-el-marrakech-y-el-camello-del-desierto\/","url":"https:\/\/saharatoursmarruecos.com\/es\/producto\/ruta-de-aventura-de-5-dias-entre-el-marrakech-y-el-camello-del-desierto\/","name":"Excursi\u00f3n de aventura de 5 d\u00edas de Marrakech al desierto a camello - Sahara Tours Marruecos","isPartOf":{"@id":"https:\/\/saharatoursmarruecos.com\/#website"},"datePublished":"2023-02-10T12:39:26+00:00","dateModified":"2023-02-10T12:39:26+00:00","breadcrumb":{"@id":"https:\/\/saharatoursmarruecos.com\/es\/producto\/ruta-de-aventura-de-5-dias-entre-el-marrakech-y-el-camello-del-desierto\/#breadcrumb"},"inLanguage":"es","potentialAction":[{"@type":"ReadAction","target":["https:\/\/saharatoursmarruecos.com\/es\/producto\/ruta-de-aventura-de-5-dias-entre-el-marrakech-y-el-camello-del-desierto\/"]}]},{"@type":"BreadcrumbList","@id":"https:\/\/saharatoursmarruecos.com\/es\/producto\/ruta-de-aventura-de-5-dias-entre-el-marrakech-y-el-camello-del-desierto\/#breadcrumb","itemListElement":[{"@type":"ListItem","position":1,"name":"Home","item":"https:\/\/saharatoursmarruecos.com\/"},{"@type":"ListItem","position":2,"name":"Shop","item":"https:\/\/saharatoursmarruecos.com\/shop\/"},{"@type":"ListItem","position":3,"name":"Excursi\u00f3n de aventura de 5 d\u00edas de Marrakech al desierto a camello"}]},{"@type":"WebSite","@id":"https:\/\/saharatoursmarruecos.com\/#website","url":"https:\/\/saharatoursmarruecos.com\/","name":"Sahara Tours Marruecos","description":"Sahara Tours Marruecos","potentialAction":[{"@type":"SearchAction","target":{"@type":"EntryPoint","urlTemplate":"https:\/\/saharatoursmarruecos.com\/?s={search_term_string}"},"query-input":"required name=search_term_string"}],"inLanguage":"es"}]}},"_links":{"self":[{"href":"https:\/\/saharatoursmarruecos.com\/es\/wp-json\/wp\/v2\/product\/5750","targetHints":{"allow":["GET"]}}],"collection":[{"href":"https:\/\/saharatoursmarruecos.com\/es\/wp-json\/wp\/v2\/product"}],"about":[{"href":"https:\/\/saharatoursmarruecos.com\/es\/wp-json\/wp\/v2\/types\/product"}],"replies":[{"embeddable":true,"href":"https:\/\/saharatoursmarruecos.com\/es\/wp-json\/wp\/v2\/comments?post=5750"}],"wp:featuredmedia":[{"embeddable":true,"href":"https:\/\/saharatoursmarruecos.com\/es\/wp-json\/wp\/v2\/media\/5349"}],"wp:attachment":[{"href":"https:\/\/saharatoursmarruecos.com\/es\/wp-json\/wp\/v2\/media?parent=5750"}],"wp:term":[{"taxonomy":"product_cat","embeddable":true,"href":"https:\/\/saharatoursmarruecos.com\/es\/wp-json\/wp\/v2\/product_cat?post=5750"},{"taxonomy":"product_tag","embeddable":true,"href":"https:\/\/saharatoursmarruecos.com\/es\/wp-json\/wp\/v2\/product_tag?post=5750"}],"curies":[{"name":"wp","href":"https:\/\/api.w.org\/{rel}","templated":true}]}}