{"id":5749,"date":"2023-02-11T15:19:36","date_gmt":"2023-02-11T15:19:36","guid":{"rendered":"https:\/\/www.saharatoursmarruecos.com\/product\/excursion-de-9-dias-desde-marrakech-a-las-ciudades-imperiales-pasando-por-el-desierto-del-sahara\/"},"modified":"2023-02-11T15:19:36","modified_gmt":"2023-02-11T15:19:36","slug":"ruta-de-9-dias-de-marrakech-a-las-ciudades-imperiales-por-el-desierto-del-sahara","status":"publish","type":"product","link":"https:\/\/saharatoursmarruecos.com\/es\/producto\/ruta-de-9-dias-de-marrakech-a-las-ciudades-imperiales-por-el-desierto-del-sahara\/","title":{"rendered":"Excursi\u00f3n de 9 d\u00edas desde Marrakech a las ciudades imperiales pasando por el desierto del S\u00e1hara"},"content":{"rendered":"<h2>Excursi\u00f3n de 9 d\u00edas desde Marrakech a las ciudades imperiales pasando por el desierto del S\u00e1hara<\/h2>\n<h3>D\u00eda 1: Marrakech \u00abLlegada a Marruecos<\/h3>\n<p>El primer d\u00eda de nuestro tour de 9 d\u00edas Marrakech Desierto Fez Casablanca, cuando llegue a Marrakech, nuestro conductor le dejar\u00e1 en el aeropuerto para llevarle a su hotel, donde pasaremos una noche. Tambi\u00e9n habr\u00e1 un recorrido de orientaci\u00f3n por Jemaa EL Fnaa, una experiencia agradable y memorable en la que se podr\u00e1 ver a bailarines, cuentacuentos y encantadores de serpientes.<\/p>\n<h3>D\u00eda 2: Descubrir Marrakech \u00abVisita guiada\u00bb<\/h3>\n<p>Visitaremos y conoceremos mejor la ciudad de Marrakech el segundo d\u00eda de nuestra excursi\u00f3n de 9 d\u00edas por el desierto Fez Casablanca. Visitaremos varios lugares interesantes y hermosos, una impresionante piscina rodeada de flores, el Palacio de la Bah\u00eda, el Minarete de la Koutoubia, el Mausoleo Saadiano, el Museo Dar Si Said que exhibe artesan\u00eda bereber, los Jardines de la Menara, etc. Almuerzo en un restaurante local, pasearemos por los coloridos zocos de Marrakech y la plaza Jemaa El Fna, la cena ser\u00e1 servida en un bonito restaurante.<\/p>\n<h3>D\u00eda 3: Marrakech \/ Aiben Haddou \/ Ouarzazate \/ Gargantas del Dades<\/h3>\n<p>Despu\u00e9s del desayuno, nos dirigimos m\u00e1s all\u00e1 de las monta\u00f1as del Alto Atlas y el paso de Tizi-N-Tichka, disfrutando de hermosas vistas, el peque\u00f1o pueblo y de la cascada, y donde podr\u00edamos ir a tomar una taza de t\u00e9 con una familia bereber. Continuaremos visitando la famosa e interesante Kasbah de Ait Ben Haddou, declarada Patrimonio de la Humanidad por la UNESCO y escenario de muchas superproducciones de Hollywood como Babel, El Legionario, Lawrence de Arabia, Gladiator y muchas m\u00e1s. otros. En el camino a Ouarzazate, visitamos la Kasbah de Taourirt, el mayor y m\u00e1s famoso estudio de cine Atlas en \u00c1frica, el famoso Valle de las Rosas, el Valle del Dades y el Ca\u00f1\u00f3n del Dades en el 9 \u00ba d\u00eda desde el desierto de Marrakech Tres d\u00edas al final del viaje a Fez Casablanca, noche en el hotel.<\/p>\n<h3>D\u00eda 4: Gargantas del Dades \/ Tinghir \/ Merzouga<\/h3>\n<p>Despu\u00e9s del desayuno, puede dar un paseo por las gargantas del Dades, luego cruzar el camino de las mil fortalezas, el pueblo de Tinghir, el fuerte jud\u00edo y las gargantas del Todra para explorar, almuerzo. Continuaremos hacia Erfoud, Rissani, a las dunas de Erg Chebbi, a un hermoso hotel al pie de las dunas del Sahara en Marruecos.<\/p>\n<h3>D\u00eda 5: Merzouga<\/h3>\n<p>Tomar un ba\u00f1o refrescante en Merzouga por la ma\u00f1ana, se preparan para conducir 3h30 en el desierto, 4 * 4 para disfrutar de la belleza de las dunas del Sahara, pasando por peque\u00f1os pueblos bereberes, y el almuerzo ser\u00e1 con un cipr\u00e9s fuera La familia Burr almorz\u00f3. Atravesamos la ruta del rally Par\u00eds-Dakar, visitamos cuevas donde los lugare\u00f1os extra\u00edan f\u00f3siles en las profundidades del subsuelo, y luego montamos en camello hasta las dunas de Erg Chebbi para pasar una noche inolvidable, bajo las estrellas y en una noche tranquila y serena. La paz del Sahara por la noche, y la belleza de la m\u00fasica bereber, tocaban tambores mientras cen\u00e1bamos, y los Tuareg, tal vez podr\u00edamos ver la v\u00eda l\u00e1ctea, a continuaci\u00f3n, pasar la noche en una yurta bereber para pasar nuestros 9 D\u00edas Marrakech Desierto \u00c1frica Tour de Scazablanca<\/p>\n<h3>D\u00eda 6: Merzouga \/ Midelt \/ Azrou \/ Ifran \/ Fez<\/h3>\n<p>Lev\u00e1ntese lo m\u00e1s temprano posible y camine unos 50 kil\u00f3metros desde Merzouga para disfrutar de la impresionante vista del amanecer sobre las dunas del S\u00e1hara. Montaremos en camello hasta el hotel para tomar una ducha refrescante y desayunar, y nos prepararemos para conducir hasta Fez. Por el camino, pasaremos por Rissani, el valle del Ziz, la capital de la manzana de Midert para almorzar, las monta\u00f1as del Atlas Medio, los bosques de cedros, Ifran, una estaci\u00f3n de esqu\u00ed de invierno de estilo marroqu\u00ed construida por los franceses en los a\u00f1os 30, que da la impresi\u00f3n de ser un pueblo suizo y, finalmente, llegaremos a Fez, donde pasaremos la noche.<\/p>\n<h3>D\u00eda 7: Explorar Fez \u00abGu\u00eda\u00bb<\/h3>\n<p>S\u00e9ptimo d\u00eda de nuestra ruta de 9 d\u00edas por el desierto desde Marrakech, Fez y Casablanca. Exploraremos y visitaremos muchos lugares interesantes y maravillosos de la ciudad de Fez. Despu\u00e9s del desayuno, visitaremos la \u00abMedina\u00bb, famosa por sus calles estrechas, frutas frescas, pilas de especias, sofisticadas alfombras bereberes y muchas otras artes conocidas de Marruecos, a continuaci\u00f3n, varias mezquitas, como la Mezquita Qaraouiyine, que fue fundada por F\u00e1tima El Fihria en 859, la Mezquita de Andaluc\u00eda, que se remontan a 860 y donde est\u00e1 prohibida la entrada para los no musulmanes, Fuentes como la \u00abNejjarine\u00bb, madrasas (escuelas cor\u00e1nicas fundadas a principios del siglo XIII), el palacio Batha, hoy museo de Artes y Tradiciones, las curtidur\u00edas Chouwara, el antiguo zoco de Al Attarine, Bab Boujloud (cer\u00e1mica azul y verde), Mellah, la sinagoga Ibn Danan, que data del siglo XVII, y el palacio del Rey. La cena ser\u00e1 en un restaurante impresionante.<\/p>\n<h3>D\u00eda 8:Fez \/ Volubilis \/ Meknes \/ Rabat \/ Casablanca<\/h3>\n<p>Pasaremos por Las ruinas romanas de 2000 a\u00f1os de antig\u00fcedad \u00bb Volubilis \u00ab, y las murallas monumentales de Meknes, que datan del siglo XVII \u00bb Berdaine Bab \u00ab, y \u00bb Bab Khemis \u00ab, a continuaci\u00f3n, los establos (Rua), \u00e1ticos (HERI), y Stud, deteni\u00e9ndose en el Mausoleo de Moulay Ismail, que fue durante mucho tiempo la \u00fanica mezquita de Marruecos en la que se permit\u00eda la entrada a los no musulmanes, as\u00ed como en la famosa \u00abBab El Mansour\u00bb, en la gran plaza Hedim, y en el Museo de Arte Marroqu\u00ed \u00abDar Jamai\u00bb (que ofrece una gran variedad de artesan\u00eda). El almuerzo ser\u00e1 en Rabat, la capital de Marruecos, donde observaremos el mar, Yaakoub El Mansour almenado rojo ocre paredes,La medina y sus zocos,, El Oudayas Kasbah, construido en el siglo 12, Hassan II torre, con 4 fachadas, tres en tonos de rosa y uno en el gris, la izquierda de la antigua mezquita y el mausoleo de Mohamed V.Nos quedaremos la noche en Casablanca.<\/p>\n<h3>D\u00eda 9: Casablanca \u00abSalida de Marruecos<\/h3>\n<p>D\u00eda 9: Casablanca \u00abSalida de Marruecos<\/p>\n<p>&nbsp;<\/p>\n<h4>Incluido:<\/h4>\n<ul>\n<li>Recogida en el aeropuerto de Marrakech y traslado al hotel<\/li>\n<li>Alojamiento para 9 noches<\/li>\n<li>Transporte para el viaje de 9 d\u00edas<\/li>\n<li>Visitas guiadas en Marrakech, Fez y otros destinos<\/li>\n<li>Comidas (desayuno, almuerzo y cena)<\/li>\n<li>Entrada a lugares hist\u00f3ricos y culturales como el Palacio de Bah\u00eda, el minarete de Koutoubia, el mausoleo saad\u00ed, el Museo Dar Si Said, la Kasbah de Ait Ben Haddou, la Kasbah de Taourirt, el Valle de las Rosas, el Ca\u00f1\u00f3n del Dades y otros lugares mencionados en el itinerario.<\/li>\n<li>Excursi\u00f3n en camello a las dunas de Erg Chebbi y noche en una yurta bereber<\/li>\n<li>Visita a las ruinas romanas de Volubilis y a las murallas monumentales de Meknes<\/li>\n<li>Gu\u00edas locales y cuentacuentos<\/li>\n<\/ul>\n<h4>No se incluye:<\/h4>\n<ul>\n<li>Vuelos internacionales<\/li>\n<li>Seguro de viaje<\/li>\n<li>Bebidas<\/li>\n<li>Consejos<\/li>\n<li>Gastos personales como recuerdos y actividades adicionales no mencionadas en el itinerario.<\/li>\n<\/ul>\n","protected":false},"excerpt":{"rendered":"<p>Excursi\u00f3n de 9 d\u00edas desde Marrakech a las ciudades imperiales pasando por el desierto del S\u00e1hara D\u00eda 1: Marrakech \u00abLlegada a Marruecos El primer d\u00eda de nuestro tour de 9 d\u00edas Marrakech Desierto Fez Casablanca, cuando llegue a Marrakech, nuestro conductor le dejar\u00e1 en el aeropuerto para llevarle a su hotel, donde pasaremos una noche. [&hellip;]<\/p>\n","protected":false},"featured_media":5651,"comment_status":"open","ping_status":"closed","template":"","meta":[],"product_cat":[71],"product_tag":[],"class_list":["post-5749","product","type-product","status-publish","has-post-thumbnail","hentry","product_cat-tours-desde-marrakech"],"yoast_head":"<!-- This site is optimized with the Yoast SEO plugin v20.1 - https:\/\/yoast.com\/wordpress\/plugins\/seo\/ -->\n<title>Excursi\u00f3n de 9 d\u00edas desde Marrakech a las ciudades imperiales pasando por el desierto del S\u00e1hara - Sahara Tours Marruecos<\/title>\n<meta name=\"description\" content=\"Explore la impresionante belleza de Marruecos con nuestra excursi\u00f3n de 6 d\u00edas a Marrakech. Experimente el desierto, visite ciudades hist\u00f3ricas y marav\u00edllese ante paisajes esc\u00e9nicos.\" \/>\n<meta name=\"robots\" content=\"index, follow, max-snippet:-1, max-image-preview:large, max-video-preview:-1\" \/>\n<link rel=\"canonical\" href=\"https:\/\/saharatoursmarruecos.com\/es\/producto\/ruta-de-9-dias-de-marrakech-a-las-ciudades-imperiales-por-el-desierto-del-sahara\/\" \/>\n<meta property=\"og:locale\" content=\"es_ES\" \/>\n<meta property=\"og:type\" content=\"article\" \/>\n<meta property=\"og:title\" content=\"Excursi\u00f3n de 9 d\u00edas desde Marrakech a las ciudades imperiales pasando por el desierto del S\u00e1hara - Sahara Tours Marruecos\" \/>\n<meta property=\"og:description\" content=\"Explore la impresionante belleza de Marruecos con nuestra excursi\u00f3n de 6 d\u00edas a Marrakech. Experimente el desierto, visite ciudades hist\u00f3ricas y marav\u00edllese ante paisajes esc\u00e9nicos.\" \/>\n<meta property=\"og:url\" content=\"https:\/\/saharatoursmarruecos.com\/es\/producto\/ruta-de-9-dias-de-marrakech-a-las-ciudades-imperiales-por-el-desierto-del-sahara\/\" \/>\n<meta property=\"og:site_name\" content=\"Sahara Tours Marruecos\" \/>\n<meta property=\"og:image\" content=\"https:\/\/saharatoursmarruecos.com\/wp-content\/uploads\/2023\/02\/469963-Hassan-Ii-Mosque.webp\" \/>\n\t<meta property=\"og:image:width\" content=\"2560\" \/>\n\t<meta property=\"og:image:height\" content=\"1440\" \/>\n\t<meta property=\"og:image:type\" content=\"image\/webp\" \/>\n<meta name=\"twitter:card\" content=\"summary_large_image\" \/>\n<meta name=\"twitter:label1\" content=\"Tiempo de lectura\" \/>\n\t<meta name=\"twitter:data1\" content=\"6 minutos\" \/>\n<script type=\"application\/ld+json\" class=\"yoast-schema-graph\">{\"@context\":\"https:\/\/schema.org\",\"@graph\":[{\"@type\":\"WebPage\",\"@id\":\"https:\/\/saharatoursmarruecos.com\/es\/producto\/ruta-de-9-dias-de-marrakech-a-las-ciudades-imperiales-por-el-desierto-del-sahara\/\",\"url\":\"https:\/\/saharatoursmarruecos.com\/es\/producto\/ruta-de-9-dias-de-marrakech-a-las-ciudades-imperiales-por-el-desierto-del-sahara\/\",\"name\":\"Excursi\u00f3n de 9 d\u00edas desde Marrakech a las ciudades imperiales pasando por el desierto del S\u00e1hara - Sahara Tours Marruecos\",\"isPartOf\":{\"@id\":\"https:\/\/saharatoursmarruecos.com\/#website\"},\"datePublished\":\"2023-02-11T15:19:36+00:00\",\"dateModified\":\"2023-02-11T15:19:36+00:00\",\"description\":\"Explore la impresionante belleza de Marruecos con nuestra excursi\u00f3n de 6 d\u00edas a Marrakech. Experimente el desierto, visite ciudades hist\u00f3ricas y marav\u00edllese ante paisajes esc\u00e9nicos.\",\"breadcrumb\":{\"@id\":\"https:\/\/saharatoursmarruecos.com\/es\/producto\/ruta-de-9-dias-de-marrakech-a-las-ciudades-imperiales-por-el-desierto-del-sahara\/#breadcrumb\"},\"inLanguage\":\"es\",\"potentialAction\":[{\"@type\":\"ReadAction\",\"target\":[\"https:\/\/saharatoursmarruecos.com\/es\/producto\/ruta-de-9-dias-de-marrakech-a-las-ciudades-imperiales-por-el-desierto-del-sahara\/\"]}]},{\"@type\":\"BreadcrumbList\",\"@id\":\"https:\/\/saharatoursmarruecos.com\/es\/producto\/ruta-de-9-dias-de-marrakech-a-las-ciudades-imperiales-por-el-desierto-del-sahara\/#breadcrumb\",\"itemListElement\":[{\"@type\":\"ListItem\",\"position\":1,\"name\":\"Home\",\"item\":\"https:\/\/saharatoursmarruecos.com\/\"},{\"@type\":\"ListItem\",\"position\":2,\"name\":\"Shop\",\"item\":\"https:\/\/saharatoursmarruecos.com\/shop\/\"},{\"@type\":\"ListItem\",\"position\":3,\"name\":\"Excursi\u00f3n de 9 d\u00edas desde Marrakech a las ciudades imperiales pasando por el desierto del S\u00e1hara\"}]},{\"@type\":\"WebSite\",\"@id\":\"https:\/\/saharatoursmarruecos.com\/#website\",\"url\":\"https:\/\/saharatoursmarruecos.com\/\",\"name\":\"Sahara Tours Marruecos\",\"description\":\"Sahara Tours Marruecos\",\"potentialAction\":[{\"@type\":\"SearchAction\",\"target\":{\"@type\":\"EntryPoint\",\"urlTemplate\":\"https:\/\/saharatoursmarruecos.com\/?s={search_term_string}\"},\"query-input\":\"required name=search_term_string\"}],\"inLanguage\":\"es\"}]}<\/script>\n<!-- \/ Yoast SEO plugin. -->","yoast_head_json":{"title":"Excursi\u00f3n de 9 d\u00edas desde Marrakech a las ciudades imperiales pasando por el desierto del S\u00e1hara - Sahara Tours Marruecos","description":"Explore la impresionante belleza de Marruecos con nuestra excursi\u00f3n de 6 d\u00edas a Marrakech. Experimente el desierto, visite ciudades hist\u00f3ricas y marav\u00edllese ante paisajes esc\u00e9nicos.","robots":{"index":"index","follow":"follow","max-snippet":"max-snippet:-1","max-image-preview":"max-image-preview:large","max-video-preview":"max-video-preview:-1"},"canonical":"https:\/\/saharatoursmarruecos.com\/es\/producto\/ruta-de-9-dias-de-marrakech-a-las-ciudades-imperiales-por-el-desierto-del-sahara\/","og_locale":"es_ES","og_type":"article","og_title":"Excursi\u00f3n de 9 d\u00edas desde Marrakech a las ciudades imperiales pasando por el desierto del S\u00e1hara - Sahara Tours Marruecos","og_description":"Explore la impresionante belleza de Marruecos con nuestra excursi\u00f3n de 6 d\u00edas a Marrakech. Experimente el desierto, visite ciudades hist\u00f3ricas y marav\u00edllese ante paisajes esc\u00e9nicos.","og_url":"https:\/\/saharatoursmarruecos.com\/es\/producto\/ruta-de-9-dias-de-marrakech-a-las-ciudades-imperiales-por-el-desierto-del-sahara\/","og_site_name":"Sahara Tours Marruecos","og_image":[{"width":2560,"height":1440,"url":"https:\/\/saharatoursmarruecos.com\/wp-content\/uploads\/2023\/02\/469963-Hassan-Ii-Mosque.webp","type":"image\/webp"}],"twitter_card":"summary_large_image","twitter_misc":{"Tiempo de lectura":"6 minutos"},"schema":{"@context":"https:\/\/schema.org","@graph":[{"@type":"WebPage","@id":"https:\/\/saharatoursmarruecos.com\/es\/producto\/ruta-de-9-dias-de-marrakech-a-las-ciudades-imperiales-por-el-desierto-del-sahara\/","url":"https:\/\/saharatoursmarruecos.com\/es\/producto\/ruta-de-9-dias-de-marrakech-a-las-ciudades-imperiales-por-el-desierto-del-sahara\/","name":"Excursi\u00f3n de 9 d\u00edas desde Marrakech a las ciudades imperiales pasando por el desierto del S\u00e1hara - Sahara Tours Marruecos","isPartOf":{"@id":"https:\/\/saharatoursmarruecos.com\/#website"},"datePublished":"2023-02-11T15:19:36+00:00","dateModified":"2023-02-11T15:19:36+00:00","description":"Explore la impresionante belleza de Marruecos con nuestra excursi\u00f3n de 6 d\u00edas a Marrakech. Experimente el desierto, visite ciudades hist\u00f3ricas y marav\u00edllese ante paisajes esc\u00e9nicos.","breadcrumb":{"@id":"https:\/\/saharatoursmarruecos.com\/es\/producto\/ruta-de-9-dias-de-marrakech-a-las-ciudades-imperiales-por-el-desierto-del-sahara\/#breadcrumb"},"inLanguage":"es","potentialAction":[{"@type":"ReadAction","target":["https:\/\/saharatoursmarruecos.com\/es\/producto\/ruta-de-9-dias-de-marrakech-a-las-ciudades-imperiales-por-el-desierto-del-sahara\/"]}]},{"@type":"BreadcrumbList","@id":"https:\/\/saharatoursmarruecos.com\/es\/producto\/ruta-de-9-dias-de-marrakech-a-las-ciudades-imperiales-por-el-desierto-del-sahara\/#breadcrumb","itemListElement":[{"@type":"ListItem","position":1,"name":"Home","item":"https:\/\/saharatoursmarruecos.com\/"},{"@type":"ListItem","position":2,"name":"Shop","item":"https:\/\/saharatoursmarruecos.com\/shop\/"},{"@type":"ListItem","position":3,"name":"Excursi\u00f3n de 9 d\u00edas desde Marrakech a las ciudades imperiales pasando por el desierto del S\u00e1hara"}]},{"@type":"WebSite","@id":"https:\/\/saharatoursmarruecos.com\/#website","url":"https:\/\/saharatoursmarruecos.com\/","name":"Sahara Tours Marruecos","description":"Sahara Tours Marruecos","potentialAction":[{"@type":"SearchAction","target":{"@type":"EntryPoint","urlTemplate":"https:\/\/saharatoursmarruecos.com\/?s={search_term_string}"},"query-input":"required name=search_term_string"}],"inLanguage":"es"}]}},"_links":{"self":[{"href":"https:\/\/saharatoursmarruecos.com\/es\/wp-json\/wp\/v2\/product\/5749","targetHints":{"allow":["GET"]}}],"collection":[{"href":"https:\/\/saharatoursmarruecos.com\/es\/wp-json\/wp\/v2\/product"}],"about":[{"href":"https:\/\/saharatoursmarruecos.com\/es\/wp-json\/wp\/v2\/types\/product"}],"replies":[{"embeddable":true,"href":"https:\/\/saharatoursmarruecos.com\/es\/wp-json\/wp\/v2\/comments?post=5749"}],"wp:featuredmedia":[{"embeddable":true,"href":"https:\/\/saharatoursmarruecos.com\/es\/wp-json\/wp\/v2\/media\/5651"}],"wp:attachment":[{"href":"https:\/\/saharatoursmarruecos.com\/es\/wp-json\/wp\/v2\/media?parent=5749"}],"wp:term":[{"taxonomy":"product_cat","embeddable":true,"href":"https:\/\/saharatoursmarruecos.com\/es\/wp-json\/wp\/v2\/product_cat?post=5749"},{"taxonomy":"product_tag","embeddable":true,"href":"https:\/\/saharatoursmarruecos.com\/es\/wp-json\/wp\/v2\/product_tag?post=5749"}],"curies":[{"name":"wp","href":"https:\/\/api.w.org\/{rel}","templated":true}]}}