{"id":5748,"date":"2023-02-11T17:49:03","date_gmt":"2023-02-11T17:49:03","guid":{"rendered":"https:\/\/www.saharatoursmarruecos.com\/product\/excursion-de-12-dias-desde-marrakech-por-el-desierto-de-merzouga\/"},"modified":"2023-02-11T17:49:03","modified_gmt":"2023-02-11T17:49:03","slug":"circuito-de-12-dias-de-marrakech-a-isaouira-y-el-desierto","status":"publish","type":"product","link":"https:\/\/saharatoursmarruecos.com\/es\/producto\/circuito-de-12-dias-de-marrakech-a-isaouira-y-el-desierto\/","title":{"rendered":"Excursi\u00f3n de 12 d\u00edas desde Marrakech por el desierto de Merzouga"},"content":{"rendered":"<h2>Excursi\u00f3n de 12 d\u00edas desde Marrakech por el desierto de Merzouga<\/h2>\n<h3>D\u00eda 1: Llegada a Marrakech &#8211; traslado al hotel<\/h3>\n<p>Nuestro ch\u00f3fer le recoger\u00e1 en el aeropuerto y podr\u00e1 relajarse mientras explora la plaza principal, Jemaa el Fnaa y los zocos.<\/p>\n<h3>\n2 D\u00eda 2: Excursi\u00f3n de un d\u00eda a Marrakech<\/h3>\n<p>Hoy ser\u00e1 una visita guiada privada de la Medina de Marrakech con un gu\u00eda oficial de Marrakech (opcional). Ver\u00e1 la famosa mezquita Koutoubia, la medina y sus zocos y descubrir\u00e1 m\u00e1s secretos de Marrakech: La escuela cor\u00e1nica Ali Ben Youssef, el palacio Bah\u00eda Saadien y los jardines Majorelle, el Riad nocturno de la medina.<\/p>\n<h3>3 D\u00eda 3: Marrakech &#8211; Essaouira<\/h3>\n<p>Salida de Marrakech hacia la ciudad costera de Essaouira. Un sencillo paseo repleto de cooperativas de aceite de arg\u00e1n le llevar\u00e1 hasta este enclave declarado Patrimonio de la Humanidad por la UNESCO. Este puerto pesquero curtido por la intemperie, con sus amplias playas y las antiguas murallas de la medina construidas en los acantilados, ha sido durante mucho tiempo un destino popular. En un ambiente relajado, entre en la peque\u00f1a pero animada medina, pasee por las orillas del r\u00edo o las playas, o visite el puerto para ver las capturas diarias. El Festival de M\u00fasica de Gnaouas se celebra en Essaouira en junio. Noche en Essaouira.<\/p>\n<h3>4 D\u00eda 4: ESSAOUIRA &#8211; JADIDA &#8211; CASABLANCA &#8211; RABAT<\/h3>\n<p>Tras el desayuno, dir\u00edjase a Rabat para continuar su recorrido por la costa atl\u00e1ntica. Atraviese El Jadida, una peque\u00f1a ciudad portuaria controlada antiguamente por los portugueses y declarada Patrimonio de la Humanidad por la UNESCO; a continuaci\u00f3n, det\u00e9ngase en Casablanca para visitar la plaza Mohammed V y la impresionante mezquita de Hassan II. Explore la ciudad imperial de Rabat, incluido el Mechouar (murallas y muros que rodean el Palacio Real), el majestuoso Mausoleo de Mohammed V, la Torre Hassan y la Kasbah Oudaya, con impresionantes vistas del oc\u00e9ano Atl\u00e1ntico y la patria. en la Galer\u00eda de Artesan\u00eda Marroqu\u00ed. Noche en hotel o riad en Rabat.<\/p>\n<h3>5 D\u00eda 5: Rabat &#8211; T\u00e1nger &#8211; Rif &#8211; Chefchaouen (Ciudad Azul)<\/h3>\n<p>Salida hacia T\u00e1nger, a trav\u00e9s de los verdes valles de las monta\u00f1as del Rif hasta la encantadora ciudad de monta\u00f1a de Chefchaouen o chauvinista bereber. Conocida por sus casas pintadas de azul brillante, Chefchaouen es popular entre turistas y marroqu\u00edes, especialmente durante los calurosos meses de verano. Explore Chefchaouen, donde sinuosas callejuelas y estrechos callejones albergan numerosos zocos que ofrecen cocina gourmet y arte, como art\u00edculos de lana, intrincados bordados y queso de cabra; todo procedente del Norte, en No lo encontrar\u00e1 en ning\u00fan otro lugar de Marruecos. Rel\u00e1jese en la plaza, visite una granja local o d\u00e9 un paseo por el parque cercano. Noche en un albergue en Fuchaouen.<\/p>\n<h3>6 D\u00cdA 6: CHEFCHAOUEN &#8211; VOLUBILIS &#8211; MEKNES &#8211; FES<\/h3>\n<p>Tras desayunar en el riad, nuestro verdadero viaje comienza con un pintoresco trayecto en coche desde las alturas de las monta\u00f1as del Rif a trav\u00e9s de f\u00e9rtiles colinas agr\u00edcolas hasta las ruinas romanas bereberes de Volubilis, un museo. Volubilis no es tan espectacular como las ruinas bereber-romanas de la costa mediterr\u00e1nea, pero sigue siendo una forma sencilla de conocer una parte importante de la historia de Marruecos. Nos dirigiremos a Meknes, cuarta ciudad imperial de Marruecos y patrimonio del siglo XVII, donde almorzaremos y pasearemos por la hist\u00f3rica muralla de la medina. Tras la introducci\u00f3n, visitamos la puerta de la ciudad de Mansour y visitamos el santuario de Moulay Ismail. Tras visitar Meknes, nos dirigiremos directamente a la ciudad de Fez, donde pasar\u00e1 la noche.<\/p>\n<h3>7 D\u00eda 7: D\u00eda entero para explorar Fez<\/h3>\n<p>Despu\u00e9s del desayuno, visitaremos la antigua ciudad imperial de Fez acompa\u00f1ados por un gu\u00eda local. Est\u00e1 considerada la Meca de Occidente y la Atenea de \u00c1frica. Es la mayor ciudad del pa\u00eds despu\u00e9s de Casablanca, con una poblaci\u00f3n cercana al mill\u00f3n de habitantes. La ciudad fue la antigua capital y una de las cuatro ciudades imperiales del pa\u00eds. Fez consta de tres partes bien diferenciadas, Fez el Bali es la parte m\u00e1s antigua, rodeada por la Gran Muralla con m\u00e1s de 9000 callejuelas estrechas y aleda\u00f1as. Fez-Jdid o Fez Nueva, sede del barrio jud\u00edo Mellah y de la Ville Nouvelle, la parte m\u00e1s reciente de Fez creada durante la ocupaci\u00f3n francesa. Fez el Bali es Patrimonio Mundial de la UNESCO. Su medina es la m\u00e1s grande del mundo. Entre las callejuelas y los aliados, se encuentra la universidad m\u00e1s antigua del mundo: la Universidad Al-Karaouine, fundada en 859 d.C. La universidad sigue funcionando en la actualidad.<\/p>\n<h3>D\u00eda 8: FES &#8211; IFRANE &#8211; AZROU &#8211; MIDELT &#8211; VALLE DEL ZIZ &#8211; ERFOUD &#8211; RISSANI &#8211; MERZOUGA<\/h3>\n<p>Despu\u00e9s del desayuno, salida de Fez hacia las Gargantas del Todra, atravesando Ifrane hasta el bosque de cedros de Azrou. Acu\u00e9state. Ser\u00e1 una gran oportunidad para hacer fotos de la naturaleza salvaje marroqu\u00ed. Almuerzo en el peque\u00f1o pueblo bereber de Zaida. Continuaremos a trav\u00e9s de las monta\u00f1as del Atlas, disfrutando de los paisajes de Medilt, hasta la rica ciudad de Erfoud, donde sentiremos el comienzo del oasis sahariano de Tafilalet, antes de continuar hacia Merzouga. Pasaremos la noche en un hotel\/riad en Merzouga.<\/p>\n<h3>9 D\u00cdA 9: MERZOUGA &#8211; FAMILIA BERBER &#8211; DESIERTO NEGRO &#8211; MERZOUGA (Paseo en camello y noche en el S\u00e1hara)<\/h3>\n<p>Tras desayunar en el hotel, comenzaremos a explorar la regi\u00f3n visitando el pueblo de Khamlia, originario del Sud\u00e1n esclavizado. Viva la m\u00fasica y el estilo de vida. Tambi\u00e9n podemos visitar las casas de hilo de los n\u00f3madas bereberes, donde se puede adquirir mucha artesan\u00eda bereber a menor precio que en las grandes ciudades. In the afternoon, under the guidance of an experienced camel driver, you will ride a camel to explore the mysterious sand sea of \u200b\u200bErg-Chebi. Por la tarde, bajo la gu\u00eda de un experimentado camellero, montar\u00e1 en camello para explorar el misterioso mar de arena de Erg-Chebi. La cena se servir\u00e1 en su tienda de campa\u00f1a. Cena Alojamiento y desayuno<\/p>\n<h3>10 D\u00eda 10: Merzouga &#8211; Irfurt &#8211; Turug &#8211; Gargantas del Todra &#8211; Valle del Dades.<\/h3>\n<p>Despi\u00e9rtese temprano por la ma\u00f1ana para contemplar el amanecer en lo alto de las dunas del S\u00e1hara, seguido del desayuno. Tras estos maravillosos momentos, regresar\u00e1 a su hotel en camello. Nos dirigimos hacia Tineghir pasando por Erfoud y Tinejdad. T\u00f3mate un descanso para comer. Por la tarde, continuaremos hacia las gargantas del Todra pasando por Tineghir. Det\u00e9ngase en el camino para hacer fotos y disfrutar de las vistas. Llegue a la Garganta del Todra y disfrute de las impresionantes vistas de los ca\u00f1ones mientras camina. A continuaci\u00f3n nos dirigiremos a Boumalne Dades y nos detendremos para admirar la vista panor\u00e1mica del valle del Dades.<\/p>\n<h3>11 D\u00eda 11: Valle del Dades &#8211; Ouarzazate &#8211; Alto Atlas &#8211; Marrakech<\/h3>\n<p>Esta ma\u00f1ana, tras desayunar en el hotel, partiremos hacia Ouarzazate v\u00eda Skoura. Det\u00e9ngase para contemplar una vista panor\u00e1mica de la Kasbah de Taourirt y, a continuaci\u00f3n, det\u00e9ngase cerca del Estudio Cinematogr\u00e1fico Atlas para hacer fotos. A continuaci\u00f3n, visitar\u00e1 la Kasbah de Ait Benhaddou y almorzar\u00e1 en un restaurante local de la ciudad. Por la tarde, cruzaremos las monta\u00f1as del Alto Atlas atravesando el paso de Tizi N&#8217;tichka (2260 metros sobre el nivel del mar) hasta Marrakech.<\/p>\n<h3>12 D\u00eda 12: Marrakech &#8211; Aeropuerto<\/h3>\n<p>Traslado del hotel al aeropuerto para concluir el circuito de 12 d\u00edas con salida de Marrakech.<\/p>\n<p>&nbsp;<\/p>\n<h4>Incluido en el tour:<\/h4>\n<ul>\n<li>Traslado al aeropuerto<\/li>\n<li>Alojamiento (hotel o riad)<\/li>\n<li>Transporte entre ciudades y destinos<\/li>\n<li>Desayuno<\/li>\n<li>Gu\u00eda local para la visita de la ciudad de Marrakech<\/li>\n<li>Visita guiada de la ciudad de Fez<\/li>\n<li>Visita guiada de la ciudad de Fez<\/li>\n<li>Visita de una familia bereber<\/li>\n<li>Noche en hotel\/riad en Merzouga<\/li>\n<\/ul>\n<h4>No incluido en el tour:<\/h4>\n<ul>\n<li>Billetes de avi\u00f3n<\/li>\n<li>Comidas distintas del desayuno<\/li>\n<li>Gastos personales como recuerdos y regalos<\/li>\n<li>Seguro de viaje<\/li>\n<li>Propinas para el gu\u00eda y el conductor<\/li>\n<li>Actividades opcionales no mencionadas en el itinerario<\/li>\n<\/ul>\n","protected":false},"excerpt":{"rendered":"<p>Excursi\u00f3n de 12 d\u00edas desde Marrakech por el desierto de Merzouga D\u00eda 1: Llegada a Marrakech &#8211; traslado al hotel Nuestro ch\u00f3fer le recoger\u00e1 en el aeropuerto y podr\u00e1 relajarse mientras explora la plaza principal, Jemaa el Fnaa y los zocos. 2 D\u00eda 2: Excursi\u00f3n de un d\u00eda a Marrakech Hoy ser\u00e1 una visita guiada [&hellip;]<\/p>\n","protected":false},"featured_media":5649,"comment_status":"open","ping_status":"closed","template":"","meta":[],"product_cat":[71],"product_tag":[],"class_list":["post-5748","product","type-product","status-publish","has-post-thumbnail","hentry","product_cat-tours-desde-marrakech"],"yoast_head":"<!-- This site is optimized with the Yoast SEO plugin v20.1 - https:\/\/yoast.com\/wordpress\/plugins\/seo\/ -->\n<title>Excursi\u00f3n de 12 d\u00edas desde Marrakech por el desierto de Merzouga - Sahara Tours Marruecos<\/title>\n<meta name=\"description\" content=\"Explore la impresionante belleza de Marruecos con nuestra excursi\u00f3n de 6 d\u00edas a Marrakech. Experimente el desierto, visite ciudades hist\u00f3ricas y marav\u00edllese ante paisajes esc\u00e9nicos.\" \/>\n<meta name=\"robots\" content=\"index, follow, max-snippet:-1, max-image-preview:large, max-video-preview:-1\" \/>\n<link rel=\"canonical\" href=\"https:\/\/saharatoursmarruecos.com\/es\/producto\/circuito-de-12-dias-de-marrakech-a-isaouira-y-el-desierto\/\" \/>\n<meta property=\"og:locale\" content=\"es_ES\" \/>\n<meta property=\"og:type\" content=\"article\" \/>\n<meta property=\"og:title\" content=\"Excursi\u00f3n de 12 d\u00edas desde Marrakech por el desierto de Merzouga - Sahara Tours Marruecos\" \/>\n<meta property=\"og:description\" content=\"Explore la impresionante belleza de Marruecos con nuestra excursi\u00f3n de 6 d\u00edas a Marrakech. Experimente el desierto, visite ciudades hist\u00f3ricas y marav\u00edllese ante paisajes esc\u00e9nicos.\" \/>\n<meta property=\"og:url\" content=\"https:\/\/saharatoursmarruecos.com\/es\/producto\/circuito-de-12-dias-de-marrakech-a-isaouira-y-el-desierto\/\" \/>\n<meta property=\"og:site_name\" content=\"Sahara Tours Marruecos\" \/>\n<meta property=\"og:image\" content=\"https:\/\/saharatoursmarruecos.com\/wp-content\/uploads\/2023\/02\/363e5cdb3dad9e445d2a9adda1d10f14.jpg\" \/>\n\t<meta property=\"og:image:width\" content=\"780\" \/>\n\t<meta property=\"og:image:height\" content=\"468\" \/>\n\t<meta property=\"og:image:type\" content=\"image\/jpeg\" \/>\n<meta name=\"twitter:card\" content=\"summary_large_image\" \/>\n<meta name=\"twitter:label1\" content=\"Tiempo de lectura\" \/>\n\t<meta name=\"twitter:data1\" content=\"7 minutos\" \/>\n<script type=\"application\/ld+json\" class=\"yoast-schema-graph\">{\"@context\":\"https:\/\/schema.org\",\"@graph\":[{\"@type\":\"WebPage\",\"@id\":\"https:\/\/saharatoursmarruecos.com\/es\/producto\/circuito-de-12-dias-de-marrakech-a-isaouira-y-el-desierto\/\",\"url\":\"https:\/\/saharatoursmarruecos.com\/es\/producto\/circuito-de-12-dias-de-marrakech-a-isaouira-y-el-desierto\/\",\"name\":\"Excursi\u00f3n de 12 d\u00edas desde Marrakech por el desierto de Merzouga - Sahara Tours Marruecos\",\"isPartOf\":{\"@id\":\"https:\/\/saharatoursmarruecos.com\/#website\"},\"datePublished\":\"2023-02-11T17:49:03+00:00\",\"dateModified\":\"2023-02-11T17:49:03+00:00\",\"description\":\"Explore la impresionante belleza de Marruecos con nuestra excursi\u00f3n de 6 d\u00edas a Marrakech. Experimente el desierto, visite ciudades hist\u00f3ricas y marav\u00edllese ante paisajes esc\u00e9nicos.\",\"breadcrumb\":{\"@id\":\"https:\/\/saharatoursmarruecos.com\/es\/producto\/circuito-de-12-dias-de-marrakech-a-isaouira-y-el-desierto\/#breadcrumb\"},\"inLanguage\":\"es\",\"potentialAction\":[{\"@type\":\"ReadAction\",\"target\":[\"https:\/\/saharatoursmarruecos.com\/es\/producto\/circuito-de-12-dias-de-marrakech-a-isaouira-y-el-desierto\/\"]}]},{\"@type\":\"BreadcrumbList\",\"@id\":\"https:\/\/saharatoursmarruecos.com\/es\/producto\/circuito-de-12-dias-de-marrakech-a-isaouira-y-el-desierto\/#breadcrumb\",\"itemListElement\":[{\"@type\":\"ListItem\",\"position\":1,\"name\":\"Home\",\"item\":\"https:\/\/saharatoursmarruecos.com\/\"},{\"@type\":\"ListItem\",\"position\":2,\"name\":\"Shop\",\"item\":\"https:\/\/saharatoursmarruecos.com\/shop\/\"},{\"@type\":\"ListItem\",\"position\":3,\"name\":\"Excursi\u00f3n de 12 d\u00edas desde Marrakech por el desierto de Merzouga\"}]},{\"@type\":\"WebSite\",\"@id\":\"https:\/\/saharatoursmarruecos.com\/#website\",\"url\":\"https:\/\/saharatoursmarruecos.com\/\",\"name\":\"Sahara Tours Marruecos\",\"description\":\"Sahara Tours Marruecos\",\"potentialAction\":[{\"@type\":\"SearchAction\",\"target\":{\"@type\":\"EntryPoint\",\"urlTemplate\":\"https:\/\/saharatoursmarruecos.com\/?s={search_term_string}\"},\"query-input\":\"required name=search_term_string\"}],\"inLanguage\":\"es\"}]}<\/script>\n<!-- \/ Yoast SEO plugin. -->","yoast_head_json":{"title":"Excursi\u00f3n de 12 d\u00edas desde Marrakech por el desierto de Merzouga - Sahara Tours Marruecos","description":"Explore la impresionante belleza de Marruecos con nuestra excursi\u00f3n de 6 d\u00edas a Marrakech. Experimente el desierto, visite ciudades hist\u00f3ricas y marav\u00edllese ante paisajes esc\u00e9nicos.","robots":{"index":"index","follow":"follow","max-snippet":"max-snippet:-1","max-image-preview":"max-image-preview:large","max-video-preview":"max-video-preview:-1"},"canonical":"https:\/\/saharatoursmarruecos.com\/es\/producto\/circuito-de-12-dias-de-marrakech-a-isaouira-y-el-desierto\/","og_locale":"es_ES","og_type":"article","og_title":"Excursi\u00f3n de 12 d\u00edas desde Marrakech por el desierto de Merzouga - Sahara Tours Marruecos","og_description":"Explore la impresionante belleza de Marruecos con nuestra excursi\u00f3n de 6 d\u00edas a Marrakech. Experimente el desierto, visite ciudades hist\u00f3ricas y marav\u00edllese ante paisajes esc\u00e9nicos.","og_url":"https:\/\/saharatoursmarruecos.com\/es\/producto\/circuito-de-12-dias-de-marrakech-a-isaouira-y-el-desierto\/","og_site_name":"Sahara Tours Marruecos","og_image":[{"width":780,"height":468,"url":"https:\/\/saharatoursmarruecos.com\/wp-content\/uploads\/2023\/02\/363e5cdb3dad9e445d2a9adda1d10f14.jpg","type":"image\/jpeg"}],"twitter_card":"summary_large_image","twitter_misc":{"Tiempo de lectura":"7 minutos"},"schema":{"@context":"https:\/\/schema.org","@graph":[{"@type":"WebPage","@id":"https:\/\/saharatoursmarruecos.com\/es\/producto\/circuito-de-12-dias-de-marrakech-a-isaouira-y-el-desierto\/","url":"https:\/\/saharatoursmarruecos.com\/es\/producto\/circuito-de-12-dias-de-marrakech-a-isaouira-y-el-desierto\/","name":"Excursi\u00f3n de 12 d\u00edas desde Marrakech por el desierto de Merzouga - Sahara Tours Marruecos","isPartOf":{"@id":"https:\/\/saharatoursmarruecos.com\/#website"},"datePublished":"2023-02-11T17:49:03+00:00","dateModified":"2023-02-11T17:49:03+00:00","description":"Explore la impresionante belleza de Marruecos con nuestra excursi\u00f3n de 6 d\u00edas a Marrakech. Experimente el desierto, visite ciudades hist\u00f3ricas y marav\u00edllese ante paisajes esc\u00e9nicos.","breadcrumb":{"@id":"https:\/\/saharatoursmarruecos.com\/es\/producto\/circuito-de-12-dias-de-marrakech-a-isaouira-y-el-desierto\/#breadcrumb"},"inLanguage":"es","potentialAction":[{"@type":"ReadAction","target":["https:\/\/saharatoursmarruecos.com\/es\/producto\/circuito-de-12-dias-de-marrakech-a-isaouira-y-el-desierto\/"]}]},{"@type":"BreadcrumbList","@id":"https:\/\/saharatoursmarruecos.com\/es\/producto\/circuito-de-12-dias-de-marrakech-a-isaouira-y-el-desierto\/#breadcrumb","itemListElement":[{"@type":"ListItem","position":1,"name":"Home","item":"https:\/\/saharatoursmarruecos.com\/"},{"@type":"ListItem","position":2,"name":"Shop","item":"https:\/\/saharatoursmarruecos.com\/shop\/"},{"@type":"ListItem","position":3,"name":"Excursi\u00f3n de 12 d\u00edas desde Marrakech por el desierto de Merzouga"}]},{"@type":"WebSite","@id":"https:\/\/saharatoursmarruecos.com\/#website","url":"https:\/\/saharatoursmarruecos.com\/","name":"Sahara Tours Marruecos","description":"Sahara Tours Marruecos","potentialAction":[{"@type":"SearchAction","target":{"@type":"EntryPoint","urlTemplate":"https:\/\/saharatoursmarruecos.com\/?s={search_term_string}"},"query-input":"required name=search_term_string"}],"inLanguage":"es"}]}},"_links":{"self":[{"href":"https:\/\/saharatoursmarruecos.com\/es\/wp-json\/wp\/v2\/product\/5748","targetHints":{"allow":["GET"]}}],"collection":[{"href":"https:\/\/saharatoursmarruecos.com\/es\/wp-json\/wp\/v2\/product"}],"about":[{"href":"https:\/\/saharatoursmarruecos.com\/es\/wp-json\/wp\/v2\/types\/product"}],"replies":[{"embeddable":true,"href":"https:\/\/saharatoursmarruecos.com\/es\/wp-json\/wp\/v2\/comments?post=5748"}],"wp:featuredmedia":[{"embeddable":true,"href":"https:\/\/saharatoursmarruecos.com\/es\/wp-json\/wp\/v2\/media\/5649"}],"wp:attachment":[{"href":"https:\/\/saharatoursmarruecos.com\/es\/wp-json\/wp\/v2\/media?parent=5748"}],"wp:term":[{"taxonomy":"product_cat","embeddable":true,"href":"https:\/\/saharatoursmarruecos.com\/es\/wp-json\/wp\/v2\/product_cat?post=5748"},{"taxonomy":"product_tag","embeddable":true,"href":"https:\/\/saharatoursmarruecos.com\/es\/wp-json\/wp\/v2\/product_tag?post=5748"}],"curies":[{"name":"wp","href":"https:\/\/api.w.org\/{rel}","templated":true}]}}