{"id":5747,"date":"2023-02-11T16:39:36","date_gmt":"2023-02-11T16:39:36","guid":{"rendered":"https:\/\/www.saharatoursmarruecos.com\/product\/excursion-de-10-dias-desde-marrakech-por-el-desierto\/"},"modified":"2023-02-11T16:39:36","modified_gmt":"2023-02-11T16:39:36","slug":"ruta-de-10-dias-desde-marrakech-por-el-desierto","status":"publish","type":"product","link":"https:\/\/saharatoursmarruecos.com\/es\/producto\/ruta-de-10-dias-desde-marrakech-por-el-desierto\/","title":{"rendered":"Excursi\u00f3n de 10 d\u00edas desde Marrakech por el desierto"},"content":{"rendered":"<h2>Excursi\u00f3n de 10 d\u00edas desde Marrakech por el desierto<\/h2>\n<h3>D\u00eda 1: Llegada a Marrakech &#8211; traslado al hotel<\/h3>\n<p>Nuestro ch\u00f3fer le recoger\u00e1 en el aeropuerto y pasar\u00e1 el d\u00eda descansando mientras explora la plaza principal, Jemaa el Fnaa, y los zocos.<\/p>\n<h3>D\u00eda 2: D\u00eda completo en Marrakech<\/h3>\n<p>Hoy ser\u00e1 una visita guiada privada de la Medina de Marrakech con un gu\u00eda oficial de Marrakech (opcional). Ver\u00e1 la famosa mezquita Koutoubia, la medina y sus zocos y descubrir\u00e1 m\u00e1s secretos de Marrakech: La escuela cor\u00e1nica Ali Ben Youssef, el palacio Bah\u00eda Saadien y los jardines Majorelle, el Riad nocturno de la medina.<\/p>\n<h3>D\u00cdA 3: MARRAKECH &#8211; ALTAS MONTA\u00d1AS DEL ATLAS &#8211; KASBAH AIT BENHADDOU &#8211; OUARZAZATE &#8211; VALLE DEL DADES<\/h3>\n<p>Salimos de Marrakech alrededor de las 08:00 am hacia el Valle del Dades, pasando por el paso de Tizi-n-Tichka, disfrutar de la vista desde el paso. , en un pueblo tradicional bereber en el Alto Atlas, despu\u00e9s continuaremos para visitar la Kasbah Ait Benhaddou, Patrimonio de la Humanidad por la UNESCO, almorzaremos cerca de la Kasbah, despu\u00e9s continuaremos hacia Ouarzazate, donde visitaremos Atlas Studio y Kasbah Taourirt, despu\u00e9s continuaremos por Roses y el Valle del Dades hasta el Valle del Dades, pasaremos la noche en el Raid\/Hotel en el Valle del Dades.<\/p>\n<h3>D\u00cdA 4: VALLE DEL DADES &#8211; TOUDRA POUSSE &#8211; ERFOUD &#8211; MERZOUGA (DESIERTO DEL ERG CHEBBI)<\/h3>\n<p>Despu\u00e9s del desayuno en el hotel, regreso por el valle para ver la asombrosa formaci\u00f3n rocosa \u00abMonkey Tone\u00bb y el alambique del d\u00eda 19. Fuerte centenario de Ait Yul. Saliendo del valle del Dades hacia los valles de Tineghir y Todra, tendr\u00e1 una vista panor\u00e1mica de los antiguos pueblos bereberes de barro que dominan los valles. Llegada al ca\u00f1\u00f3n y descenso por el acantilado rojo de 300 metros de altura, al que acuden muchos escaladores para practicar su deporte favorito. Continuamos hasta el pueblo de Touroug, donde almorzamos, antes de dirigirnos a Erfoud, Rissani y despu\u00e9s al pueblo de Merzouga. Continuamos hasta el pueblo de Touroug, donde almorzamos, antes de dirigirnos a Erfoud, Rissani y despu\u00e9s al pueblo de Merzouga.<\/p>\n<h3>D\u00cdA 5: MERZOUGA &#8211; FAMILIA BEREBER &#8211; MERZOUGA (CAMELLO A CABALLO)<\/h3>\n<p>Tras desayunar en el hotel, comenzar\u00e1 su exploraci\u00f3n de la regi\u00f3n visitando el pueblo de Khamlia, donde se guardaban los esclavos del sult\u00e1n. origen&#8230; descubrir su m\u00fasica y su estilo de vida. Visite tambi\u00e9n las casas de alambre de los n\u00f3madas, donde se puede adquirir mucha artesan\u00eda bereber por menos dinero que en las grandes ciudades. In the afternoon, under the guidance of an experienced camel driver, you will ride a camel to explore the mysterious sand sea of \u200b\u200bErg-Chebi. Por la tarde, bajo la gu\u00eda de un experimentado camellero, montar\u00e1 en camello para explorar el misterioso mar de arena de Erg-Chebi. La cena se servir\u00e1 en su tienda de campa\u00f1a. Cama para cenar.<\/p>\n<h3>D\u00eda 6: MERZOUGA &#8211; RRISSANI &#8211; ALNIF &#8211; NKOB &#8211; AGDZ &#8211; VALLE DEL DRAA &#8211; OUARZAZATE<\/h3>\n<p>Tras ver el amanecer en el desierto y desayunar, regresamos en camello a Merzouga y comenzamos nuestro viaje por el pueblo de Ouarzaber. Alnif, Tazarine, agdz, Valle del Draa Llegamos a Ouarzazate por la tarde, pasaremos la noche en Ouarzazate.<\/p>\n<h3>D\u00eda 7: Ouarzazate &#8211; Alto Atlas &#8211; Marrakech<\/h3>\n<p>Por la ma\u00f1ana saldremos de Ouarzazate y, tras visitar un estudio, cruzaremos el Alto Atlas por la carretera m\u00e1s alta de Marruecos. Numerosos pueblos bereberes cercanos, llegan a Marrakech por la noche.<\/p>\n<h3><\/h3>\n<h3>D\u00eda 8: Marrakech &#8211; Excursi\u00f3n a la cascada de Ouzou<\/h3>\n<p>Saldremos de Marrakech por la ma\u00f1ana para la cascada de Ouzou, este lugar est\u00e1 a unos 170 kil\u00f3metros de Marrakech, situado en el noreste de la ciudad, ver\u00e1 la hermosa cascada de unos 110 metros para descubrir un metro de altura y un hermoso paisaje lleno de aves y monos. A su llegada encontrar\u00e1 una magn\u00edfica cascada de unos 110 metros de altura y un hermoso paisaje lleno de aves y monos, y si lo desea puede contratar los servicios de un gu\u00eda local para hacer una excursi\u00f3n a 1068 metros sobre el nivel del mar. altitud. Regreso a Marrakech por la tarde.<\/p>\n<h3>D\u00eda 9: Excursi\u00f3n de un d\u00eda Marrakech &#8211; Essaouira<\/h3>\n<p>Por la ma\u00f1ana iniciamos una excursi\u00f3n de un d\u00eda desde Marrakech a Essaouira. Salida de su riad\/hotel en Marrakech, luego viaje a Essaouira, una ciudad en la costa atl\u00e1ntica, Essaouira tiene una temperatura estable en el C20s durante todo el a\u00f1o. La amplia extensi\u00f3n de arena dorada es popular entre los windsurfistas. El puerto es famoso por su marisco fresco a la parrilla, mientras que en la medina, talladores de madera de cedro y artesanos de la plata trabajan bajo las antiguas murallas portuguesas que protegen la ciudad del mar. Una de las medinas peatonales m\u00e1s bellas de Marruecos. Recomendado todo el a\u00f1o, especialmente en verano para un agradable respiro del calor de Marrakech, regresaremos a Marrakech por la tarde.<\/p>\n<h3>10 D\u00eda 10: Traslado del hotel al aeropuerto.<\/h3>\n<h4>Incluido:<\/h4>\n<ol>\n<li>Transporte en veh\u00edculo privado con aire acondicionado<\/li>\n<li>Alojamiento seg\u00fan el itinerario<\/li>\n<li>Alojamiento seg\u00fan el itinerario<\/li>\n<li>Excursi\u00f3n en camello por el desierto de Merzouga<\/li>\n<li>Conductor\/gu\u00eda de habla espanol<\/li>\n<li>Todas las entradas a los lugares visitados durante el recorrido<\/li>\n<li>Todos los impuestos y tasas<\/li>\n<\/ol>\n<h4>No se incluye:<\/h4>\n<ol>\n<li>Vuelos a y desde Marruecos<\/li>\n<li>Seguro de viaje<\/li>\n<li>Propinas a conductores, gu\u00edas, personal de hoteles y restaurantes<\/li>\n<li>Gastos personales como bebidas, recuerdos y lavander\u00eda<\/li>\n<li>Excursiones o actividades opcionales<\/li>\n<li>Cualquier otro elemento no mencionado como \u00abincluido\u00bb en el itinerario.<\/li>\n<\/ol>\n","protected":false},"excerpt":{"rendered":"<p>Excursi\u00f3n de 10 d\u00edas desde Marrakech por el desierto D\u00eda 1: Llegada a Marrakech &#8211; traslado al hotel Nuestro ch\u00f3fer le recoger\u00e1 en el aeropuerto y pasar\u00e1 el d\u00eda descansando mientras explora la plaza principal, Jemaa el Fnaa, y los zocos. D\u00eda 2: D\u00eda completo en Marrakech Hoy ser\u00e1 una visita guiada privada de la [&hellip;]<\/p>\n","protected":false},"featured_media":5383,"comment_status":"open","ping_status":"closed","template":"","meta":[],"product_cat":[71],"product_tag":[],"class_list":["post-5747","product","type-product","status-publish","has-post-thumbnail","hentry","product_cat-tours-desde-marrakech"],"yoast_head":"<!-- This site is optimized with the Yoast SEO plugin v20.1 - https:\/\/yoast.com\/wordpress\/plugins\/seo\/ -->\n<title>Excursi\u00f3n de 10 d\u00edas desde Marrakech por el desierto - Sahara Tours Marruecos<\/title>\n<meta name=\"description\" content=\"Explore la impresionante belleza de Marruecos con nuestra excursi\u00f3n de 6 d\u00edas a Marrakech. Experimente el desierto, visite ciudades hist\u00f3ricas y marav\u00edllese ante paisajes esc\u00e9nicos.\" \/>\n<meta name=\"robots\" content=\"index, follow, max-snippet:-1, max-image-preview:large, max-video-preview:-1\" \/>\n<link rel=\"canonical\" href=\"https:\/\/saharatoursmarruecos.com\/es\/producto\/ruta-de-10-dias-desde-marrakech-por-el-desierto\/\" \/>\n<meta property=\"og:locale\" content=\"es_ES\" \/>\n<meta property=\"og:type\" content=\"article\" \/>\n<meta property=\"og:title\" content=\"Excursi\u00f3n de 10 d\u00edas desde Marrakech por el desierto - Sahara Tours Marruecos\" \/>\n<meta property=\"og:description\" content=\"Explore la impresionante belleza de Marruecos con nuestra excursi\u00f3n de 6 d\u00edas a Marrakech. Experimente el desierto, visite ciudades hist\u00f3ricas y marav\u00edllese ante paisajes esc\u00e9nicos.\" \/>\n<meta property=\"og:url\" content=\"https:\/\/saharatoursmarruecos.com\/es\/producto\/ruta-de-10-dias-desde-marrakech-por-el-desierto\/\" \/>\n<meta property=\"og:site_name\" content=\"Sahara Tours Marruecos\" \/>\n<meta property=\"og:image\" content=\"https:\/\/saharatoursmarruecos.com\/wp-content\/uploads\/2023\/02\/cameltrekking.jpg\" \/>\n\t<meta property=\"og:image:width\" content=\"1024\" \/>\n\t<meta property=\"og:image:height\" content=\"682\" \/>\n\t<meta property=\"og:image:type\" content=\"image\/jpeg\" \/>\n<meta name=\"twitter:card\" content=\"summary_large_image\" \/>\n<meta name=\"twitter:label1\" content=\"Tiempo de lectura\" \/>\n\t<meta name=\"twitter:data1\" content=\"5 minutos\" \/>\n<script type=\"application\/ld+json\" class=\"yoast-schema-graph\">{\"@context\":\"https:\/\/schema.org\",\"@graph\":[{\"@type\":\"WebPage\",\"@id\":\"https:\/\/saharatoursmarruecos.com\/es\/producto\/ruta-de-10-dias-desde-marrakech-por-el-desierto\/\",\"url\":\"https:\/\/saharatoursmarruecos.com\/es\/producto\/ruta-de-10-dias-desde-marrakech-por-el-desierto\/\",\"name\":\"Excursi\u00f3n de 10 d\u00edas desde Marrakech por el desierto - Sahara Tours Marruecos\",\"isPartOf\":{\"@id\":\"https:\/\/saharatoursmarruecos.com\/#website\"},\"datePublished\":\"2023-02-11T16:39:36+00:00\",\"dateModified\":\"2023-02-11T16:39:36+00:00\",\"description\":\"Explore la impresionante belleza de Marruecos con nuestra excursi\u00f3n de 6 d\u00edas a Marrakech. Experimente el desierto, visite ciudades hist\u00f3ricas y marav\u00edllese ante paisajes esc\u00e9nicos.\",\"breadcrumb\":{\"@id\":\"https:\/\/saharatoursmarruecos.com\/es\/producto\/ruta-de-10-dias-desde-marrakech-por-el-desierto\/#breadcrumb\"},\"inLanguage\":\"es\",\"potentialAction\":[{\"@type\":\"ReadAction\",\"target\":[\"https:\/\/saharatoursmarruecos.com\/es\/producto\/ruta-de-10-dias-desde-marrakech-por-el-desierto\/\"]}]},{\"@type\":\"BreadcrumbList\",\"@id\":\"https:\/\/saharatoursmarruecos.com\/es\/producto\/ruta-de-10-dias-desde-marrakech-por-el-desierto\/#breadcrumb\",\"itemListElement\":[{\"@type\":\"ListItem\",\"position\":1,\"name\":\"Home\",\"item\":\"https:\/\/saharatoursmarruecos.com\/\"},{\"@type\":\"ListItem\",\"position\":2,\"name\":\"Shop\",\"item\":\"https:\/\/saharatoursmarruecos.com\/shop\/\"},{\"@type\":\"ListItem\",\"position\":3,\"name\":\"Excursi\u00f3n de 10 d\u00edas desde Marrakech por el desierto\"}]},{\"@type\":\"WebSite\",\"@id\":\"https:\/\/saharatoursmarruecos.com\/#website\",\"url\":\"https:\/\/saharatoursmarruecos.com\/\",\"name\":\"Sahara Tours Marruecos\",\"description\":\"Sahara Tours Marruecos\",\"potentialAction\":[{\"@type\":\"SearchAction\",\"target\":{\"@type\":\"EntryPoint\",\"urlTemplate\":\"https:\/\/saharatoursmarruecos.com\/?s={search_term_string}\"},\"query-input\":\"required name=search_term_string\"}],\"inLanguage\":\"es\"}]}<\/script>\n<!-- \/ Yoast SEO plugin. -->","yoast_head_json":{"title":"Excursi\u00f3n de 10 d\u00edas desde Marrakech por el desierto - Sahara Tours Marruecos","description":"Explore la impresionante belleza de Marruecos con nuestra excursi\u00f3n de 6 d\u00edas a Marrakech. Experimente el desierto, visite ciudades hist\u00f3ricas y marav\u00edllese ante paisajes esc\u00e9nicos.","robots":{"index":"index","follow":"follow","max-snippet":"max-snippet:-1","max-image-preview":"max-image-preview:large","max-video-preview":"max-video-preview:-1"},"canonical":"https:\/\/saharatoursmarruecos.com\/es\/producto\/ruta-de-10-dias-desde-marrakech-por-el-desierto\/","og_locale":"es_ES","og_type":"article","og_title":"Excursi\u00f3n de 10 d\u00edas desde Marrakech por el desierto - Sahara Tours Marruecos","og_description":"Explore la impresionante belleza de Marruecos con nuestra excursi\u00f3n de 6 d\u00edas a Marrakech. Experimente el desierto, visite ciudades hist\u00f3ricas y marav\u00edllese ante paisajes esc\u00e9nicos.","og_url":"https:\/\/saharatoursmarruecos.com\/es\/producto\/ruta-de-10-dias-desde-marrakech-por-el-desierto\/","og_site_name":"Sahara Tours Marruecos","og_image":[{"width":1024,"height":682,"url":"https:\/\/saharatoursmarruecos.com\/wp-content\/uploads\/2023\/02\/cameltrekking.jpg","type":"image\/jpeg"}],"twitter_card":"summary_large_image","twitter_misc":{"Tiempo de lectura":"5 minutos"},"schema":{"@context":"https:\/\/schema.org","@graph":[{"@type":"WebPage","@id":"https:\/\/saharatoursmarruecos.com\/es\/producto\/ruta-de-10-dias-desde-marrakech-por-el-desierto\/","url":"https:\/\/saharatoursmarruecos.com\/es\/producto\/ruta-de-10-dias-desde-marrakech-por-el-desierto\/","name":"Excursi\u00f3n de 10 d\u00edas desde Marrakech por el desierto - Sahara Tours Marruecos","isPartOf":{"@id":"https:\/\/saharatoursmarruecos.com\/#website"},"datePublished":"2023-02-11T16:39:36+00:00","dateModified":"2023-02-11T16:39:36+00:00","description":"Explore la impresionante belleza de Marruecos con nuestra excursi\u00f3n de 6 d\u00edas a Marrakech. Experimente el desierto, visite ciudades hist\u00f3ricas y marav\u00edllese ante paisajes esc\u00e9nicos.","breadcrumb":{"@id":"https:\/\/saharatoursmarruecos.com\/es\/producto\/ruta-de-10-dias-desde-marrakech-por-el-desierto\/#breadcrumb"},"inLanguage":"es","potentialAction":[{"@type":"ReadAction","target":["https:\/\/saharatoursmarruecos.com\/es\/producto\/ruta-de-10-dias-desde-marrakech-por-el-desierto\/"]}]},{"@type":"BreadcrumbList","@id":"https:\/\/saharatoursmarruecos.com\/es\/producto\/ruta-de-10-dias-desde-marrakech-por-el-desierto\/#breadcrumb","itemListElement":[{"@type":"ListItem","position":1,"name":"Home","item":"https:\/\/saharatoursmarruecos.com\/"},{"@type":"ListItem","position":2,"name":"Shop","item":"https:\/\/saharatoursmarruecos.com\/shop\/"},{"@type":"ListItem","position":3,"name":"Excursi\u00f3n de 10 d\u00edas desde Marrakech por el desierto"}]},{"@type":"WebSite","@id":"https:\/\/saharatoursmarruecos.com\/#website","url":"https:\/\/saharatoursmarruecos.com\/","name":"Sahara Tours Marruecos","description":"Sahara Tours Marruecos","potentialAction":[{"@type":"SearchAction","target":{"@type":"EntryPoint","urlTemplate":"https:\/\/saharatoursmarruecos.com\/?s={search_term_string}"},"query-input":"required name=search_term_string"}],"inLanguage":"es"}]}},"_links":{"self":[{"href":"https:\/\/saharatoursmarruecos.com\/es\/wp-json\/wp\/v2\/product\/5747","targetHints":{"allow":["GET"]}}],"collection":[{"href":"https:\/\/saharatoursmarruecos.com\/es\/wp-json\/wp\/v2\/product"}],"about":[{"href":"https:\/\/saharatoursmarruecos.com\/es\/wp-json\/wp\/v2\/types\/product"}],"replies":[{"embeddable":true,"href":"https:\/\/saharatoursmarruecos.com\/es\/wp-json\/wp\/v2\/comments?post=5747"}],"wp:featuredmedia":[{"embeddable":true,"href":"https:\/\/saharatoursmarruecos.com\/es\/wp-json\/wp\/v2\/media\/5383"}],"wp:attachment":[{"href":"https:\/\/saharatoursmarruecos.com\/es\/wp-json\/wp\/v2\/media?parent=5747"}],"wp:term":[{"taxonomy":"product_cat","embeddable":true,"href":"https:\/\/saharatoursmarruecos.com\/es\/wp-json\/wp\/v2\/product_cat?post=5747"},{"taxonomy":"product_tag","embeddable":true,"href":"https:\/\/saharatoursmarruecos.com\/es\/wp-json\/wp\/v2\/product_tag?post=5747"}],"curies":[{"name":"wp","href":"https:\/\/api.w.org\/{rel}","templated":true}]}}