{"id":5746,"date":"2023-02-11T19:33:44","date_gmt":"2023-02-11T19:33:44","guid":{"rendered":"https:\/\/www.saharatoursmarruecos.com\/product\/excursion-de-un-dia-a-ouarzazate-y-ait-ben-haddou\/"},"modified":"2023-02-11T19:33:44","modified_gmt":"2023-02-11T19:33:44","slug":"excursion-de-un-dia-a-ouarzazate-y-ait-ben-haddou","status":"publish","type":"product","link":"https:\/\/saharatoursmarruecos.com\/es\/producto\/excursion-de-un-dia-a-ouarzazate-y-ait-ben-haddou\/","title":{"rendered":"Excursi\u00f3n de un d\u00eda a Ouarzazate y A\u00eft Ben Haddou"},"content":{"rendered":"<h1>Excursi\u00f3n de un d\u00eda a Ouarzazate y A\u00eft Ben Haddou<\/h1>\n<p>Su excursi\u00f3n de un d\u00eda comienza en Marrakech y recorre Ben Haddou y Ouarzazate, en las monta\u00f1as del Alto Atlas, en una excursi\u00f3n privada de un d\u00eda. En una excursi\u00f3n de un d\u00eda desde Ait Benhaddou, visitar\u00e1 Kesbah Ait Benhaddou, patrimonio mundial de la UNESCO y arquitectura local. Es un concentrado de belleza incomparable en el sur de Marruecos.<\/p>\n<p>Esta excursi\u00f3n de un d\u00eda de Marrakech a Ben Haddou le llevar\u00e1 al punto m\u00e1s alto de la ruta: el puerto de Tizi n&#8217;Tichka, el m\u00e1s alto de Marruecos con 2.260 metros sobre el nivel del mar. A unos treinta kil\u00f3metros de Ouarzazate, es imprescindible visitar Ksar Ait Ben Haddou. En su interior hay viviendas tradicionales y kasbahs (peque\u00f1as fortalezas construidas con adobe y decoradas con motivos geom\u00e9tricos) que representan la cultura bereber. Como todos sabemos, en su d\u00eda fue lugar de rodaje de famosas pel\u00edculas como Lawrence de Arabia, Jes\u00fas de Nazaret y La Momia.<\/p>\n<p>Al llegar a Ouarzazate, nos dimos cuenta de que era un poco el Hollywood bereber, porque el mundo del cine est\u00e1 por todas partes. La variedad de decorados y la luz particular del lugar, es adem\u00e1s lo que buscan ciertas pel\u00edculas. Ouarzazate es el enlace entre el Alto Atlas, el oasis de Dadesm, el valle del Draa y la meseta des\u00e9rtica del sur de Marruecos, conocida como la \u00abPuerta del Desierto\u00bb. Ouarzazate es conocida por la Kasbah de Taourirt, declarada Patrimonio de la Humanidad por la UNESCO y construida en el siglo XVII por la tribu de los Glaoui, y por los estudios de cine que produjeron muchas pel\u00edculas famosas. Regreso a Marrakech por la tarde.<\/p>\n<h4>Esta excursi\u00f3n de un d\u00eda incluye<\/h4>\n<ul>\n<li>Transporte de ida y vuelta de Marrakech a Ben Haddou y Ouarzazate<\/li>\n<li>Conductor\/gu\u00eda de habla espanol<\/li>\n<li>Entrada a Ait Ben Haddou<\/li>\n<li>Almuerzo en un restaurante local<\/li>\n<li>Visita a Ait Benhaddou, declarado Patrimonio de la Humanidad por la UNESCO<\/li>\n<li>Visita a la Kasbah Taourirt de Ouarzazate<\/li>\n<\/ul>\n<h4>No incluido en esta excursi\u00f3n de un d\u00eda:<\/h4>\n<ul>\n<li>Gastos personales como bebidas, aperitivos y recuerdos<br \/>\nActividades o servicios opcionales como la contrataci\u00f3n de un gu\u00eda local en Ait Benhaddou<br \/>\nPropinas para el conductor\/gu\u00eda<\/li>\n<\/ul>\n","protected":false},"excerpt":{"rendered":"<p>Excursi\u00f3n de un d\u00eda a Ouarzazate y A\u00eft Ben Haddou Su excursi\u00f3n de un d\u00eda comienza en Marrakech y recorre Ben Haddou y Ouarzazate, en las monta\u00f1as del Alto Atlas, en una excursi\u00f3n privada de un d\u00eda. En una excursi\u00f3n de un d\u00eda desde Ait Benhaddou, visitar\u00e1 Kesbah Ait Benhaddou, patrimonio mundial de la UNESCO [&hellip;]<\/p>\n","protected":false},"featured_media":5381,"comment_status":"open","ping_status":"closed","template":"","meta":[],"product_cat":[70],"product_tag":[],"class_list":["post-5746","product","type-product","status-publish","has-post-thumbnail","hentry","product_cat-excursiones-de-un-dia-es-2"],"yoast_head":"<!-- This site is optimized with the Yoast SEO plugin v20.1 - https:\/\/yoast.com\/wordpress\/plugins\/seo\/ -->\n<title>Excursi\u00f3n de un d\u00eda a Ouarzazate y A\u00eft Ben Haddou - Sahara Tours Marruecos<\/title>\n<meta name=\"description\" content=\"Explore la impresionante belleza de Marruecos con nuestra excursi\u00f3n de 6 d\u00edas a Marrakech. Experimente el desierto, visite ciudades hist\u00f3ricas y marav\u00edllese ante paisajes pintorescos.\" \/>\n<meta name=\"robots\" content=\"index, follow, max-snippet:-1, max-image-preview:large, max-video-preview:-1\" \/>\n<link rel=\"canonical\" href=\"https:\/\/saharatoursmarruecos.com\/es\/producto\/excursion-de-un-dia-a-ouarzazate-y-ait-ben-haddou\/\" \/>\n<meta property=\"og:locale\" content=\"es_ES\" \/>\n<meta property=\"og:type\" content=\"article\" \/>\n<meta property=\"og:title\" content=\"Excursi\u00f3n de un d\u00eda a Ouarzazate y A\u00eft Ben Haddou - Sahara Tours Marruecos\" \/>\n<meta property=\"og:description\" content=\"Explore la impresionante belleza de Marruecos con nuestra excursi\u00f3n de 6 d\u00edas a Marrakech. Experimente el desierto, visite ciudades hist\u00f3ricas y marav\u00edllese ante paisajes pintorescos.\" \/>\n<meta property=\"og:url\" content=\"https:\/\/saharatoursmarruecos.com\/es\/producto\/excursion-de-un-dia-a-ouarzazate-y-ait-ben-haddou\/\" \/>\n<meta property=\"og:site_name\" content=\"Sahara Tours Marruecos\" \/>\n<meta property=\"og:image\" content=\"https:\/\/saharatoursmarruecos.com\/wp-content\/uploads\/2023\/02\/aitbenhaddou.jpg\" \/>\n\t<meta property=\"og:image:width\" content=\"1024\" \/>\n\t<meta property=\"og:image:height\" content=\"576\" \/>\n\t<meta property=\"og:image:type\" content=\"image\/jpeg\" \/>\n<meta name=\"twitter:card\" content=\"summary_large_image\" \/>\n<meta name=\"twitter:label1\" content=\"Tiempo de lectura\" \/>\n\t<meta name=\"twitter:data1\" content=\"2 minutos\" \/>\n<script type=\"application\/ld+json\" class=\"yoast-schema-graph\">{\"@context\":\"https:\/\/schema.org\",\"@graph\":[{\"@type\":\"WebPage\",\"@id\":\"https:\/\/saharatoursmarruecos.com\/es\/producto\/excursion-de-un-dia-a-ouarzazate-y-ait-ben-haddou\/\",\"url\":\"https:\/\/saharatoursmarruecos.com\/es\/producto\/excursion-de-un-dia-a-ouarzazate-y-ait-ben-haddou\/\",\"name\":\"Excursi\u00f3n de un d\u00eda a Ouarzazate y A\u00eft Ben Haddou - Sahara Tours Marruecos\",\"isPartOf\":{\"@id\":\"https:\/\/saharatoursmarruecos.com\/#website\"},\"datePublished\":\"2023-02-11T19:33:44+00:00\",\"dateModified\":\"2023-02-11T19:33:44+00:00\",\"description\":\"Explore la impresionante belleza de Marruecos con nuestra excursi\u00f3n de 6 d\u00edas a Marrakech. Experimente el desierto, visite ciudades hist\u00f3ricas y marav\u00edllese ante paisajes pintorescos.\",\"breadcrumb\":{\"@id\":\"https:\/\/saharatoursmarruecos.com\/es\/producto\/excursion-de-un-dia-a-ouarzazate-y-ait-ben-haddou\/#breadcrumb\"},\"inLanguage\":\"es\",\"potentialAction\":[{\"@type\":\"ReadAction\",\"target\":[\"https:\/\/saharatoursmarruecos.com\/es\/producto\/excursion-de-un-dia-a-ouarzazate-y-ait-ben-haddou\/\"]}]},{\"@type\":\"BreadcrumbList\",\"@id\":\"https:\/\/saharatoursmarruecos.com\/es\/producto\/excursion-de-un-dia-a-ouarzazate-y-ait-ben-haddou\/#breadcrumb\",\"itemListElement\":[{\"@type\":\"ListItem\",\"position\":1,\"name\":\"Home\",\"item\":\"https:\/\/saharatoursmarruecos.com\/\"},{\"@type\":\"ListItem\",\"position\":2,\"name\":\"Shop\",\"item\":\"https:\/\/saharatoursmarruecos.com\/shop\/\"},{\"@type\":\"ListItem\",\"position\":3,\"name\":\"Excursi\u00f3n de un d\u00eda a Ouarzazate y A\u00eft Ben Haddou\"}]},{\"@type\":\"WebSite\",\"@id\":\"https:\/\/saharatoursmarruecos.com\/#website\",\"url\":\"https:\/\/saharatoursmarruecos.com\/\",\"name\":\"Sahara Tours Marruecos\",\"description\":\"Sahara Tours Marruecos\",\"potentialAction\":[{\"@type\":\"SearchAction\",\"target\":{\"@type\":\"EntryPoint\",\"urlTemplate\":\"https:\/\/saharatoursmarruecos.com\/?s={search_term_string}\"},\"query-input\":\"required name=search_term_string\"}],\"inLanguage\":\"es\"}]}<\/script>\n<!-- \/ Yoast SEO plugin. -->","yoast_head_json":{"title":"Excursi\u00f3n de un d\u00eda a Ouarzazate y A\u00eft Ben Haddou - Sahara Tours Marruecos","description":"Explore la impresionante belleza de Marruecos con nuestra excursi\u00f3n de 6 d\u00edas a Marrakech. Experimente el desierto, visite ciudades hist\u00f3ricas y marav\u00edllese ante paisajes pintorescos.","robots":{"index":"index","follow":"follow","max-snippet":"max-snippet:-1","max-image-preview":"max-image-preview:large","max-video-preview":"max-video-preview:-1"},"canonical":"https:\/\/saharatoursmarruecos.com\/es\/producto\/excursion-de-un-dia-a-ouarzazate-y-ait-ben-haddou\/","og_locale":"es_ES","og_type":"article","og_title":"Excursi\u00f3n de un d\u00eda a Ouarzazate y A\u00eft Ben Haddou - Sahara Tours Marruecos","og_description":"Explore la impresionante belleza de Marruecos con nuestra excursi\u00f3n de 6 d\u00edas a Marrakech. Experimente el desierto, visite ciudades hist\u00f3ricas y marav\u00edllese ante paisajes pintorescos.","og_url":"https:\/\/saharatoursmarruecos.com\/es\/producto\/excursion-de-un-dia-a-ouarzazate-y-ait-ben-haddou\/","og_site_name":"Sahara Tours Marruecos","og_image":[{"width":1024,"height":576,"url":"https:\/\/saharatoursmarruecos.com\/wp-content\/uploads\/2023\/02\/aitbenhaddou.jpg","type":"image\/jpeg"}],"twitter_card":"summary_large_image","twitter_misc":{"Tiempo de lectura":"2 minutos"},"schema":{"@context":"https:\/\/schema.org","@graph":[{"@type":"WebPage","@id":"https:\/\/saharatoursmarruecos.com\/es\/producto\/excursion-de-un-dia-a-ouarzazate-y-ait-ben-haddou\/","url":"https:\/\/saharatoursmarruecos.com\/es\/producto\/excursion-de-un-dia-a-ouarzazate-y-ait-ben-haddou\/","name":"Excursi\u00f3n de un d\u00eda a Ouarzazate y A\u00eft Ben Haddou - Sahara Tours Marruecos","isPartOf":{"@id":"https:\/\/saharatoursmarruecos.com\/#website"},"datePublished":"2023-02-11T19:33:44+00:00","dateModified":"2023-02-11T19:33:44+00:00","description":"Explore la impresionante belleza de Marruecos con nuestra excursi\u00f3n de 6 d\u00edas a Marrakech. Experimente el desierto, visite ciudades hist\u00f3ricas y marav\u00edllese ante paisajes pintorescos.","breadcrumb":{"@id":"https:\/\/saharatoursmarruecos.com\/es\/producto\/excursion-de-un-dia-a-ouarzazate-y-ait-ben-haddou\/#breadcrumb"},"inLanguage":"es","potentialAction":[{"@type":"ReadAction","target":["https:\/\/saharatoursmarruecos.com\/es\/producto\/excursion-de-un-dia-a-ouarzazate-y-ait-ben-haddou\/"]}]},{"@type":"BreadcrumbList","@id":"https:\/\/saharatoursmarruecos.com\/es\/producto\/excursion-de-un-dia-a-ouarzazate-y-ait-ben-haddou\/#breadcrumb","itemListElement":[{"@type":"ListItem","position":1,"name":"Home","item":"https:\/\/saharatoursmarruecos.com\/"},{"@type":"ListItem","position":2,"name":"Shop","item":"https:\/\/saharatoursmarruecos.com\/shop\/"},{"@type":"ListItem","position":3,"name":"Excursi\u00f3n de un d\u00eda a Ouarzazate y A\u00eft Ben Haddou"}]},{"@type":"WebSite","@id":"https:\/\/saharatoursmarruecos.com\/#website","url":"https:\/\/saharatoursmarruecos.com\/","name":"Sahara Tours Marruecos","description":"Sahara Tours Marruecos","potentialAction":[{"@type":"SearchAction","target":{"@type":"EntryPoint","urlTemplate":"https:\/\/saharatoursmarruecos.com\/?s={search_term_string}"},"query-input":"required name=search_term_string"}],"inLanguage":"es"}]}},"_links":{"self":[{"href":"https:\/\/saharatoursmarruecos.com\/es\/wp-json\/wp\/v2\/product\/5746","targetHints":{"allow":["GET"]}}],"collection":[{"href":"https:\/\/saharatoursmarruecos.com\/es\/wp-json\/wp\/v2\/product"}],"about":[{"href":"https:\/\/saharatoursmarruecos.com\/es\/wp-json\/wp\/v2\/types\/product"}],"replies":[{"embeddable":true,"href":"https:\/\/saharatoursmarruecos.com\/es\/wp-json\/wp\/v2\/comments?post=5746"}],"wp:featuredmedia":[{"embeddable":true,"href":"https:\/\/saharatoursmarruecos.com\/es\/wp-json\/wp\/v2\/media\/5381"}],"wp:attachment":[{"href":"https:\/\/saharatoursmarruecos.com\/es\/wp-json\/wp\/v2\/media?parent=5746"}],"wp:term":[{"taxonomy":"product_cat","embeddable":true,"href":"https:\/\/saharatoursmarruecos.com\/es\/wp-json\/wp\/v2\/product_cat?post=5746"},{"taxonomy":"product_tag","embeddable":true,"href":"https:\/\/saharatoursmarruecos.com\/es\/wp-json\/wp\/v2\/product_tag?post=5746"}],"curies":[{"name":"wp","href":"https:\/\/api.w.org\/{rel}","templated":true}]}}