{"id":5745,"date":"2023-02-11T18:20:54","date_gmt":"2023-02-11T18:20:54","guid":{"rendered":"https:\/\/www.saharatoursmarruecos.com\/product\/viaje-de-9-dias-a-chefchaouen-por-el-desierto-desde-casablanca\/"},"modified":"2023-02-11T18:20:54","modified_gmt":"2023-02-11T18:20:54","slug":"9-dias-de-viaje-a-chefchaouen-desierto-de-casablanca","status":"publish","type":"product","link":"https:\/\/saharatoursmarruecos.com\/es\/producto\/9-dias-de-viaje-a-chefchaouen-desierto-de-casablanca\/","title":{"rendered":"Viaje de 9 d\u00edas a Chefchaouen por el desierto desde Casablanca"},"content":{"rendered":"<h2>Viaje de 9 d\u00edas a Chefchaouen por el desierto desde Casablanca<\/h2>\n<p>&nbsp;<\/p>\n<h3>D\u00eda 1: Casablanca &#8211; Marrakech<\/h3>\n<p>Despu\u00e9s de reunirnos en el lugar acordado, comenzar\u00e1 su viaje para explorar algunas partes de la ciudad. Entre ellas, la mayor Mezquita Hassan II, la Plaza de las Naciones Unidas y la \u00abCarretera Corric\u00bb&#8230; A continuaci\u00f3n nos dirigiremos a Marrakech, donde dispondr\u00e1 de tiempo libre para explorar la ciudad vieja. Noche en hotel o riad.<\/p>\n<h3>D\u00eda 2: Excursi\u00f3n de d\u00eda completo a Marrakech<\/h3>\n<p>La segunda ma\u00f1ana, desayunar\u00e1 acompa\u00f1ado por un gu\u00eda local. Visitar\u00e1 el Jard\u00edn de la Menara, una piscina rodeada de parterres que sirve de sistema de riego para los campos circundantes. La visita guiada incluir\u00e1 varios lugares impresionantes: la Mezquita Koutoubia, los Jardines Majorelle, el Palacio Bah\u00eda y el Museo de Joyas del Palacio Dar Si Said. Posiblemente pueda almorzar en la medina y luego pasear por los coloridos zocos de Marrakech. Disfrute de copas al atardecer en la terraza del caf\u00e9 con vistas a la emocionante plaza Jamaa El Fenna, cenas y veladas en el hotel.<\/p>\n<h3>D\u00eda 3: Marrakech &#8211; Alto Atlas &#8211; Ouarzazate &#8211; Valle del Dades.<\/h3>\n<p>Despu\u00e9s del desayuno, nos dirigiremos hacia el sureste por el paso de Tizi-n-Tichka a trav\u00e9s de las monta\u00f1as del Alto Atlas, mirando desde las monta\u00f1as hacia los antiguos pueblos bereberes del Alto Atlas. A continuaci\u00f3n, visitaremos el Patrimonio de la Humanidad de la UNESCO y almorzaremos en uno de los restaurantes de las Kasbahs. Tras pasar la noche en un hotel o riad, continuaremos nuestra visita del Valle del Dades.<\/p>\n<h3>D\u00eda 4: Valle del Dades &#8211; Tindade &#8211; Desierto sahariano de Merzouga.<\/h3>\n<p>Despu\u00e9s del desayuno, nos dirigimos a Erg chebbi en el desierto del Sahara de Merzouga. Los pueblos bereberes est\u00e1n diseminados a lo largo de la carretera. Atravesaremos las gargantas de Todra, Tengil, Tingedad y Erfoud, donde sentiremos el comienzo del oasis del S\u00e1hara de Tafilalete. A continuaci\u00f3n, nos dirigimos a un hotel en Merzouga y, tras unos minutos de descanso, se mete algo de equipaje en una peque\u00f1a bolsa (justo lo necesario para una noche en el desierto) y se deja el resto en el hotel. Despu\u00e9s nos aventuramos a dar un paseo en camello por las dunas de Erg Chebbi. Esta es una gran oportunidad para capturar fotos de la puesta y la salida del sol. Una vez en el campamento, caminaremos hasta las dunas de arena m\u00e1s altas para practicar sandboard y contemplar la puesta de sol. Pasaremos la noche, o vigilaremos, en una tienda n\u00f3mada bereber con tambores en medio del S\u00e1hara.<\/p>\n<h3>\nD\u00cdA 5: MERZOUGA &#8211; ARFOUD &#8211; IFRANE &#8211; FES<\/h3>\n<p>Su gu\u00eda de camellos le despertar\u00e1 temprano por la ma\u00f1ana para ver el amanecer en lo alto de las dunas del desierto de Erg Chebbi antes de desayunar. Tras estos momentos de alegr\u00eda, regresar\u00e1 a su hotel en camello, donde le esperar\u00e1 su conductor. Viajar\u00e1 a Errachidia a trav\u00e9s de los valles de Erfoud, Aoufous y Ziz antes de detenerse a admirar el oasis de Aoufous, en la regi\u00f3n de Tafilalte. Continuamos hacia Midert por TiziN&#8217;talghamt y almorzamos. Despu\u00e9s del almuerzo, conducir\u00e1 directamente a trav\u00e9s de los bosques de cedros cerca de Azrou y las monta\u00f1as del Atlas Medio hasta Fez (ciudad medieval) con la posibilidad de ver monos de Berber\u00eda (monjes). Puede detenerse en Ifrane antes de llegar a Fez. Noche en hotel o riad.<\/p>\n<h3>D\u00eda 6: Visita de d\u00eda completo a FES<\/h3>\n<p>La segunda ma\u00f1ana, tras desayunar en su riad, comenzar\u00e1 a explorar la medina con un gu\u00eda local. Visitar\u00e1 muchas joyas ocultas que s\u00f3lo conocen los residentes locales. Fez, capital de Marruecos desde hace m\u00e1s de 350 a\u00f1os, alberga la Universidad Al Karaouine, la m\u00e1s antigua del mundo en funcionamiento ininterrumpido. Su gu\u00eda le llevar\u00e1 a la tumba de Moulay Idris, la fuente Nejjarine y la curtidur\u00eda. Despu\u00e9s del almuerzo, tambi\u00e9n ver\u00e1 el exterior del Palacio Real y pasear\u00e1 por el famoso barrio jud\u00edo \u00abMellah\u00bb, donde tendr\u00e1 la oportunidad de visitar una de las pocas sinagogas que quedan en Marruecos. Su viaje a Fez incluye una breve visita a la famosa f\u00e1brica de cer\u00e1mica, antes de disfrutar de una magn\u00edfica vista panor\u00e1mica de toda la medina de Fez. Noche en su riad u hotel.<\/p>\n<h3>D\u00cdA 7: FES &#8211; CHEFCCHAOUEN<\/h3>\n<p>A la ma\u00f1ana siguiente, tras desayunar, partiremos hacia Chefchaouen (ciudad azul), popular atracci\u00f3n tur\u00edstica de Marruecos y acogedora ciudad del Rif. Esta bella ciudad azul es conocida por su arquitectura tradicional. D\u00e9 un paseo para explorar las murallas blancas y azules de la medina y los mercados que ofrecen artesan\u00eda aut\u00f3ctona \u00fanica. Chefchaouen es un magn\u00edfico destino fotogr\u00e1fico con impresionantes vistas de las monta\u00f1as del Rif. Noche en un albergue en Fuchaouen.<\/p>\n<h3>D\u00cdA 8: CHEFCHOUEN &#8211; TANGER &#8211; ASILAH<\/h3>\n<p>Tras el desayuno, continuaremos nuestro recorrido por Marruecos hacia T\u00e1nger para explorar su antigua medina. Tambi\u00e9n explorar\u00e1 la playa mediterr\u00e1nea y la costa atl\u00e1ntica. Visitaremos la ciudad cultural de Asilah. Asilah es famosa por su festival anual de arte y la mayor\u00eda de los muros de la medina est\u00e1n pintados por varios artistas famosos de todo el mundo. Su recorrido incluye la fortaleza de La Scala, donde podr\u00e1 disfrutar de la belleza de la medina y del mar. Pasaremos la noche en un riad local.<\/p>\n<h3>D\u00eda 9: Asilah &#8211; Rabat &#8211; Casablanca<\/h3>\n<p>Despu\u00e9s del desayuno nos dirigimos a Rabat, la capital administrativa del pa\u00eds para visitar Rabat, incluyendo el Palacio Real (exterior), la Torre Hassan, uno de los monumentos de la ciudad Fort Udayas. Tras visitar Rabat, fuimos a Casablanca. Pase la noche en su hotel.<\/p>\n<p>&nbsp;<\/p>\n<h4>Incluido:<\/h4>\n<ol>\n<li>Transporte a todos los destinos<\/li>\n<li>Alojamiento en hoteles o riads<\/li>\n<li>Gu\u00edas locales para visitas a la ciudad y excursiones<\/li>\n<li>Desayuno y algunos almuerzos<\/li>\n<li>Entradas a la Mezquita Hassan II, Jard\u00edn de la Menara, Mezquita Koutoubia, Jardines Majorelle, Palacio de la Bah\u00eda, Museo de Joyas del Palacio Dar Si Said, Patrimonio de la Humanidad de la UNESCO, tienda n\u00f3mada bereber, Universidad Al Karaouine, tumba de Moulay Idris, fuente Nejjarine, curtidur\u00eda, Palacio Real, f\u00e1brica de cer\u00e1mica, medina de Chefchaouen, fortaleza de La Scala.<\/li>\n<li>Paseo en camello por el desierto del S\u00e1hara<\/li>\n<li>Atardecer y amanecer en lo alto de las dunas del desierto de Erg Chebbi<\/li>\n<li>Sandboard en el desierto del Sahara<\/li>\n<li>Tambores y experiencia cultural en la tienda n\u00f3mada bereber del desierto del S\u00e1hara<\/li>\n<\/ol>\n<h4>No se incluye:<\/h4>\n<ol>\n<li>Comidas y bebidas adicionales<\/li>\n<li>Gastos personales, como compras o recuerdos<\/li>\n<li>Seguro de viaje<\/li>\n<li>Propinas para gu\u00edas y conductores.<\/li>\n<\/ol>\n","protected":false},"excerpt":{"rendered":"<p>Viaje de 9 d\u00edas a Chefchaouen por el desierto desde Casablanca &nbsp; D\u00eda 1: Casablanca &#8211; Marrakech Despu\u00e9s de reunirnos en el lugar acordado, comenzar\u00e1 su viaje para explorar algunas partes de la ciudad. Entre ellas, la mayor Mezquita Hassan II, la Plaza de las Naciones Unidas y la \u00abCarretera Corric\u00bb&#8230; A continuaci\u00f3n nos dirigiremos [&hellip;]<\/p>\n","protected":false},"featured_media":5383,"comment_status":"open","ping_status":"closed","template":"","meta":[],"product_cat":[69],"product_tag":[],"class_list":["post-5745","product","type-product","status-publish","has-post-thumbnail","hentry","product_cat-tours-desde-casablanca-es"],"yoast_head":"<!-- This site is optimized with the Yoast SEO plugin v20.1 - https:\/\/yoast.com\/wordpress\/plugins\/seo\/ -->\n<title>Viaje de 9 d\u00edas a Chefchaouen por el desierto desde Casablanca - Sahara Tours Marruecos<\/title>\n<meta name=\"description\" content=\"Explore la impresionante belleza de Marruecos con nuestra excursi\u00f3n de 6 d\u00edas a Marrakech. Experimente el desierto, visite ciudades hist\u00f3ricas y marav\u00edllese ante paisajes esc\u00e9nicos.\" \/>\n<meta name=\"robots\" content=\"index, follow, max-snippet:-1, max-image-preview:large, max-video-preview:-1\" \/>\n<link rel=\"canonical\" href=\"https:\/\/saharatoursmarruecos.com\/es\/producto\/9-dias-de-viaje-a-chefchaouen-desierto-de-casablanca\/\" \/>\n<meta property=\"og:locale\" content=\"es_ES\" \/>\n<meta property=\"og:type\" content=\"article\" \/>\n<meta property=\"og:title\" content=\"Viaje de 9 d\u00edas a Chefchaouen por el desierto desde Casablanca - Sahara Tours Marruecos\" \/>\n<meta property=\"og:description\" content=\"Explore la impresionante belleza de Marruecos con nuestra excursi\u00f3n de 6 d\u00edas a Marrakech. Experimente el desierto, visite ciudades hist\u00f3ricas y marav\u00edllese ante paisajes esc\u00e9nicos.\" \/>\n<meta property=\"og:url\" content=\"https:\/\/saharatoursmarruecos.com\/es\/producto\/9-dias-de-viaje-a-chefchaouen-desierto-de-casablanca\/\" \/>\n<meta property=\"og:site_name\" content=\"Sahara Tours Marruecos\" \/>\n<meta property=\"og:image\" content=\"https:\/\/saharatoursmarruecos.com\/wp-content\/uploads\/2023\/02\/cameltrekking.jpg\" \/>\n\t<meta property=\"og:image:width\" content=\"1024\" \/>\n\t<meta property=\"og:image:height\" content=\"682\" \/>\n\t<meta property=\"og:image:type\" content=\"image\/jpeg\" \/>\n<meta name=\"twitter:card\" content=\"summary_large_image\" \/>\n<meta name=\"twitter:label1\" content=\"Tiempo de lectura\" \/>\n\t<meta name=\"twitter:data1\" content=\"6 minutos\" \/>\n<script type=\"application\/ld+json\" class=\"yoast-schema-graph\">{\"@context\":\"https:\/\/schema.org\",\"@graph\":[{\"@type\":\"WebPage\",\"@id\":\"https:\/\/saharatoursmarruecos.com\/es\/producto\/9-dias-de-viaje-a-chefchaouen-desierto-de-casablanca\/\",\"url\":\"https:\/\/saharatoursmarruecos.com\/es\/producto\/9-dias-de-viaje-a-chefchaouen-desierto-de-casablanca\/\",\"name\":\"Viaje de 9 d\u00edas a Chefchaouen por el desierto desde Casablanca - Sahara Tours Marruecos\",\"isPartOf\":{\"@id\":\"https:\/\/saharatoursmarruecos.com\/#website\"},\"datePublished\":\"2023-02-11T18:20:54+00:00\",\"dateModified\":\"2023-02-11T18:20:54+00:00\",\"description\":\"Explore la impresionante belleza de Marruecos con nuestra excursi\u00f3n de 6 d\u00edas a Marrakech. Experimente el desierto, visite ciudades hist\u00f3ricas y marav\u00edllese ante paisajes esc\u00e9nicos.\",\"breadcrumb\":{\"@id\":\"https:\/\/saharatoursmarruecos.com\/es\/producto\/9-dias-de-viaje-a-chefchaouen-desierto-de-casablanca\/#breadcrumb\"},\"inLanguage\":\"es\",\"potentialAction\":[{\"@type\":\"ReadAction\",\"target\":[\"https:\/\/saharatoursmarruecos.com\/es\/producto\/9-dias-de-viaje-a-chefchaouen-desierto-de-casablanca\/\"]}]},{\"@type\":\"BreadcrumbList\",\"@id\":\"https:\/\/saharatoursmarruecos.com\/es\/producto\/9-dias-de-viaje-a-chefchaouen-desierto-de-casablanca\/#breadcrumb\",\"itemListElement\":[{\"@type\":\"ListItem\",\"position\":1,\"name\":\"Home\",\"item\":\"https:\/\/saharatoursmarruecos.com\/\"},{\"@type\":\"ListItem\",\"position\":2,\"name\":\"Shop\",\"item\":\"https:\/\/saharatoursmarruecos.com\/shop\/\"},{\"@type\":\"ListItem\",\"position\":3,\"name\":\"Viaje de 9 d\u00edas a Chefchaouen por el desierto desde Casablanca\"}]},{\"@type\":\"WebSite\",\"@id\":\"https:\/\/saharatoursmarruecos.com\/#website\",\"url\":\"https:\/\/saharatoursmarruecos.com\/\",\"name\":\"Sahara Tours Marruecos\",\"description\":\"Sahara Tours Marruecos\",\"potentialAction\":[{\"@type\":\"SearchAction\",\"target\":{\"@type\":\"EntryPoint\",\"urlTemplate\":\"https:\/\/saharatoursmarruecos.com\/?s={search_term_string}\"},\"query-input\":\"required name=search_term_string\"}],\"inLanguage\":\"es\"}]}<\/script>\n<!-- \/ Yoast SEO plugin. -->","yoast_head_json":{"title":"Viaje de 9 d\u00edas a Chefchaouen por el desierto desde Casablanca - Sahara Tours Marruecos","description":"Explore la impresionante belleza de Marruecos con nuestra excursi\u00f3n de 6 d\u00edas a Marrakech. Experimente el desierto, visite ciudades hist\u00f3ricas y marav\u00edllese ante paisajes esc\u00e9nicos.","robots":{"index":"index","follow":"follow","max-snippet":"max-snippet:-1","max-image-preview":"max-image-preview:large","max-video-preview":"max-video-preview:-1"},"canonical":"https:\/\/saharatoursmarruecos.com\/es\/producto\/9-dias-de-viaje-a-chefchaouen-desierto-de-casablanca\/","og_locale":"es_ES","og_type":"article","og_title":"Viaje de 9 d\u00edas a Chefchaouen por el desierto desde Casablanca - Sahara Tours Marruecos","og_description":"Explore la impresionante belleza de Marruecos con nuestra excursi\u00f3n de 6 d\u00edas a Marrakech. Experimente el desierto, visite ciudades hist\u00f3ricas y marav\u00edllese ante paisajes esc\u00e9nicos.","og_url":"https:\/\/saharatoursmarruecos.com\/es\/producto\/9-dias-de-viaje-a-chefchaouen-desierto-de-casablanca\/","og_site_name":"Sahara Tours Marruecos","og_image":[{"width":1024,"height":682,"url":"https:\/\/saharatoursmarruecos.com\/wp-content\/uploads\/2023\/02\/cameltrekking.jpg","type":"image\/jpeg"}],"twitter_card":"summary_large_image","twitter_misc":{"Tiempo de lectura":"6 minutos"},"schema":{"@context":"https:\/\/schema.org","@graph":[{"@type":"WebPage","@id":"https:\/\/saharatoursmarruecos.com\/es\/producto\/9-dias-de-viaje-a-chefchaouen-desierto-de-casablanca\/","url":"https:\/\/saharatoursmarruecos.com\/es\/producto\/9-dias-de-viaje-a-chefchaouen-desierto-de-casablanca\/","name":"Viaje de 9 d\u00edas a Chefchaouen por el desierto desde Casablanca - Sahara Tours Marruecos","isPartOf":{"@id":"https:\/\/saharatoursmarruecos.com\/#website"},"datePublished":"2023-02-11T18:20:54+00:00","dateModified":"2023-02-11T18:20:54+00:00","description":"Explore la impresionante belleza de Marruecos con nuestra excursi\u00f3n de 6 d\u00edas a Marrakech. Experimente el desierto, visite ciudades hist\u00f3ricas y marav\u00edllese ante paisajes esc\u00e9nicos.","breadcrumb":{"@id":"https:\/\/saharatoursmarruecos.com\/es\/producto\/9-dias-de-viaje-a-chefchaouen-desierto-de-casablanca\/#breadcrumb"},"inLanguage":"es","potentialAction":[{"@type":"ReadAction","target":["https:\/\/saharatoursmarruecos.com\/es\/producto\/9-dias-de-viaje-a-chefchaouen-desierto-de-casablanca\/"]}]},{"@type":"BreadcrumbList","@id":"https:\/\/saharatoursmarruecos.com\/es\/producto\/9-dias-de-viaje-a-chefchaouen-desierto-de-casablanca\/#breadcrumb","itemListElement":[{"@type":"ListItem","position":1,"name":"Home","item":"https:\/\/saharatoursmarruecos.com\/"},{"@type":"ListItem","position":2,"name":"Shop","item":"https:\/\/saharatoursmarruecos.com\/shop\/"},{"@type":"ListItem","position":3,"name":"Viaje de 9 d\u00edas a Chefchaouen por el desierto desde Casablanca"}]},{"@type":"WebSite","@id":"https:\/\/saharatoursmarruecos.com\/#website","url":"https:\/\/saharatoursmarruecos.com\/","name":"Sahara Tours Marruecos","description":"Sahara Tours Marruecos","potentialAction":[{"@type":"SearchAction","target":{"@type":"EntryPoint","urlTemplate":"https:\/\/saharatoursmarruecos.com\/?s={search_term_string}"},"query-input":"required name=search_term_string"}],"inLanguage":"es"}]}},"_links":{"self":[{"href":"https:\/\/saharatoursmarruecos.com\/es\/wp-json\/wp\/v2\/product\/5745","targetHints":{"allow":["GET"]}}],"collection":[{"href":"https:\/\/saharatoursmarruecos.com\/es\/wp-json\/wp\/v2\/product"}],"about":[{"href":"https:\/\/saharatoursmarruecos.com\/es\/wp-json\/wp\/v2\/types\/product"}],"replies":[{"embeddable":true,"href":"https:\/\/saharatoursmarruecos.com\/es\/wp-json\/wp\/v2\/comments?post=5745"}],"wp:featuredmedia":[{"embeddable":true,"href":"https:\/\/saharatoursmarruecos.com\/es\/wp-json\/wp\/v2\/media\/5383"}],"wp:attachment":[{"href":"https:\/\/saharatoursmarruecos.com\/es\/wp-json\/wp\/v2\/media?parent=5745"}],"wp:term":[{"taxonomy":"product_cat","embeddable":true,"href":"https:\/\/saharatoursmarruecos.com\/es\/wp-json\/wp\/v2\/product_cat?post=5745"},{"taxonomy":"product_tag","embeddable":true,"href":"https:\/\/saharatoursmarruecos.com\/es\/wp-json\/wp\/v2\/product_tag?post=5745"}],"curies":[{"name":"wp","href":"https:\/\/api.w.org\/{rel}","templated":true}]}}