{"id":5744,"date":"2023-02-11T18:24:16","date_gmt":"2023-02-11T18:24:16","guid":{"rendered":"https:\/\/www.saharatoursmarruecos.com\/product\/excursion-de-10-dias-de-casablanca-al-desierto-pasando-por-chefchaouen\/"},"modified":"2023-02-11T18:24:16","modified_gmt":"2023-02-11T18:24:16","slug":"circuito-de-10-dias-de-casablanca-al-desierto-pasando-por-chefchaouen","status":"publish","type":"product","link":"https:\/\/saharatoursmarruecos.com\/es\/producto\/circuito-de-10-dias-de-casablanca-al-desierto-pasando-por-chefchaouen\/","title":{"rendered":"Excursi\u00f3n de 10 d\u00edas de Casablanca al desierto pasando por Chefchaouen"},"content":{"rendered":"<h2>Excursi\u00f3n de 10 d\u00edas de Casablanca al desierto pasando por Chefchaouen<\/h2>\n<p>&nbsp;<\/p>\n<h3>D\u00eda 1: D\u00eda entero explorando Casablanca<\/h3>\n<p>En esta excursi\u00f3n recorrer\u00e1 el patrimonio hist\u00f3rico de la ciudad m\u00e1s grande de Marruecos. Podremos explorar algunos de los lugares de la ciudad, como Hassan II, la mezquita m\u00e1s grande, el Palacio de las Naciones Unidas y la \u00abcalle Corric\u00bb antes de regresar al hotel para pasar la noche.<\/p>\n<h3>D\u00cdA 2: CASABLANCA &#8211; RABAT &#8211; ASILAH<\/h3>\n<p>A la ma\u00f1ana siguiente, despu\u00e9s del desayuno, nos dirigiremos a Rabat, la capital de Marruecos, antes de llegar a Asilah, ver\u00e1 la torre Hassan y pasear\u00e1 por la Kasbah de los Oudayas , la mayor\u00eda La ruta seguir\u00e1 la costa &#8211; donde tendr\u00e1 la oportunidad de explorar la ciudad. Asilah es famosa por su festival anual de arte y la mayor\u00eda de los muros de la medina est\u00e1n pintados por varios artistas famosos de todo el mundo. Su recorrido incluye la fortaleza de La Scala, donde podr\u00e1 disfrutar de la belleza de la medina y del mar. Noche en nuestro hotel\/riad.<\/p>\n<h3>D\u00eda 3: Asilah &#8211; T\u00e1nger &#8211; Chefchaouen<\/h3>\n<p>A la ma\u00f1ana siguiente, despu\u00e9s del desayuno, continuaremos hacia la hermosa ciudad de Chefchaouen, la fortaleza de las monta\u00f1as del Rif y la peque\u00f1a ciudad m\u00e1s bella de Marruecos. A la ma\u00f1ana siguiente, despu\u00e9s del desayuno, continuaremos hacia la hermosa ciudad de Chefchaouen, baluarte de las monta\u00f1as del Rif y la peque\u00f1a ciudad m\u00e1s bella de Marruecos. Noche en un albergue en Fuchaouen.<\/p>\n<h3>D\u00cdA 4: CHEFCHAOUEN &#8211; VOLUBILIS &#8211; MEKNES &#8211; FES<\/h3>\n<p>Tras el desayuno, nos dirigiremos a Volubilis para explorar las ruinas de la ciudad romana. Visitar\u00e1 la ciudad santa de Moulay Idriss, lugar de peregrinaci\u00f3n para todos los marroqu\u00edes. Despu\u00e9s continuar\u00e1 hacia Meknes donde explorar\u00e1 la medina de Meknes con su hermosa tumba de Moulay Ismail, el Granero y Sahrij Souani utilizados para el riego y las plantaciones, la plaza Lehdim y la puerta Bab al Mansour. Tendr\u00e1 la oportunidad de explorar los zocos y relajarse en uno de los caf\u00e9s de la plaza. Despu\u00e9s continuaremos hacia Fez. Alojamiento en un Riad tradicional, incluida la habitaci\u00f3n de invitados.<\/p>\n<h3>D\u00eda 5: Explorar Fez con un gu\u00eda local<\/h3>\n<p>Despu\u00e9s del desayuno, tendr\u00e1 un gu\u00eda local para descubrir las joyas ocultas de Fez y le har\u00e1 profundizar m\u00e1s y m\u00e1s en la antigua medina de Fez, ver\u00e1 la medina Que y los famosos zocos de Fez &#8211; calles estrechas y empedradas llenas de antiguas mezquitas e imponentes minaretes de cristal verde &#8230; Visitar\u00e1 los palacios y monumentos m\u00e1s bellos de Fez. El recorrido incluir\u00e1 visitas a curtidur\u00edas y cooperativas de cer\u00e1mica para conocer la artesan\u00eda tradicional marroqu\u00ed. Noche en un riad, habitaci\u00f3n y desayuno incluidos.<\/p>\n<h3>D\u00eda 6: FES &#8211; IFRANE &#8211; MERZOUGA Desierto del S\u00e1hara.<\/h3>\n<p>Despu\u00e9s del desayuno, nos dirigimos a la \u00abSuiza marroqu\u00ed\u00bb Ifrane y Azrou a trav\u00e9s de las monta\u00f1as del Atlas Medio \u00abTizi n t&#8217;lghamt pass\u00bb. Durante el viaje, nos detendremos en muchos lugares para tomar fotos y almorzar en Midert, entonces vamos a seguir para visitar el Valle del Ziz, la ciudad de Errachidia, Erfoud, despu\u00e9s de llegar al coraz\u00f3n del desierto del Sahara en Marruecos, Merzouga all\u00ed usted tiene un poco de descanso y luego subir a su camello, ir profundamente en el desierto. Durante nuestra excursi\u00f3n en camello, veremos la puesta de sol entre las dunas. Deliciosa cena en el campamento del S\u00e1hara, disfrutamos de la noche en nuestras tiendas del desierto, bajo cielos despejados y estrellas, tambores bereberes.<\/p>\n<h3>D\u00cdA 7: MERZOUGA &#8211; RISSANI &#8211; GARGANTAS DEL TODRA &#8211; VALLE DEL DADES<\/h3>\n<p>Por la ma\u00f1ana temprano, su gu\u00eda de camellos le despertar\u00e1 para contemplar quiz\u00e1 el mejor amanecer de su vida. Tras el amanecer y el desayuno, regresar\u00e1 a su hotel en Merzouga, donde se reunir\u00e1 con su conductor. A continuaci\u00f3n nos dirigiremos a Rissani, donde visitaremos el mercado de Rissani, ciudad tradicional que fue cuna de la familia gobernante de Marruecos y punto de encuentro de las caravanas que comerciaban con Tombuct\u00fa (Mali). Aqu\u00ed ver\u00e1 muchos hombres encapuchados y mujeres con velo mientras contin\u00faa hacia la garganta del Todra, el ca\u00f1\u00f3n m\u00e1s alto y estrecho de Marruecos. Tras almorzar en el coraz\u00f3n del ca\u00f1\u00f3n, cruzaremos el valle del Dades, donde ver\u00e1 majestuosos castillos de arena y asombrosas formaciones rocosas llamadas \u00abmonos\u00bb. Pasaremos la noche en un hotel de lujo con vistas al valle del Dades.<\/p>\n<h3>D\u00eda 8: Valle del Dades &#8211; Ouarzazate &#8211; AIT BEN HADDOU &#8211; Alto Atlas &#8211; Marrakech.<\/h3>\n<p>Tras desayunar en el hotel, comience el d\u00eda visitando las magn\u00edficas formaciones rocosas del ca\u00f1\u00f3n del Dades. A continuaci\u00f3n, conduzca por el Valle de las Rosas hasta Kalaa M&#8217;gouna y Skoura, llegue a Oarzazate, conocido como el Hollywood africano, y haga una parada en el Estudio Cinematogr\u00e1fico Atlas. A continuaci\u00f3n, dir\u00edjase a la \u00abKasbah Ait Benhaddou\u00bb, declarada Patrimonio de la Humanidad por la UNESCO en 1986. La Kasbah de Ait Benhaddou es uno de los escenarios naturales de muchas pel\u00edculas como \u00abAlejandro, Gladiator, Torre de Babel&#8230;\u00bb y almorzar en un restaurante local. Por la tarde, nos dirigiremos a la ciudad roja de Marrakech, a la que llegaremos por el paso de Tizi N&#8217;tichka (2260 m sobre el nivel del mar) y donde le dejaremos en su alojamiento.<\/p>\n<h3>D\u00eda 9: Excursi\u00f3n de d\u00eda completo por Marrakech con un gu\u00eda local.<\/h3>\n<p>Visitaremos el patrimonio cultural e hist\u00f3rico m\u00e1s importante. Tendr\u00e1 la oportunidad de explorar<\/p>\n<p>la Tumba Saadine, los Jardines Majorelle, la Mezquita Koutoubia (Torre). Adem\u00e1s, nuestro gu\u00eda le llevar\u00e1 a visitar la Plaza de Bah\u00eda, el zoco de la ciudad, luego ir\u00e1 a la famosa plaza de la Medina, donde ver\u00e1 y aprender\u00e1 sobre el encantador de serpientes, \u00abtalleres interesantes\u00bb, Algunos profesionales o humoristas cuentan chistes fant\u00e1sticos y hermosos. Por la tarde tendr\u00e1 tiempo libre para pasear y explorar el resto de la ciudad por su cuenta.<\/p>\n<h3>D\u00eda 10: Marrakech &#8211; Aeropuerto.<\/h3>\n<p>Traslado al aeropuerto (Marrakech o Casablanca), finalizando el itinerario de 10 d\u00edas desde Casablanca.<\/p>\n<p>&nbsp;<\/p>\n<h4>Incluido:<\/h4>\n<ul>\n<li>Transporte en veh\u00edculo privado con aire acondicionado<\/li>\n<li>Alojamiento (hoteles\/riads)<\/li>\n<li>Desayuno y cena<\/li>\n<li>Entradas a los monumentos y lugares visitados<\/li>\n<li>Gu\u00edas locales para visitas por la ciudad<\/li>\n<li>Excursi\u00f3n en camello por el desierto del S\u00e1hara<\/li>\n<li>Experiencia de percusi\u00f3n bereber en el desierto<\/li>\n<li>Todos los impuestos y gastos de servicio<\/li>\n<\/ul>\n<h4>No se incluye:<\/h4>\n<ul>\n<li>Vuelos internacionales<\/li>\n<li>Seguro de viaje<\/li>\n<li>Gastos personales (lavander\u00eda, llamadas telef\u00f3nicas, etc.)<\/li>\n<li>Propinas para el conductor y los gu\u00edas locales.<\/li>\n<\/ul>\n","protected":false},"excerpt":{"rendered":"<p>Excursi\u00f3n de 10 d\u00edas de Casablanca al desierto pasando por Chefchaouen &nbsp; D\u00eda 1: D\u00eda entero explorando Casablanca En esta excursi\u00f3n recorrer\u00e1 el patrimonio hist\u00f3rico de la ciudad m\u00e1s grande de Marruecos. Podremos explorar algunos de los lugares de la ciudad, como Hassan II, la mezquita m\u00e1s grande, el Palacio de las Naciones Unidas y [&hellip;]<\/p>\n","protected":false},"featured_media":5387,"comment_status":"open","ping_status":"closed","template":"","meta":[],"product_cat":[69],"product_tag":[],"class_list":["post-5744","product","type-product","status-publish","has-post-thumbnail","hentry","product_cat-tours-desde-casablanca-es"],"yoast_head":"<!-- This site is optimized with the Yoast SEO plugin v20.1 - https:\/\/yoast.com\/wordpress\/plugins\/seo\/ -->\n<title>Excursi\u00f3n de 10 d\u00edas de Casablanca al desierto pasando por Chefchaouen - Sahara Tours Marruecos<\/title>\n<meta name=\"description\" content=\"Explore la impresionante belleza de Marruecos con nuestra excursi\u00f3n de 6 d\u00edas a Marrakech. Experimente el desierto, visite ciudades hist\u00f3ricas y marav\u00edllese ante paisajes esc\u00e9nicos.\" \/>\n<meta name=\"robots\" content=\"index, follow, max-snippet:-1, max-image-preview:large, max-video-preview:-1\" \/>\n<link rel=\"canonical\" href=\"https:\/\/saharatoursmarruecos.com\/es\/producto\/circuito-de-10-dias-de-casablanca-al-desierto-pasando-por-chefchaouen\/\" \/>\n<meta property=\"og:locale\" content=\"es_ES\" \/>\n<meta property=\"og:type\" content=\"article\" \/>\n<meta property=\"og:title\" content=\"Excursi\u00f3n de 10 d\u00edas de Casablanca al desierto pasando por Chefchaouen - Sahara Tours Marruecos\" \/>\n<meta property=\"og:description\" content=\"Explore la impresionante belleza de Marruecos con nuestra excursi\u00f3n de 6 d\u00edas a Marrakech. Experimente el desierto, visite ciudades hist\u00f3ricas y marav\u00edllese ante paisajes esc\u00e9nicos.\" \/>\n<meta property=\"og:url\" content=\"https:\/\/saharatoursmarruecos.com\/es\/producto\/circuito-de-10-dias-de-casablanca-al-desierto-pasando-por-chefchaouen\/\" \/>\n<meta property=\"og:site_name\" content=\"Sahara Tours Marruecos\" \/>\n<meta property=\"og:image\" content=\"https:\/\/saharatoursmarruecos.com\/wp-content\/uploads\/2023\/02\/Chefchaouen-Lucy-Laucht-tout-copy-1.jpg\" \/>\n\t<meta property=\"og:image:width\" content=\"1024\" \/>\n\t<meta property=\"og:image:height\" content=\"768\" \/>\n\t<meta property=\"og:image:type\" content=\"image\/jpeg\" \/>\n<meta name=\"twitter:card\" content=\"summary_large_image\" \/>\n<meta name=\"twitter:label1\" content=\"Tiempo de lectura\" \/>\n\t<meta name=\"twitter:data1\" content=\"6 minutos\" \/>\n<script type=\"application\/ld+json\" class=\"yoast-schema-graph\">{\"@context\":\"https:\/\/schema.org\",\"@graph\":[{\"@type\":\"WebPage\",\"@id\":\"https:\/\/saharatoursmarruecos.com\/es\/producto\/circuito-de-10-dias-de-casablanca-al-desierto-pasando-por-chefchaouen\/\",\"url\":\"https:\/\/saharatoursmarruecos.com\/es\/producto\/circuito-de-10-dias-de-casablanca-al-desierto-pasando-por-chefchaouen\/\",\"name\":\"Excursi\u00f3n de 10 d\u00edas de Casablanca al desierto pasando por Chefchaouen - Sahara Tours Marruecos\",\"isPartOf\":{\"@id\":\"https:\/\/saharatoursmarruecos.com\/#website\"},\"datePublished\":\"2023-02-11T18:24:16+00:00\",\"dateModified\":\"2023-02-11T18:24:16+00:00\",\"description\":\"Explore la impresionante belleza de Marruecos con nuestra excursi\u00f3n de 6 d\u00edas a Marrakech. Experimente el desierto, visite ciudades hist\u00f3ricas y marav\u00edllese ante paisajes esc\u00e9nicos.\",\"breadcrumb\":{\"@id\":\"https:\/\/saharatoursmarruecos.com\/es\/producto\/circuito-de-10-dias-de-casablanca-al-desierto-pasando-por-chefchaouen\/#breadcrumb\"},\"inLanguage\":\"es\",\"potentialAction\":[{\"@type\":\"ReadAction\",\"target\":[\"https:\/\/saharatoursmarruecos.com\/es\/producto\/circuito-de-10-dias-de-casablanca-al-desierto-pasando-por-chefchaouen\/\"]}]},{\"@type\":\"BreadcrumbList\",\"@id\":\"https:\/\/saharatoursmarruecos.com\/es\/producto\/circuito-de-10-dias-de-casablanca-al-desierto-pasando-por-chefchaouen\/#breadcrumb\",\"itemListElement\":[{\"@type\":\"ListItem\",\"position\":1,\"name\":\"Home\",\"item\":\"https:\/\/saharatoursmarruecos.com\/\"},{\"@type\":\"ListItem\",\"position\":2,\"name\":\"Shop\",\"item\":\"https:\/\/saharatoursmarruecos.com\/shop\/\"},{\"@type\":\"ListItem\",\"position\":3,\"name\":\"Excursi\u00f3n de 10 d\u00edas de Casablanca al desierto pasando por Chefchaouen\"}]},{\"@type\":\"WebSite\",\"@id\":\"https:\/\/saharatoursmarruecos.com\/#website\",\"url\":\"https:\/\/saharatoursmarruecos.com\/\",\"name\":\"Sahara Tours Marruecos\",\"description\":\"Sahara Tours Marruecos\",\"potentialAction\":[{\"@type\":\"SearchAction\",\"target\":{\"@type\":\"EntryPoint\",\"urlTemplate\":\"https:\/\/saharatoursmarruecos.com\/?s={search_term_string}\"},\"query-input\":\"required name=search_term_string\"}],\"inLanguage\":\"es\"}]}<\/script>\n<!-- \/ Yoast SEO plugin. -->","yoast_head_json":{"title":"Excursi\u00f3n de 10 d\u00edas de Casablanca al desierto pasando por Chefchaouen - Sahara Tours Marruecos","description":"Explore la impresionante belleza de Marruecos con nuestra excursi\u00f3n de 6 d\u00edas a Marrakech. Experimente el desierto, visite ciudades hist\u00f3ricas y marav\u00edllese ante paisajes esc\u00e9nicos.","robots":{"index":"index","follow":"follow","max-snippet":"max-snippet:-1","max-image-preview":"max-image-preview:large","max-video-preview":"max-video-preview:-1"},"canonical":"https:\/\/saharatoursmarruecos.com\/es\/producto\/circuito-de-10-dias-de-casablanca-al-desierto-pasando-por-chefchaouen\/","og_locale":"es_ES","og_type":"article","og_title":"Excursi\u00f3n de 10 d\u00edas de Casablanca al desierto pasando por Chefchaouen - Sahara Tours Marruecos","og_description":"Explore la impresionante belleza de Marruecos con nuestra excursi\u00f3n de 6 d\u00edas a Marrakech. Experimente el desierto, visite ciudades hist\u00f3ricas y marav\u00edllese ante paisajes esc\u00e9nicos.","og_url":"https:\/\/saharatoursmarruecos.com\/es\/producto\/circuito-de-10-dias-de-casablanca-al-desierto-pasando-por-chefchaouen\/","og_site_name":"Sahara Tours Marruecos","og_image":[{"width":1024,"height":768,"url":"https:\/\/saharatoursmarruecos.com\/wp-content\/uploads\/2023\/02\/Chefchaouen-Lucy-Laucht-tout-copy-1.jpg","type":"image\/jpeg"}],"twitter_card":"summary_large_image","twitter_misc":{"Tiempo de lectura":"6 minutos"},"schema":{"@context":"https:\/\/schema.org","@graph":[{"@type":"WebPage","@id":"https:\/\/saharatoursmarruecos.com\/es\/producto\/circuito-de-10-dias-de-casablanca-al-desierto-pasando-por-chefchaouen\/","url":"https:\/\/saharatoursmarruecos.com\/es\/producto\/circuito-de-10-dias-de-casablanca-al-desierto-pasando-por-chefchaouen\/","name":"Excursi\u00f3n de 10 d\u00edas de Casablanca al desierto pasando por Chefchaouen - Sahara Tours Marruecos","isPartOf":{"@id":"https:\/\/saharatoursmarruecos.com\/#website"},"datePublished":"2023-02-11T18:24:16+00:00","dateModified":"2023-02-11T18:24:16+00:00","description":"Explore la impresionante belleza de Marruecos con nuestra excursi\u00f3n de 6 d\u00edas a Marrakech. Experimente el desierto, visite ciudades hist\u00f3ricas y marav\u00edllese ante paisajes esc\u00e9nicos.","breadcrumb":{"@id":"https:\/\/saharatoursmarruecos.com\/es\/producto\/circuito-de-10-dias-de-casablanca-al-desierto-pasando-por-chefchaouen\/#breadcrumb"},"inLanguage":"es","potentialAction":[{"@type":"ReadAction","target":["https:\/\/saharatoursmarruecos.com\/es\/producto\/circuito-de-10-dias-de-casablanca-al-desierto-pasando-por-chefchaouen\/"]}]},{"@type":"BreadcrumbList","@id":"https:\/\/saharatoursmarruecos.com\/es\/producto\/circuito-de-10-dias-de-casablanca-al-desierto-pasando-por-chefchaouen\/#breadcrumb","itemListElement":[{"@type":"ListItem","position":1,"name":"Home","item":"https:\/\/saharatoursmarruecos.com\/"},{"@type":"ListItem","position":2,"name":"Shop","item":"https:\/\/saharatoursmarruecos.com\/shop\/"},{"@type":"ListItem","position":3,"name":"Excursi\u00f3n de 10 d\u00edas de Casablanca al desierto pasando por Chefchaouen"}]},{"@type":"WebSite","@id":"https:\/\/saharatoursmarruecos.com\/#website","url":"https:\/\/saharatoursmarruecos.com\/","name":"Sahara Tours Marruecos","description":"Sahara Tours Marruecos","potentialAction":[{"@type":"SearchAction","target":{"@type":"EntryPoint","urlTemplate":"https:\/\/saharatoursmarruecos.com\/?s={search_term_string}"},"query-input":"required name=search_term_string"}],"inLanguage":"es"}]}},"_links":{"self":[{"href":"https:\/\/saharatoursmarruecos.com\/es\/wp-json\/wp\/v2\/product\/5744","targetHints":{"allow":["GET"]}}],"collection":[{"href":"https:\/\/saharatoursmarruecos.com\/es\/wp-json\/wp\/v2\/product"}],"about":[{"href":"https:\/\/saharatoursmarruecos.com\/es\/wp-json\/wp\/v2\/types\/product"}],"replies":[{"embeddable":true,"href":"https:\/\/saharatoursmarruecos.com\/es\/wp-json\/wp\/v2\/comments?post=5744"}],"wp:featuredmedia":[{"embeddable":true,"href":"https:\/\/saharatoursmarruecos.com\/es\/wp-json\/wp\/v2\/media\/5387"}],"wp:attachment":[{"href":"https:\/\/saharatoursmarruecos.com\/es\/wp-json\/wp\/v2\/media?parent=5744"}],"wp:term":[{"taxonomy":"product_cat","embeddable":true,"href":"https:\/\/saharatoursmarruecos.com\/es\/wp-json\/wp\/v2\/product_cat?post=5744"},{"taxonomy":"product_tag","embeddable":true,"href":"https:\/\/saharatoursmarruecos.com\/es\/wp-json\/wp\/v2\/product_tag?post=5744"}],"curies":[{"name":"wp","href":"https:\/\/api.w.org\/{rel}","templated":true}]}}