{"id":5743,"date":"2023-02-11T17:54:01","date_gmt":"2023-02-11T17:54:01","guid":{"rendered":"https:\/\/www.saharatoursmarruecos.com\/product\/viaje-de-5-dias-de-casablanca-a-fez-pasando-por-el-norte-de-marruecos-chefchaouen\/"},"modified":"2023-02-11T17:54:01","modified_gmt":"2023-02-11T17:54:01","slug":"circuito-de-5-dias-de-casablanca-a-fez-via-chefchaouen","status":"publish","type":"product","link":"https:\/\/saharatoursmarruecos.com\/es\/producto\/circuito-de-5-dias-de-casablanca-a-fez-via-chefchaouen\/","title":{"rendered":"Viaje de 5 d\u00edas de Casablanca a Fez pasando por el norte de Marruecos Chefchaouen"},"content":{"rendered":"<h2>Viaje de 5 d\u00edas de Casablanca a Fez pasando por el norte de Marruecos Chefchaouen<\/h2>\n<p>&nbsp;<\/p>\n<h3>1 D\u00eda 1: Casablanca<\/h3>\n<p>D\u00eda completo Despu\u00e9s de reunirnos en el lugar acordado. Visitaremos el patrimonio hist\u00f3rico de la ciudad imperial y podremos explorar algunos de los lugares de la ciudad como la mayor Mezquita de Hassan II, la Plaza de las Naciones Unidas y la&#8230; Noche en Casablanca.<\/p>\n<h3>2 D\u00cdA 2: CASABLANCA &#8211; RABAT &#8211; MEKENS<\/h3>\n<p>Desayuno en el hotel y viaje a Rabat, la capital administrativa de Marruecos: Primera parada en la Kasbah des Oudaias, la plaza m\u00e1s antigua de Rabat con vistas a la magn\u00edfica \u00abBu Regrag \u00bb Vistas del r\u00edo y el Oc\u00e9ano Atl\u00e1ntico. La segunda parada en Rabat es la Torre y Mausoleo Hassan, una mezquita inacabada cuya construcci\u00f3n inici\u00f3 el l\u00edder \u00abMuhammad\u00bb Jacob al-Mansour. Continuamos hacia Meknes, visitando la ciudad asociada al nombre del gran sult\u00e1n Moulay Ismail de la dinast\u00eda alouita. Visite la Puerta de Bab Mansour y la Plaza de El Hedim. Noche en hotel tradicional o riad.<\/p>\n<h3>3 D\u00eda 3: Meknes &#8211; VOLUBILIS (Antiguas ruinas bereberes-romanas) &#8211; FEZ<\/h3>\n<p>Despu\u00e9s del desayuno en Meknes, continuaci\u00f3n hacia Volubilis o Walili bereber. es una ciudad bereber (lea sobre los n\u00f3madas bereberes en el S\u00e1hara) y romana de Marruecos parcialmente excavada, cerca de la ciudad de Meknes, y est\u00e1 ampliamente considerada como la antigua capital del Reino de Mauritania. Se desarroll\u00f3 a partir del siglo III a.C. Tras visitar las ruinas de Volublis, continuaremos nuestro viaje por las profundidades de las monta\u00f1as del Rif hasta Fez a \u00faltima hora de la tarde. Noche en hotel o riad.<\/p>\n<h3>4 D\u00eda 4: Excursi\u00f3n de un d\u00eda a la antigua ciudad imperial de Fez.<\/h3>\n<p>Pasar\u00e1 la mayor parte del d\u00eda explorando los lugares de inter\u00e9s de Fez con un gu\u00eda local. La visita comienza en las puertas del palacio y le llevar\u00e1 por las callejuelas de la medina hasta el barrio jud\u00edo y las curtidur\u00edas. Este recorrido destaca todos los lugares de importancia cultural e hist\u00f3rica, incluida la famosa Universidad Geruin. A continuaci\u00f3n, tendremos la oportunidad de visitar una cooperativa de cer\u00e1mica para ver la artesan\u00eda tradicional marroqu\u00ed. Por la tarde, le llevaremos a admirar las vistas panor\u00e1micas de la medina y a visitar la ciudad nueva o la nueva Fez.<\/p>\n<h3>5 D\u00eda 5: Fez &#8211; Casablanca.<\/h3>\n<p>Despu\u00e9s del desayuno, tendremos la oportunidad de hacer algunas compras antes de regresar a Casablanca, donde finaliza nuestro viaje privado.<\/p>\n<p>&nbsp;<\/p>\n<h4>Incluido:<\/h4>\n<ol>\n<li>Transporte en veh\u00edculo privado con conductor<\/li>\n<li>Alojamiento en hoteles o riads<\/li>\n<li>Desayuno los d\u00edas 2, 3 y 5<\/li>\n<li>Visita guiada por Casablanca<\/li>\n<li>Visita guiada por Rabat, que incluye visitas a la Kasbah des Oudaias, la Torre Hassan y el Mausoleo<\/li>\n<li>Visita guiada en Meknes, incluidas las visitas a la puerta Bab Mansour y a la plaza El Hedim<\/li>\n<li>Visita guiada en Volubilis, incluidas las ruinas bereberes-romanas<\/li>\n<li>Visita guiada por Fez, que incluye visitas a la medina, el barrio jud\u00edo, las curtidur\u00edas, la Universidad Geruin y la cooperativa de cer\u00e1mica.<\/li>\n<\/ol>\n<h4>No se incluye:<\/h4>\n<ol>\n<li>Vuelos<\/li>\n<li>Comida y cena<\/li>\n<li>Entradas a museos y otros lugares<\/li>\n<li>Gastos personales como recuerdos, bebidas y propinas<\/li>\n<li>Seguro de viaje<\/li>\n<li>Cualquier otro art\u00edculo no mencionado como incluido.<\/li>\n<\/ol>\n","protected":false},"excerpt":{"rendered":"<p>Viaje de 5 d\u00edas de Casablanca a Fez pasando por el norte de Marruecos Chefchaouen &nbsp; 1 D\u00eda 1: Casablanca D\u00eda completo Despu\u00e9s de reunirnos en el lugar acordado. Visitaremos el patrimonio hist\u00f3rico de la ciudad imperial y podremos explorar algunos de los lugares de la ciudad como la mayor Mezquita de Hassan II, la [&hellip;]<\/p>\n","protected":false},"featured_media":5651,"comment_status":"open","ping_status":"closed","template":"","meta":[],"product_cat":[69],"product_tag":[],"class_list":["post-5743","product","type-product","status-publish","has-post-thumbnail","hentry","product_cat-tours-desde-casablanca-es"],"yoast_head":"<!-- This site is optimized with the Yoast SEO plugin v20.1 - https:\/\/yoast.com\/wordpress\/plugins\/seo\/ -->\n<title>Viaje de 5 d\u00edas de Casablanca a Fez pasando por el norte de Marruecos Chefchaouen - Sahara Tours Marruecos<\/title>\n<meta name=\"description\" content=\"Explore la impresionante belleza de Marruecos con nuestra excursi\u00f3n de 6 d\u00edas a Marrakech. Experimente el desierto, visite ciudades hist\u00f3ricas y marav\u00edllese ante paisajes esc\u00e9nicos.\" \/>\n<meta name=\"robots\" content=\"index, follow, max-snippet:-1, max-image-preview:large, max-video-preview:-1\" \/>\n<link rel=\"canonical\" href=\"https:\/\/saharatoursmarruecos.com\/es\/producto\/circuito-de-5-dias-de-casablanca-a-fez-via-chefchaouen\/\" \/>\n<meta property=\"og:locale\" content=\"es_ES\" \/>\n<meta property=\"og:type\" content=\"article\" \/>\n<meta property=\"og:title\" content=\"Viaje de 5 d\u00edas de Casablanca a Fez pasando por el norte de Marruecos Chefchaouen - Sahara Tours Marruecos\" \/>\n<meta property=\"og:description\" content=\"Explore la impresionante belleza de Marruecos con nuestra excursi\u00f3n de 6 d\u00edas a Marrakech. Experimente el desierto, visite ciudades hist\u00f3ricas y marav\u00edllese ante paisajes esc\u00e9nicos.\" \/>\n<meta property=\"og:url\" content=\"https:\/\/saharatoursmarruecos.com\/es\/producto\/circuito-de-5-dias-de-casablanca-a-fez-via-chefchaouen\/\" \/>\n<meta property=\"og:site_name\" content=\"Sahara Tours Marruecos\" \/>\n<meta property=\"og:image\" content=\"https:\/\/saharatoursmarruecos.com\/wp-content\/uploads\/2023\/02\/469963-Hassan-Ii-Mosque.webp\" \/>\n\t<meta property=\"og:image:width\" content=\"2560\" \/>\n\t<meta property=\"og:image:height\" content=\"1440\" \/>\n\t<meta property=\"og:image:type\" content=\"image\/webp\" \/>\n<meta name=\"twitter:card\" content=\"summary_large_image\" \/>\n<meta name=\"twitter:label1\" content=\"Tiempo de lectura\" \/>\n\t<meta name=\"twitter:data1\" content=\"3 minutos\" \/>\n<script type=\"application\/ld+json\" class=\"yoast-schema-graph\">{\"@context\":\"https:\/\/schema.org\",\"@graph\":[{\"@type\":\"WebPage\",\"@id\":\"https:\/\/saharatoursmarruecos.com\/es\/producto\/circuito-de-5-dias-de-casablanca-a-fez-via-chefchaouen\/\",\"url\":\"https:\/\/saharatoursmarruecos.com\/es\/producto\/circuito-de-5-dias-de-casablanca-a-fez-via-chefchaouen\/\",\"name\":\"Viaje de 5 d\u00edas de Casablanca a Fez pasando por el norte de Marruecos Chefchaouen - Sahara Tours Marruecos\",\"isPartOf\":{\"@id\":\"https:\/\/saharatoursmarruecos.com\/#website\"},\"datePublished\":\"2023-02-11T17:54:01+00:00\",\"dateModified\":\"2023-02-11T17:54:01+00:00\",\"description\":\"Explore la impresionante belleza de Marruecos con nuestra excursi\u00f3n de 6 d\u00edas a Marrakech. Experimente el desierto, visite ciudades hist\u00f3ricas y marav\u00edllese ante paisajes esc\u00e9nicos.\",\"breadcrumb\":{\"@id\":\"https:\/\/saharatoursmarruecos.com\/es\/producto\/circuito-de-5-dias-de-casablanca-a-fez-via-chefchaouen\/#breadcrumb\"},\"inLanguage\":\"es\",\"potentialAction\":[{\"@type\":\"ReadAction\",\"target\":[\"https:\/\/saharatoursmarruecos.com\/es\/producto\/circuito-de-5-dias-de-casablanca-a-fez-via-chefchaouen\/\"]}]},{\"@type\":\"BreadcrumbList\",\"@id\":\"https:\/\/saharatoursmarruecos.com\/es\/producto\/circuito-de-5-dias-de-casablanca-a-fez-via-chefchaouen\/#breadcrumb\",\"itemListElement\":[{\"@type\":\"ListItem\",\"position\":1,\"name\":\"Home\",\"item\":\"https:\/\/saharatoursmarruecos.com\/\"},{\"@type\":\"ListItem\",\"position\":2,\"name\":\"Shop\",\"item\":\"https:\/\/saharatoursmarruecos.com\/shop\/\"},{\"@type\":\"ListItem\",\"position\":3,\"name\":\"Viaje de 5 d\u00edas de Casablanca a Fez pasando por el norte de Marruecos Chefchaouen\"}]},{\"@type\":\"WebSite\",\"@id\":\"https:\/\/saharatoursmarruecos.com\/#website\",\"url\":\"https:\/\/saharatoursmarruecos.com\/\",\"name\":\"Sahara Tours Marruecos\",\"description\":\"Sahara Tours Marruecos\",\"potentialAction\":[{\"@type\":\"SearchAction\",\"target\":{\"@type\":\"EntryPoint\",\"urlTemplate\":\"https:\/\/saharatoursmarruecos.com\/?s={search_term_string}\"},\"query-input\":\"required name=search_term_string\"}],\"inLanguage\":\"es\"}]}<\/script>\n<!-- \/ Yoast SEO plugin. -->","yoast_head_json":{"title":"Viaje de 5 d\u00edas de Casablanca a Fez pasando por el norte de Marruecos Chefchaouen - Sahara Tours Marruecos","description":"Explore la impresionante belleza de Marruecos con nuestra excursi\u00f3n de 6 d\u00edas a Marrakech. Experimente el desierto, visite ciudades hist\u00f3ricas y marav\u00edllese ante paisajes esc\u00e9nicos.","robots":{"index":"index","follow":"follow","max-snippet":"max-snippet:-1","max-image-preview":"max-image-preview:large","max-video-preview":"max-video-preview:-1"},"canonical":"https:\/\/saharatoursmarruecos.com\/es\/producto\/circuito-de-5-dias-de-casablanca-a-fez-via-chefchaouen\/","og_locale":"es_ES","og_type":"article","og_title":"Viaje de 5 d\u00edas de Casablanca a Fez pasando por el norte de Marruecos Chefchaouen - Sahara Tours Marruecos","og_description":"Explore la impresionante belleza de Marruecos con nuestra excursi\u00f3n de 6 d\u00edas a Marrakech. Experimente el desierto, visite ciudades hist\u00f3ricas y marav\u00edllese ante paisajes esc\u00e9nicos.","og_url":"https:\/\/saharatoursmarruecos.com\/es\/producto\/circuito-de-5-dias-de-casablanca-a-fez-via-chefchaouen\/","og_site_name":"Sahara Tours Marruecos","og_image":[{"width":2560,"height":1440,"url":"https:\/\/saharatoursmarruecos.com\/wp-content\/uploads\/2023\/02\/469963-Hassan-Ii-Mosque.webp","type":"image\/webp"}],"twitter_card":"summary_large_image","twitter_misc":{"Tiempo de lectura":"3 minutos"},"schema":{"@context":"https:\/\/schema.org","@graph":[{"@type":"WebPage","@id":"https:\/\/saharatoursmarruecos.com\/es\/producto\/circuito-de-5-dias-de-casablanca-a-fez-via-chefchaouen\/","url":"https:\/\/saharatoursmarruecos.com\/es\/producto\/circuito-de-5-dias-de-casablanca-a-fez-via-chefchaouen\/","name":"Viaje de 5 d\u00edas de Casablanca a Fez pasando por el norte de Marruecos Chefchaouen - Sahara Tours Marruecos","isPartOf":{"@id":"https:\/\/saharatoursmarruecos.com\/#website"},"datePublished":"2023-02-11T17:54:01+00:00","dateModified":"2023-02-11T17:54:01+00:00","description":"Explore la impresionante belleza de Marruecos con nuestra excursi\u00f3n de 6 d\u00edas a Marrakech. Experimente el desierto, visite ciudades hist\u00f3ricas y marav\u00edllese ante paisajes esc\u00e9nicos.","breadcrumb":{"@id":"https:\/\/saharatoursmarruecos.com\/es\/producto\/circuito-de-5-dias-de-casablanca-a-fez-via-chefchaouen\/#breadcrumb"},"inLanguage":"es","potentialAction":[{"@type":"ReadAction","target":["https:\/\/saharatoursmarruecos.com\/es\/producto\/circuito-de-5-dias-de-casablanca-a-fez-via-chefchaouen\/"]}]},{"@type":"BreadcrumbList","@id":"https:\/\/saharatoursmarruecos.com\/es\/producto\/circuito-de-5-dias-de-casablanca-a-fez-via-chefchaouen\/#breadcrumb","itemListElement":[{"@type":"ListItem","position":1,"name":"Home","item":"https:\/\/saharatoursmarruecos.com\/"},{"@type":"ListItem","position":2,"name":"Shop","item":"https:\/\/saharatoursmarruecos.com\/shop\/"},{"@type":"ListItem","position":3,"name":"Viaje de 5 d\u00edas de Casablanca a Fez pasando por el norte de Marruecos Chefchaouen"}]},{"@type":"WebSite","@id":"https:\/\/saharatoursmarruecos.com\/#website","url":"https:\/\/saharatoursmarruecos.com\/","name":"Sahara Tours Marruecos","description":"Sahara Tours Marruecos","potentialAction":[{"@type":"SearchAction","target":{"@type":"EntryPoint","urlTemplate":"https:\/\/saharatoursmarruecos.com\/?s={search_term_string}"},"query-input":"required name=search_term_string"}],"inLanguage":"es"}]}},"_links":{"self":[{"href":"https:\/\/saharatoursmarruecos.com\/es\/wp-json\/wp\/v2\/product\/5743","targetHints":{"allow":["GET"]}}],"collection":[{"href":"https:\/\/saharatoursmarruecos.com\/es\/wp-json\/wp\/v2\/product"}],"about":[{"href":"https:\/\/saharatoursmarruecos.com\/es\/wp-json\/wp\/v2\/types\/product"}],"replies":[{"embeddable":true,"href":"https:\/\/saharatoursmarruecos.com\/es\/wp-json\/wp\/v2\/comments?post=5743"}],"wp:featuredmedia":[{"embeddable":true,"href":"https:\/\/saharatoursmarruecos.com\/es\/wp-json\/wp\/v2\/media\/5651"}],"wp:attachment":[{"href":"https:\/\/saharatoursmarruecos.com\/es\/wp-json\/wp\/v2\/media?parent=5743"}],"wp:term":[{"taxonomy":"product_cat","embeddable":true,"href":"https:\/\/saharatoursmarruecos.com\/es\/wp-json\/wp\/v2\/product_cat?post=5743"},{"taxonomy":"product_tag","embeddable":true,"href":"https:\/\/saharatoursmarruecos.com\/es\/wp-json\/wp\/v2\/product_tag?post=5743"}],"curies":[{"name":"wp","href":"https:\/\/api.w.org\/{rel}","templated":true}]}}