{"id":5742,"date":"2023-02-11T18:46:49","date_gmt":"2023-02-11T18:46:49","guid":{"rendered":"https:\/\/www.saharatoursmarruecos.com\/product\/excursion-de-7-dias-desde-fez-al-desierto-de-merzouga-y-marrakech\/"},"modified":"2023-02-11T18:46:49","modified_gmt":"2023-02-11T18:46:49","slug":"circuito-de-7-dias-de-fez-a-merzouga-desierto-y-marrakech","status":"publish","type":"product","link":"https:\/\/saharatoursmarruecos.com\/es\/producto\/circuito-de-7-dias-de-fez-a-merzouga-desierto-y-marrakech\/","title":{"rendered":"Excursi\u00f3n de 7 d\u00edas desde Fez al desierto de Merzouga y Marrakech"},"content":{"rendered":"<h2>Excursi\u00f3n de 7 d\u00edas desde Fez al desierto de Merzouga y Marrakech<\/h2>\n<p>&nbsp;<\/p>\n<h3>D\u00eda 1: D\u00eda completo para explorar Fez con gu\u00eda local<\/h3>\n<p>Le trasladaremos del aeropuerto a su hotel o riad en Fez, y despu\u00e9s visitar\u00e1 una nueva parte de la ciudad. Conocer\u00e1 la capital artesanal y religiosa de Marruecos. Fundada por Idris 1 en el siglo XII, Fez fue la capital cultural y el hogar de los almohades durante muchos a\u00f1os. Es una de las ciudades imperiales m\u00e1s interesadas en la historia y la artesan\u00eda, y una de las medinas m\u00e1s grandes del mundo \u00e1rabe; madrazas, zocos (notables por la cantidad y variedad de especias), karauin, las universidades m\u00e1s antiguas, mezquitas, plazas, andalus\u00edes y alfareros cercanos, palacios y museos. Fez es la capital artesanal de Marruecos, estancia en el Riad despu\u00e9s de la cena.<\/p>\n<p>&nbsp;<\/p>\n<h3>D\u00eda 2: Fez &#8211; Ifrane &#8211; Azrou &#8211; Midelt &#8211; IMTGHERN &#8211; Merzouga<\/h3>\n<p>Despu\u00e9s del desayuno, nos dirigimos hacia el sureste a trav\u00e9s del Medio Atlas a trav\u00e9s de Maroc Suisse Fran, a continuaci\u00f3n, Azrou, nos detendremos en el famoso bosque de cedros marroqu\u00ed, el bosque de cedros m\u00e1s grande de Marruecos. Vea y juegue con los simios de Berber\u00eda. Desde all\u00ed continuaremos hacia el sur pasando por varios pueblos donde tendr\u00e1 la oportunidad de ver n\u00f3madas viviendo en tiendas de campa\u00f1a. Ver y jugar con simios de Berber\u00eda. Crea un oasis ideal para cultivar diversos \u00e1rboles frutales y microclimas vegetales. Llegamos a Erfoud, capital econ\u00f3mica de la regi\u00f3n de Tafilalet. En esta zona son muy ricos los f\u00f3siles que demuestran que el pasado estuvo cubierto de agua marina. A partir de ah\u00ed, el asfalto desaparece y el sendero del S\u00e1hara llega al pueblo de Merzouga. Cena y alojamiento en el hotel.<\/p>\n<p>&nbsp;<\/p>\n<h3>D\u00cdA 3: ERG CHEBBI MERZOUGA D\u00cdA COMPLETO<\/h3>\n<p>Hoy exploraremos Erg Chebbi m\u00e1s a fondo. Visitamos el pueblo de Khamlia y encontramos peque\u00f1as aldeas y casas habitadas en lugares inesperados y alejados de la civilizaci\u00f3n. Tambi\u00e9n visitaremos a los n\u00f3madas del lugar y por la tarde le llevaremos en un safari en camello 4\u00d74 para pasar la noche en el desierto bajo el cielo. Noche en una tienda bereber en medio de las dunas.<\/p>\n<p>&nbsp;<\/p>\n<h3>D\u00cdA 4: MERZOUGA &#8211; RISSANI &#8211; GARGANTAS DEL TODRA &#8211; VALLE DEL DADES &#8211; OUARZAZATE<\/h3>\n<p>Tras el desayuno, nos dirigimos al mercado de Rissani, la antigua Sijilmassa, centro de adquisici\u00f3n de las antiguas caravanas del S\u00e1hara. Continuamos por el paisaje semides\u00e9rtico hasta llegar al oasis de Tinghir, probablemente uno de los lugares m\u00e1s bellos de Marruecos. A continuaci\u00f3n pasaremos por el r\u00edo Todra, un impresionante desfiladero de m\u00e1s de 300 metros de altura. Visitamos el pueblo y seguimos la carretera de los mil castillos hasta Ouarzazate para llegar a una de las ciudades m\u00e1s importantes del sur de Marruecos, famosa por sus intensos eventos cinematogr\u00e1ficos como Gladiator, Troya, La Momia y muchos m\u00e1s. otros. . Visita de la Kasbah de Taurirt. Cenaremos y pasaremos la noche en el hotel.<\/p>\n<p>&nbsp;<\/p>\n<h3>D\u00eda 5: OUARZAZATE &#8211; AIT BENHADDOU &#8211; MARRAKECH<\/h3>\n<p>Tras el desayuno, nos dirigimos a Ait Ben Haddou, la Reina del Castillo (Patrimonio de la Humanidad de la UNESCO). Despu\u00e9s, visitaremos una de las pistas m\u00e1s bellas de Marruecos, el castillo de Telouet, el antiguo palacio de Glagui, el Pacha Marrakech. Continuamos por el puerto de monta\u00f1a m\u00e1s alto de Marruecos: Tzi N TichKa (2.260 m) hasta la ciudad imperial de Marrakech. Pasamos la noche en el riad.<\/p>\n<p>&nbsp;<\/p>\n<h3>D\u00eda 6: D\u00eda completo para explorar Marrakech con un gu\u00eda local<\/h3>\n<p>Despu\u00e9s del desayuno, saldremos para una excursi\u00f3n de d\u00eda completo para explorar Marrakech. La historia cuenta que la ciudad estaba habitada por una tribu del otro lado del Atlas, donde se cultivaban d\u00e1tiles y huesos en abundancia para las palmeras. Conocida como la \u00abciudad roja\u00bb por el color de sus murallas, est\u00e1 salpicada de jardines y alimentada por pozos subterr\u00e1neos (khettaras) construidos en el siglo XI por n\u00f3madas almor\u00e1vides y saharauis. Visitaremos la Menara, la Casbah y las Tumbas Saad\u00edes. El Palacio de la Bah\u00eda, la Koutoubia, los Jardines Majorelle y los Zocos son algunas de las visitas imprescindibles. Una experiencia \u00fanica ser\u00e1 descubrir la plaza \u00abDjemaa El Fna\u00bb, donde se concentran la vida y las actividades de la ciudad: bailarines, cuentacuentos, malabaristas, artesanos, comerciantes y encantadores de serpientes. Noche en nuestro riad local de Marrakech<\/p>\n<p>&nbsp;<\/p>\n<h3>D\u00eda 7: Marrakech &#8211; Aeropuerto<\/h3>\n<p>Tiempo libre hasta que le dejemos en el aeropuerto antes de su vuelo, este ser\u00e1 el final de nuestro servicio.<\/p>\n<p>&nbsp;<\/p>\n<h4>Incluido en el tour:<\/h4>\n<ul>\n<li>Transporte del aeropuerto al hotel\/riad en Fez<\/li>\n<li>Gu\u00eda local para visitas de un d\u00eda en Fez y Marrakech<\/li>\n<li>Alojamiento en hoteles\/riads<\/li>\n<li>Transporte entre destinos<\/li>\n<li>Comidas especificadas en el itinerario<\/li>\n<li>Visitas a lugares hist\u00f3ricos, palacios, museos y jardines mencionados en el itinerario<\/li>\n<li>Paseo en camello por el desierto<\/li>\n<li>Traslado al aeropuerto el \u00faltimo d\u00eda<\/li>\n<\/ul>\n<h4>No incluido en el tour:<\/h4>\n<ul>\n<li>Billetes de avi\u00f3n desde y hacia Marruecos<\/li>\n<li>Seguro de viaje<\/li>\n<li>Gastos personales como bebidas, recuerdos, etc.<\/li>\n<li>Consejos para gu\u00edas y conductores<\/li>\n<\/ul>\n","protected":false},"excerpt":{"rendered":"<p>Excursi\u00f3n de 7 d\u00edas desde Fez al desierto de Merzouga y Marrakech &nbsp; D\u00eda 1: D\u00eda completo para explorar Fez con gu\u00eda local Le trasladaremos del aeropuerto a su hotel o riad en Fez, y despu\u00e9s visitar\u00e1 una nueva parte de la ciudad. Conocer\u00e1 la capital artesanal y religiosa de Marruecos. Fundada por Idris 1 [&hellip;]<\/p>\n","protected":false},"featured_media":5390,"comment_status":"open","ping_status":"closed","template":"","meta":[],"product_cat":[68],"product_tag":[],"class_list":["post-5742","product","type-product","status-publish","has-post-thumbnail","hentry","product_cat-tours-desde-fez"],"yoast_head":"<!-- This site is optimized with the Yoast SEO plugin v20.1 - https:\/\/yoast.com\/wordpress\/plugins\/seo\/ -->\n<title>Excursi\u00f3n de 7 d\u00edas desde Fez al desierto de Merzouga y Marrakech - Sahara Tours Marruecos<\/title>\n<meta name=\"description\" content=\"Explore la impresionante belleza de Marruecos con nuestra excursi\u00f3n de 6 d\u00edas a Marrakech. Experimente el desierto, visite ciudades hist\u00f3ricas y marav\u00edllese ante paisajes esc\u00e9nicos.\" \/>\n<meta name=\"robots\" content=\"index, follow, max-snippet:-1, max-image-preview:large, max-video-preview:-1\" \/>\n<link rel=\"canonical\" href=\"https:\/\/saharatoursmarruecos.com\/es\/producto\/circuito-de-7-dias-de-fez-a-merzouga-desierto-y-marrakech\/\" \/>\n<meta property=\"og:locale\" content=\"es_ES\" \/>\n<meta property=\"og:type\" content=\"article\" \/>\n<meta property=\"og:title\" content=\"Excursi\u00f3n de 7 d\u00edas desde Fez al desierto de Merzouga y Marrakech - Sahara Tours Marruecos\" \/>\n<meta property=\"og:description\" content=\"Explore la impresionante belleza de Marruecos con nuestra excursi\u00f3n de 6 d\u00edas a Marrakech. Experimente el desierto, visite ciudades hist\u00f3ricas y marav\u00edllese ante paisajes esc\u00e9nicos.\" \/>\n<meta property=\"og:url\" content=\"https:\/\/saharatoursmarruecos.com\/es\/producto\/circuito-de-7-dias-de-fez-a-merzouga-desierto-y-marrakech\/\" \/>\n<meta property=\"og:site_name\" content=\"Sahara Tours Marruecos\" \/>\n<meta property=\"og:image\" content=\"https:\/\/saharatoursmarruecos.com\/wp-content\/uploads\/2023\/02\/Dades-Gorge-Dades-Valley-24-1-scaled.jpeg\" \/>\n\t<meta property=\"og:image:width\" content=\"2560\" \/>\n\t<meta property=\"og:image:height\" content=\"1707\" \/>\n\t<meta property=\"og:image:type\" content=\"image\/jpeg\" \/>\n<meta name=\"twitter:card\" content=\"summary_large_image\" \/>\n<meta name=\"twitter:label1\" content=\"Tiempo de lectura\" \/>\n\t<meta name=\"twitter:data1\" content=\"4 minutos\" \/>\n<script type=\"application\/ld+json\" class=\"yoast-schema-graph\">{\"@context\":\"https:\/\/schema.org\",\"@graph\":[{\"@type\":\"WebPage\",\"@id\":\"https:\/\/saharatoursmarruecos.com\/es\/producto\/circuito-de-7-dias-de-fez-a-merzouga-desierto-y-marrakech\/\",\"url\":\"https:\/\/saharatoursmarruecos.com\/es\/producto\/circuito-de-7-dias-de-fez-a-merzouga-desierto-y-marrakech\/\",\"name\":\"Excursi\u00f3n de 7 d\u00edas desde Fez al desierto de Merzouga y Marrakech - Sahara Tours Marruecos\",\"isPartOf\":{\"@id\":\"https:\/\/saharatoursmarruecos.com\/#website\"},\"datePublished\":\"2023-02-11T18:46:49+00:00\",\"dateModified\":\"2023-02-11T18:46:49+00:00\",\"description\":\"Explore la impresionante belleza de Marruecos con nuestra excursi\u00f3n de 6 d\u00edas a Marrakech. Experimente el desierto, visite ciudades hist\u00f3ricas y marav\u00edllese ante paisajes esc\u00e9nicos.\",\"breadcrumb\":{\"@id\":\"https:\/\/saharatoursmarruecos.com\/es\/producto\/circuito-de-7-dias-de-fez-a-merzouga-desierto-y-marrakech\/#breadcrumb\"},\"inLanguage\":\"es\",\"potentialAction\":[{\"@type\":\"ReadAction\",\"target\":[\"https:\/\/saharatoursmarruecos.com\/es\/producto\/circuito-de-7-dias-de-fez-a-merzouga-desierto-y-marrakech\/\"]}]},{\"@type\":\"BreadcrumbList\",\"@id\":\"https:\/\/saharatoursmarruecos.com\/es\/producto\/circuito-de-7-dias-de-fez-a-merzouga-desierto-y-marrakech\/#breadcrumb\",\"itemListElement\":[{\"@type\":\"ListItem\",\"position\":1,\"name\":\"Home\",\"item\":\"https:\/\/saharatoursmarruecos.com\/\"},{\"@type\":\"ListItem\",\"position\":2,\"name\":\"Shop\",\"item\":\"https:\/\/saharatoursmarruecos.com\/shop\/\"},{\"@type\":\"ListItem\",\"position\":3,\"name\":\"Excursi\u00f3n de 7 d\u00edas desde Fez al desierto de Merzouga y Marrakech\"}]},{\"@type\":\"WebSite\",\"@id\":\"https:\/\/saharatoursmarruecos.com\/#website\",\"url\":\"https:\/\/saharatoursmarruecos.com\/\",\"name\":\"Sahara Tours Marruecos\",\"description\":\"Sahara Tours Marruecos\",\"potentialAction\":[{\"@type\":\"SearchAction\",\"target\":{\"@type\":\"EntryPoint\",\"urlTemplate\":\"https:\/\/saharatoursmarruecos.com\/?s={search_term_string}\"},\"query-input\":\"required name=search_term_string\"}],\"inLanguage\":\"es\"}]}<\/script>\n<!-- \/ Yoast SEO plugin. -->","yoast_head_json":{"title":"Excursi\u00f3n de 7 d\u00edas desde Fez al desierto de Merzouga y Marrakech - Sahara Tours Marruecos","description":"Explore la impresionante belleza de Marruecos con nuestra excursi\u00f3n de 6 d\u00edas a Marrakech. Experimente el desierto, visite ciudades hist\u00f3ricas y marav\u00edllese ante paisajes esc\u00e9nicos.","robots":{"index":"index","follow":"follow","max-snippet":"max-snippet:-1","max-image-preview":"max-image-preview:large","max-video-preview":"max-video-preview:-1"},"canonical":"https:\/\/saharatoursmarruecos.com\/es\/producto\/circuito-de-7-dias-de-fez-a-merzouga-desierto-y-marrakech\/","og_locale":"es_ES","og_type":"article","og_title":"Excursi\u00f3n de 7 d\u00edas desde Fez al desierto de Merzouga y Marrakech - Sahara Tours Marruecos","og_description":"Explore la impresionante belleza de Marruecos con nuestra excursi\u00f3n de 6 d\u00edas a Marrakech. Experimente el desierto, visite ciudades hist\u00f3ricas y marav\u00edllese ante paisajes esc\u00e9nicos.","og_url":"https:\/\/saharatoursmarruecos.com\/es\/producto\/circuito-de-7-dias-de-fez-a-merzouga-desierto-y-marrakech\/","og_site_name":"Sahara Tours Marruecos","og_image":[{"width":2560,"height":1707,"url":"https:\/\/saharatoursmarruecos.com\/wp-content\/uploads\/2023\/02\/Dades-Gorge-Dades-Valley-24-1-scaled.jpeg","type":"image\/jpeg"}],"twitter_card":"summary_large_image","twitter_misc":{"Tiempo de lectura":"4 minutos"},"schema":{"@context":"https:\/\/schema.org","@graph":[{"@type":"WebPage","@id":"https:\/\/saharatoursmarruecos.com\/es\/producto\/circuito-de-7-dias-de-fez-a-merzouga-desierto-y-marrakech\/","url":"https:\/\/saharatoursmarruecos.com\/es\/producto\/circuito-de-7-dias-de-fez-a-merzouga-desierto-y-marrakech\/","name":"Excursi\u00f3n de 7 d\u00edas desde Fez al desierto de Merzouga y Marrakech - Sahara Tours Marruecos","isPartOf":{"@id":"https:\/\/saharatoursmarruecos.com\/#website"},"datePublished":"2023-02-11T18:46:49+00:00","dateModified":"2023-02-11T18:46:49+00:00","description":"Explore la impresionante belleza de Marruecos con nuestra excursi\u00f3n de 6 d\u00edas a Marrakech. Experimente el desierto, visite ciudades hist\u00f3ricas y marav\u00edllese ante paisajes esc\u00e9nicos.","breadcrumb":{"@id":"https:\/\/saharatoursmarruecos.com\/es\/producto\/circuito-de-7-dias-de-fez-a-merzouga-desierto-y-marrakech\/#breadcrumb"},"inLanguage":"es","potentialAction":[{"@type":"ReadAction","target":["https:\/\/saharatoursmarruecos.com\/es\/producto\/circuito-de-7-dias-de-fez-a-merzouga-desierto-y-marrakech\/"]}]},{"@type":"BreadcrumbList","@id":"https:\/\/saharatoursmarruecos.com\/es\/producto\/circuito-de-7-dias-de-fez-a-merzouga-desierto-y-marrakech\/#breadcrumb","itemListElement":[{"@type":"ListItem","position":1,"name":"Home","item":"https:\/\/saharatoursmarruecos.com\/"},{"@type":"ListItem","position":2,"name":"Shop","item":"https:\/\/saharatoursmarruecos.com\/shop\/"},{"@type":"ListItem","position":3,"name":"Excursi\u00f3n de 7 d\u00edas desde Fez al desierto de Merzouga y Marrakech"}]},{"@type":"WebSite","@id":"https:\/\/saharatoursmarruecos.com\/#website","url":"https:\/\/saharatoursmarruecos.com\/","name":"Sahara Tours Marruecos","description":"Sahara Tours Marruecos","potentialAction":[{"@type":"SearchAction","target":{"@type":"EntryPoint","urlTemplate":"https:\/\/saharatoursmarruecos.com\/?s={search_term_string}"},"query-input":"required name=search_term_string"}],"inLanguage":"es"}]}},"_links":{"self":[{"href":"https:\/\/saharatoursmarruecos.com\/es\/wp-json\/wp\/v2\/product\/5742","targetHints":{"allow":["GET"]}}],"collection":[{"href":"https:\/\/saharatoursmarruecos.com\/es\/wp-json\/wp\/v2\/product"}],"about":[{"href":"https:\/\/saharatoursmarruecos.com\/es\/wp-json\/wp\/v2\/types\/product"}],"replies":[{"embeddable":true,"href":"https:\/\/saharatoursmarruecos.com\/es\/wp-json\/wp\/v2\/comments?post=5742"}],"wp:featuredmedia":[{"embeddable":true,"href":"https:\/\/saharatoursmarruecos.com\/es\/wp-json\/wp\/v2\/media\/5390"}],"wp:attachment":[{"href":"https:\/\/saharatoursmarruecos.com\/es\/wp-json\/wp\/v2\/media?parent=5742"}],"wp:term":[{"taxonomy":"product_cat","embeddable":true,"href":"https:\/\/saharatoursmarruecos.com\/es\/wp-json\/wp\/v2\/product_cat?post=5742"},{"taxonomy":"product_tag","embeddable":true,"href":"https:\/\/saharatoursmarruecos.com\/es\/wp-json\/wp\/v2\/product_tag?post=5742"}],"curies":[{"name":"wp","href":"https:\/\/api.w.org\/{rel}","templated":true}]}}