{"id":5741,"date":"2023-02-11T18:17:24","date_gmt":"2023-02-11T18:17:24","guid":{"rendered":"https:\/\/www.saharatoursmarruecos.com\/product\/8-dias-de-casablanca-a-marrakech-por-el-desierto-de-merzouga\/"},"modified":"2023-02-11T18:17:24","modified_gmt":"2023-02-11T18:17:24","slug":"excursion-de-8-dias-de-casablanca-a-marrakech-por-el-desierto-de-merzouga","status":"publish","type":"product","link":"https:\/\/saharatoursmarruecos.com\/es\/producto\/excursion-de-8-dias-de-casablanca-a-marrakech-por-el-desierto-de-merzouga\/","title":{"rendered":"8 d\u00edas de Casablanca a Marrakech por el desierto de Merzouga"},"content":{"rendered":"<h2>8 d\u00edas de Casablanca a Marrakech por el desierto de Merzouga<\/h2>\n<p>&nbsp;<\/p>\n<h3>D\u00eda 1: Casablanca &#8211; Rabat &#8211; Meknes &#8211; FES<\/h3>\n<p>Despu\u00e9s de reunirnos en el lugar acordado. Comenzaremos nuestro recorrido desde Rabat, donde visitaremos la Kasbah de Udaya y la Torre Hassan en Meknes, otra importante ciudad imperial de Marruecos. Tambi\u00e9n visitaremos la famosa Puerta de Bab El Mansour, el Mausoleo de Moulay Ismail y Sahrij Souani antes de continuar hacia Fez. Noche en hotel o riad.<\/p>\n<h3>D\u00eda 2: Visita de d\u00eda completo a la antigua ciudad imperial FES<\/h3>\n<p>Nuestro conductor le recoger\u00e1 en su hotel o riad y le mostrar\u00e1 los alrededores de Fez con un gu\u00eda local. El recorrido por Fez incluye visitas a la Medina de El Bali (Medina Vieja, Patrimonio Mundial de la UNESCO), los barrios nuevos, las escuelas cor\u00e1nicas y las curtidur\u00edas de la Medina, as\u00ed como cualquier otro lugar que desee explorar. Noche en un Riad u hotel local en Fez.<\/p>\n<h3>D\u00eda 3: FES &#8211; IFRANE &#8211; MERZOUGA Desierto del S\u00e1hara.<\/h3>\n<p>Despu\u00e9s del desayuno, nos dirigimos a la \u00abSuiza marroqu\u00ed\u00bb Ifrane y Azrou a trav\u00e9s de las monta\u00f1as del Atlas Medio \u00abTizi n t&#8217;lghamt pass\u00bb. Durante el viaje, nos detendremos en muchos lugares para tomar fotos y almorzar en Midert, entonces vamos a seguir para visitar el Valle del Ziz, la ciudad de Errachidia, Erfoud, despu\u00e9s de llegar al coraz\u00f3n del desierto del Sahara en Marruecos, Merzouga all\u00ed, usted tiene un poco de descanso, a continuaci\u00f3n, obtener en su camello, ir profundamente en el desierto. Durante nuestra excursi\u00f3n en camello, veremos la puesta de sol entre las dunas. Deliciosa cena en el campamento del S\u00e1hara, disfrutamos de la noche en nuestras tiendas del desierto, bajo cielos despejados y estrellas, tambores bereberes.<\/p>\n<h3>D\u00eda 4: D\u00eda del S\u00e1hara &#8211; Merzouga &#8211; N\u00f3madas &#8211; M\u00fasica GNAWA.<\/h3>\n<p>Por la ma\u00f1ana temprano, su camellero le despertar\u00e1 para admirar el amanecer. Tras el desayuno, regreso al hotel en camello. Aqu\u00ed le llevaremos a descubrir la regi\u00f3n, visitando la aldea de Khamlia, hogar original de esclavos procedentes de Sud\u00e1n&#8230; conozca su m\u00fasica y su forma de vida. Tambi\u00e9n podemos visitar tiendas de n\u00f3madas bereberes donde muchas artesan\u00edas bereberes son m\u00e1s baratas que en las grandes ciudades. Aqu\u00ed podr\u00e1 pasar la noche en un hotel o un riad.<\/p>\n<h3>D\u00eda 5: MERZOUGA &#8211; RISSANI &#8211; TODRA GORGES &#8211; CASCADAS DE DADES<\/h3>\n<p>A la ma\u00f1ana siguiente. Durante su viaje a Rissani, visitaremos el mercado de Rissani, una ciudad tradicional que fue cuna de la familia gobernante de Marruecos y lugar de encuentro de las caravanas que comerciaban con Tombuct\u00fa (Mali). Aqu\u00ed ver\u00e1 muchos hombres encapuchados y mujeres con velo mientras contin\u00faa hacia la garganta del Todra, el ca\u00f1\u00f3n m\u00e1s alto y estrecho de Marruecos. Tras almorzar en el coraz\u00f3n del ca\u00f1\u00f3n, cruzaremos el valle del Dades, donde ver\u00e1 majestuosos castillos de arena y asombrosas formaciones rocosas llamadas \u00abmonos\u00bb. Pasaremos la noche en un hotel de lujo con vistas al valle del Dades.<\/p>\n<h3>D\u00eda 6: VALLE DEL DADES &#8211; OUARZAZATE &#8211; AIT BEN HADDOU &#8211; ALTAS MONTA\u00d1AS DEL ATLAS &#8211; MARRAKECH<\/h3>\n<p>Tras desayunar en el hotel, comenzaremos el d\u00eda visitando las magn\u00edficas formaciones rocosas del ca\u00f1\u00f3n del Dades. A continuaci\u00f3n, conduzca por el Valle de las Rosas hasta Kalaa M&#8217;gouna y Skoura, llegue a Oarzazate, conocido como el Hollywood africano, y haga una parada en el Estudio Cinematogr\u00e1fico Atlas. A continuaci\u00f3n, dir\u00edjase a la \u00abKasbah Ait Benhaddou\u00bb, declarada Patrimonio de la Humanidad por la UNESCO en 1986. La Kasbah de Ait Benhaddou es uno de los escenarios naturales de muchas pel\u00edculas como \u00abAlejandro, Gladiator, Torre de Babel&#8230;\u00bb y almorzar en un restaurante local. Por la tarde, nos dirigiremos hacia la ciudad roja de Marrakech a trav\u00e9s del paso de Tizi N&#8217;tichka (2260 m) Llegada a Marrakech y regreso a su alojamiento.<\/p>\n<h3>D\u00eda 7: De Marrakech a Essaouira (Moga Dole)<\/h3>\n<p>Continuaremos nuestro recorrido hacia Essaouira o Mogador, donde visitaremos otro lugar declarado Patrimonio de la Humanidad por la UNESCO en Marruecos, la Medina. Essaouira es un ejemplo excepcional de ciudad fortificada de finales del siglo XVIII, construida seg\u00fan los principios de la arquitectura militar europea contempor\u00e1nea en un contexto magreb\u00ed. Desde su creaci\u00f3n, ha sido un importante puerto para el comercio internacional que une Marruecos y su interior sahariano con Europa y el resto del mundo. Regreso a Marrakech<\/p>\n<h3>D\u00eda 8: Excursi\u00f3n de d\u00eda completo en Marrakech con gu\u00eda local<\/h3>\n<p>Despu\u00e9s del desayuno en el riad, comenzamos nuestro viaje para visitar la ciudad de Marrakech \u00abla ciudad roja de Marruecos\u00bb que est\u00e1 formado por Almo Fundada en el siglo XII por la dinast\u00eda Ravi, visitaremos el patrimonio cultural e hist\u00f3rico m\u00e1s importante. Tendr\u00e1 la oportunidad de explorar la Tumba Saadine, los Jardines Majorelle, la Mezquita Koutoubia (Torre). Adem\u00e1s, nuestro gu\u00eda le llevar\u00e1 a visitar la Plaza de Bah\u00eda, el zoco de la ciudad, luego ir\u00e1 a la famosa plaza de la Medina, donde ver\u00e1 y aprender\u00e1 sobre el encantador de serpientes, \u00abtalleres interesantes\u00bb, Algunos profesionales o humoristas cuentan chistes fant\u00e1sticos y hermosos. Por la tarde tendr\u00e1 tiempo libre para pasear y explorar el resto de la ciudad por su cuenta.<\/p>\n<p>&nbsp;<\/p>\n<h4>Incluido:<\/h4>\n<ul>\n<li>Reuni\u00f3n y transporte desde\/hasta el lugar acordado<\/li>\n<li>Conductor\/gu\u00eda profesional de habla inglesa<\/li>\n<li>Alojamiento en hoteles\/riads durante 7 noches (en base a habitaci\u00f3n doble\/triple compartida)<\/li>\n<li>Excursi\u00f3n en camello y acampada en el desierto de Merzouga<\/li>\n<li>Todas las entradas a los lugares mencionados en el itinerario<\/li>\n<li>Transporte en veh\u00edculo con aire acondicionado<\/li>\n<li>7 breakfasts and 7 dinners<\/li>\n<\/ul>\n<h4>No se incluye:<\/h4>\n<ul>\n<li>Billetes de avi\u00f3n<\/li>\n<li>Seguro de viaje<\/li>\n<li>Bebidas y gastos personales<\/li>\n<li>Actividades opcionales<\/li>\n<li>Propinas al conductor\/gu\u00eda y al personal del hotel.<\/li>\n<\/ul>\n<p>&nbsp;<\/p>\n","protected":false},"excerpt":{"rendered":"<p>8 d\u00edas de Casablanca a Marrakech por el desierto de Merzouga &nbsp; D\u00eda 1: Casablanca &#8211; Rabat &#8211; Meknes &#8211; FES Despu\u00e9s de reunirnos en el lugar acordado. Comenzaremos nuestro recorrido desde Rabat, donde visitaremos la Kasbah de Udaya y la Torre Hassan en Meknes, otra importante ciudad imperial de Marruecos. Tambi\u00e9n visitaremos la famosa [&hellip;]<\/p>\n","protected":false},"featured_media":5361,"comment_status":"open","ping_status":"closed","template":"","meta":[],"product_cat":[69],"product_tag":[],"class_list":["post-5741","product","type-product","status-publish","has-post-thumbnail","hentry","product_cat-tours-desde-casablanca-es"],"yoast_head":"<!-- This site is optimized with the Yoast SEO plugin v20.1 - https:\/\/yoast.com\/wordpress\/plugins\/seo\/ -->\n<title>8 d\u00edas de Casablanca a Marrakech por el desierto de Merzouga - Sahara Tours Marruecos<\/title>\n<meta name=\"description\" content=\"Explore la impresionante belleza de Marruecos con nuestra excursi\u00f3n de 6 d\u00edas a Marrakech. Experimente el desierto, visite ciudades hist\u00f3ricas y marav\u00edllese ante paisajes esc\u00e9nicos.\" \/>\n<meta name=\"robots\" content=\"index, follow, max-snippet:-1, max-image-preview:large, max-video-preview:-1\" \/>\n<link rel=\"canonical\" href=\"https:\/\/saharatoursmarruecos.com\/es\/producto\/excursion-de-8-dias-de-casablanca-a-marrakech-por-el-desierto-de-merzouga\/\" \/>\n<meta property=\"og:locale\" content=\"es_ES\" \/>\n<meta property=\"og:type\" content=\"article\" \/>\n<meta property=\"og:title\" content=\"8 d\u00edas de Casablanca a Marrakech por el desierto de Merzouga - Sahara Tours Marruecos\" \/>\n<meta property=\"og:description\" content=\"Explore la impresionante belleza de Marruecos con nuestra excursi\u00f3n de 6 d\u00edas a Marrakech. Experimente el desierto, visite ciudades hist\u00f3ricas y marav\u00edllese ante paisajes esc\u00e9nicos.\" \/>\n<meta property=\"og:url\" content=\"https:\/\/saharatoursmarruecos.com\/es\/producto\/excursion-de-8-dias-de-casablanca-a-marrakech-por-el-desierto-de-merzouga\/\" \/>\n<meta property=\"og:site_name\" content=\"Sahara Tours Marruecos\" \/>\n<meta property=\"og:image\" content=\"https:\/\/saharatoursmarruecos.com\/wp-content\/uploads\/2023\/02\/dyer-in-morocco_t20_WxonRz.jpg\" \/>\n\t<meta property=\"og:image:width\" content=\"1620\" \/>\n\t<meta property=\"og:image:height\" content=\"1080\" \/>\n\t<meta property=\"og:image:type\" content=\"image\/jpeg\" \/>\n<meta name=\"twitter:card\" content=\"summary_large_image\" \/>\n<meta name=\"twitter:label1\" content=\"Tiempo de lectura\" \/>\n\t<meta name=\"twitter:data1\" content=\"5 minutos\" \/>\n<script type=\"application\/ld+json\" class=\"yoast-schema-graph\">{\"@context\":\"https:\/\/schema.org\",\"@graph\":[{\"@type\":\"WebPage\",\"@id\":\"https:\/\/saharatoursmarruecos.com\/es\/producto\/excursion-de-8-dias-de-casablanca-a-marrakech-por-el-desierto-de-merzouga\/\",\"url\":\"https:\/\/saharatoursmarruecos.com\/es\/producto\/excursion-de-8-dias-de-casablanca-a-marrakech-por-el-desierto-de-merzouga\/\",\"name\":\"8 d\u00edas de Casablanca a Marrakech por el desierto de Merzouga - Sahara Tours Marruecos\",\"isPartOf\":{\"@id\":\"https:\/\/saharatoursmarruecos.com\/#website\"},\"datePublished\":\"2023-02-11T18:17:24+00:00\",\"dateModified\":\"2023-02-11T18:17:24+00:00\",\"description\":\"Explore la impresionante belleza de Marruecos con nuestra excursi\u00f3n de 6 d\u00edas a Marrakech. Experimente el desierto, visite ciudades hist\u00f3ricas y marav\u00edllese ante paisajes esc\u00e9nicos.\",\"breadcrumb\":{\"@id\":\"https:\/\/saharatoursmarruecos.com\/es\/producto\/excursion-de-8-dias-de-casablanca-a-marrakech-por-el-desierto-de-merzouga\/#breadcrumb\"},\"inLanguage\":\"es\",\"potentialAction\":[{\"@type\":\"ReadAction\",\"target\":[\"https:\/\/saharatoursmarruecos.com\/es\/producto\/excursion-de-8-dias-de-casablanca-a-marrakech-por-el-desierto-de-merzouga\/\"]}]},{\"@type\":\"BreadcrumbList\",\"@id\":\"https:\/\/saharatoursmarruecos.com\/es\/producto\/excursion-de-8-dias-de-casablanca-a-marrakech-por-el-desierto-de-merzouga\/#breadcrumb\",\"itemListElement\":[{\"@type\":\"ListItem\",\"position\":1,\"name\":\"Home\",\"item\":\"https:\/\/saharatoursmarruecos.com\/\"},{\"@type\":\"ListItem\",\"position\":2,\"name\":\"Shop\",\"item\":\"https:\/\/saharatoursmarruecos.com\/shop\/\"},{\"@type\":\"ListItem\",\"position\":3,\"name\":\"8 d\u00edas de Casablanca a Marrakech por el desierto de Merzouga\"}]},{\"@type\":\"WebSite\",\"@id\":\"https:\/\/saharatoursmarruecos.com\/#website\",\"url\":\"https:\/\/saharatoursmarruecos.com\/\",\"name\":\"Sahara Tours Marruecos\",\"description\":\"Sahara Tours Marruecos\",\"potentialAction\":[{\"@type\":\"SearchAction\",\"target\":{\"@type\":\"EntryPoint\",\"urlTemplate\":\"https:\/\/saharatoursmarruecos.com\/?s={search_term_string}\"},\"query-input\":\"required name=search_term_string\"}],\"inLanguage\":\"es\"}]}<\/script>\n<!-- \/ Yoast SEO plugin. -->","yoast_head_json":{"title":"8 d\u00edas de Casablanca a Marrakech por el desierto de Merzouga - Sahara Tours Marruecos","description":"Explore la impresionante belleza de Marruecos con nuestra excursi\u00f3n de 6 d\u00edas a Marrakech. Experimente el desierto, visite ciudades hist\u00f3ricas y marav\u00edllese ante paisajes esc\u00e9nicos.","robots":{"index":"index","follow":"follow","max-snippet":"max-snippet:-1","max-image-preview":"max-image-preview:large","max-video-preview":"max-video-preview:-1"},"canonical":"https:\/\/saharatoursmarruecos.com\/es\/producto\/excursion-de-8-dias-de-casablanca-a-marrakech-por-el-desierto-de-merzouga\/","og_locale":"es_ES","og_type":"article","og_title":"8 d\u00edas de Casablanca a Marrakech por el desierto de Merzouga - Sahara Tours Marruecos","og_description":"Explore la impresionante belleza de Marruecos con nuestra excursi\u00f3n de 6 d\u00edas a Marrakech. Experimente el desierto, visite ciudades hist\u00f3ricas y marav\u00edllese ante paisajes esc\u00e9nicos.","og_url":"https:\/\/saharatoursmarruecos.com\/es\/producto\/excursion-de-8-dias-de-casablanca-a-marrakech-por-el-desierto-de-merzouga\/","og_site_name":"Sahara Tours Marruecos","og_image":[{"width":1620,"height":1080,"url":"https:\/\/saharatoursmarruecos.com\/wp-content\/uploads\/2023\/02\/dyer-in-morocco_t20_WxonRz.jpg","type":"image\/jpeg"}],"twitter_card":"summary_large_image","twitter_misc":{"Tiempo de lectura":"5 minutos"},"schema":{"@context":"https:\/\/schema.org","@graph":[{"@type":"WebPage","@id":"https:\/\/saharatoursmarruecos.com\/es\/producto\/excursion-de-8-dias-de-casablanca-a-marrakech-por-el-desierto-de-merzouga\/","url":"https:\/\/saharatoursmarruecos.com\/es\/producto\/excursion-de-8-dias-de-casablanca-a-marrakech-por-el-desierto-de-merzouga\/","name":"8 d\u00edas de Casablanca a Marrakech por el desierto de Merzouga - Sahara Tours Marruecos","isPartOf":{"@id":"https:\/\/saharatoursmarruecos.com\/#website"},"datePublished":"2023-02-11T18:17:24+00:00","dateModified":"2023-02-11T18:17:24+00:00","description":"Explore la impresionante belleza de Marruecos con nuestra excursi\u00f3n de 6 d\u00edas a Marrakech. Experimente el desierto, visite ciudades hist\u00f3ricas y marav\u00edllese ante paisajes esc\u00e9nicos.","breadcrumb":{"@id":"https:\/\/saharatoursmarruecos.com\/es\/producto\/excursion-de-8-dias-de-casablanca-a-marrakech-por-el-desierto-de-merzouga\/#breadcrumb"},"inLanguage":"es","potentialAction":[{"@type":"ReadAction","target":["https:\/\/saharatoursmarruecos.com\/es\/producto\/excursion-de-8-dias-de-casablanca-a-marrakech-por-el-desierto-de-merzouga\/"]}]},{"@type":"BreadcrumbList","@id":"https:\/\/saharatoursmarruecos.com\/es\/producto\/excursion-de-8-dias-de-casablanca-a-marrakech-por-el-desierto-de-merzouga\/#breadcrumb","itemListElement":[{"@type":"ListItem","position":1,"name":"Home","item":"https:\/\/saharatoursmarruecos.com\/"},{"@type":"ListItem","position":2,"name":"Shop","item":"https:\/\/saharatoursmarruecos.com\/shop\/"},{"@type":"ListItem","position":3,"name":"8 d\u00edas de Casablanca a Marrakech por el desierto de Merzouga"}]},{"@type":"WebSite","@id":"https:\/\/saharatoursmarruecos.com\/#website","url":"https:\/\/saharatoursmarruecos.com\/","name":"Sahara Tours Marruecos","description":"Sahara Tours Marruecos","potentialAction":[{"@type":"SearchAction","target":{"@type":"EntryPoint","urlTemplate":"https:\/\/saharatoursmarruecos.com\/?s={search_term_string}"},"query-input":"required name=search_term_string"}],"inLanguage":"es"}]}},"_links":{"self":[{"href":"https:\/\/saharatoursmarruecos.com\/es\/wp-json\/wp\/v2\/product\/5741","targetHints":{"allow":["GET"]}}],"collection":[{"href":"https:\/\/saharatoursmarruecos.com\/es\/wp-json\/wp\/v2\/product"}],"about":[{"href":"https:\/\/saharatoursmarruecos.com\/es\/wp-json\/wp\/v2\/types\/product"}],"replies":[{"embeddable":true,"href":"https:\/\/saharatoursmarruecos.com\/es\/wp-json\/wp\/v2\/comments?post=5741"}],"wp:featuredmedia":[{"embeddable":true,"href":"https:\/\/saharatoursmarruecos.com\/es\/wp-json\/wp\/v2\/media\/5361"}],"wp:attachment":[{"href":"https:\/\/saharatoursmarruecos.com\/es\/wp-json\/wp\/v2\/media?parent=5741"}],"wp:term":[{"taxonomy":"product_cat","embeddable":true,"href":"https:\/\/saharatoursmarruecos.com\/es\/wp-json\/wp\/v2\/product_cat?post=5741"},{"taxonomy":"product_tag","embeddable":true,"href":"https:\/\/saharatoursmarruecos.com\/es\/wp-json\/wp\/v2\/product_tag?post=5741"}],"curies":[{"name":"wp","href":"https:\/\/api.w.org\/{rel}","templated":true}]}}