{"id":5740,"date":"2023-02-11T19:21:36","date_gmt":"2023-02-11T19:21:36","guid":{"rendered":"https:\/\/www.saharatoursmarruecos.com\/product\/circuito-de-12-dias-de-tanger-a-marrakech-pasando-por-erg-ch\/"},"modified":"2023-02-11T19:21:36","modified_gmt":"2023-02-11T19:21:36","slug":"circuito-de-12-dias-de-tanger-a-marrakech-por-erg-ch","status":"publish","type":"product","link":"https:\/\/saharatoursmarruecos.com\/es\/producto\/circuito-de-12-dias-de-tanger-a-marrakech-por-erg-ch\/","title":{"rendered":"Circuito de 12 d\u00edas de T\u00e1nger a Marrakech pasando por Erg Ch"},"content":{"rendered":"<h1>Circuito de 12 d\u00edas de T\u00e1nger a Marrakech pasando por Erg Ch<\/h1>\n<p>&nbsp;<\/p>\n<p>&nbsp;<\/p>\n<h3>D\u00eda 1: T\u00e1nger<\/h3>\n<p>Tras recibirle en el puerto\/aeropuerto, le trasladaremos a su hotel y tendr\u00e1 el resto del d\u00eda libre.<\/p>\n<p>&nbsp;<\/p>\n<h3>D\u00eda 2: T\u00e1nger &#8211; Chefchaouen<\/h3>\n<p>Tras el desayuno, salida hacia Tetu\u00e1n. Por el camino, visitaremos algunas aldeas tradicionales de la regi\u00f3n de Jbala. Hay mucho que adorar de la zona, como el aroma de la brisa y el aire limpio de la monta\u00f1a. Llegamos a Chefchaouen, atravesamos el centro de la ciudad conocida por sus famosas plazas y mercados y visitamos la medina. Pasaremos la noche en un hotel local.<\/p>\n<p>&nbsp;<\/p>\n<h3>D\u00cdA 3: CHEFCHAOUEN &#8211; VOLUBILIS &#8211; MEKNES &#8211; FES<\/h3>\n<p>Hoy nos dirigiremos a Fez para visitar las ruinas romanas bereberes de Volubilis o \u00abwalili\u00bb. Despu\u00e9s nos dirigiremos a Meknes, otra ciudad imperial con lugares hist\u00f3ricos. Tras visitar Meknes, recorreremos los lugares m\u00e1s bellos de Fez, donde pasaremos la noche.<\/p>\n<p>&nbsp;<\/p>\n<h3>D\u00eda 4: FES Jornada completa<\/h3>\n<p>Despu\u00e9s del desayuno, exploraremos la Medina (casco antiguo) con un gu\u00eda local. Fez es una de las ciudades m\u00e1s grandes y antiguas del mundo. Exploraremos las callejuelas con sus especias frescas y sus coloridas alfombras, adem\u00e1s de las muchas otras ofertas art\u00edsticas de Marruecos. Visitaremos el palacio del rey, curtidur\u00edas, alfareros y otros artesanos de ambos lados. A continuaci\u00f3n almorzaremos en un restaurante tradicional en el coraz\u00f3n de la medina, tras lo cual daremos por finalizada nuestra visita y regresaremos a nuestro hotel.<\/p>\n<p>&nbsp;<\/p>\n<h3>D\u00cdA 5: FES &#8211; IFRANE &#8211; AZROU &#8211; MIDELT &#8211; ERFOUD &#8211; MERZOUGA<\/h3>\n<p>Este d\u00eda viajaremos hacia el sureste a trav\u00e9s de las monta\u00f1as del Atlas Medio pasando por Ifrane \u00abla Suiza marroqu\u00ed\u00bb y luego Azrou, donde nos detendremos en el famoso bosque de cedros, el mayor lugar de Marruecos para ver monos de Berber\u00eda. Desde all\u00ed continuaremos hacia el sur pasando por varios pueblos donde tendr\u00e1 la oportunidad de ver n\u00f3madas viviendo en tiendas de campa\u00f1a. A continuaci\u00f3n nos detendremos en Midert, donde almorzaremos. Continuaremos hacia Merzouga por el puerto de Tizi N&#8217;Talghomt (1907 m) para disfrutar de vistas panor\u00e1micas. Tambi\u00e9n se detendr\u00e1 para admirar la vista panor\u00e1mica del palmeral de Aoufous a orillas del r\u00edo Ziz. Al final del d\u00eda, continuaremos hacia las soberbias dunas de Erg Chebbi (Merzouga). Llegada al hotel para pasar la noche.<\/p>\n<p>&nbsp;<\/p>\n<h3>D\u00cdA 6: MERZUGA &#8211; ERG CHEBBI &#8211; MERZUGA<\/h3>\n<p>Tras desayunar en su riad, podr\u00e1 descubrir la regi\u00f3n antes de embarcarse en un paseo en camello; visitar\u00e1 a los gnawa en su aldea Khamlia &#8211; &#8211; Originarios de Mali, Senegal y Sud\u00e1n &#8211; donde descubrir\u00e1 su m\u00fasica y su forma de vida. M\u00e1s tarde, nos dirigiremos a la zona des\u00e9rtica para conocer a familias n\u00f3madas y explorar su modo de vida. Nuestro almuerzo de hoy ser\u00e1 una comida tradicional bereber (pizza bereber). Tambi\u00e9n puede optar por visitar el casco antiguo de Rissani, fundaci\u00f3n de la dinast\u00eda alau\u00ed, actual familia real reinante en Marruecos. Rissani est\u00e1 rodeada por unos 360 ksar (pueblo fortificado con numerosas torres) y cuenta con un gran zoco (mercado al aire libre) que se celebra tres veces por semana. Antiguamente se llamaba Sijilmassa y era el punto de encuentro de las caravanas de sal procedentes de Tombuct\u00fa (Mali). Aqu\u00ed podr\u00e1 pasear por los zocos de venta de especias, verduras y telas. Regreso a la ciudad de Merzouga. Por la tarde, dar\u00e1 un paseo en camello guiado por un camellero experimentado para descubrir lo que se esconde en medio de las dunas de arena m\u00e1s altas de Marruecos. La cena se servir\u00e1 frente a su tienda de campa\u00f1a.<\/p>\n<p>&nbsp;<\/p>\n<h3>D\u00cdA 7: MERZOUGA &#8211; RISSANI &#8211; ALNIF &#8211; TOUDRA KLOWE &#8211; VALLE DEL DADES<\/h3>\n<p>Tras contemplar el amanecer sobre las dunas del desierto del S\u00e1hara y desayunar, regresaremos al hotel o riad en dromedario. Continuamos nuestro viaje a trav\u00e9s de Rissani, Alnif y giramos hacia el desfiladero de Toudra. Caminar\u00e1 a lo largo del arroyo del ca\u00f1\u00f3n. Continuaremos hacia el valle del Dades para pasar la noche en un riad u hotel local.<\/p>\n<p>&nbsp;<\/p>\n<h3>D\u00cdA 8: VALLE DEL DADES &#8211; AIT BEN HADDOU &#8211; MARRAKECH<\/h3>\n<p>Hoy partiremos v\u00eda Ouarzazate hacia las monta\u00f1as del Alto Atlas y visitaremos la Kasbah Ait Benhaddou, uno de los lugares de rodaje de Marruecos. El lugar ha atra\u00eddo a varios cineastas y aqu\u00ed se han rodado muchas pel\u00edculas galardonadas como: Lawrence de Arabia, Jes\u00fas de Nazaret, Gladiator y muchas m\u00e1s. Almorzaremos en la Kasbah y por la tarde cruzaremos el paso de Tizi n Tishka, en las monta\u00f1as del Atlas, hasta Marrakech, donde pasaremos la noche en un Riad.<\/p>\n<p>&nbsp;<\/p>\n<h3>D\u00eda 9: Marrakech &#8211; Essaouira &#8211; Marrakech<\/h3>\n<p>Esta ma\u00f1ana, tras desayunar, nos dirigiremos a Essaouira, ciudad costera y lugar de gran honor en la historia de Marruecos. Al llegar, descubrir\u00e1 calles antiguas, museos y castillos y ca\u00f1ones de bronce. Por la tarde, regresaremos a Marrakech y pasaremos la noche en el Riad.<\/p>\n<p>&nbsp;<\/p>\n<h3>D\u00eda 10: D\u00eda completo en Marrakech<\/h3>\n<p>Hoy pasaremos un d\u00eda completo visitando Marrakech, explorando esta hermosa ciudad y centro tur\u00edstico de Marruecos. Visitaremos la medina y sus zocos, la famosa plaza Jamaa el Fna, las tumbas saad\u00edes, los jardines de la Menara y los palacios de Bahia y Badia. Esta noche nos alojaremos en nuestro hotel de Marrakech.<\/p>\n<p>&nbsp;<\/p>\n<h3>D\u00cdA 11: MARRAKECH &#8211; CASABLANCA &#8211; RABAT &#8211; ASILAH<\/h3>\n<p>Hoy nos dirigimos a Rabat, pasando por ciudades importantes como Casablanca y Rabat (capital de Marruecos), para visitar la Mezquita de Hassan II. Despu\u00e9s conducimos hacia el norte hasta llegar a Asilah, una ciudad costera de moda con un resplandor azul. Pasamos la noche en el hotel.<\/p>\n<p>&nbsp;<\/p>\n<h3>D\u00cdA 12: ASSILAH &#8211; T\u00c1NGER<\/h3>\n<p>Despu\u00e9s del desayuno, nos dirigiremos a T\u00e1nger para terminar nuestro recorrido y explorar algunos lugares antes de llevarle a la terminal del ferry o al aeropuerto antes de la hora prevista de salida.<\/p>\n<p>&nbsp;<\/p>\n<p>&nbsp;<\/p>\n<h4>Incluido en el tour:<\/h4>\n<ul>\n<li>Traslados del puerto\/aeropuerto al hotel<\/li>\n<li>Alojamiento en hoteles y riads<\/li>\n<li>Desayuno<\/li>\n<li>Servicios de gu\u00eda local en Fez y Marrakech<\/li>\n<li>Visitas a T\u00e1nger, Chefchaouen, Volubilis, Meknes, Fez, IFRANE, Azrou, Midelt, Erfoud, Merzouga, Rissani, Alnif, Gargantas del Toudra, Valle del Dades, Ait Ben Haddou y Essaouira.<\/li>\n<li>Comidas tradicionales (pizza bereber)<\/li>\n<li>Excursi\u00f3n a camello en Merzouga<\/li>\n<li>Visita al pueblo gnawa y a las familias n\u00f3madas<\/li>\n<li>Visita a la Kasbah Ait Benhaddou<\/li>\n<\/ul>\n<h4>No incluido en el tour:<\/h4>\n<ul>\n<li>Vuelos a y desde Marruecos<\/li>\n<li>Gastos personales como recuerdos y bebidas<\/li>\n<li>Seguro de viaje<\/li>\n<li>Propinas para el gu\u00eda y el conductor<\/li>\n<\/ul>\n","protected":false},"excerpt":{"rendered":"<p>Circuito de 12 d\u00edas de T\u00e1nger a Marrakech pasando por Erg Ch &nbsp; &nbsp; D\u00eda 1: T\u00e1nger Tras recibirle en el puerto\/aeropuerto, le trasladaremos a su hotel y tendr\u00e1 el resto del d\u00eda libre. &nbsp; D\u00eda 2: T\u00e1nger &#8211; Chefchaouen Tras el desayuno, salida hacia Tetu\u00e1n. Por el camino, visitaremos algunas aldeas tradicionales de la [&hellip;]<\/p>\n","protected":false},"featured_media":5365,"comment_status":"open","ping_status":"closed","template":"","meta":[],"product_cat":[67],"product_tag":[],"class_list":["post-5740","product","type-product","status-publish","has-post-thumbnail","hentry","product_cat-tours-desde-tanger"],"yoast_head":"<!-- This site is optimized with the Yoast SEO plugin v20.1 - https:\/\/yoast.com\/wordpress\/plugins\/seo\/ -->\n<title>Circuito de 12 d\u00edas de T\u00e1nger a Marrakech pasando por Erg Ch - Sahara Tours Marruecos<\/title>\n<meta name=\"description\" content=\"Explore la impresionante belleza de Marruecos con nuestra excursi\u00f3n de 6 d\u00edas a Marrakech. Experimente el desierto, visite ciudades hist\u00f3ricas y marav\u00edllese ante paisajes esc\u00e9nicos.\" \/>\n<meta name=\"robots\" content=\"index, follow, max-snippet:-1, max-image-preview:large, max-video-preview:-1\" \/>\n<link rel=\"canonical\" href=\"https:\/\/saharatoursmarruecos.com\/es\/producto\/circuito-de-12-dias-de-tanger-a-marrakech-por-erg-ch\/\" \/>\n<meta property=\"og:locale\" content=\"es_ES\" \/>\n<meta property=\"og:type\" content=\"article\" \/>\n<meta property=\"og:title\" content=\"Circuito de 12 d\u00edas de T\u00e1nger a Marrakech pasando por Erg Ch - Sahara Tours Marruecos\" \/>\n<meta property=\"og:description\" content=\"Explore la impresionante belleza de Marruecos con nuestra excursi\u00f3n de 6 d\u00edas a Marrakech. Experimente el desierto, visite ciudades hist\u00f3ricas y marav\u00edllese ante paisajes esc\u00e9nicos.\" \/>\n<meta property=\"og:url\" content=\"https:\/\/saharatoursmarruecos.com\/es\/producto\/circuito-de-12-dias-de-tanger-a-marrakech-por-erg-ch\/\" \/>\n<meta property=\"og:site_name\" content=\"Sahara Tours Marruecos\" \/>\n<meta property=\"og:image\" content=\"https:\/\/saharatoursmarruecos.com\/wp-content\/uploads\/2023\/02\/fez.jpg\" \/>\n\t<meta property=\"og:image:width\" content=\"1600\" \/>\n\t<meta property=\"og:image:height\" content=\"1067\" \/>\n\t<meta property=\"og:image:type\" content=\"image\/jpeg\" \/>\n<meta name=\"twitter:card\" content=\"summary_large_image\" \/>\n<meta name=\"twitter:label1\" content=\"Tiempo de lectura\" \/>\n\t<meta name=\"twitter:data1\" content=\"6 minutos\" \/>\n<script type=\"application\/ld+json\" class=\"yoast-schema-graph\">{\"@context\":\"https:\/\/schema.org\",\"@graph\":[{\"@type\":\"WebPage\",\"@id\":\"https:\/\/saharatoursmarruecos.com\/es\/producto\/circuito-de-12-dias-de-tanger-a-marrakech-por-erg-ch\/\",\"url\":\"https:\/\/saharatoursmarruecos.com\/es\/producto\/circuito-de-12-dias-de-tanger-a-marrakech-por-erg-ch\/\",\"name\":\"Circuito de 12 d\u00edas de T\u00e1nger a Marrakech pasando por Erg Ch - Sahara Tours Marruecos\",\"isPartOf\":{\"@id\":\"https:\/\/saharatoursmarruecos.com\/#website\"},\"datePublished\":\"2023-02-11T19:21:36+00:00\",\"dateModified\":\"2023-02-11T19:21:36+00:00\",\"description\":\"Explore la impresionante belleza de Marruecos con nuestra excursi\u00f3n de 6 d\u00edas a Marrakech. Experimente el desierto, visite ciudades hist\u00f3ricas y marav\u00edllese ante paisajes esc\u00e9nicos.\",\"breadcrumb\":{\"@id\":\"https:\/\/saharatoursmarruecos.com\/es\/producto\/circuito-de-12-dias-de-tanger-a-marrakech-por-erg-ch\/#breadcrumb\"},\"inLanguage\":\"es\",\"potentialAction\":[{\"@type\":\"ReadAction\",\"target\":[\"https:\/\/saharatoursmarruecos.com\/es\/producto\/circuito-de-12-dias-de-tanger-a-marrakech-por-erg-ch\/\"]}]},{\"@type\":\"BreadcrumbList\",\"@id\":\"https:\/\/saharatoursmarruecos.com\/es\/producto\/circuito-de-12-dias-de-tanger-a-marrakech-por-erg-ch\/#breadcrumb\",\"itemListElement\":[{\"@type\":\"ListItem\",\"position\":1,\"name\":\"Home\",\"item\":\"https:\/\/saharatoursmarruecos.com\/\"},{\"@type\":\"ListItem\",\"position\":2,\"name\":\"Shop\",\"item\":\"https:\/\/saharatoursmarruecos.com\/shop\/\"},{\"@type\":\"ListItem\",\"position\":3,\"name\":\"Circuito de 12 d\u00edas de T\u00e1nger a Marrakech pasando por Erg Ch\"}]},{\"@type\":\"WebSite\",\"@id\":\"https:\/\/saharatoursmarruecos.com\/#website\",\"url\":\"https:\/\/saharatoursmarruecos.com\/\",\"name\":\"Sahara Tours Marruecos\",\"description\":\"Sahara Tours Marruecos\",\"potentialAction\":[{\"@type\":\"SearchAction\",\"target\":{\"@type\":\"EntryPoint\",\"urlTemplate\":\"https:\/\/saharatoursmarruecos.com\/?s={search_term_string}\"},\"query-input\":\"required name=search_term_string\"}],\"inLanguage\":\"es\"}]}<\/script>\n<!-- \/ Yoast SEO plugin. -->","yoast_head_json":{"title":"Circuito de 12 d\u00edas de T\u00e1nger a Marrakech pasando por Erg Ch - Sahara Tours Marruecos","description":"Explore la impresionante belleza de Marruecos con nuestra excursi\u00f3n de 6 d\u00edas a Marrakech. Experimente el desierto, visite ciudades hist\u00f3ricas y marav\u00edllese ante paisajes esc\u00e9nicos.","robots":{"index":"index","follow":"follow","max-snippet":"max-snippet:-1","max-image-preview":"max-image-preview:large","max-video-preview":"max-video-preview:-1"},"canonical":"https:\/\/saharatoursmarruecos.com\/es\/producto\/circuito-de-12-dias-de-tanger-a-marrakech-por-erg-ch\/","og_locale":"es_ES","og_type":"article","og_title":"Circuito de 12 d\u00edas de T\u00e1nger a Marrakech pasando por Erg Ch - Sahara Tours Marruecos","og_description":"Explore la impresionante belleza de Marruecos con nuestra excursi\u00f3n de 6 d\u00edas a Marrakech. Experimente el desierto, visite ciudades hist\u00f3ricas y marav\u00edllese ante paisajes esc\u00e9nicos.","og_url":"https:\/\/saharatoursmarruecos.com\/es\/producto\/circuito-de-12-dias-de-tanger-a-marrakech-por-erg-ch\/","og_site_name":"Sahara Tours Marruecos","og_image":[{"width":1600,"height":1067,"url":"https:\/\/saharatoursmarruecos.com\/wp-content\/uploads\/2023\/02\/fez.jpg","type":"image\/jpeg"}],"twitter_card":"summary_large_image","twitter_misc":{"Tiempo de lectura":"6 minutos"},"schema":{"@context":"https:\/\/schema.org","@graph":[{"@type":"WebPage","@id":"https:\/\/saharatoursmarruecos.com\/es\/producto\/circuito-de-12-dias-de-tanger-a-marrakech-por-erg-ch\/","url":"https:\/\/saharatoursmarruecos.com\/es\/producto\/circuito-de-12-dias-de-tanger-a-marrakech-por-erg-ch\/","name":"Circuito de 12 d\u00edas de T\u00e1nger a Marrakech pasando por Erg Ch - Sahara Tours Marruecos","isPartOf":{"@id":"https:\/\/saharatoursmarruecos.com\/#website"},"datePublished":"2023-02-11T19:21:36+00:00","dateModified":"2023-02-11T19:21:36+00:00","description":"Explore la impresionante belleza de Marruecos con nuestra excursi\u00f3n de 6 d\u00edas a Marrakech. Experimente el desierto, visite ciudades hist\u00f3ricas y marav\u00edllese ante paisajes esc\u00e9nicos.","breadcrumb":{"@id":"https:\/\/saharatoursmarruecos.com\/es\/producto\/circuito-de-12-dias-de-tanger-a-marrakech-por-erg-ch\/#breadcrumb"},"inLanguage":"es","potentialAction":[{"@type":"ReadAction","target":["https:\/\/saharatoursmarruecos.com\/es\/producto\/circuito-de-12-dias-de-tanger-a-marrakech-por-erg-ch\/"]}]},{"@type":"BreadcrumbList","@id":"https:\/\/saharatoursmarruecos.com\/es\/producto\/circuito-de-12-dias-de-tanger-a-marrakech-por-erg-ch\/#breadcrumb","itemListElement":[{"@type":"ListItem","position":1,"name":"Home","item":"https:\/\/saharatoursmarruecos.com\/"},{"@type":"ListItem","position":2,"name":"Shop","item":"https:\/\/saharatoursmarruecos.com\/shop\/"},{"@type":"ListItem","position":3,"name":"Circuito de 12 d\u00edas de T\u00e1nger a Marrakech pasando por Erg Ch"}]},{"@type":"WebSite","@id":"https:\/\/saharatoursmarruecos.com\/#website","url":"https:\/\/saharatoursmarruecos.com\/","name":"Sahara Tours Marruecos","description":"Sahara Tours Marruecos","potentialAction":[{"@type":"SearchAction","target":{"@type":"EntryPoint","urlTemplate":"https:\/\/saharatoursmarruecos.com\/?s={search_term_string}"},"query-input":"required name=search_term_string"}],"inLanguage":"es"}]}},"_links":{"self":[{"href":"https:\/\/saharatoursmarruecos.com\/es\/wp-json\/wp\/v2\/product\/5740","targetHints":{"allow":["GET"]}}],"collection":[{"href":"https:\/\/saharatoursmarruecos.com\/es\/wp-json\/wp\/v2\/product"}],"about":[{"href":"https:\/\/saharatoursmarruecos.com\/es\/wp-json\/wp\/v2\/types\/product"}],"replies":[{"embeddable":true,"href":"https:\/\/saharatoursmarruecos.com\/es\/wp-json\/wp\/v2\/comments?post=5740"}],"wp:featuredmedia":[{"embeddable":true,"href":"https:\/\/saharatoursmarruecos.com\/es\/wp-json\/wp\/v2\/media\/5365"}],"wp:attachment":[{"href":"https:\/\/saharatoursmarruecos.com\/es\/wp-json\/wp\/v2\/media?parent=5740"}],"wp:term":[{"taxonomy":"product_cat","embeddable":true,"href":"https:\/\/saharatoursmarruecos.com\/es\/wp-json\/wp\/v2\/product_cat?post=5740"},{"taxonomy":"product_tag","embeddable":true,"href":"https:\/\/saharatoursmarruecos.com\/es\/wp-json\/wp\/v2\/product_tag?post=5740"}],"curies":[{"name":"wp","href":"https:\/\/api.w.org\/{rel}","templated":true}]}}