{"id":5739,"date":"2023-02-11T18:33:13","date_gmt":"2023-02-11T18:33:13","guid":{"rendered":"https:\/\/www.saharatoursmarruecos.com\/product\/excursion-de-3-dias-de-fez-a-erg-chebbi-merzouga\/"},"modified":"2023-02-11T18:33:13","modified_gmt":"2023-02-11T18:33:13","slug":"circuito-de-3-dias-de-fez-a-erg-chebbi-merzouga","status":"publish","type":"product","link":"https:\/\/saharatoursmarruecos.com\/es\/producto\/circuito-de-3-dias-de-fez-a-erg-chebbi-merzouga\/","title":{"rendered":"Excursi\u00f3n de 3 d\u00edas de Fez a Erg Chebbi Merzouga"},"content":{"rendered":"<h2>Excursi\u00f3n de 3 d\u00edas de Fez a Erg Chebbi Merzouga<\/h2>\n<p>&nbsp;<\/p>\n<h3>D\u00cdA 1 : FES &#8211; IFRANE &#8211; AZROU &#8211; MIDELT &#8211; VALLE DEL ZIZ &#8211; DUNAS DE ERG CHEBBI.<\/h3>\n<p>Despu\u00e9s de reunirnos en el lugar que hab\u00edamos acordado . Comenzaremos nuestro recorrido hacia el sureste a trav\u00e9s del Atlas Medio, pasando por Ifrane, la \u00abSuiza marroqu\u00ed\u00bb, y luego Azrou, donde haremos una parada en el famoso bosque de cedros, el m\u00e1s grande de Marruecos, para ver y jugar con los monos de Berber\u00eda. Desde aqu\u00ed nos dirigimos m\u00e1s al sur pasando por varios pueblos y usted tendr\u00e1 la oportunidad de ver a los n\u00f3madas que viven en tiendas de campa\u00f1a en el llegaremos a midelt para el almuerzo, despu\u00e9s del almuerzo continuaremos nuestro camino para cruzar las monta\u00f1as del Atlas La mayor parte del d\u00eda se gastar\u00e1 serpenteando su camino a trav\u00e9s de los hermosos bosques, manantiales, escarpadas paredes rocosas, y pueblos bereberes hasta Errachidia la puerta del desierto entonces Erfoud llegar al Hotel o Riad en el desierto de Merzouga para tomar una taza de t\u00e9 de menta y relajarse para prepararse para la caminata en camello durante una hora y media para disfrutar de la puesta de sol y sandboarding desde la cima de la siguiente duna m\u00e1s alta, cena y alojamiento en tiendas tradicionales bereberes con disfrutar de los tambores bajo un cielo despejado lleno de estrellas.<\/p>\n<p>&nbsp;<\/p>\n<h3>\nD\u00cdA 2 : MERZOUGA &#8211; RISSANI &#8211; ERFOUD &#8211; TINEJDAD &#8211; GARGANTA DEL TODRA &#8211; VALLE DEL DADES<\/h3>\n<p>Aseg\u00farese de despertarse temprano para disfrutar y tomar fotos de la impresionante salida del sol desde la cima de la arena grande m\u00e1s cercana, despu\u00e9s de este momento inolvidable usted montar\u00e1 su camello de vuelta al hotel para tomar una ducha y desayunar con el fin de iniciar la conducci\u00f3n a Boumalne Dades a trav\u00e9s de rissani conocer por su gran zoco de animales (burro, barco, vacas) a continuaci\u00f3n, a Erfoud la capital de m\u00e1rmoles f\u00f3siles donde visitaremos el taller de producci\u00f3n de f\u00f3siles de m\u00e1rmol. A continuaci\u00f3n, dir\u00edjase a Touroug para almorzar y, despu\u00e9s, d\u00e9 un corto paseo por la garganta del Todra para explorar su belleza mientras admira las vistas de las altas paredes rocosas (de hasta 160 metros). Luego conduzco por la Route des Mille Ch\u00e2teaux, a trav\u00e9s del valle del Dades, y ceno y paso la noche en un hotel o riad.<\/p>\n<h3>D\u00eda 3: Valle del Dades &#8211; Ouarzazate &#8211; Ait Benhaddou &#8211; Alto Atlas &#8211; Marrakech<\/h3>\n<p>Tras el desayuno en el hotel, el d\u00eda comienza con una visita a las Gargantas del Dades Hermosas formaciones rocosas para empezar. A continuaci\u00f3n, recorra el Valle de las Rosas hasta Kalaa M&#8217;gouna, luego dir\u00edjase a Skoura para visitar la Kasbah Amradil, del siglo XVII, antes de dirigirse a Oarzazate, conocido como el Hollywood de \u00c1frica , con una parada cerca de los Estudios de Cine Atlas. A continuaci\u00f3n, dir\u00edjase a la \u00abKasbah Ait Benhaddou\u00bb, declarada Patrimonio de la Humanidad por la UNESCO en 1986. La Kasbah de Ait Benhaddou es uno de los muchos lugares donde ir a comer a un restaurante local, naturalmente decorado para muchas pel\u00edculas como \u00abAlejandro, Gladiator, Babel&#8230;\u00bb. Por la tarde, cruzaremos el puerto de Tizi N&#8217;tichka (2260 m sobre el nivel del mar) para llegar a la ciudad roja de Marrakech. Llegada a Marrakech y traslado a su alojamiento.<\/p>\n<p>&nbsp;<\/p>\n<h4>Incluido en el tour:<\/h4>\n<ul>\n<li>Transporte en un c\u00f3modo veh\u00edculo con aire acondicionado<\/li>\n<li>Gu\u00eda\/conductor profesional y experimentado<\/li>\n<li>Excursi\u00f3n en camello y experiencia de sandboard en las dunas de Erg Chebbi<\/li>\n<li>Alojamiento en tiendas bereberes tradicionales<\/li>\n<li>Almuerzo los d\u00edas 1 y 2<\/li>\n<li>Desayuno los d\u00edas 2 y 3<\/li>\n<li>Visita al bosque de cedros y a los monos de Berber\u00eda en Azrou<\/li>\n<li>Visita al taller de producci\u00f3n de f\u00f3siles de m\u00e1rmol de Erfoud<\/li>\n<li>Breve paseo por la Garganta del Todra<\/li>\n<li>Visita a las Gargantas del Dades<\/li>\n<li>Visita a la Kasbah Amradil de Skoura<\/li>\n<li>Visita a la Kasbah de Ait Benhaddou, Patrimonio Mundial de la UNESCO<\/li>\n<\/ul>\n<h4>No incluido en el tour:<\/h4>\n<ul>\n<li>Cena de los d\u00edas 1 y 3<\/li>\n<li>Cualquier gasto personal, como bebidas, recuerdos, etc.<\/li>\n<li>Seguro de viaje<\/li>\n<li>Entradas a museos y atracciones<\/li>\n<li>Propinas para el gu\u00eda\/conductor (opcional)<\/li>\n<\/ul>\n","protected":false},"excerpt":{"rendered":"<p>Excursi\u00f3n de 3 d\u00edas de Fez a Erg Chebbi Merzouga &nbsp; D\u00cdA 1 : FES &#8211; IFRANE &#8211; AZROU &#8211; MIDELT &#8211; VALLE DEL ZIZ &#8211; DUNAS DE ERG CHEBBI. Despu\u00e9s de reunirnos en el lugar que hab\u00edamos acordado . Comenzaremos nuestro recorrido hacia el sureste a trav\u00e9s del Atlas Medio, pasando por Ifrane, la [&hellip;]<\/p>\n","protected":false},"featured_media":5365,"comment_status":"open","ping_status":"closed","template":"","meta":[],"product_cat":[68],"product_tag":[],"class_list":["post-5739","product","type-product","status-publish","has-post-thumbnail","hentry","product_cat-tours-desde-fez"],"yoast_head":"<!-- This site is optimized with the Yoast SEO plugin v20.1 - https:\/\/yoast.com\/wordpress\/plugins\/seo\/ -->\n<title>Excursi\u00f3n de 3 d\u00edas de Fez a Erg Chebbi Merzouga - Sahara Tours Marruecos<\/title>\n<meta name=\"description\" content=\"Explore la impresionante belleza de Marruecos con nuestra excursi\u00f3n de 6 d\u00edas a Marrakech. Experimente el desierto, visite ciudades hist\u00f3ricas y marav\u00edllese ante paisajes esc\u00e9nicos.\" \/>\n<meta name=\"robots\" content=\"index, follow, max-snippet:-1, max-image-preview:large, max-video-preview:-1\" \/>\n<link rel=\"canonical\" href=\"https:\/\/saharatoursmarruecos.com\/es\/producto\/circuito-de-3-dias-de-fez-a-erg-chebbi-merzouga\/\" \/>\n<meta property=\"og:locale\" content=\"es_ES\" \/>\n<meta property=\"og:type\" content=\"article\" \/>\n<meta property=\"og:title\" content=\"Excursi\u00f3n de 3 d\u00edas de Fez a Erg Chebbi Merzouga - Sahara Tours Marruecos\" \/>\n<meta property=\"og:description\" content=\"Explore la impresionante belleza de Marruecos con nuestra excursi\u00f3n de 6 d\u00edas a Marrakech. Experimente el desierto, visite ciudades hist\u00f3ricas y marav\u00edllese ante paisajes esc\u00e9nicos.\" \/>\n<meta property=\"og:url\" content=\"https:\/\/saharatoursmarruecos.com\/es\/producto\/circuito-de-3-dias-de-fez-a-erg-chebbi-merzouga\/\" \/>\n<meta property=\"og:site_name\" content=\"Sahara Tours Marruecos\" \/>\n<meta property=\"og:image\" content=\"https:\/\/saharatoursmarruecos.com\/wp-content\/uploads\/2023\/02\/fez.jpg\" \/>\n\t<meta property=\"og:image:width\" content=\"1600\" \/>\n\t<meta property=\"og:image:height\" content=\"1067\" \/>\n\t<meta property=\"og:image:type\" content=\"image\/jpeg\" \/>\n<meta name=\"twitter:card\" content=\"summary_large_image\" \/>\n<meta name=\"twitter:label1\" content=\"Tiempo de lectura\" \/>\n\t<meta name=\"twitter:data1\" content=\"4 minutos\" \/>\n<script type=\"application\/ld+json\" class=\"yoast-schema-graph\">{\"@context\":\"https:\/\/schema.org\",\"@graph\":[{\"@type\":\"WebPage\",\"@id\":\"https:\/\/saharatoursmarruecos.com\/es\/producto\/circuito-de-3-dias-de-fez-a-erg-chebbi-merzouga\/\",\"url\":\"https:\/\/saharatoursmarruecos.com\/es\/producto\/circuito-de-3-dias-de-fez-a-erg-chebbi-merzouga\/\",\"name\":\"Excursi\u00f3n de 3 d\u00edas de Fez a Erg Chebbi Merzouga - Sahara Tours Marruecos\",\"isPartOf\":{\"@id\":\"https:\/\/saharatoursmarruecos.com\/#website\"},\"datePublished\":\"2023-02-11T18:33:13+00:00\",\"dateModified\":\"2023-02-11T18:33:13+00:00\",\"description\":\"Explore la impresionante belleza de Marruecos con nuestra excursi\u00f3n de 6 d\u00edas a Marrakech. Experimente el desierto, visite ciudades hist\u00f3ricas y marav\u00edllese ante paisajes esc\u00e9nicos.\",\"breadcrumb\":{\"@id\":\"https:\/\/saharatoursmarruecos.com\/es\/producto\/circuito-de-3-dias-de-fez-a-erg-chebbi-merzouga\/#breadcrumb\"},\"inLanguage\":\"es\",\"potentialAction\":[{\"@type\":\"ReadAction\",\"target\":[\"https:\/\/saharatoursmarruecos.com\/es\/producto\/circuito-de-3-dias-de-fez-a-erg-chebbi-merzouga\/\"]}]},{\"@type\":\"BreadcrumbList\",\"@id\":\"https:\/\/saharatoursmarruecos.com\/es\/producto\/circuito-de-3-dias-de-fez-a-erg-chebbi-merzouga\/#breadcrumb\",\"itemListElement\":[{\"@type\":\"ListItem\",\"position\":1,\"name\":\"Home\",\"item\":\"https:\/\/saharatoursmarruecos.com\/\"},{\"@type\":\"ListItem\",\"position\":2,\"name\":\"Shop\",\"item\":\"https:\/\/saharatoursmarruecos.com\/shop\/\"},{\"@type\":\"ListItem\",\"position\":3,\"name\":\"Excursi\u00f3n de 3 d\u00edas de Fez a Erg Chebbi Merzouga\"}]},{\"@type\":\"WebSite\",\"@id\":\"https:\/\/saharatoursmarruecos.com\/#website\",\"url\":\"https:\/\/saharatoursmarruecos.com\/\",\"name\":\"Sahara Tours Marruecos\",\"description\":\"Sahara Tours Marruecos\",\"potentialAction\":[{\"@type\":\"SearchAction\",\"target\":{\"@type\":\"EntryPoint\",\"urlTemplate\":\"https:\/\/saharatoursmarruecos.com\/?s={search_term_string}\"},\"query-input\":\"required name=search_term_string\"}],\"inLanguage\":\"es\"}]}<\/script>\n<!-- \/ Yoast SEO plugin. -->","yoast_head_json":{"title":"Excursi\u00f3n de 3 d\u00edas de Fez a Erg Chebbi Merzouga - Sahara Tours Marruecos","description":"Explore la impresionante belleza de Marruecos con nuestra excursi\u00f3n de 6 d\u00edas a Marrakech. Experimente el desierto, visite ciudades hist\u00f3ricas y marav\u00edllese ante paisajes esc\u00e9nicos.","robots":{"index":"index","follow":"follow","max-snippet":"max-snippet:-1","max-image-preview":"max-image-preview:large","max-video-preview":"max-video-preview:-1"},"canonical":"https:\/\/saharatoursmarruecos.com\/es\/producto\/circuito-de-3-dias-de-fez-a-erg-chebbi-merzouga\/","og_locale":"es_ES","og_type":"article","og_title":"Excursi\u00f3n de 3 d\u00edas de Fez a Erg Chebbi Merzouga - Sahara Tours Marruecos","og_description":"Explore la impresionante belleza de Marruecos con nuestra excursi\u00f3n de 6 d\u00edas a Marrakech. Experimente el desierto, visite ciudades hist\u00f3ricas y marav\u00edllese ante paisajes esc\u00e9nicos.","og_url":"https:\/\/saharatoursmarruecos.com\/es\/producto\/circuito-de-3-dias-de-fez-a-erg-chebbi-merzouga\/","og_site_name":"Sahara Tours Marruecos","og_image":[{"width":1600,"height":1067,"url":"https:\/\/saharatoursmarruecos.com\/wp-content\/uploads\/2023\/02\/fez.jpg","type":"image\/jpeg"}],"twitter_card":"summary_large_image","twitter_misc":{"Tiempo de lectura":"4 minutos"},"schema":{"@context":"https:\/\/schema.org","@graph":[{"@type":"WebPage","@id":"https:\/\/saharatoursmarruecos.com\/es\/producto\/circuito-de-3-dias-de-fez-a-erg-chebbi-merzouga\/","url":"https:\/\/saharatoursmarruecos.com\/es\/producto\/circuito-de-3-dias-de-fez-a-erg-chebbi-merzouga\/","name":"Excursi\u00f3n de 3 d\u00edas de Fez a Erg Chebbi Merzouga - Sahara Tours Marruecos","isPartOf":{"@id":"https:\/\/saharatoursmarruecos.com\/#website"},"datePublished":"2023-02-11T18:33:13+00:00","dateModified":"2023-02-11T18:33:13+00:00","description":"Explore la impresionante belleza de Marruecos con nuestra excursi\u00f3n de 6 d\u00edas a Marrakech. Experimente el desierto, visite ciudades hist\u00f3ricas y marav\u00edllese ante paisajes esc\u00e9nicos.","breadcrumb":{"@id":"https:\/\/saharatoursmarruecos.com\/es\/producto\/circuito-de-3-dias-de-fez-a-erg-chebbi-merzouga\/#breadcrumb"},"inLanguage":"es","potentialAction":[{"@type":"ReadAction","target":["https:\/\/saharatoursmarruecos.com\/es\/producto\/circuito-de-3-dias-de-fez-a-erg-chebbi-merzouga\/"]}]},{"@type":"BreadcrumbList","@id":"https:\/\/saharatoursmarruecos.com\/es\/producto\/circuito-de-3-dias-de-fez-a-erg-chebbi-merzouga\/#breadcrumb","itemListElement":[{"@type":"ListItem","position":1,"name":"Home","item":"https:\/\/saharatoursmarruecos.com\/"},{"@type":"ListItem","position":2,"name":"Shop","item":"https:\/\/saharatoursmarruecos.com\/shop\/"},{"@type":"ListItem","position":3,"name":"Excursi\u00f3n de 3 d\u00edas de Fez a Erg Chebbi Merzouga"}]},{"@type":"WebSite","@id":"https:\/\/saharatoursmarruecos.com\/#website","url":"https:\/\/saharatoursmarruecos.com\/","name":"Sahara Tours Marruecos","description":"Sahara Tours Marruecos","potentialAction":[{"@type":"SearchAction","target":{"@type":"EntryPoint","urlTemplate":"https:\/\/saharatoursmarruecos.com\/?s={search_term_string}"},"query-input":"required name=search_term_string"}],"inLanguage":"es"}]}},"_links":{"self":[{"href":"https:\/\/saharatoursmarruecos.com\/es\/wp-json\/wp\/v2\/product\/5739","targetHints":{"allow":["GET"]}}],"collection":[{"href":"https:\/\/saharatoursmarruecos.com\/es\/wp-json\/wp\/v2\/product"}],"about":[{"href":"https:\/\/saharatoursmarruecos.com\/es\/wp-json\/wp\/v2\/types\/product"}],"replies":[{"embeddable":true,"href":"https:\/\/saharatoursmarruecos.com\/es\/wp-json\/wp\/v2\/comments?post=5739"}],"wp:featuredmedia":[{"embeddable":true,"href":"https:\/\/saharatoursmarruecos.com\/es\/wp-json\/wp\/v2\/media\/5365"}],"wp:attachment":[{"href":"https:\/\/saharatoursmarruecos.com\/es\/wp-json\/wp\/v2\/media?parent=5739"}],"wp:term":[{"taxonomy":"product_cat","embeddable":true,"href":"https:\/\/saharatoursmarruecos.com\/es\/wp-json\/wp\/v2\/product_cat?post=5739"},{"taxonomy":"product_tag","embeddable":true,"href":"https:\/\/saharatoursmarruecos.com\/es\/wp-json\/wp\/v2\/product_tag?post=5739"}],"curies":[{"name":"wp","href":"https:\/\/api.w.org\/{rel}","templated":true}]}}