{"id":5738,"date":"2023-02-11T17:57:25","date_gmt":"2023-02-11T17:57:25","guid":{"rendered":"https:\/\/www.saharatoursmarruecos.com\/product\/excursion-de-4-dias-de-casablanca-a-marrakech-por-el-desierto\/"},"modified":"2023-02-11T17:57:25","modified_gmt":"2023-02-11T17:57:25","slug":"circuito-de-4-dias-de-casablanca-a-marrakech-por-el-desierto","status":"publish","type":"product","link":"https:\/\/saharatoursmarruecos.com\/es\/producto\/circuito-de-4-dias-de-casablanca-a-marrakech-por-el-desierto\/","title":{"rendered":"Excursi\u00f3n de 4 d\u00edas de Casablanca a Marrakech por el desierto"},"content":{"rendered":"<h2>Excursi\u00f3n de 4 d\u00edas de Casablanca a Marrakech por el desierto<\/h2>\n<p>&nbsp;<\/p>\n<p>&nbsp;<\/p>\n<h3>D\u00eda 1: Casablanca &#8211; Rabat &#8211; Meknes &#8211; Fez<\/h3>\n<p>Despu\u00e9s de reunirnos en el lugar acordado. Comenzaremos nuestro recorrido desde Rabat, donde visitaremos la Kasbah de Udaya y la Torre Hassan en Meknes, otra importante ciudad imperial de Marruecos. Tambi\u00e9n visitaremos la famosa Puerta de Bab El Mansour, el Mausoleo de Moulay Ismail y Sahrij Souani antes de continuar hacia Fez. Noche en hotel o riad.<\/p>\n<h3>D\u00eda 2: FES &#8211; IFRANE &#8211; MERZOUGA Desierto del S\u00e1hara.<\/h3>\n<p>Despu\u00e9s del desayuno, nos dirigimos a la \u00abSuiza marroqu\u00ed\u00bb Ifrane y Azrou a trav\u00e9s de las monta\u00f1as del Atlas Medio \u00abTizi n t&#8217;lghamt pass\u00bb. Durante el viaje, nos detendremos en muchos lugares para tomar fotos y almorzar en Midert, entonces vamos a seguir para visitar el Valle del Ziz, la ciudad de Errachidia, Erfoud, despu\u00e9s de llegar al coraz\u00f3n del desierto del Sahara en Marruecos, Merzouga all\u00ed, usted tiene un poco de descanso, a continuaci\u00f3n, obtener en su camello, ir profundamente en el desierto. Durante nuestra excursi\u00f3n en camello, veremos la puesta de sol entre las dunas. Deliciosa cena en el campamento del S\u00e1hara, disfrutamos de la noche en nuestras tiendas del desierto, bajo cielos despejados y estrellas, tambores bereberes.<\/p>\n<h3>D\u00cdA 3: MERZOUGA &#8211; RISSANI &#8211; GARGANTAS DEL TODRA &#8211; VALLE DEL DADES<\/h3>\n<p>Por la ma\u00f1ana temprano, su gu\u00eda de camellos le despertar\u00e1 para contemplar el que podr\u00eda ser el mejor amanecer de su vida. Tras el amanecer y el desayuno, regresar\u00e1 a su hotel en Merzouga, donde se reunir\u00e1 con su conductor. A continuaci\u00f3n nos dirigiremos a Rissani, donde visitaremos el mercado de Rissani, ciudad tradicional que fue cuna de la familia gobernante de Marruecos y punto de encuentro de las caravanas que comerciaban con Tombuct\u00fa (Mali). Aqu\u00ed ver\u00e1 muchos hombres encapuchados y mujeres con velo mientras contin\u00faa hacia la garganta del Todra, el ca\u00f1\u00f3n m\u00e1s alto y estrecho de Marruecos. Tras almorzar en el coraz\u00f3n del ca\u00f1\u00f3n, cruzaremos el valle del Dades, donde ver\u00e1 majestuosos castillos de arena y asombrosas formaciones rocosas llamadas \u00abmonos\u00bb. Pasaremos la noche en un hotel de lujo con vistas al valle del Dades.<\/p>\n<h3>D\u00eda 4: VALLE DEL DADES &#8211; OUARZAZATE &#8211; AIT BEN HADDOU &#8211; ALTAS MONTA\u00d1AS DEL ATLAS &#8211; MARRAKECH<\/h3>\n<p>Tras desayunar en el hotel, visitaremos las magn\u00edficas formaciones rocosas del ca\u00f1\u00f3n del Dades para empezar el d\u00eda. A continuaci\u00f3n, conduzca por el Valle de las Rosas hasta Kalaa M&#8217;gouna y Skoura, llegue a Oarzazate, conocido como el Hollywood africano, y haga una parada en el Estudio Cinematogr\u00e1fico Atlas. A continuaci\u00f3n, dir\u00edjase a la \u00abKasbah Ait Benhaddou\u00bb, declarada Patrimonio de la Humanidad por la UNESCO en 1986. La Kasbah de Ait Benhaddou es uno de los escenarios naturales de muchas pel\u00edculas como \u00abAlejandro, Gladiator, Torre de Babel&#8230;\u00bb y almorzar en un restaurante local. Por la tarde, nos dirigiremos hacia la ciudad roja de Marrakech, pasando por el puerto de Tizi N&#8217;tichka (2260 m sobre el nivel del mar). Llegada a Marrakech y traslado a su alojamiento.<\/p>\n<h4>Incluido en este tour:<\/h4>\n<ul>\n<li>Transporte<\/li>\n<li>Alojamiento en hotel o riad<\/li>\n<li>Servicios de gu\u00eda<\/li>\n<li>Comidas mencionadas en el itinerario<\/li>\n<li>Excursi\u00f3n en camello por el desierto del S\u00e1hara<\/li>\n<li>Visitas a diversos lugares de inter\u00e9s cultural e hist\u00f3rico, como la Kasbah de Udaya, la Torre Hassan, la Puerta Bab El Mansour, el Mausoleo de Moulay Ismail, Sahrij Souani, el mercado de Rissani, las Gargantas del Todra, el Valle del Dades, la Kasbah de Ait Benhaddou, el Estudio de Cine Atlas, etc.<\/li>\n<\/ul>\n<h4>No incluido en este tour:<\/h4>\n<ul>\n<li>Entradas a lugares no mencionados como incluidos<\/li>\n<li>Gastos personales como bebidas, propinas, etc.<\/li>\n<li>Seguro de viaje<\/li>\n<li>Cualquier otro art\u00edculo no mencionado como incluido.<\/li>\n<\/ul>\n<p>&nbsp;<\/p>\n","protected":false},"excerpt":{"rendered":"<p>Excursi\u00f3n de 4 d\u00edas de Casablanca a Marrakech por el desierto &nbsp; &nbsp; D\u00eda 1: Casablanca &#8211; Rabat &#8211; Meknes &#8211; Fez Despu\u00e9s de reunirnos en el lugar acordado. Comenzaremos nuestro recorrido desde Rabat, donde visitaremos la Kasbah de Udaya y la Torre Hassan en Meknes, otra importante ciudad imperial de Marruecos. Tambi\u00e9n visitaremos la [&hellip;]<\/p>\n","protected":false},"featured_media":5356,"comment_status":"open","ping_status":"closed","template":"","meta":[],"product_cat":[69],"product_tag":[],"class_list":["post-5738","product","type-product","status-publish","has-post-thumbnail","hentry","product_cat-tours-desde-casablanca-es"],"yoast_head":"<!-- This site is optimized with the Yoast SEO plugin v20.1 - https:\/\/yoast.com\/wordpress\/plugins\/seo\/ -->\n<title>Excursi\u00f3n de 4 d\u00edas de Casablanca a Marrakech por el desierto - Sahara Tours Marruecos<\/title>\n<meta name=\"description\" content=\"Explore la impresionante belleza de Marruecos con nuestra excursi\u00f3n de 6 d\u00edas a Marrakech. Experimente el desierto, visite ciudades hist\u00f3ricas y marav\u00edllese ante paisajes esc\u00e9nicos.\" \/>\n<meta name=\"robots\" content=\"index, follow, max-snippet:-1, max-image-preview:large, max-video-preview:-1\" \/>\n<link rel=\"canonical\" href=\"https:\/\/saharatoursmarruecos.com\/es\/producto\/circuito-de-4-dias-de-casablanca-a-marrakech-por-el-desierto\/\" \/>\n<meta property=\"og:locale\" content=\"es_ES\" \/>\n<meta property=\"og:type\" content=\"article\" \/>\n<meta property=\"og:title\" content=\"Excursi\u00f3n de 4 d\u00edas de Casablanca a Marrakech por el desierto - Sahara Tours Marruecos\" \/>\n<meta property=\"og:description\" content=\"Explore la impresionante belleza de Marruecos con nuestra excursi\u00f3n de 6 d\u00edas a Marrakech. Experimente el desierto, visite ciudades hist\u00f3ricas y marav\u00edllese ante paisajes esc\u00e9nicos.\" \/>\n<meta property=\"og:url\" content=\"https:\/\/saharatoursmarruecos.com\/es\/producto\/circuito-de-4-dias-de-casablanca-a-marrakech-por-el-desierto\/\" \/>\n<meta property=\"og:site_name\" content=\"Sahara Tours Marruecos\" \/>\n<meta property=\"og:image\" content=\"https:\/\/saharatoursmarruecos.com\/wp-content\/uploads\/2023\/02\/the-sahara-walk_t20_3QzzlB.jpg\" \/>\n\t<meta property=\"og:image:width\" content=\"1440\" \/>\n\t<meta property=\"og:image:height\" content=\"1080\" \/>\n\t<meta property=\"og:image:type\" content=\"image\/jpeg\" \/>\n<meta name=\"twitter:card\" content=\"summary_large_image\" \/>\n<meta name=\"twitter:label1\" content=\"Tiempo de lectura\" \/>\n\t<meta name=\"twitter:data1\" content=\"3 minutos\" \/>\n<script type=\"application\/ld+json\" class=\"yoast-schema-graph\">{\"@context\":\"https:\/\/schema.org\",\"@graph\":[{\"@type\":\"WebPage\",\"@id\":\"https:\/\/saharatoursmarruecos.com\/es\/producto\/circuito-de-4-dias-de-casablanca-a-marrakech-por-el-desierto\/\",\"url\":\"https:\/\/saharatoursmarruecos.com\/es\/producto\/circuito-de-4-dias-de-casablanca-a-marrakech-por-el-desierto\/\",\"name\":\"Excursi\u00f3n de 4 d\u00edas de Casablanca a Marrakech por el desierto - Sahara Tours Marruecos\",\"isPartOf\":{\"@id\":\"https:\/\/saharatoursmarruecos.com\/#website\"},\"datePublished\":\"2023-02-11T17:57:25+00:00\",\"dateModified\":\"2023-02-11T17:57:25+00:00\",\"description\":\"Explore la impresionante belleza de Marruecos con nuestra excursi\u00f3n de 6 d\u00edas a Marrakech. Experimente el desierto, visite ciudades hist\u00f3ricas y marav\u00edllese ante paisajes esc\u00e9nicos.\",\"breadcrumb\":{\"@id\":\"https:\/\/saharatoursmarruecos.com\/es\/producto\/circuito-de-4-dias-de-casablanca-a-marrakech-por-el-desierto\/#breadcrumb\"},\"inLanguage\":\"es\",\"potentialAction\":[{\"@type\":\"ReadAction\",\"target\":[\"https:\/\/saharatoursmarruecos.com\/es\/producto\/circuito-de-4-dias-de-casablanca-a-marrakech-por-el-desierto\/\"]}]},{\"@type\":\"BreadcrumbList\",\"@id\":\"https:\/\/saharatoursmarruecos.com\/es\/producto\/circuito-de-4-dias-de-casablanca-a-marrakech-por-el-desierto\/#breadcrumb\",\"itemListElement\":[{\"@type\":\"ListItem\",\"position\":1,\"name\":\"Home\",\"item\":\"https:\/\/saharatoursmarruecos.com\/\"},{\"@type\":\"ListItem\",\"position\":2,\"name\":\"Shop\",\"item\":\"https:\/\/saharatoursmarruecos.com\/shop\/\"},{\"@type\":\"ListItem\",\"position\":3,\"name\":\"Excursi\u00f3n de 4 d\u00edas de Casablanca a Marrakech por el desierto\"}]},{\"@type\":\"WebSite\",\"@id\":\"https:\/\/saharatoursmarruecos.com\/#website\",\"url\":\"https:\/\/saharatoursmarruecos.com\/\",\"name\":\"Sahara Tours Marruecos\",\"description\":\"Sahara Tours Marruecos\",\"potentialAction\":[{\"@type\":\"SearchAction\",\"target\":{\"@type\":\"EntryPoint\",\"urlTemplate\":\"https:\/\/saharatoursmarruecos.com\/?s={search_term_string}\"},\"query-input\":\"required name=search_term_string\"}],\"inLanguage\":\"es\"}]}<\/script>\n<!-- \/ Yoast SEO plugin. -->","yoast_head_json":{"title":"Excursi\u00f3n de 4 d\u00edas de Casablanca a Marrakech por el desierto - Sahara Tours Marruecos","description":"Explore la impresionante belleza de Marruecos con nuestra excursi\u00f3n de 6 d\u00edas a Marrakech. Experimente el desierto, visite ciudades hist\u00f3ricas y marav\u00edllese ante paisajes esc\u00e9nicos.","robots":{"index":"index","follow":"follow","max-snippet":"max-snippet:-1","max-image-preview":"max-image-preview:large","max-video-preview":"max-video-preview:-1"},"canonical":"https:\/\/saharatoursmarruecos.com\/es\/producto\/circuito-de-4-dias-de-casablanca-a-marrakech-por-el-desierto\/","og_locale":"es_ES","og_type":"article","og_title":"Excursi\u00f3n de 4 d\u00edas de Casablanca a Marrakech por el desierto - Sahara Tours Marruecos","og_description":"Explore la impresionante belleza de Marruecos con nuestra excursi\u00f3n de 6 d\u00edas a Marrakech. Experimente el desierto, visite ciudades hist\u00f3ricas y marav\u00edllese ante paisajes esc\u00e9nicos.","og_url":"https:\/\/saharatoursmarruecos.com\/es\/producto\/circuito-de-4-dias-de-casablanca-a-marrakech-por-el-desierto\/","og_site_name":"Sahara Tours Marruecos","og_image":[{"width":1440,"height":1080,"url":"https:\/\/saharatoursmarruecos.com\/wp-content\/uploads\/2023\/02\/the-sahara-walk_t20_3QzzlB.jpg","type":"image\/jpeg"}],"twitter_card":"summary_large_image","twitter_misc":{"Tiempo de lectura":"3 minutos"},"schema":{"@context":"https:\/\/schema.org","@graph":[{"@type":"WebPage","@id":"https:\/\/saharatoursmarruecos.com\/es\/producto\/circuito-de-4-dias-de-casablanca-a-marrakech-por-el-desierto\/","url":"https:\/\/saharatoursmarruecos.com\/es\/producto\/circuito-de-4-dias-de-casablanca-a-marrakech-por-el-desierto\/","name":"Excursi\u00f3n de 4 d\u00edas de Casablanca a Marrakech por el desierto - Sahara Tours Marruecos","isPartOf":{"@id":"https:\/\/saharatoursmarruecos.com\/#website"},"datePublished":"2023-02-11T17:57:25+00:00","dateModified":"2023-02-11T17:57:25+00:00","description":"Explore la impresionante belleza de Marruecos con nuestra excursi\u00f3n de 6 d\u00edas a Marrakech. Experimente el desierto, visite ciudades hist\u00f3ricas y marav\u00edllese ante paisajes esc\u00e9nicos.","breadcrumb":{"@id":"https:\/\/saharatoursmarruecos.com\/es\/producto\/circuito-de-4-dias-de-casablanca-a-marrakech-por-el-desierto\/#breadcrumb"},"inLanguage":"es","potentialAction":[{"@type":"ReadAction","target":["https:\/\/saharatoursmarruecos.com\/es\/producto\/circuito-de-4-dias-de-casablanca-a-marrakech-por-el-desierto\/"]}]},{"@type":"BreadcrumbList","@id":"https:\/\/saharatoursmarruecos.com\/es\/producto\/circuito-de-4-dias-de-casablanca-a-marrakech-por-el-desierto\/#breadcrumb","itemListElement":[{"@type":"ListItem","position":1,"name":"Home","item":"https:\/\/saharatoursmarruecos.com\/"},{"@type":"ListItem","position":2,"name":"Shop","item":"https:\/\/saharatoursmarruecos.com\/shop\/"},{"@type":"ListItem","position":3,"name":"Excursi\u00f3n de 4 d\u00edas de Casablanca a Marrakech por el desierto"}]},{"@type":"WebSite","@id":"https:\/\/saharatoursmarruecos.com\/#website","url":"https:\/\/saharatoursmarruecos.com\/","name":"Sahara Tours Marruecos","description":"Sahara Tours Marruecos","potentialAction":[{"@type":"SearchAction","target":{"@type":"EntryPoint","urlTemplate":"https:\/\/saharatoursmarruecos.com\/?s={search_term_string}"},"query-input":"required name=search_term_string"}],"inLanguage":"es"}]}},"_links":{"self":[{"href":"https:\/\/saharatoursmarruecos.com\/es\/wp-json\/wp\/v2\/product\/5738","targetHints":{"allow":["GET"]}}],"collection":[{"href":"https:\/\/saharatoursmarruecos.com\/es\/wp-json\/wp\/v2\/product"}],"about":[{"href":"https:\/\/saharatoursmarruecos.com\/es\/wp-json\/wp\/v2\/types\/product"}],"replies":[{"embeddable":true,"href":"https:\/\/saharatoursmarruecos.com\/es\/wp-json\/wp\/v2\/comments?post=5738"}],"wp:featuredmedia":[{"embeddable":true,"href":"https:\/\/saharatoursmarruecos.com\/es\/wp-json\/wp\/v2\/media\/5356"}],"wp:attachment":[{"href":"https:\/\/saharatoursmarruecos.com\/es\/wp-json\/wp\/v2\/media?parent=5738"}],"wp:term":[{"taxonomy":"product_cat","embeddable":true,"href":"https:\/\/saharatoursmarruecos.com\/es\/wp-json\/wp\/v2\/product_cat?post=5738"},{"taxonomy":"product_tag","embeddable":true,"href":"https:\/\/saharatoursmarruecos.com\/es\/wp-json\/wp\/v2\/product_tag?post=5738"}],"curies":[{"name":"wp","href":"https:\/\/api.w.org\/{rel}","templated":true}]}}