{"id":5737,"date":"2023-02-11T18:58:52","date_gmt":"2023-02-11T18:58:52","guid":{"rendered":"https:\/\/www.saharatoursmarruecos.com\/product\/viaje-de-11-dias-de-fez-a-fez-pasando-por-el-desierto-de-merzouga\/"},"modified":"2023-02-11T18:58:52","modified_gmt":"2023-02-11T18:58:52","slug":"circuito-de-11-dias-de-fez-a-fez-a-traves-del-desierto-de-merzouga","status":"publish","type":"product","link":"https:\/\/saharatoursmarruecos.com\/es\/producto\/circuito-de-11-dias-de-fez-a-fez-a-traves-del-desierto-de-merzouga\/","title":{"rendered":"Viaje de 11 d\u00edas de Fez a Fez pasando por el desierto de Merzouga"},"content":{"rendered":"<h2>Viaje de 11 d\u00edas de Fez a Fez pasando por el desierto de Merzouga<\/h2>\n<div class=\"flex-1 overflow-hidden\">\n<div class=\"react-scroll-to-bottom--css-kohyx-79elbk h-full dark:bg-gray-800\">\n<div class=\"react-scroll-to-bottom--css-kohyx-1n7m0yu\">\n<div class=\"flex flex-col items-center text-sm dark:bg-gray-800\">\n<div class=\"w-full border-b border-black\/10 dark:border-gray-900\/50 text-gray-800 dark:text-gray-100 group bg-gray-50 dark:bg-[#444654]\">\n<div class=\"text-base gap-4 md:gap-6 m-auto md:max-w-2xl lg:max-w-2xl xl:max-w-3xl p-4 md:py-6 flex lg:px-0\">\n<div class=\"relative flex w-[calc(100%-50px)] flex-col gap-1 md:gap-3 lg:w-[calc(100%-115px)]\">\n<div class=\"flex flex-grow flex-col gap-3\">\n<div class=\"min-h-[20px] flex flex-col items-start gap-4 whitespace-pre-wrap\">\n<div class=\"markdown prose w-full break-words dark:prose-invert light\">\n<p>&nbsp;<\/p>\n<h3>D\u00eda 1: Explore Fez con un gu\u00eda local durante todo el d\u00eda.<\/h3>\n<p>Tras ser recogido en el aeropuerto u hotel o riad, visitar\u00e1 la medina de Fez con un gu\u00eda local y desde all\u00ed se dirigir\u00e1 a la ciudad. Fez es una de las ciudades imperiales m\u00e1s antiguas de la historia de Marruecos, fundada en el siglo VIII d.C. La medina data del siglo XIII y sus calles est\u00e1n repletas de artesanos. Tras la visita, regresaremos para pasar una noche en su hotel o riad.<\/p>\n<p>&nbsp;<\/p>\n<h3>D\u00eda 2: FES &#8211; IFRANE &#8211; AZROU &#8211; MIDELT &#8211; MERZOUGA -ERG CHEBBI.<\/h3>\n<p>Despu\u00e9s del desayuno, nos dirigiremos hacia el sureste para visitar el Atlas central, pasando por Ifrane, Marruecos, Suiza, luego Azrou, nos detendremos en el famoso bosque de cedros m\u00e1s grande de Marruecos, observaremos y jugaremos con los monos de Berber\u00eda. Desde aqu\u00ed continuaremos hacia el sur, pasando por algunos pueblos donde tendr\u00e1 la oportunidad de ver n\u00f3madas que viven en tiendas de campa\u00f1a y donde llegar\u00e1 a Midert para almorzar. Continuaremos a trav\u00e9s del vasto desierto abierto y, a medida que se acerque a la ciudad de Er Rachidia o imtghren, ver\u00e1 c\u00f3mo el paisaje cambia para revelar los signos del desierto. El viaje contin\u00faa por el exuberante valle del Ziz y el palmeral de Tafilalet, famoso por su cultivo de palmeras datileras. La regi\u00f3n fue la cuna de la dinast\u00eda alau\u00ed, actual familia real reinante en Marruecos. Llegar\u00e1 a Merzouga a \u00faltima hora de la tarde. Le recibir\u00e1n con una taza de t\u00e9 a la menta antes de registrarle en su riad.<\/p>\n<p>&nbsp;<\/p>\n<h3>D\u00eda 3: Excursi\u00f3n en 4\u00d74 por las dunas de ERG CHEBBI &#8211; seguido por camellos.<\/h3>\n<p>Despu\u00e9s del desayuno, fuimos a visitar las dunas. Visitaremos el oasis de Merzouga, los n\u00f3madas de Haimas, el pueblo de Khamlia (ciudad negra), la mina de Mifiss, la meseta des\u00e9rtica y el oasis de la mina de Tissard. Unas 3 horas m\u00e1s tarde, regresamos a nuestra residencia. M\u00e1s tarde montaremos en camello por las dunas de arena para contemplar la puesta de sol. Despu\u00e9s pasaremos la noche en un oasis salvaje en el coraz\u00f3n de las dunas, a dos horas en coche de nuestro emplazamiento. Dormimos en los \u00abVivacs\u00bb&#8230; \u00a1una noche m\u00e1gica!<\/p>\n<p>&nbsp;<\/p>\n<h3>D\u00eda 4: MERZOUGA &#8211; TINEGHIR &#8211; GARGANTAS DEL TODRA &#8211; VALLE DEL DADES.<\/h3>\n<p>Dejaremos las dunas y nos dirigiremos hacia Erfoud para llegar a Tineghir, donde visitaremos las \u00abfougartas\u00bb, un antiguo sistema de alcantarillado del siglo XV. Tambi\u00e9n visitaremos el palmeral de Tinhgir. Despu\u00e9s llegaremos a la Garganta del Todra, donde descansaremos y comeremos. A continuaci\u00f3n, pasearemos por la ciudad y el valle de Boulmane Dad\u00e8s hasta el ca\u00f1\u00f3n de Dad\u00e8s. All\u00ed, el r\u00edo fluye sobre las rocas, creando un hermoso paisaje. Cena y noche en un encantador hotel de 5 estrellas.<\/p>\n<p>&nbsp;<\/p>\n<h3>D\u00cdA 5: VALLE DEL DADES &#8211; BOUTAGHRART &#8211; SKOURA &#8211; OUARZAZATE<\/h3>\n<p>Comenzaremos la ma\u00f1ana conduciendo por la carretera hacia el valle de las rosas y el hermoso pueblo bereber de Boutghrart, donde tomaremos el t\u00e9 con la familia local (bereber del whisky). Tomamos la Route des Mille Anciens Ch\u00e2teaux. A lo largo de esta ruta, nos detendremos para observar antiguos castillos, paisajes, valles, n\u00f3madas que viven en cuevas&#8230; Llegaremos a Skoura, donde se han rodado numerosas pel\u00edculas (Obelisco, Gladiator, Castillo del S\u00e1hara Ait Benhaddou en el desierto&#8230;). Cena en el hotel.<\/p>\n<p>&nbsp;<\/p>\n<h3>D\u00eda 6: OUARZAZATE &#8211; AIT BENHADDOU &#8211; TELOUET &#8211; MARRAKECH<\/h3>\n<p>Nos dirigimos hacia el magn\u00edfico castillo antiguo de Ait Benhaddou. Visitaremos otra Kasbah llamada Telouet. Al final de la tarde regresaremos a Marrakech atravesando el puerto de Tizi-N-Tichka (2260 m sobre el nivel del mar) y sus magn\u00edficos paisajes. Pasaremos la noche en un Riad de Marrakech.<\/p>\n<p>&nbsp;<\/p>\n<h3>D\u00eda 7: Excursi\u00f3n de d\u00eda completo por Marrakech con un gu\u00eda local.<\/h3>\n<p>Haremos un recorrido a pie por Marrakech y sus monumentos hist\u00f3ricos m\u00e1s importantes, como la antigua medina, las tumbas y mezquitas, la Kasbah o la famosa plaza Jemaa El Fna. Descubriremos por qu\u00e9 Marruecos es conocida como la capital del turismo. Pasaremos la noche en el mismo Riad.<\/p>\n<p>&nbsp;<\/p>\n<h3>D\u00eda 8: Marrakech &#8211; Soira &#8211; Marrakech.<\/h3>\n<p>Salimos por la ma\u00f1ana, de Marrakech a Essaouira, unas 2h30 en coche. All\u00ed entraremos en el Museo de Artesan\u00eda en Madera, ubicado en un antiguo palacio. Hay una torre de vigilancia y el puerto de La Scala. Desde este puerto podemos ver la costa, las islas y las ciudades. La puerta del muelle sirve para conectar la ciudad con el puerto, y hay subastas para comprar pescado fresco. En las callejuelas de la medina hay muchos artesanos que trabajan la joyer\u00eda y la madera&#8230; Se alojan bajo la ciudadela de la ciudad. Regresaremos a Marrakech y pasaremos la noche en el mismo riad que las dos noches anteriores.<\/p>\n<p>&nbsp;<\/p>\n<h3>D\u00eda 9: Marrakech &#8211; Casablanca<\/h3>\n<p>Despu\u00e9s del desayuno por la ma\u00f1ana, salida de Marrakech hacia Casablanca. Visitamos la mezquita Hassan II, la segunda mezquita m\u00e1s grande del mundo, la medina y la parte nueva de la ciudad, y tambi\u00e9n visitamos el mercado tradicional de Hubbous por si quieres comprar regalos antes de pasar la noche en el hotel .<\/p>\n<p>&nbsp;<\/p>\n<h3>D\u00eda 10: Casablanca &#8211; Rabat &#8211; Meknes<\/h3>\n<p>Tras el desayuno, nos dirigiremos a Rabat para visitar la Torre Hassan y el Castillo de Vadaya. Tras visitar Rabat, nos dirigiremos a la ciudad de Meknes, que alcanz\u00f3 la \u00e9poca dorada del sult\u00e1n Moulay Ismail. Y visite la ciudad romana bereber a 27 km de Meknes, conocida en bereber como Volubilis o Walili. Pasearemos por la ciudad bereber-romana. Tras la visita, llegaremos a Meknes. All\u00ed pasearemos por la ciudad, iremos a la tumba de Moulay Ismail, la plaza de El Hedime y Bab Mansour. Pasaremos la noche en un hotel o riad.<\/p>\n<p>&nbsp;<\/p>\n<h3>D\u00eda 11: Mequinez &#8211; Fez<\/h3>\n<p>Le llevaremos de vuelta a Fez, regresar\u00e1 a su alojamiento o le trasladaremos al aeropuerto para tomar su vuelo.<\/p>\n<p>&nbsp;<\/p>\n<\/div>\n<h4>Incluido:<\/h4>\n<ul>\n<li>Alojamiento en hotel, riad o vivac (seg\u00fan el lugar y el d\u00eda)<\/li>\n<li>Transporte en veh\u00edculo privado con conductor<\/li>\n<li>Gu\u00eda local para la excursi\u00f3n de d\u00eda completo en Fez y Marrakech<\/li>\n<li>Excursi\u00f3n en camello por el desierto<\/li>\n<li>T\u00e9 a la menta a la llegada a Merzouga<\/li>\n<li>Comida (desayuno y cena)<\/li>\n<li>Entrada a lugares hist\u00f3ricos, museos y kasbahs<\/li>\n<li>Un vaso de whisky bereber con una familia local en Boutaghrar<\/li>\n<\/ul>\n<h4>No se incluye:<\/h4>\n<ul>\n<li>Almuerzo<\/li>\n<li>Bebidas distintas del t\u00e9 y el whisky bereber<\/li>\n<li>Gastos personales, como recuerdos, comida y bebidas adicionales<\/li>\n<li>Seguro de viaje<\/li>\n<li>Propinas para el conductor y el gu\u00eda local.<\/li>\n<\/ul>\n<\/div>\n<\/div>\n<\/div>\n<\/div>\n<\/div>\n<\/div>\n<\/div>\n<\/div>\n<\/div>\n","protected":false},"excerpt":{"rendered":"<p>Viaje de 11 d\u00edas de Fez a Fez pasando por el desierto de Merzouga &nbsp; D\u00eda 1: Explore Fez con un gu\u00eda local durante todo el d\u00eda. Tras ser recogido en el aeropuerto u hotel o riad, visitar\u00e1 la medina de Fez con un gu\u00eda local y desde all\u00ed se dirigir\u00e1 a la ciudad. Fez [&hellip;]<\/p>\n","protected":false},"featured_media":5407,"comment_status":"open","ping_status":"closed","template":"","meta":[],"product_cat":[68],"product_tag":[],"class_list":["post-5737","product","type-product","status-publish","has-post-thumbnail","hentry","product_cat-tours-desde-fez"],"yoast_head":"<!-- This site is optimized with the Yoast SEO plugin v20.1 - https:\/\/yoast.com\/wordpress\/plugins\/seo\/ -->\n<title>Viaje de 11 d\u00edas de Fez a Fez pasando por el desierto de Merzouga - Sahara Tours Marruecos<\/title>\n<meta name=\"description\" content=\"Explore la impresionante belleza de Marruecos con nuestra excursi\u00f3n de 6 d\u00edas a Marrakech. Experimente el desierto, visite ciudades hist\u00f3ricas y marav\u00edllese ante paisajes esc\u00e9nicos.\" \/>\n<meta name=\"robots\" content=\"index, follow, max-snippet:-1, max-image-preview:large, max-video-preview:-1\" \/>\n<link rel=\"canonical\" href=\"https:\/\/saharatoursmarruecos.com\/es\/producto\/circuito-de-11-dias-de-fez-a-fez-a-traves-del-desierto-de-merzouga\/\" \/>\n<meta property=\"og:locale\" content=\"es_ES\" \/>\n<meta property=\"og:type\" content=\"article\" \/>\n<meta property=\"og:title\" content=\"Viaje de 11 d\u00edas de Fez a Fez pasando por el desierto de Merzouga - Sahara Tours Marruecos\" \/>\n<meta property=\"og:description\" content=\"Explore la impresionante belleza de Marruecos con nuestra excursi\u00f3n de 6 d\u00edas a Marrakech. Experimente el desierto, visite ciudades hist\u00f3ricas y marav\u00edllese ante paisajes esc\u00e9nicos.\" \/>\n<meta property=\"og:url\" content=\"https:\/\/saharatoursmarruecos.com\/es\/producto\/circuito-de-11-dias-de-fez-a-fez-a-traves-del-desierto-de-merzouga\/\" \/>\n<meta property=\"og:site_name\" content=\"Sahara Tours Marruecos\" \/>\n<meta property=\"og:image\" content=\"https:\/\/saharatoursmarruecos.com\/wp-content\/uploads\/2023\/02\/maisons-ifrane-7-1280x720-1.jpeg\" \/>\n\t<meta property=\"og:image:width\" content=\"1280\" \/>\n\t<meta property=\"og:image:height\" content=\"720\" \/>\n\t<meta property=\"og:image:type\" content=\"image\/jpeg\" \/>\n<meta name=\"twitter:card\" content=\"summary_large_image\" \/>\n<meta name=\"twitter:label1\" content=\"Tiempo de lectura\" \/>\n\t<meta name=\"twitter:data1\" content=\"6 minutos\" \/>\n<script type=\"application\/ld+json\" class=\"yoast-schema-graph\">{\"@context\":\"https:\/\/schema.org\",\"@graph\":[{\"@type\":\"WebPage\",\"@id\":\"https:\/\/saharatoursmarruecos.com\/es\/producto\/circuito-de-11-dias-de-fez-a-fez-a-traves-del-desierto-de-merzouga\/\",\"url\":\"https:\/\/saharatoursmarruecos.com\/es\/producto\/circuito-de-11-dias-de-fez-a-fez-a-traves-del-desierto-de-merzouga\/\",\"name\":\"Viaje de 11 d\u00edas de Fez a Fez pasando por el desierto de Merzouga - Sahara Tours Marruecos\",\"isPartOf\":{\"@id\":\"https:\/\/saharatoursmarruecos.com\/#website\"},\"datePublished\":\"2023-02-11T18:58:52+00:00\",\"dateModified\":\"2023-02-11T18:58:52+00:00\",\"description\":\"Explore la impresionante belleza de Marruecos con nuestra excursi\u00f3n de 6 d\u00edas a Marrakech. Experimente el desierto, visite ciudades hist\u00f3ricas y marav\u00edllese ante paisajes esc\u00e9nicos.\",\"breadcrumb\":{\"@id\":\"https:\/\/saharatoursmarruecos.com\/es\/producto\/circuito-de-11-dias-de-fez-a-fez-a-traves-del-desierto-de-merzouga\/#breadcrumb\"},\"inLanguage\":\"es\",\"potentialAction\":[{\"@type\":\"ReadAction\",\"target\":[\"https:\/\/saharatoursmarruecos.com\/es\/producto\/circuito-de-11-dias-de-fez-a-fez-a-traves-del-desierto-de-merzouga\/\"]}]},{\"@type\":\"BreadcrumbList\",\"@id\":\"https:\/\/saharatoursmarruecos.com\/es\/producto\/circuito-de-11-dias-de-fez-a-fez-a-traves-del-desierto-de-merzouga\/#breadcrumb\",\"itemListElement\":[{\"@type\":\"ListItem\",\"position\":1,\"name\":\"Home\",\"item\":\"https:\/\/saharatoursmarruecos.com\/\"},{\"@type\":\"ListItem\",\"position\":2,\"name\":\"Shop\",\"item\":\"https:\/\/saharatoursmarruecos.com\/shop\/\"},{\"@type\":\"ListItem\",\"position\":3,\"name\":\"Viaje de 11 d\u00edas de Fez a Fez pasando por el desierto de Merzouga\"}]},{\"@type\":\"WebSite\",\"@id\":\"https:\/\/saharatoursmarruecos.com\/#website\",\"url\":\"https:\/\/saharatoursmarruecos.com\/\",\"name\":\"Sahara Tours Marruecos\",\"description\":\"Sahara Tours Marruecos\",\"potentialAction\":[{\"@type\":\"SearchAction\",\"target\":{\"@type\":\"EntryPoint\",\"urlTemplate\":\"https:\/\/saharatoursmarruecos.com\/?s={search_term_string}\"},\"query-input\":\"required name=search_term_string\"}],\"inLanguage\":\"es\"}]}<\/script>\n<!-- \/ Yoast SEO plugin. -->","yoast_head_json":{"title":"Viaje de 11 d\u00edas de Fez a Fez pasando por el desierto de Merzouga - Sahara Tours Marruecos","description":"Explore la impresionante belleza de Marruecos con nuestra excursi\u00f3n de 6 d\u00edas a Marrakech. Experimente el desierto, visite ciudades hist\u00f3ricas y marav\u00edllese ante paisajes esc\u00e9nicos.","robots":{"index":"index","follow":"follow","max-snippet":"max-snippet:-1","max-image-preview":"max-image-preview:large","max-video-preview":"max-video-preview:-1"},"canonical":"https:\/\/saharatoursmarruecos.com\/es\/producto\/circuito-de-11-dias-de-fez-a-fez-a-traves-del-desierto-de-merzouga\/","og_locale":"es_ES","og_type":"article","og_title":"Viaje de 11 d\u00edas de Fez a Fez pasando por el desierto de Merzouga - Sahara Tours Marruecos","og_description":"Explore la impresionante belleza de Marruecos con nuestra excursi\u00f3n de 6 d\u00edas a Marrakech. Experimente el desierto, visite ciudades hist\u00f3ricas y marav\u00edllese ante paisajes esc\u00e9nicos.","og_url":"https:\/\/saharatoursmarruecos.com\/es\/producto\/circuito-de-11-dias-de-fez-a-fez-a-traves-del-desierto-de-merzouga\/","og_site_name":"Sahara Tours Marruecos","og_image":[{"width":1280,"height":720,"url":"https:\/\/saharatoursmarruecos.com\/wp-content\/uploads\/2023\/02\/maisons-ifrane-7-1280x720-1.jpeg","type":"image\/jpeg"}],"twitter_card":"summary_large_image","twitter_misc":{"Tiempo de lectura":"6 minutos"},"schema":{"@context":"https:\/\/schema.org","@graph":[{"@type":"WebPage","@id":"https:\/\/saharatoursmarruecos.com\/es\/producto\/circuito-de-11-dias-de-fez-a-fez-a-traves-del-desierto-de-merzouga\/","url":"https:\/\/saharatoursmarruecos.com\/es\/producto\/circuito-de-11-dias-de-fez-a-fez-a-traves-del-desierto-de-merzouga\/","name":"Viaje de 11 d\u00edas de Fez a Fez pasando por el desierto de Merzouga - Sahara Tours Marruecos","isPartOf":{"@id":"https:\/\/saharatoursmarruecos.com\/#website"},"datePublished":"2023-02-11T18:58:52+00:00","dateModified":"2023-02-11T18:58:52+00:00","description":"Explore la impresionante belleza de Marruecos con nuestra excursi\u00f3n de 6 d\u00edas a Marrakech. Experimente el desierto, visite ciudades hist\u00f3ricas y marav\u00edllese ante paisajes esc\u00e9nicos.","breadcrumb":{"@id":"https:\/\/saharatoursmarruecos.com\/es\/producto\/circuito-de-11-dias-de-fez-a-fez-a-traves-del-desierto-de-merzouga\/#breadcrumb"},"inLanguage":"es","potentialAction":[{"@type":"ReadAction","target":["https:\/\/saharatoursmarruecos.com\/es\/producto\/circuito-de-11-dias-de-fez-a-fez-a-traves-del-desierto-de-merzouga\/"]}]},{"@type":"BreadcrumbList","@id":"https:\/\/saharatoursmarruecos.com\/es\/producto\/circuito-de-11-dias-de-fez-a-fez-a-traves-del-desierto-de-merzouga\/#breadcrumb","itemListElement":[{"@type":"ListItem","position":1,"name":"Home","item":"https:\/\/saharatoursmarruecos.com\/"},{"@type":"ListItem","position":2,"name":"Shop","item":"https:\/\/saharatoursmarruecos.com\/shop\/"},{"@type":"ListItem","position":3,"name":"Viaje de 11 d\u00edas de Fez a Fez pasando por el desierto de Merzouga"}]},{"@type":"WebSite","@id":"https:\/\/saharatoursmarruecos.com\/#website","url":"https:\/\/saharatoursmarruecos.com\/","name":"Sahara Tours Marruecos","description":"Sahara Tours Marruecos","potentialAction":[{"@type":"SearchAction","target":{"@type":"EntryPoint","urlTemplate":"https:\/\/saharatoursmarruecos.com\/?s={search_term_string}"},"query-input":"required name=search_term_string"}],"inLanguage":"es"}]}},"_links":{"self":[{"href":"https:\/\/saharatoursmarruecos.com\/es\/wp-json\/wp\/v2\/product\/5737","targetHints":{"allow":["GET"]}}],"collection":[{"href":"https:\/\/saharatoursmarruecos.com\/es\/wp-json\/wp\/v2\/product"}],"about":[{"href":"https:\/\/saharatoursmarruecos.com\/es\/wp-json\/wp\/v2\/types\/product"}],"replies":[{"embeddable":true,"href":"https:\/\/saharatoursmarruecos.com\/es\/wp-json\/wp\/v2\/comments?post=5737"}],"wp:featuredmedia":[{"embeddable":true,"href":"https:\/\/saharatoursmarruecos.com\/es\/wp-json\/wp\/v2\/media\/5407"}],"wp:attachment":[{"href":"https:\/\/saharatoursmarruecos.com\/es\/wp-json\/wp\/v2\/media?parent=5737"}],"wp:term":[{"taxonomy":"product_cat","embeddable":true,"href":"https:\/\/saharatoursmarruecos.com\/es\/wp-json\/wp\/v2\/product_cat?post=5737"},{"taxonomy":"product_tag","embeddable":true,"href":"https:\/\/saharatoursmarruecos.com\/es\/wp-json\/wp\/v2\/product_tag?post=5737"}],"curies":[{"name":"wp","href":"https:\/\/api.w.org\/{rel}","templated":true}]}}