{"id":5736,"date":"2023-02-11T18:36:10","date_gmt":"2023-02-11T18:36:10","guid":{"rendered":"https:\/\/www.saharatoursmarruecos.com\/product\/excursion-de-5-dias-desde-fez-al-desierto-de-merzouga-y-marrakech\/"},"modified":"2023-02-11T18:36:10","modified_gmt":"2023-02-11T18:36:10","slug":"circuito-de-5-dias-de-fez-a-merzouga-desierto-y-marrakech","status":"publish","type":"product","link":"https:\/\/saharatoursmarruecos.com\/es\/producto\/circuito-de-5-dias-de-fez-a-merzouga-desierto-y-marrakech\/","title":{"rendered":"Excursi\u00f3n de 5 d\u00edas desde Fez al desierto de Merzouga y Marrakech."},"content":{"rendered":"<h2><b>Excursi\u00f3n de 5 d\u00edas desde Fez al desierto de Merzouga y Marrakech.<\/b><\/h2>\n<p>&nbsp;<\/p>\n<h3>D\u00eda 1: FES &#8211; IFRANE &#8211; AZROU &#8211; MIDELT &#8211; MERZOUGA<\/h3>\n<p>Despu\u00e9s de reunirnos en el lugar acordado. Comenzaremos nuestro viaje hacia el sureste por el centro del Atlas pasando por Ifrane, la Suiza marroqu\u00ed, y luego Azrou, donde nos detendremos en el famoso bosque de cedros m\u00e1s grande de Marruecos para ver monos de Berber\u00eda y jugar con ellos. . Se llega a Midert para el almuerzo, despu\u00e9s de lo cual continuaremos a trav\u00e9s de las monta\u00f1as del Atlas, la mayor parte del d\u00eda se gastar\u00e1 en la carretera sinuosa a trav\u00e9s de hermosos bosques, fuentes, sinuosas paredes rocosas y pueblos bereberes a Errachidia, la puerta de entrada al desierto, entonces Erfoud llega en el coraz\u00f3n del desierto de Merzouga. Hotel o riad, relajarse con una taza de t\u00e9 a la menta, preparar la excursi\u00f3n en camello 1h30 para disfrutar de la puesta de sol y sandboard desde la cima de la siguiente duna m\u00e1s alta, la cena y la noche bajo una tienda tradicional bereber, en plena<\/p>\n<p>&nbsp;<\/p>\n<h3>D\u00cdA 2: MERZOUGA &#8211; ERG CHEBBI &#8211; NOCHE EN TIENDA BEBERBER<\/h3>\n<p>Tras el desayuno en el riad, comenzar\u00e1 a explorar la regi\u00f3n. Los gnahuas -originalmente esclavos tra\u00eddos de Sud\u00e1n- experimentan su m\u00fasica y su forma de vida. No muy lejos se encuentra el lago Merzouga, hogar de aves. Por la tarde, montar\u00e1 en camello y explorar\u00e1 el mar de arena de Merzouga bajo la gu\u00eda de un experimentado camellero. Noche en una tienda bereber, donde cenar\u00e1. Para su comodidad, el camping est\u00e1 equipado con instalaciones sanitarias de estilo occidental.<\/p>\n<h3>D\u00cdA 3: MERZOUGA &#8211; RISSANI &#8211; GARGANTAS DEL TODRA &#8211; PUENTE DE PALMA EN TINGHIR &#8211; VALLE DEL DADES<\/h3>\n<p>Por la ma\u00f1ana temprano, su gu\u00eda de camellos le despertar\u00e1 para contemplar el que podr\u00eda ser el mejor amanecer de su vida. Tras la salida del sol, regresar\u00e1 a la ciudad de Merzouga. Por el camino, disfrutar\u00e1 de una vista \u00fanica de las majestuosas dunas de Erg Chebbi, que cambian con el tiempo. Tras desayunar en su riad, se dirigir\u00e1 a Rissani, donde visitar\u00e1 el mercado de Rissani, ciudad tradicional que fue cuna de la familia reinante de Marruecos y punto de encuentro de caravanas que comerciaban hasta Tombuct\u00fa , en Mali. Aqu\u00ed ver\u00e1 muchos hombres encapuchados y mujeres con velo. Gargantas del Todra: las gargantas m\u00e1s altas y estrechas de Marruecos. Tras almorzar en el coraz\u00f3n del ca\u00f1\u00f3n, cruzaremos el valle del Dades, donde ver\u00e1 majestuosos castillos de arena y asombrosas formaciones rocosas llamadas \u00abmonos\u00bb. Pasaremos la noche en un hotel de lujo con vistas al valle del Dades.<\/p>\n<h3>D\u00cdA 4: VALLE DEL DADES &#8211; KASBAH AMRIDIL &#8211; PALMIER DU SCOURA &#8211; OUARZAZATE<\/h3>\n<p>Despu\u00e9s del desayuno en el hotel cruzaremos el Valle del Dades hacia Tamasset (bereber) o Asif N&#8217;dades, hacia Karatemguna y Ouarzazate . Despu\u00e9s del desayuno en el hotel cruzamos el valle del Dades hacia Tamasset (bereber) o Asif N&#8217;dades, hacia Karatemguna y Ouarzazate .<\/p>\n<p>El valle es el camino de las mil kasbahs, que ofrecen innumerables oportunidades para tomar algunas de las mejores fotos de su viaje. Nos detendremos en Kalaat Mgouna, la \u00abCiudad de las Rosas\u00bb, para comprar agua de rosas, que mantendr\u00e1 sus s\u00e1banas perfumadas mucho tiempo despu\u00e9s de su viaje. Contin\u00fae hacia Ouarzazate pasando por la Kasbah de Amridil, uno de los \u00faltimos gobernantes bereberes del siglo XVIII, que ahora alberga a muchos glauis. Noche en Ouarzazate.<\/p>\n<h3>D\u00cdA 5: OUARZAZATE &#8211; KASBAH AIT BEN HADDOU &#8211; TIZI N&#8217;TICHKA PAS &#8211; MARRAKECH<\/h3>\n<p>Tras desayunar en el riad, nos dirigiremos al ksar (pueblo fortificado) Ait Ben Haddou, donde visitaremos la famosa Kasbah (declarada Patrimonio de la Humanidad por la UNESCO en 1986). Famosas pel\u00edculas como Gladiator, El Obelisco, La Momia, La Joya del Nilo o Sahara con Pen\u00e9lope Cruz se han rodado en este espectacular escenario&#8230; Tras visitar la Kasbah, nos dirigiremos a Marrakech donde cruzaremos el paso de Tizi Ntichka. Aqu\u00ed, a 2.260 m, se encuentra el punto m\u00e1s alto de nuestro pa\u00eds. Disfrutaremos del bello paisaje por el camino y nos detendremos para tomar fotos de los pueblos bereberes antes de instalarnos en un riad dentro de la medina a \u00faltima hora de la tarde. Noche en el Riad.<\/p>\n<p>&nbsp;<\/p>\n<h4>Incluido:<\/h4>\n<ul>\n<li>Transporte en veh\u00edculo privado con conductor<\/li>\n<li>Alojamiento en hotel o riad<\/li>\n<li>Comidas seg\u00fan lo indicado (desayuno los d\u00edas 2-5, cena los d\u00edas 1 y 2)<\/li>\n<li>Excursi\u00f3n en camello y sandboard en el desierto de Merzouga<\/li>\n<li>Conductor de camellos con experiencia<\/li>\n<li>Visita al bosque de cedros para ver monos de Berber\u00eda<\/li>\n<li>Visita al mercado de Rissani y a las gargantas del Todra<\/li>\n<li>Visita a Ksar Ait Ben Haddou y Kasbah Amridil<\/li>\n<li>Compra de agua de rosas en Kalaat Mgouna<\/li>\n<li>Alojamiento en un hotel de lujo en el valle del Dades<\/li>\n<\/ul>\n<h4>No se incluye:<\/h4>\n<ul>\n<li>Vuelos a y desde Marruecos<\/li>\n<li>Seguro de viaje<\/li>\n<li>Gastos personales como recuerdos, bebidas, etc.<\/li>\n<li>Propinas para el conductor o el camellero<\/li>\n<li>Cualquier otro gasto no mencionado en la lista incluida.<\/li>\n<\/ul>\n","protected":false},"excerpt":{"rendered":"<p>Excursi\u00f3n de 5 d\u00edas desde Fez al desierto de Merzouga y Marrakech. &nbsp; D\u00eda 1: FES &#8211; IFRANE &#8211; AZROU &#8211; MIDELT &#8211; MERZOUGA Despu\u00e9s de reunirnos en el lugar acordado. Comenzaremos nuestro viaje hacia el sureste por el centro del Atlas pasando por Ifrane, la Suiza marroqu\u00ed, y luego Azrou, donde nos detendremos en [&hellip;]<\/p>\n","protected":false},"featured_media":5401,"comment_status":"open","ping_status":"closed","template":"","meta":[],"product_cat":[68],"product_tag":[],"class_list":["post-5736","product","type-product","status-publish","has-post-thumbnail","hentry","product_cat-tours-desde-fez"],"yoast_head":"<!-- This site is optimized with the Yoast SEO plugin v20.1 - https:\/\/yoast.com\/wordpress\/plugins\/seo\/ -->\n<title>Excursi\u00f3n de 5 d\u00edas desde Fez al desierto de Merzouga y Marrakech. - Sahara Tours Marruecos<\/title>\n<meta name=\"description\" content=\"Explore la impresionante belleza de Marruecos con nuestra excursi\u00f3n de 6 d\u00edas a Marrakech. Experimente el desierto, visite ciudades hist\u00f3ricas y marav\u00edllese ante paisajes esc\u00e9nicos.\" \/>\n<meta name=\"robots\" content=\"index, follow, max-snippet:-1, max-image-preview:large, max-video-preview:-1\" \/>\n<link rel=\"canonical\" href=\"https:\/\/saharatoursmarruecos.com\/es\/producto\/circuito-de-5-dias-de-fez-a-merzouga-desierto-y-marrakech\/\" \/>\n<meta property=\"og:locale\" content=\"es_ES\" \/>\n<meta property=\"og:type\" content=\"article\" \/>\n<meta property=\"og:title\" content=\"Excursi\u00f3n de 5 d\u00edas desde Fez al desierto de Merzouga y Marrakech. - Sahara Tours Marruecos\" \/>\n<meta property=\"og:description\" content=\"Explore la impresionante belleza de Marruecos con nuestra excursi\u00f3n de 6 d\u00edas a Marrakech. Experimente el desierto, visite ciudades hist\u00f3ricas y marav\u00edllese ante paisajes esc\u00e9nicos.\" \/>\n<meta property=\"og:url\" content=\"https:\/\/saharatoursmarruecos.com\/es\/producto\/circuito-de-5-dias-de-fez-a-merzouga-desierto-y-marrakech\/\" \/>\n<meta property=\"og:site_name\" content=\"Sahara Tours Marruecos\" \/>\n<meta property=\"og:image\" content=\"https:\/\/saharatoursmarruecos.com\/wp-content\/uploads\/2023\/02\/Fire-Sky-Stars-Dunes.jpeg\" \/>\n\t<meta property=\"og:image:width\" content=\"960\" \/>\n\t<meta property=\"og:image:height\" content=\"500\" \/>\n\t<meta property=\"og:image:type\" content=\"image\/jpeg\" \/>\n<meta name=\"twitter:card\" content=\"summary_large_image\" \/>\n<meta name=\"twitter:label1\" content=\"Tiempo de lectura\" \/>\n\t<meta name=\"twitter:data1\" content=\"4 minutos\" \/>\n<script type=\"application\/ld+json\" class=\"yoast-schema-graph\">{\"@context\":\"https:\/\/schema.org\",\"@graph\":[{\"@type\":\"WebPage\",\"@id\":\"https:\/\/saharatoursmarruecos.com\/es\/producto\/circuito-de-5-dias-de-fez-a-merzouga-desierto-y-marrakech\/\",\"url\":\"https:\/\/saharatoursmarruecos.com\/es\/producto\/circuito-de-5-dias-de-fez-a-merzouga-desierto-y-marrakech\/\",\"name\":\"Excursi\u00f3n de 5 d\u00edas desde Fez al desierto de Merzouga y Marrakech. - Sahara Tours Marruecos\",\"isPartOf\":{\"@id\":\"https:\/\/saharatoursmarruecos.com\/#website\"},\"datePublished\":\"2023-02-11T18:36:10+00:00\",\"dateModified\":\"2023-02-11T18:36:10+00:00\",\"description\":\"Explore la impresionante belleza de Marruecos con nuestra excursi\u00f3n de 6 d\u00edas a Marrakech. Experimente el desierto, visite ciudades hist\u00f3ricas y marav\u00edllese ante paisajes esc\u00e9nicos.\",\"breadcrumb\":{\"@id\":\"https:\/\/saharatoursmarruecos.com\/es\/producto\/circuito-de-5-dias-de-fez-a-merzouga-desierto-y-marrakech\/#breadcrumb\"},\"inLanguage\":\"es\",\"potentialAction\":[{\"@type\":\"ReadAction\",\"target\":[\"https:\/\/saharatoursmarruecos.com\/es\/producto\/circuito-de-5-dias-de-fez-a-merzouga-desierto-y-marrakech\/\"]}]},{\"@type\":\"BreadcrumbList\",\"@id\":\"https:\/\/saharatoursmarruecos.com\/es\/producto\/circuito-de-5-dias-de-fez-a-merzouga-desierto-y-marrakech\/#breadcrumb\",\"itemListElement\":[{\"@type\":\"ListItem\",\"position\":1,\"name\":\"Home\",\"item\":\"https:\/\/saharatoursmarruecos.com\/\"},{\"@type\":\"ListItem\",\"position\":2,\"name\":\"Shop\",\"item\":\"https:\/\/saharatoursmarruecos.com\/shop\/\"},{\"@type\":\"ListItem\",\"position\":3,\"name\":\"Excursi\u00f3n de 5 d\u00edas desde Fez al desierto de Merzouga y Marrakech.\"}]},{\"@type\":\"WebSite\",\"@id\":\"https:\/\/saharatoursmarruecos.com\/#website\",\"url\":\"https:\/\/saharatoursmarruecos.com\/\",\"name\":\"Sahara Tours Marruecos\",\"description\":\"Sahara Tours Marruecos\",\"potentialAction\":[{\"@type\":\"SearchAction\",\"target\":{\"@type\":\"EntryPoint\",\"urlTemplate\":\"https:\/\/saharatoursmarruecos.com\/?s={search_term_string}\"},\"query-input\":\"required name=search_term_string\"}],\"inLanguage\":\"es\"}]}<\/script>\n<!-- \/ Yoast SEO plugin. -->","yoast_head_json":{"title":"Excursi\u00f3n de 5 d\u00edas desde Fez al desierto de Merzouga y Marrakech. - Sahara Tours Marruecos","description":"Explore la impresionante belleza de Marruecos con nuestra excursi\u00f3n de 6 d\u00edas a Marrakech. Experimente el desierto, visite ciudades hist\u00f3ricas y marav\u00edllese ante paisajes esc\u00e9nicos.","robots":{"index":"index","follow":"follow","max-snippet":"max-snippet:-1","max-image-preview":"max-image-preview:large","max-video-preview":"max-video-preview:-1"},"canonical":"https:\/\/saharatoursmarruecos.com\/es\/producto\/circuito-de-5-dias-de-fez-a-merzouga-desierto-y-marrakech\/","og_locale":"es_ES","og_type":"article","og_title":"Excursi\u00f3n de 5 d\u00edas desde Fez al desierto de Merzouga y Marrakech. - Sahara Tours Marruecos","og_description":"Explore la impresionante belleza de Marruecos con nuestra excursi\u00f3n de 6 d\u00edas a Marrakech. Experimente el desierto, visite ciudades hist\u00f3ricas y marav\u00edllese ante paisajes esc\u00e9nicos.","og_url":"https:\/\/saharatoursmarruecos.com\/es\/producto\/circuito-de-5-dias-de-fez-a-merzouga-desierto-y-marrakech\/","og_site_name":"Sahara Tours Marruecos","og_image":[{"width":960,"height":500,"url":"https:\/\/saharatoursmarruecos.com\/wp-content\/uploads\/2023\/02\/Fire-Sky-Stars-Dunes.jpeg","type":"image\/jpeg"}],"twitter_card":"summary_large_image","twitter_misc":{"Tiempo de lectura":"4 minutos"},"schema":{"@context":"https:\/\/schema.org","@graph":[{"@type":"WebPage","@id":"https:\/\/saharatoursmarruecos.com\/es\/producto\/circuito-de-5-dias-de-fez-a-merzouga-desierto-y-marrakech\/","url":"https:\/\/saharatoursmarruecos.com\/es\/producto\/circuito-de-5-dias-de-fez-a-merzouga-desierto-y-marrakech\/","name":"Excursi\u00f3n de 5 d\u00edas desde Fez al desierto de Merzouga y Marrakech. - Sahara Tours Marruecos","isPartOf":{"@id":"https:\/\/saharatoursmarruecos.com\/#website"},"datePublished":"2023-02-11T18:36:10+00:00","dateModified":"2023-02-11T18:36:10+00:00","description":"Explore la impresionante belleza de Marruecos con nuestra excursi\u00f3n de 6 d\u00edas a Marrakech. Experimente el desierto, visite ciudades hist\u00f3ricas y marav\u00edllese ante paisajes esc\u00e9nicos.","breadcrumb":{"@id":"https:\/\/saharatoursmarruecos.com\/es\/producto\/circuito-de-5-dias-de-fez-a-merzouga-desierto-y-marrakech\/#breadcrumb"},"inLanguage":"es","potentialAction":[{"@type":"ReadAction","target":["https:\/\/saharatoursmarruecos.com\/es\/producto\/circuito-de-5-dias-de-fez-a-merzouga-desierto-y-marrakech\/"]}]},{"@type":"BreadcrumbList","@id":"https:\/\/saharatoursmarruecos.com\/es\/producto\/circuito-de-5-dias-de-fez-a-merzouga-desierto-y-marrakech\/#breadcrumb","itemListElement":[{"@type":"ListItem","position":1,"name":"Home","item":"https:\/\/saharatoursmarruecos.com\/"},{"@type":"ListItem","position":2,"name":"Shop","item":"https:\/\/saharatoursmarruecos.com\/shop\/"},{"@type":"ListItem","position":3,"name":"Excursi\u00f3n de 5 d\u00edas desde Fez al desierto de Merzouga y Marrakech."}]},{"@type":"WebSite","@id":"https:\/\/saharatoursmarruecos.com\/#website","url":"https:\/\/saharatoursmarruecos.com\/","name":"Sahara Tours Marruecos","description":"Sahara Tours Marruecos","potentialAction":[{"@type":"SearchAction","target":{"@type":"EntryPoint","urlTemplate":"https:\/\/saharatoursmarruecos.com\/?s={search_term_string}"},"query-input":"required name=search_term_string"}],"inLanguage":"es"}]}},"_links":{"self":[{"href":"https:\/\/saharatoursmarruecos.com\/es\/wp-json\/wp\/v2\/product\/5736","targetHints":{"allow":["GET"]}}],"collection":[{"href":"https:\/\/saharatoursmarruecos.com\/es\/wp-json\/wp\/v2\/product"}],"about":[{"href":"https:\/\/saharatoursmarruecos.com\/es\/wp-json\/wp\/v2\/types\/product"}],"replies":[{"embeddable":true,"href":"https:\/\/saharatoursmarruecos.com\/es\/wp-json\/wp\/v2\/comments?post=5736"}],"wp:featuredmedia":[{"embeddable":true,"href":"https:\/\/saharatoursmarruecos.com\/es\/wp-json\/wp\/v2\/media\/5401"}],"wp:attachment":[{"href":"https:\/\/saharatoursmarruecos.com\/es\/wp-json\/wp\/v2\/media?parent=5736"}],"wp:term":[{"taxonomy":"product_cat","embeddable":true,"href":"https:\/\/saharatoursmarruecos.com\/es\/wp-json\/wp\/v2\/product_cat?post=5736"},{"taxonomy":"product_tag","embeddable":true,"href":"https:\/\/saharatoursmarruecos.com\/es\/wp-json\/wp\/v2\/product_tag?post=5736"}],"curies":[{"name":"wp","href":"https:\/\/api.w.org\/{rel}","templated":true}]}}