{"id":5735,"date":"2023-02-11T18:28:14","date_gmt":"2023-02-11T18:28:14","guid":{"rendered":"https:\/\/www.saharatoursmarruecos.com\/product\/12-dias-al-sahara-y-ciudades-imperiales-desde-casablanca\/"},"modified":"2023-02-11T18:28:14","modified_gmt":"2023-02-11T18:28:14","slug":"12-dias-a-sahara-y-ciudades-imperiales-desde-casablanca","status":"publish","type":"product","link":"https:\/\/saharatoursmarruecos.com\/es\/producto\/12-dias-a-sahara-y-ciudades-imperiales-desde-casablanca\/","title":{"rendered":"12 d\u00edas al S\u00e1hara y ciudades imperiales desde Casablanca"},"content":{"rendered":"<h2>12 d\u00edas al S\u00e1hara y ciudades imperiales desde Casablanca<\/h2>\n<p>&nbsp;<\/p>\n<h3>D\u00eda 1: D\u00eda entero explorando Casablanca<\/h3>\n<p>En esta excursi\u00f3n recorrer\u00e1 el patrimonio hist\u00f3rico de la ciudad m\u00e1s grande de Marruecos. Podremos explorar algunos de los lugares de la ciudad, como Hassan II, la mezquita m\u00e1s grande, el Palacio de las Naciones Unidas y la \u00abcalle Corric\u00bb antes de regresar al hotel para pasar la noche.<\/p>\n<h3>D\u00eda 2: Casablanca &#8211; Rabat<\/h3>\n<p>Tras el desayuno, comenzaremos nuestro segundo d\u00eda explorando la capital de Marruecos. Primeros pasos en la Kasbah de Oudaias, el lugar m\u00e1s antiguo de Rabat con panoramas excepcionales, hermosas vistas del r\u00edo \u00abBu Regrag\u00bb y del Oc\u00e9ano Atl\u00e1ntico. La segunda parada en Rabat es la Torre Hassan \u00abTorre Hassan\u00bb y el Mausoleo, una mezquita inacabada cuya construcci\u00f3n inici\u00f3 Yacoub Al-Mansour, l\u00edder de los \u00abAl Mohads\u00bb. La velada es gratuita.<\/p>\n<h3>D\u00eda 3: Rabat &#8211; Meknes &#8211; Volubilis &#8211; Fez.<\/h3>\n<p>Por la ma\u00f1ana, nuestro personal le dar\u00e1 la bienvenida en la recepci\u00f3n y le conducir\u00e1 a Meknes, otra ciudad imperial. En Meknes, visitaremos las Ruinas de Moulay Ismail, el Mausoleo de Moulay Ismail, el Antiguo Almac\u00e9n de Trigo, el Palacio Real, la Puerta de Bab El Mansour y la Cuenca de Swani, etc. Iremos a volubilis o Walili en bereber, un yacimiento romano bereber parcialmente excavado en Marruecos, cerca de la ciudad de Meknes, y luego continuaremos hacia Fez. Pase la noche en su hotel o riad.<\/p>\n<h3>D\u00eda 4: D\u00eda completo explorando FES<\/h3>\n<p>A la ma\u00f1ana siguiente, tras desayunar en su riad, se embarcar\u00e1 en un recorrido de descubrimiento por la medina, donde visitar\u00e1 muchas joyas ocultas que s\u00f3lo conocen los residentes locales. Fez es la capital de Marruecos desde hace m\u00e1s de 350 a\u00f1os y alberga la Universidad Al Karaouine, la m\u00e1s antigua del mundo en funcionamiento ininterrumpido. Su gu\u00eda le llevar\u00e1 a la tumba de Moulay Idris, la fuente Nejjarine y la curtidur\u00eda. Despu\u00e9s del almuerzo, tambi\u00e9n visitar\u00e1 la fachada del Palacio Real y atravesar\u00e1 el famoso barrio jud\u00edo \u00abMellah\u00bb, donde tendr\u00e1 la oportunidad de visitar una de las pocas sinagogas que quedan en Marruecos. Su viaje a Fez incluye una breve visita a la famosa f\u00e1brica de cer\u00e1mica, antes de disfrutar de una magn\u00edfica vista panor\u00e1mica de toda la medina de Fez. Noche en su riad.<\/p>\n<h3>D\u00cdA 5: FES &#8211; AZROU &#8211; MIDELT &#8211; VALLE DEL ZIZ &#8211; DESIERTO DE MERZOUGA<\/h3>\n<p>Despu\u00e9s del desayuno, nos dirigiremos a Ifrane y Azrou, la \u00abSuiza de Marruecos\u00bb a trav\u00e9s de las monta\u00f1as del Atlas Medio \u00abel Col de Tizi n t&#8217;lghamt\u00bb. Durante el viaje, nos detendremos en muchos lugares para tomar fotos y almorzar en Midert, entonces vamos a seguir para visitar el Valle del Ziz, la ciudad de Errachidia, Erfoud, despu\u00e9s de llegar al coraz\u00f3n del desierto del Sahara en Marruecos, Merzouga all\u00ed usted tiene un poco de descanso y luego subir a su camello, ir profundamente en el desierto. Durante nuestra excursi\u00f3n en camello, veremos la puesta de sol entre las dunas. Deliciosa cena en el campamento del desierto del Sahara, disfrutaremos esta noche en una tienda del desierto, bajo cielos despejados y estrellas, tambores bereberes. La familia real que gobierna Marruecos. Llegar\u00e1 a Merzouga a \u00faltima hora de la tarde. Le daremos la bienvenida con una taza de t\u00e9 a la menta antes de que se registre en su riad de Merzouga.<\/p>\n<h3>D\u00eda 6: D\u00eda del S\u00e1hara &#8211; Merzouga &#8211; N\u00f3madas &#8211; M\u00fasica GNAWA.<\/h3>\n<p>Por la ma\u00f1ana temprano, su camellero le despertar\u00e1 para admirar el amanecer. Tras el desayuno, regreso al hotel en camello. Aqu\u00ed le llevaremos a explorar la regi\u00f3n, visitando el pueblo de Khamlia, que originalmente albergaba a los esclavos del sult\u00e1n&#8230; aprenda sobre su m\u00fasica y su forma de vida. Tambi\u00e9n podemos visitar tiendas de n\u00f3madas bereberes donde muchas artesan\u00edas bereberes son m\u00e1s baratas que en las grandes ciudades. Aqu\u00ed podr\u00e1 pasar la noche en un hotel o un riad.<\/p>\n<h3>D\u00eda 7: MERZOUGA &#8211; RISSANI &#8211; TODRA GORGES &#8211; VALLE DEL DADES<\/h3>\n<p>A la ma\u00f1ana siguiente. Durante su viaje a Rissani, visitaremos el mercado de Rissani, una ciudad tradicional que fue cuna de la familia gobernante de Marruecos y lugar de encuentro de las caravanas comerciales de Tombuct\u00fa a Mali. Aqu\u00ed ver\u00e1 muchos hombres encapuchados y mujeres con velo mientras contin\u00faa hacia la garganta del Todra, el ca\u00f1\u00f3n m\u00e1s alto y estrecho de Marruecos. Tras almorzar en el coraz\u00f3n del ca\u00f1\u00f3n, cruzaremos el valle del Dades, donde ver\u00e1 majestuosos castillos de arena y asombrosas formaciones rocosas llamadas \u00abmonos\u00bb. Pasaremos la noche en un hotel de lujo con vistas al valle del Dades.<\/p>\n<h3>D\u00eda 8: Valle del Dades &#8211; KASBAH AMRIDIL &#8211; Castillo de palmeras de Skoura &#8211; Ouarzazate<\/h3>\n<p>Tras desayunar en el hotel, cruzaremos el valle del Dades hacia Kalaat Mgouna y Ouarzazate. La carretera que atraviesa el valle del Dades es el camino de las mil kasbahs, y ofrece innumerables oportunidades para tomar algunas de las mejores fotos de su viaje. Nos detuvimos en Kalaat Mgouna, la \u00abCiudad de las Rosas\u00bb, para comprar agua de rosas, que mantendr\u00e1 sus s\u00e1banas perfumadas mucho tiempo despu\u00e9s de su viaje. Contin\u00fae hacia Ouarzazate pasando por la Kasbah de Amridil, uno de los \u00faltimos gobernantes bereberes del siglo XVIII, que ahora alberga a muchos glauis. Por la tarde, parada en Ouarzazate.<\/p>\n<h3>\nD\u00cdA 9: OUARZAZATE &#8211; KASBAH AIT BEN HADDOU &#8211; TIZI N&#8217;TICHKA PAS &#8211; MARRAKECH<\/h3>\n<p>Tras desayunar en el hotel o riad, continuaremos nuestro viaje hacia el ksar (pueblo fortificado) Ait Ben Haddou, all\u00ed veremos la famosa Kasbah (declarada Patrimonio de la Humanidad por la UNESCO en 1986). En este espectacular escenario se han rodado pel\u00edculas famosas como \u00abGladiator\u00bb, \u00abEl Obelisco\u00bb, \u00abLa Momia\u00bb, \u00abLa Joya del Nilo\u00bb, el Sahara de Pen\u00e9lope Cruz&#8230; Despu\u00e9s de visitar la Casbah, nos dirigiremos a Marrakech y nos veremos pasar por Tizi Ntichka cuyos 2260m son el punto m\u00e1s alto de nuestro pa\u00eds. Disfrutaremos del bello paisaje desde las plataformas de observaci\u00f3n a lo largo del camino y nos detendremos para tomar fotos de los pueblos bereberes antes de registrarnos en un riad dentro de la medina a \u00faltima hora de la tarde. Noche en el Riad.<\/p>\n<h3>D\u00eda 10: A Essaouira<\/h3>\n<p>La segunda ma\u00f1ana, emprender\u00e1 viaje a la ciudad costera de Essaouira. Llegue all\u00ed tras unas 2,5 horas de viaje y empiece a explorar la ciudad. Pasee por las callejuelas de la medina y admire cientos de objetos de artesan\u00eda. La \u00abCiudad del Viento\u00bb atrae a surfistas de todo el mundo. Essaouira ha sido el hogar de muchas civilizaciones -incluida la ocupaci\u00f3n portuguesa, que influy\u00f3 en gran parte de su arquitectura-, pero sigue siendo una ciudad con una rica historia. Tambi\u00e9n se la considera la \u00abPerla del Atl\u00e1ntico\u00bb de Marruecos por su tama\u00f1o, sus caracter\u00edsticas puertas azules y sus paredes lavadas. Tambi\u00e9n visitar\u00e1 una cooperativa de mujeres para obtener aceite de arg\u00e1n. Aqu\u00ed se extraen aceites conocidos por sus propiedades culinarias, cosm\u00e9ticas y medicinales. El almuerzo se servir\u00e1 en la medina o en el puerto. Por la tarde, regresar\u00e1 a Marrakech. Noche en el Riad.<\/p>\n<h3>D\u00eda 11: Explorar Marrakech al m\u00e1ximo<\/h3>\n<p>Tras desayunar en el Riad, visitar\u00e1 lugares de importancia hist\u00f3rica y cultural, como la Mezquita Koutoubia, las Tumbas Saad\u00edes, el magn\u00edfico Palacio Bah\u00eda y la Escuela Cor\u00e1nica Ben Yusuf. Por \u00faltimo, termine la ma\u00f1ana con un paseo por las callejuelas de la medina, una oportunidad para admirar a los diferentes artesanos trabajando en su oficio antes de dirigirse a la famosa plaza Jamaa El Fna. Have lunch in a restaurant near the square, then visit the Majorelle Gardens in the afternoon and take a short tour of Gueliz &#8211; the new city of Marrakech. Almuerce en un restaurante cercano a la plaza y, por la tarde, visite los Jardines Majorelle y haga un breve recorrido por Gueliz, la nueva ciudad de Marrakech. Noche en su riad.<\/p>\n<h3>D\u00eda 12: Marrakech &#8211; Aeropuerto de Casablanca<\/h3>\n<p>Tras desayunar en su riad, le trasladaremos al aeropuerto de Casablanca para su vuelo de regreso. fin de servicio<\/p>\n<p>&nbsp;<\/p>\n<h4>Incluido:<\/h4>\n<ul>\n<li>Transporte durante todo el recorrido<\/li>\n<li>Alojamiento en hoteles o riads<\/li>\n<li>Comidas especificadas en el itinerario (desayuno)<\/li>\n<li>Gu\u00eda local experimentado<\/li>\n<li>Entradas a todos los lugares visitados<\/li>\n<li>Excursi\u00f3n en camello por el desierto de Merzouga<\/li>\n<li>Noche en un campamento en el desierto con cena y entretenimiento<\/li>\n<li>Todos los impuestos y gastos de servicio<\/li>\n<\/ul>\n<h4>No se incluye:<\/h4>\n<ul>\n<li>Almuerzo y cena (aparte de lo especificado en el itinerario)<\/li>\n<li>Gastos personales como bebidas, recuerdos, etc.<\/li>\n<li>Seguro de viaje<\/li>\n<li>Propinas para gu\u00eda y conductor<\/li>\n<\/ul>\n<p>&nbsp;<\/p>\n","protected":false},"excerpt":{"rendered":"<p>12 d\u00edas al S\u00e1hara y ciudades imperiales desde Casablanca &nbsp; D\u00eda 1: D\u00eda entero explorando Casablanca En esta excursi\u00f3n recorrer\u00e1 el patrimonio hist\u00f3rico de la ciudad m\u00e1s grande de Marruecos. Podremos explorar algunos de los lugares de la ciudad, como Hassan II, la mezquita m\u00e1s grande, el Palacio de las Naciones Unidas y la \u00abcalle [&hellip;]<\/p>\n","protected":false},"featured_media":5365,"comment_status":"open","ping_status":"closed","template":"","meta":[],"product_cat":[69],"product_tag":[],"class_list":["post-5735","product","type-product","status-publish","has-post-thumbnail","hentry","product_cat-tours-desde-casablanca-es"],"yoast_head":"<!-- This site is optimized with the Yoast SEO plugin v20.1 - https:\/\/yoast.com\/wordpress\/plugins\/seo\/ -->\n<title>12 d\u00edas al S\u00e1hara y ciudades imperiales desde Casablanca - Sahara Tours Marruecos<\/title>\n<meta name=\"description\" content=\"Explore la impresionante belleza de Marruecos con nuestra excursi\u00f3n de 6 d\u00edas a Marrakech. Experimente el desierto, visite ciudades hist\u00f3ricas y marav\u00edllese ante paisajes esc\u00e9nicos.\" \/>\n<meta name=\"robots\" content=\"index, follow, max-snippet:-1, max-image-preview:large, max-video-preview:-1\" \/>\n<link rel=\"canonical\" href=\"https:\/\/saharatoursmarruecos.com\/es\/producto\/12-dias-a-sahara-y-ciudades-imperiales-desde-casablanca\/\" \/>\n<meta property=\"og:locale\" content=\"es_ES\" \/>\n<meta property=\"og:type\" content=\"article\" \/>\n<meta property=\"og:title\" content=\"12 d\u00edas al S\u00e1hara y ciudades imperiales desde Casablanca - Sahara Tours Marruecos\" \/>\n<meta property=\"og:description\" content=\"Explore la impresionante belleza de Marruecos con nuestra excursi\u00f3n de 6 d\u00edas a Marrakech. Experimente el desierto, visite ciudades hist\u00f3ricas y marav\u00edllese ante paisajes esc\u00e9nicos.\" \/>\n<meta property=\"og:url\" content=\"https:\/\/saharatoursmarruecos.com\/es\/producto\/12-dias-a-sahara-y-ciudades-imperiales-desde-casablanca\/\" \/>\n<meta property=\"og:site_name\" content=\"Sahara Tours Marruecos\" \/>\n<meta property=\"og:image\" content=\"https:\/\/saharatoursmarruecos.com\/wp-content\/uploads\/2023\/02\/fez.jpg\" \/>\n\t<meta property=\"og:image:width\" content=\"1600\" \/>\n\t<meta property=\"og:image:height\" content=\"1067\" \/>\n\t<meta property=\"og:image:type\" content=\"image\/jpeg\" \/>\n<meta name=\"twitter:card\" content=\"summary_large_image\" \/>\n<meta name=\"twitter:label1\" content=\"Tiempo de lectura\" \/>\n\t<meta name=\"twitter:data1\" content=\"7 minutos\" \/>\n<script type=\"application\/ld+json\" class=\"yoast-schema-graph\">{\"@context\":\"https:\/\/schema.org\",\"@graph\":[{\"@type\":\"WebPage\",\"@id\":\"https:\/\/saharatoursmarruecos.com\/es\/producto\/12-dias-a-sahara-y-ciudades-imperiales-desde-casablanca\/\",\"url\":\"https:\/\/saharatoursmarruecos.com\/es\/producto\/12-dias-a-sahara-y-ciudades-imperiales-desde-casablanca\/\",\"name\":\"12 d\u00edas al S\u00e1hara y ciudades imperiales desde Casablanca - Sahara Tours Marruecos\",\"isPartOf\":{\"@id\":\"https:\/\/saharatoursmarruecos.com\/#website\"},\"datePublished\":\"2023-02-11T18:28:14+00:00\",\"dateModified\":\"2023-02-11T18:28:14+00:00\",\"description\":\"Explore la impresionante belleza de Marruecos con nuestra excursi\u00f3n de 6 d\u00edas a Marrakech. Experimente el desierto, visite ciudades hist\u00f3ricas y marav\u00edllese ante paisajes esc\u00e9nicos.\",\"breadcrumb\":{\"@id\":\"https:\/\/saharatoursmarruecos.com\/es\/producto\/12-dias-a-sahara-y-ciudades-imperiales-desde-casablanca\/#breadcrumb\"},\"inLanguage\":\"es\",\"potentialAction\":[{\"@type\":\"ReadAction\",\"target\":[\"https:\/\/saharatoursmarruecos.com\/es\/producto\/12-dias-a-sahara-y-ciudades-imperiales-desde-casablanca\/\"]}]},{\"@type\":\"BreadcrumbList\",\"@id\":\"https:\/\/saharatoursmarruecos.com\/es\/producto\/12-dias-a-sahara-y-ciudades-imperiales-desde-casablanca\/#breadcrumb\",\"itemListElement\":[{\"@type\":\"ListItem\",\"position\":1,\"name\":\"Home\",\"item\":\"https:\/\/saharatoursmarruecos.com\/\"},{\"@type\":\"ListItem\",\"position\":2,\"name\":\"Shop\",\"item\":\"https:\/\/saharatoursmarruecos.com\/shop\/\"},{\"@type\":\"ListItem\",\"position\":3,\"name\":\"12 d\u00edas al S\u00e1hara y ciudades imperiales desde Casablanca\"}]},{\"@type\":\"WebSite\",\"@id\":\"https:\/\/saharatoursmarruecos.com\/#website\",\"url\":\"https:\/\/saharatoursmarruecos.com\/\",\"name\":\"Sahara Tours Marruecos\",\"description\":\"Sahara Tours Marruecos\",\"potentialAction\":[{\"@type\":\"SearchAction\",\"target\":{\"@type\":\"EntryPoint\",\"urlTemplate\":\"https:\/\/saharatoursmarruecos.com\/?s={search_term_string}\"},\"query-input\":\"required name=search_term_string\"}],\"inLanguage\":\"es\"}]}<\/script>\n<!-- \/ Yoast SEO plugin. -->","yoast_head_json":{"title":"12 d\u00edas al S\u00e1hara y ciudades imperiales desde Casablanca - Sahara Tours Marruecos","description":"Explore la impresionante belleza de Marruecos con nuestra excursi\u00f3n de 6 d\u00edas a Marrakech. Experimente el desierto, visite ciudades hist\u00f3ricas y marav\u00edllese ante paisajes esc\u00e9nicos.","robots":{"index":"index","follow":"follow","max-snippet":"max-snippet:-1","max-image-preview":"max-image-preview:large","max-video-preview":"max-video-preview:-1"},"canonical":"https:\/\/saharatoursmarruecos.com\/es\/producto\/12-dias-a-sahara-y-ciudades-imperiales-desde-casablanca\/","og_locale":"es_ES","og_type":"article","og_title":"12 d\u00edas al S\u00e1hara y ciudades imperiales desde Casablanca - Sahara Tours Marruecos","og_description":"Explore la impresionante belleza de Marruecos con nuestra excursi\u00f3n de 6 d\u00edas a Marrakech. Experimente el desierto, visite ciudades hist\u00f3ricas y marav\u00edllese ante paisajes esc\u00e9nicos.","og_url":"https:\/\/saharatoursmarruecos.com\/es\/producto\/12-dias-a-sahara-y-ciudades-imperiales-desde-casablanca\/","og_site_name":"Sahara Tours Marruecos","og_image":[{"width":1600,"height":1067,"url":"https:\/\/saharatoursmarruecos.com\/wp-content\/uploads\/2023\/02\/fez.jpg","type":"image\/jpeg"}],"twitter_card":"summary_large_image","twitter_misc":{"Tiempo de lectura":"7 minutos"},"schema":{"@context":"https:\/\/schema.org","@graph":[{"@type":"WebPage","@id":"https:\/\/saharatoursmarruecos.com\/es\/producto\/12-dias-a-sahara-y-ciudades-imperiales-desde-casablanca\/","url":"https:\/\/saharatoursmarruecos.com\/es\/producto\/12-dias-a-sahara-y-ciudades-imperiales-desde-casablanca\/","name":"12 d\u00edas al S\u00e1hara y ciudades imperiales desde Casablanca - Sahara Tours Marruecos","isPartOf":{"@id":"https:\/\/saharatoursmarruecos.com\/#website"},"datePublished":"2023-02-11T18:28:14+00:00","dateModified":"2023-02-11T18:28:14+00:00","description":"Explore la impresionante belleza de Marruecos con nuestra excursi\u00f3n de 6 d\u00edas a Marrakech. Experimente el desierto, visite ciudades hist\u00f3ricas y marav\u00edllese ante paisajes esc\u00e9nicos.","breadcrumb":{"@id":"https:\/\/saharatoursmarruecos.com\/es\/producto\/12-dias-a-sahara-y-ciudades-imperiales-desde-casablanca\/#breadcrumb"},"inLanguage":"es","potentialAction":[{"@type":"ReadAction","target":["https:\/\/saharatoursmarruecos.com\/es\/producto\/12-dias-a-sahara-y-ciudades-imperiales-desde-casablanca\/"]}]},{"@type":"BreadcrumbList","@id":"https:\/\/saharatoursmarruecos.com\/es\/producto\/12-dias-a-sahara-y-ciudades-imperiales-desde-casablanca\/#breadcrumb","itemListElement":[{"@type":"ListItem","position":1,"name":"Home","item":"https:\/\/saharatoursmarruecos.com\/"},{"@type":"ListItem","position":2,"name":"Shop","item":"https:\/\/saharatoursmarruecos.com\/shop\/"},{"@type":"ListItem","position":3,"name":"12 d\u00edas al S\u00e1hara y ciudades imperiales desde Casablanca"}]},{"@type":"WebSite","@id":"https:\/\/saharatoursmarruecos.com\/#website","url":"https:\/\/saharatoursmarruecos.com\/","name":"Sahara Tours Marruecos","description":"Sahara Tours Marruecos","potentialAction":[{"@type":"SearchAction","target":{"@type":"EntryPoint","urlTemplate":"https:\/\/saharatoursmarruecos.com\/?s={search_term_string}"},"query-input":"required name=search_term_string"}],"inLanguage":"es"}]}},"_links":{"self":[{"href":"https:\/\/saharatoursmarruecos.com\/es\/wp-json\/wp\/v2\/product\/5735","targetHints":{"allow":["GET"]}}],"collection":[{"href":"https:\/\/saharatoursmarruecos.com\/es\/wp-json\/wp\/v2\/product"}],"about":[{"href":"https:\/\/saharatoursmarruecos.com\/es\/wp-json\/wp\/v2\/types\/product"}],"replies":[{"embeddable":true,"href":"https:\/\/saharatoursmarruecos.com\/es\/wp-json\/wp\/v2\/comments?post=5735"}],"wp:featuredmedia":[{"embeddable":true,"href":"https:\/\/saharatoursmarruecos.com\/es\/wp-json\/wp\/v2\/media\/5365"}],"wp:attachment":[{"href":"https:\/\/saharatoursmarruecos.com\/es\/wp-json\/wp\/v2\/media?parent=5735"}],"wp:term":[{"taxonomy":"product_cat","embeddable":true,"href":"https:\/\/saharatoursmarruecos.com\/es\/wp-json\/wp\/v2\/product_cat?post=5735"},{"taxonomy":"product_tag","embeddable":true,"href":"https:\/\/saharatoursmarruecos.com\/es\/wp-json\/wp\/v2\/product_tag?post=5735"}],"curies":[{"name":"wp","href":"https:\/\/api.w.org\/{rel}","templated":true}]}}