{"id":5734,"date":"2023-02-11T18:50:08","date_gmt":"2023-02-11T18:50:08","guid":{"rendered":"https:\/\/www.saharatoursmarruecos.com\/product\/excursion-de-10-dias-desde-fez-al-desierto-de-merzouga-y-marrakech\/"},"modified":"2023-02-11T18:50:08","modified_gmt":"2023-02-11T18:50:08","slug":"8-dias-del-desierto-de-fes-y-ciudades-imperiales","status":"publish","type":"product","link":"https:\/\/saharatoursmarruecos.com\/es\/producto\/8-dias-del-desierto-de-fes-y-ciudades-imperiales\/","title":{"rendered":"Excursi\u00f3n de 10 d\u00edas desde Fez al desierto de Merzouga y Marrakech"},"content":{"rendered":"<h2>Excursi\u00f3n de 10 d\u00edas desde Fez al desierto de Merzouga y Marrakech<\/h2>\n<p>&nbsp;<\/p>\n<h3>D\u00eda 1: Llegada a FES<\/h3>\n<p>Le recogeremos a la hora estimada por nuestro gu\u00eda y le dejaremos en el hotel, que est\u00e1 bien situado y se encuentra en la medina, que es la parte hist\u00f3rica de Fez, dependiendo de la hora de salida. llegada, es posible visitar la habitaci\u00f3n. Noche en hotel o riad.<\/p>\n<p>&nbsp;<\/p>\n<h3>D\u00eda 2: D\u00eda completo para descubrir Fez.<\/h3>\n<p>Tras desayunar en su hotel o riad, salga a explorar la medina, donde visitar\u00e1 numerosas joyas ocultas que s\u00f3lo conocen los residentes locales. Fez es la capital de Marruecos desde hace m\u00e1s de 350 a\u00f1os y alberga la Universidad Al Karaouine, la m\u00e1s antigua del mundo en funcionamiento ininterrumpido. Su gu\u00eda le llevar\u00e1 a la tumba de Moulay Idris, la fuente Nejjarine y la curtidur\u00eda. Despu\u00e9s del almuerzo, tambi\u00e9n visitar\u00e1 la fachada del Palacio Real y atravesar\u00e1 el famoso barrio jud\u00edo \u00abMellah\u00bb, donde tendr\u00e1 la oportunidad de visitar una de las pocas sinagogas que quedan en Marruecos. Su viaje a Fez incluye una breve visita a la famosa f\u00e1brica de cer\u00e1mica, antes de disfrutar de una magn\u00edfica vista panor\u00e1mica de toda la medina de Fez. Pase la noche en su hotel o riad.<\/p>\n<p>&nbsp;<\/p>\n<h3>D\u00cdA 3: FES &#8211; AZROU &#8211; MIDELT &#8211; VALLE DEL ZIZ &#8211; DESIERTO DE MERZOUGA<\/h3>\n<p>Despu\u00e9s del desayuno, salida hacia el sureste a trav\u00e9s del Medio Atlas v\u00eda \u00abIfrane la Suisse Marocaine\u00bb luego Azrou donde pararemos en el famoso bosque de cedros m\u00e1s grande de Marruecos para ver y jugar con los monos de Berber\u00eda. Desde aqu\u00ed continuaremos hacia el sur pasando por algunos pueblos donde tendr\u00e1 la oportunidad de ver n\u00f3madas viviendo en tiendas de campa\u00f1a donde llegar\u00e1 a Midert para almorzar. Continuamos a trav\u00e9s del vasto desierto abierto y a medida que nos acercamos a la ciudad de Er Rachidia o imtghren vemos c\u00f3mo el paisaje cambia para revelar los signos del desierto. El viaje contin\u00faa por el exuberante valle del Ziz y el palmeral de Tafilalet, famoso por su cultivo de palmeras datileras. La regi\u00f3n fue la cuna de la dinast\u00eda alau\u00ed, actual familia real reinante en Marruecos. Llegar\u00e1 a Merzouga a \u00faltima hora de la tarde. Le recibir\u00e1n con una taza de t\u00e9 a la menta antes de registrarle en su riad.<\/p>\n<p>&nbsp;<\/p>\n<h3>D\u00eda 4: Merzouga &#8211; Paseo en camello y noche en tienda bereber<\/h3>\n<p>Tras desayunar en el Riad, comenzar\u00e1 a explorar la regi\u00f3n. Visitar\u00e1 a los gnawa -originalmente esclavos tra\u00eddos de Sud\u00e1n- para conocer su m\u00fasica y su modo de vida. No muy lejos se encuentra el lago Merzouga, hogar de aves. Tambi\u00e9n puede visitar los zocos de Rissani, una ciudad tradicional que anta\u00f1o alberg\u00f3 a la familia gobernante de Marruecos y las caravanas que comerciaban con Tombuct\u00fa (Mali). Aqu\u00ed ver\u00e1 muchos hombres encapuchados y mujeres con velo. Regreso al pueblo de Merzouga para descansar, montar en camello por la tarde y explorar el interior del Mar de Arena de Merzouga bajo la gu\u00eda de un experimentado conductor de camellos. Pasar\u00e1 la noche en nuestro campamento del desierto, donde cenar\u00e1. Para su comodidad, el camping est\u00e1 equipado con instalaciones sanitarias de estilo occidental.<\/p>\n<p>&nbsp;<\/p>\n<h3>D\u00eda 5: Desierto de Merzouga &#8211; Gargantas del Todra &#8211; Palmera de Tinghir &#8211; Gargantas del Dades<\/h3>\n<p>Por la ma\u00f1ana temprano, su gu\u00eda de camellos le despertar\u00e1 para contemplar el que podr\u00eda ser el mejor amanecer de su vida. Tras la salida del sol, regresar\u00e1 a la ciudad de Merzouga. Por el camino, disfrutar\u00e1 de una vista \u00fanica de las majestuosas dunas de Erg Chebbi, que cambian con el tiempo. Tras desayunar en su hotel, partir\u00e1 hacia Rissani, Tinghir y la Garganta del Todra, el ca\u00f1\u00f3n m\u00e1s alto y estrecho de Marruecos. Tras almorzar en el coraz\u00f3n del ca\u00f1\u00f3n, cruzaremos el valle del Dades, donde ver\u00e1 majestuosos castillos de arena y asombrosas formaciones rocosas llamadas \u00abmonos\u00bb. Pasaremos la noche en un hotel de lujo con vistas al valle del Dades.<\/p>\n<p>&nbsp;<\/p>\n<h3>D\u00eda 6: Valle del Dades &#8211; KASBAH AMRIDIL &#8211; Isla de las Palmeras de Skoura &#8211; Ouarzazate<\/h3>\n<p>Tras desayunar en el hotel, cruzaremos el valle del Dades hacia Kalaat Mgouna y Ouarzazate. La carretera que atraviesa el valle del Dades es el camino de las mil kasbahs, y ofrece innumerables oportunidades para tomar algunas de las mejores fotos de su viaje. Nos detendremos en Kalaat Mgouna, la \u00abCiudad de las Rosas\u00bb, para comprar agua de rosas, que mantendr\u00e1 sus s\u00e1banas perfumadas mucho tiempo despu\u00e9s de su viaje. Contin\u00fae hacia Ouarzazate pasando por la Kasbah de Amridil, uno de los \u00faltimos gobernantes bereberes del siglo XVIII, que ahora alberga a muchos glauis. Por la tarde, parada en Ouarzazate.<\/p>\n<p>&nbsp;<\/p>\n<h3>D\u00cdA 7: OUARZAZATE &#8211; KASBAH AIT BEN HADDOU &#8211; TIZI N&#8217;TICHKA &#8211; MARRAKECH<\/h3>\n<p>Tras desayunar en el riad, nos dirigiremos al ksar (pueblo fortificado) Ait Ben Haddou para visitar la famosa Kasbah (declarada por las Naciones Unidas en 1986 Patrimonio de la Humanidad por la UNESCO). En este espectacular escenario se han rodado pel\u00edculas famosas como Gladiator, El Obelisco, La Momia, La Joya del Nilo, El Sahara de Pen\u00e9lope Cruz&#8230; y muchas m\u00e1s.<\/p>\n<p>Despu\u00e9s de visitar la Kasbah nos dirigiremos a Marrakech donde visitaremos el puerto de Tizi Ntichka. 2.260 m es el punto m\u00e1s alto de nuestro pa\u00eds. Disfrutaremos del bello paisaje desde las plataformas de observaci\u00f3n a lo largo del camino y nos detendremos para tomar fotos de los pueblos bereberes antes de registrarnos en un riad dentro de la medina a \u00faltima hora de la tarde. Noche en el Riad.<\/p>\n<p>&nbsp;<\/p>\n<h3>D\u00eda 8: A Essaouira<\/h3>\n<p>Tras desayunar en su hotel, emprender\u00e1 viaje a la ciudad costera de Essaouira. Llegue tras unas 2,5 horas en coche y empiece a explorar la ciudad. Pasee por las callejuelas de la medina y descubra cientos de productos artesanales. La \u00abCiudad del Viento\u00bb atrae a surfistas de todo el mundo. Essaouira ha sido el hogar de muchas civilizaciones -incluida la ocupaci\u00f3n portuguesa, que influy\u00f3 en gran parte de su arquitectura-, pero sigue siendo una ciudad con una rica historia. Tambi\u00e9n se la considera la \u00abPerla del Atl\u00e1ntico\u00bb de Marruecos por su tama\u00f1o, sus caracter\u00edsticas puertas azules y sus paredes lavadas. Tambi\u00e9n visitar\u00e1 una cooperativa de mujeres para obtener aceite de arg\u00e1n. Aqu\u00ed se extraen aceites conocidos por sus propiedades culinarias, cosm\u00e9ticas y medicinales. Almuerzo libre en la medina o en el puerto. Por la tarde, regresar\u00e1 a Marrakech. Noche en el Riad.<\/p>\n<p>&nbsp;<\/p>\n<h3>D\u00eda 9: Visita de d\u00eda completo de Marrakech<\/h3>\n<p>D\u00eda libre en Marrakech, visite todos los lugares que nunca ha visitado: las Tumbas Saad\u00edes, el magn\u00edfico Palacio Bah\u00eda y la escuela cor\u00e1nica Ben Youssef. Por \u00faltimo, termine la ma\u00f1ana con un paseo por las callejuelas de la medina, una oportunidad para admirar a los diferentes artesanos trabajando en su oficio antes de dirigirse a la famosa plaza Jamaa El Fna. Almuerce en un restaurante cercano a la plaza y pase la tarde visitando los Jardines Majorelle con una breve visita a Gueliz, la nueva ciudad de Marrakech. Almuerce en un restaurante cercano a la plaza y, por la tarde, visite los Jardines Majorelle y haga un breve recorrido por Gueliz, la nueva ciudad de Marrakech. Noche en su riad<\/p>\n<p>&nbsp;<\/p>\n<h3>D\u00eda 10: Marrakech &#8211; Aeropuerto<\/h3>\n<p>Tras desayunar en su riad, le trasladaremos al aeropuerto para tomar el vuelo de regreso y terminar el trabajo.<\/p>\n<p>&nbsp;<\/p>\n<div class=\"flex-1 overflow-hidden\">\n<div class=\"react-scroll-to-bottom--css-kohyx-79elbk h-full dark:bg-gray-800\">\n<div class=\"react-scroll-to-bottom--css-kohyx-1n7m0yu\">\n<div class=\"flex flex-col items-center text-sm dark:bg-gray-800\">\n<div class=\"w-full border-b border-black\/10 dark:border-gray-900\/50 text-gray-800 dark:text-gray-100 group bg-gray-50 dark:bg-[#444654]\">\n<div class=\"text-base gap-4 md:gap-6 m-auto md:max-w-2xl lg:max-w-2xl xl:max-w-3xl p-4 md:py-6 flex lg:px-0\">\n<div class=\"relative flex w-[calc(100%-50px)] flex-col gap-1 md:gap-3 lg:w-[calc(100%-115px)]\">\n<div class=\"flex flex-grow flex-col gap-3\">\n<div class=\"min-h-[20px] flex flex-col items-start gap-4 whitespace-pre-wrap\">\n<div class=\"markdown prose w-full break-words dark:prose-invert light\">\n<h4>Incluido:<\/h4>\n<ul>\n<li>Transporte del aeropuerto al hotel y entre diferentes destinos<\/li>\n<li>Alojamiento en hotel o riad<\/li>\n<li>Desayuno<\/li>\n<li>Visita guiada de Fez que incluye visitas al mausoleo de Moulay Idriss, las fuentes Nejjarine, las curtidur\u00edas, el Palacio Real, el barrio jud\u00edo y una f\u00e1brica de cer\u00e1mica.<\/li>\n<li>Visita al bosque de cedros y a los monos de Berber\u00eda en Azrou<\/li>\n<li>Viaje por el Medio Atlas, el valle del Ziz y el palmeral de Tafilalet<\/li>\n<li>Excursi\u00f3n a camello y noche en tienda bereber en el desierto de Merzouga<\/li>\n<li>Visita al pueblo gnawa y al zoco de Rissani<\/li>\n<li>Amanecer en el mar de arena de Merzouga<\/li>\n<li>Visita a las gargantas del Todra y del Dades<\/li>\n<li>Viaje por el valle del Dades y Kalaat Mgouna<\/li>\n<li>Visita a la Kasbah de Amridil y a la Kasbah de Ait Ben Haddou<\/li>\n<li>Cena en el campamento del desierto<\/li>\n<\/ul>\n<h4>No se incluye:<\/h4>\n<ul>\n<li>Almuerzo y bebidas<\/li>\n<li>Entradas a museos y otras atracciones<\/li>\n<li>Gastos personales<\/li>\n<li>Seguro de viaje<\/li>\n<li>Propinas y gratificaciones.<\/li>\n<\/ul>\n<\/div>\n<\/div>\n<\/div>\n<\/div>\n<\/div>\n<\/div>\n<\/div>\n<\/div>\n<\/div>\n<\/div>\n","protected":false},"excerpt":{"rendered":"<p>Excursi\u00f3n de 10 d\u00edas desde Fez al desierto de Merzouga y Marrakech &nbsp; D\u00eda 1: Llegada a FES Le recogeremos a la hora estimada por nuestro gu\u00eda y le dejaremos en el hotel, que est\u00e1 bien situado y se encuentra en la medina, que es la parte hist\u00f3rica de Fez, dependiendo de la hora de [&hellip;]<\/p>\n","protected":false},"featured_media":5409,"comment_status":"open","ping_status":"closed","template":"","meta":[],"product_cat":[68],"product_tag":[],"class_list":["post-5734","product","type-product","status-publish","has-post-thumbnail","hentry","product_cat-tours-desde-fez"],"yoast_head":"<!-- This site is optimized with the Yoast SEO plugin v20.1 - https:\/\/yoast.com\/wordpress\/plugins\/seo\/ -->\n<title>Excursi\u00f3n de 10 d\u00edas desde Fez al desierto de Merzouga y Marrakech - Sahara Tours Marruecos<\/title>\n<meta name=\"description\" content=\"Explore la impresionante belleza de Marruecos con nuestra excursi\u00f3n de 6 d\u00edas a Marrakech. Experimente el desierto, visite ciudades hist\u00f3ricas y marav\u00edllese ante paisajes esc\u00e9nicos.\" \/>\n<meta name=\"robots\" content=\"index, follow, max-snippet:-1, max-image-preview:large, max-video-preview:-1\" \/>\n<link rel=\"canonical\" href=\"https:\/\/saharatoursmarruecos.com\/es\/producto\/8-dias-del-desierto-de-fes-y-ciudades-imperiales\/\" \/>\n<meta property=\"og:locale\" content=\"es_ES\" \/>\n<meta property=\"og:type\" content=\"article\" \/>\n<meta property=\"og:title\" content=\"Excursi\u00f3n de 10 d\u00edas desde Fez al desierto de Merzouga y Marrakech - Sahara Tours Marruecos\" \/>\n<meta property=\"og:description\" content=\"Explore la impresionante belleza de Marruecos con nuestra excursi\u00f3n de 6 d\u00edas a Marrakech. Experimente el desierto, visite ciudades hist\u00f3ricas y marav\u00edllese ante paisajes esc\u00e9nicos.\" \/>\n<meta property=\"og:url\" content=\"https:\/\/saharatoursmarruecos.com\/es\/producto\/8-dias-del-desierto-de-fes-y-ciudades-imperiales\/\" \/>\n<meta property=\"og:site_name\" content=\"Sahara Tours Marruecos\" \/>\n<meta property=\"og:image\" content=\"https:\/\/saharatoursmarruecos.com\/wp-content\/uploads\/2023\/02\/marrakech-ged521e8d6_1280.jpeg\" \/>\n\t<meta property=\"og:image:width\" content=\"1280\" \/>\n\t<meta property=\"og:image:height\" content=\"851\" \/>\n\t<meta property=\"og:image:type\" content=\"image\/jpeg\" \/>\n<meta name=\"twitter:card\" content=\"summary_large_image\" \/>\n<meta name=\"twitter:label1\" content=\"Tiempo de lectura\" \/>\n\t<meta name=\"twitter:data1\" content=\"7 minutos\" \/>\n<script type=\"application\/ld+json\" class=\"yoast-schema-graph\">{\"@context\":\"https:\/\/schema.org\",\"@graph\":[{\"@type\":\"WebPage\",\"@id\":\"https:\/\/saharatoursmarruecos.com\/es\/producto\/8-dias-del-desierto-de-fes-y-ciudades-imperiales\/\",\"url\":\"https:\/\/saharatoursmarruecos.com\/es\/producto\/8-dias-del-desierto-de-fes-y-ciudades-imperiales\/\",\"name\":\"Excursi\u00f3n de 10 d\u00edas desde Fez al desierto de Merzouga y Marrakech - Sahara Tours Marruecos\",\"isPartOf\":{\"@id\":\"https:\/\/saharatoursmarruecos.com\/#website\"},\"datePublished\":\"2023-02-11T18:50:08+00:00\",\"dateModified\":\"2023-02-11T18:50:08+00:00\",\"description\":\"Explore la impresionante belleza de Marruecos con nuestra excursi\u00f3n de 6 d\u00edas a Marrakech. Experimente el desierto, visite ciudades hist\u00f3ricas y marav\u00edllese ante paisajes esc\u00e9nicos.\",\"breadcrumb\":{\"@id\":\"https:\/\/saharatoursmarruecos.com\/es\/producto\/8-dias-del-desierto-de-fes-y-ciudades-imperiales\/#breadcrumb\"},\"inLanguage\":\"es\",\"potentialAction\":[{\"@type\":\"ReadAction\",\"target\":[\"https:\/\/saharatoursmarruecos.com\/es\/producto\/8-dias-del-desierto-de-fes-y-ciudades-imperiales\/\"]}]},{\"@type\":\"BreadcrumbList\",\"@id\":\"https:\/\/saharatoursmarruecos.com\/es\/producto\/8-dias-del-desierto-de-fes-y-ciudades-imperiales\/#breadcrumb\",\"itemListElement\":[{\"@type\":\"ListItem\",\"position\":1,\"name\":\"Home\",\"item\":\"https:\/\/saharatoursmarruecos.com\/\"},{\"@type\":\"ListItem\",\"position\":2,\"name\":\"Shop\",\"item\":\"https:\/\/saharatoursmarruecos.com\/shop\/\"},{\"@type\":\"ListItem\",\"position\":3,\"name\":\"Excursi\u00f3n de 10 d\u00edas desde Fez al desierto de Merzouga y Marrakech\"}]},{\"@type\":\"WebSite\",\"@id\":\"https:\/\/saharatoursmarruecos.com\/#website\",\"url\":\"https:\/\/saharatoursmarruecos.com\/\",\"name\":\"Sahara Tours Marruecos\",\"description\":\"Sahara Tours Marruecos\",\"potentialAction\":[{\"@type\":\"SearchAction\",\"target\":{\"@type\":\"EntryPoint\",\"urlTemplate\":\"https:\/\/saharatoursmarruecos.com\/?s={search_term_string}\"},\"query-input\":\"required name=search_term_string\"}],\"inLanguage\":\"es\"}]}<\/script>\n<!-- \/ Yoast SEO plugin. -->","yoast_head_json":{"title":"Excursi\u00f3n de 10 d\u00edas desde Fez al desierto de Merzouga y Marrakech - Sahara Tours Marruecos","description":"Explore la impresionante belleza de Marruecos con nuestra excursi\u00f3n de 6 d\u00edas a Marrakech. Experimente el desierto, visite ciudades hist\u00f3ricas y marav\u00edllese ante paisajes esc\u00e9nicos.","robots":{"index":"index","follow":"follow","max-snippet":"max-snippet:-1","max-image-preview":"max-image-preview:large","max-video-preview":"max-video-preview:-1"},"canonical":"https:\/\/saharatoursmarruecos.com\/es\/producto\/8-dias-del-desierto-de-fes-y-ciudades-imperiales\/","og_locale":"es_ES","og_type":"article","og_title":"Excursi\u00f3n de 10 d\u00edas desde Fez al desierto de Merzouga y Marrakech - Sahara Tours Marruecos","og_description":"Explore la impresionante belleza de Marruecos con nuestra excursi\u00f3n de 6 d\u00edas a Marrakech. Experimente el desierto, visite ciudades hist\u00f3ricas y marav\u00edllese ante paisajes esc\u00e9nicos.","og_url":"https:\/\/saharatoursmarruecos.com\/es\/producto\/8-dias-del-desierto-de-fes-y-ciudades-imperiales\/","og_site_name":"Sahara Tours Marruecos","og_image":[{"width":1280,"height":851,"url":"https:\/\/saharatoursmarruecos.com\/wp-content\/uploads\/2023\/02\/marrakech-ged521e8d6_1280.jpeg","type":"image\/jpeg"}],"twitter_card":"summary_large_image","twitter_misc":{"Tiempo de lectura":"7 minutos"},"schema":{"@context":"https:\/\/schema.org","@graph":[{"@type":"WebPage","@id":"https:\/\/saharatoursmarruecos.com\/es\/producto\/8-dias-del-desierto-de-fes-y-ciudades-imperiales\/","url":"https:\/\/saharatoursmarruecos.com\/es\/producto\/8-dias-del-desierto-de-fes-y-ciudades-imperiales\/","name":"Excursi\u00f3n de 10 d\u00edas desde Fez al desierto de Merzouga y Marrakech - Sahara Tours Marruecos","isPartOf":{"@id":"https:\/\/saharatoursmarruecos.com\/#website"},"datePublished":"2023-02-11T18:50:08+00:00","dateModified":"2023-02-11T18:50:08+00:00","description":"Explore la impresionante belleza de Marruecos con nuestra excursi\u00f3n de 6 d\u00edas a Marrakech. Experimente el desierto, visite ciudades hist\u00f3ricas y marav\u00edllese ante paisajes esc\u00e9nicos.","breadcrumb":{"@id":"https:\/\/saharatoursmarruecos.com\/es\/producto\/8-dias-del-desierto-de-fes-y-ciudades-imperiales\/#breadcrumb"},"inLanguage":"es","potentialAction":[{"@type":"ReadAction","target":["https:\/\/saharatoursmarruecos.com\/es\/producto\/8-dias-del-desierto-de-fes-y-ciudades-imperiales\/"]}]},{"@type":"BreadcrumbList","@id":"https:\/\/saharatoursmarruecos.com\/es\/producto\/8-dias-del-desierto-de-fes-y-ciudades-imperiales\/#breadcrumb","itemListElement":[{"@type":"ListItem","position":1,"name":"Home","item":"https:\/\/saharatoursmarruecos.com\/"},{"@type":"ListItem","position":2,"name":"Shop","item":"https:\/\/saharatoursmarruecos.com\/shop\/"},{"@type":"ListItem","position":3,"name":"Excursi\u00f3n de 10 d\u00edas desde Fez al desierto de Merzouga y Marrakech"}]},{"@type":"WebSite","@id":"https:\/\/saharatoursmarruecos.com\/#website","url":"https:\/\/saharatoursmarruecos.com\/","name":"Sahara Tours Marruecos","description":"Sahara Tours Marruecos","potentialAction":[{"@type":"SearchAction","target":{"@type":"EntryPoint","urlTemplate":"https:\/\/saharatoursmarruecos.com\/?s={search_term_string}"},"query-input":"required name=search_term_string"}],"inLanguage":"es"}]}},"_links":{"self":[{"href":"https:\/\/saharatoursmarruecos.com\/es\/wp-json\/wp\/v2\/product\/5734","targetHints":{"allow":["GET"]}}],"collection":[{"href":"https:\/\/saharatoursmarruecos.com\/es\/wp-json\/wp\/v2\/product"}],"about":[{"href":"https:\/\/saharatoursmarruecos.com\/es\/wp-json\/wp\/v2\/types\/product"}],"replies":[{"embeddable":true,"href":"https:\/\/saharatoursmarruecos.com\/es\/wp-json\/wp\/v2\/comments?post=5734"}],"wp:featuredmedia":[{"embeddable":true,"href":"https:\/\/saharatoursmarruecos.com\/es\/wp-json\/wp\/v2\/media\/5409"}],"wp:attachment":[{"href":"https:\/\/saharatoursmarruecos.com\/es\/wp-json\/wp\/v2\/media?parent=5734"}],"wp:term":[{"taxonomy":"product_cat","embeddable":true,"href":"https:\/\/saharatoursmarruecos.com\/es\/wp-json\/wp\/v2\/product_cat?post=5734"},{"taxonomy":"product_tag","embeddable":true,"href":"https:\/\/saharatoursmarruecos.com\/es\/wp-json\/wp\/v2\/product_tag?post=5734"}],"curies":[{"name":"wp","href":"https:\/\/api.w.org\/{rel}","templated":true}]}}