{"id":5733,"date":"2023-02-11T19:01:51","date_gmt":"2023-02-11T19:01:51","guid":{"rendered":"https:\/\/www.saharatoursmarruecos.com\/product\/excursion-de-4-dias-de-tanger-a-marrakech-por-el-desierto-del-sahara\/"},"modified":"2023-02-11T19:01:51","modified_gmt":"2023-02-11T19:01:51","slug":"excursion-de-4-dias-de-tanger-a-marrakech-por-el-desierto-del-sahara","status":"publish","type":"product","link":"https:\/\/saharatoursmarruecos.com\/es\/producto\/excursion-de-4-dias-de-tanger-a-marrakech-por-el-desierto-del-sahara\/","title":{"rendered":"Excursi\u00f3n de 4 d\u00edas de T\u00e1nger a Marrakech por el desierto del S\u00e1hara"},"content":{"rendered":"<h2>Excursi\u00f3n de 4 d\u00edas de T\u00e1nger a Marrakech por el desierto del S\u00e1hara<\/h2>\n<p>&nbsp;<\/p>\n<div class=\"flex-1 overflow-hidden\">\n<div class=\"react-scroll-to-bottom--css-kohyx-79elbk h-full dark:bg-gray-800\">\n<div class=\"react-scroll-to-bottom--css-kohyx-1n7m0yu\">\n<div class=\"flex flex-col items-center text-sm dark:bg-gray-800\">\n<div class=\"w-full border-b border-black\/10 dark:border-gray-900\/50 text-gray-800 dark:text-gray-100 group bg-gray-50 dark:bg-[#444654]\">\n<div class=\"text-base gap-4 md:gap-6 m-auto md:max-w-2xl lg:max-w-2xl xl:max-w-3xl p-4 md:py-6 flex lg:px-0\">\n<div class=\"relative flex w-[calc(100%-50px)] flex-col gap-1 md:gap-3 lg:w-[calc(100%-115px)]\">\n<div class=\"flex flex-grow flex-col gap-3\">\n<div class=\"min-h-[20px] flex flex-col items-start gap-4 whitespace-pre-wrap\">\n<div class=\"markdown prose w-full break-words dark:prose-invert light\">\n<h3>D\u00eda 1: T\u00e1nger &#8211; Chefchaouen &#8211; FES<\/h3>\n<p>Tras reunirnos con usted en el lugar acordado, cruzaremos las monta\u00f1as del Rif. Atravesaremos la ciudad de Tetu\u00e1n disfrutando del hermoso paisaje monta\u00f1oso hasta llegar a Chefchaouen, uno de los hermosos pueblos al pie de las monta\u00f1as del Rif. En primer lugar, la medina de Chefchaouen cuenta con una plaza de estilo espa\u00f1ol rodeada de numerosas tiendas de artesan\u00eda de moda, restaurantes en las azoteas y caf\u00e9s donde almorzar. Pasaremos la noche en un riad tradicional marroqu\u00ed antes de continuar hacia Fez.<\/p>\n<h3>D\u00eda 2: FES &#8211; IFRANE &#8211; ERFOUD &#8211; RISSANI &#8211; MERZOUGA CAMELO<\/h3>\n<p>Despu\u00e9s del desayuno, le recogeremos para iniciar nuestro viaje. A continuaci\u00f3n, dir\u00edjase hacia el Sur, pasando por la \u00abSuiza de Marruecos\u00bb, Ifrane y Azrou, a trav\u00e9s de las monta\u00f1as del Atlas Medio. Despu\u00e9s nos detuvimos en la carretera, en un bosque de cedros, para ver monos de Berber\u00eda en su h\u00e1bitat natural. Cruzando el puerto de Tizi Ntalghamt hacia Midelt, pasando por el magn\u00edfico ca\u00f1\u00f3n de Ziz excavado en la roca volc\u00e1nica, tendr\u00e1 una vista de la meseta del Atlas Medio, que cambia para revelar signos del desierto a medida que se acerca a la ciudad de Errachidia. Cruzando el puerto de Tizi Ntalghamt en direcci\u00f3n a Midelt, pasando por el magn\u00edfico ca\u00f1\u00f3n de Ziz excavado en la roca volc\u00e1nica, tendr\u00e1 una vista de la meseta del Atlas Medio, que cambia para revelar signos del desierto a medida que se acerca a la ciudad de Errachidia. Tras una taza de t\u00e9 a la menta, guardamos nuestro equipaje en una caja fuerte antes de montar en camello hasta el campamento bereber en medio de las dunas de Elg Chebbi. De hecho, se trata de las dunas m\u00e1s altas del norte de \u00c1frica. En primer lugar, la excursi\u00f3n en camello dura aproximadamente 1 hora y 30 minutos desde el campamento, donde montamos una tienda bereber y pasamos la noche en el desierto. Por ello, las tiendas est\u00e1n equipadas con colchones, mantas y almohadas. Tras la cena, nos reuniremos alrededor del fuego al son de los tambores bereberes tradicionales bajo las estrellas.<\/p>\n<p>&nbsp;<\/p>\n<h3>D\u00cdA 3: MERZOUGA &#8211; GARGANTAS DEL TOUDRA &#8211; VALLE DEL DADES<\/h3>\n<p>Nos levantaremos temprano para disfrutar del magn\u00edfico amanecer sobre las dunas y desayunar. A continuaci\u00f3n, regreso a su hotel o riad en camello. Continuaremos nuestro viaje a trav\u00e9s del mercado de Rissani, Arfoud hasta las gargantas de Tinghir y Todra antes de llegar al Valle del Dades donde cenaremos y pasaremos la noche.<\/p>\n<p>&nbsp;<\/p>\n<h3>D\u00eda 4: Valle del Dades &#8211; Skoura &#8211; Ouarzazate &#8211; AIT BEN HADDOU &#8211; Marrakech<\/h3>\n<p>Despu\u00e9s del desayuno cruzaremos el Valle del Dades hacia Karatemguna y especial Ouarzazate. Como la ruta por el valle del Dades es la Route des Mille Ch\u00e2teaux, ofrece muchas oportunidades para hacer fotos. Despu\u00e9s visitaremos el Valle de las Rosas y el pueblo de Skoura. A continuaci\u00f3n, contin\u00fae hacia Ouarzazate, el \u00abHollywood de \u00c1frica\u00bb. A continuaci\u00f3n, almuerce en la famosa Kasbah de Ait Ben Haddou, la mayor de Marruecos. As\u00ed pues, tras visitar este lugar declarado Patrimonio de la Humanidad por la UNESCO, nuestro viaje contin\u00faa por el majestuoso puerto de Tizi nTichka. Cuando alcance una altura de 2.260 metros en las monta\u00f1as del Alto Atlas, det\u00e9ngase para admirar las impresionantes vistas y visitar la cooperativa de aceite de arg\u00e1n. A \u00faltima hora de la tarde llegaremos a Marrakech para concluir nuestros servicios.<\/p>\n<p>&nbsp;<\/p>\n<\/div>\n<\/div>\n<h4>Incluido en la excursi\u00f3n de 4 d\u00edas de T\u00e1nger a Marrakech por el desierto del S\u00e1hara:<\/h4>\n<ul>\n<li>Alojamiento: 3 noches en confortables hoteles\/tiendas de campa\u00f1a con instalaciones privadas.<\/li>\n<li>Transporte: Un veh\u00edculo privado con aire acondicionado para todo el recorrido.<\/li>\n<li>Comidas: El desayuno y la cena est\u00e1n incluidos en el paquete tur\u00edstico.<\/li>\n<li>Gu\u00eda local: Un gu\u00eda local experto y de habla inglesa durante todo el recorrido.<\/li>\n<li>Excursiones: Todas las excursiones y visitas mencionadas en el itinerario del viaje, como el paseo en camello por el desierto del S\u00e1hara y la visita a las kasbahs y palacios de Marrakech.<\/li>\n<li>Entradas: Todas las entradas a los monumentos y atracciones visitados durante el tour.<\/li>\n<\/ul>\n<p>&nbsp;<\/p>\n<h4>No incluido en la excursi\u00f3n de 4 d\u00edas de T\u00e1nger a Marrakech por el desierto del S\u00e1hara:<\/h4>\n<ul>\n<li>Billetes de avi\u00f3n: El coste de los vuelos de ida y vuelta a Marruecos no est\u00e1 incluido en el paquete tur\u00edstico.<\/li>\n<li>Seguro de viaje: El seguro de viaje no est\u00e1 incluido y es muy recomendable.<\/li>\n<li>Actividades opcionales: Cualquier actividad opcional no incluida en el itinerario, como paseos en globo aerost\u00e1tico o tratamientos de spa.<\/li>\n<li>Gastos personales: Los gastos personales como bebidas, recuerdos y propinas no est\u00e1n incluidos.<\/li>\n<li>Comidas: El almuerzo no est\u00e1 incluido en el paquete tur\u00edstico y puede adquirirse en restaurantes locales.<\/li>\n<\/ul>\n<\/div>\n<\/div>\n<\/div>\n<\/div>\n<\/div>\n<\/div>\n<\/div>\n<\/div>\n","protected":false},"excerpt":{"rendered":"<p>Excursi\u00f3n de 4 d\u00edas de T\u00e1nger a Marrakech por el desierto del S\u00e1hara &nbsp; D\u00eda 1: T\u00e1nger &#8211; Chefchaouen &#8211; FES Tras reunirnos con usted en el lugar acordado, cruzaremos las monta\u00f1as del Rif. Atravesaremos la ciudad de Tetu\u00e1n disfrutando del hermoso paisaje monta\u00f1oso hasta llegar a Chefchaouen, uno de los hermosos pueblos al pie [&hellip;]<\/p>\n","protected":false},"featured_media":5669,"comment_status":"open","ping_status":"closed","template":"","meta":[],"product_cat":[67],"product_tag":[],"class_list":["post-5733","product","type-product","status-publish","has-post-thumbnail","hentry","product_cat-tours-desde-tanger"],"yoast_head":"<!-- This site is optimized with the Yoast SEO plugin v20.1 - https:\/\/yoast.com\/wordpress\/plugins\/seo\/ -->\n<title>Excursi\u00f3n de 4 d\u00edas de T\u00e1nger a Marrakech por el desierto del S\u00e1hara - Sahara Tours Marruecos<\/title>\n<meta name=\"description\" content=\"Explore la impresionante belleza de Marruecos con nuestra excursi\u00f3n de 6 d\u00edas a Marrakech. Experimente el desierto, visite ciudades hist\u00f3ricas y marav\u00edllese ante paisajes esc\u00e9nicos.\" \/>\n<meta name=\"robots\" content=\"index, follow, max-snippet:-1, max-image-preview:large, max-video-preview:-1\" \/>\n<link rel=\"canonical\" href=\"https:\/\/saharatoursmarruecos.com\/es\/producto\/excursion-de-4-dias-de-tanger-a-marrakech-por-el-desierto-del-sahara\/\" \/>\n<meta property=\"og:locale\" content=\"es_ES\" \/>\n<meta property=\"og:type\" content=\"article\" \/>\n<meta property=\"og:title\" content=\"Excursi\u00f3n de 4 d\u00edas de T\u00e1nger a Marrakech por el desierto del S\u00e1hara - Sahara Tours Marruecos\" \/>\n<meta property=\"og:description\" content=\"Explore la impresionante belleza de Marruecos con nuestra excursi\u00f3n de 6 d\u00edas a Marrakech. Experimente el desierto, visite ciudades hist\u00f3ricas y marav\u00edllese ante paisajes esc\u00e9nicos.\" \/>\n<meta property=\"og:url\" content=\"https:\/\/saharatoursmarruecos.com\/es\/producto\/excursion-de-4-dias-de-tanger-a-marrakech-por-el-desierto-del-sahara\/\" \/>\n<meta property=\"og:site_name\" content=\"Sahara Tours Marruecos\" \/>\n<meta property=\"og:image\" content=\"https:\/\/saharatoursmarruecos.com\/wp-content\/uploads\/2023\/02\/rock-the-kasbah-gq-1215-5.webp\" \/>\n\t<meta property=\"og:image:width\" content=\"1542\" \/>\n\t<meta property=\"og:image:height\" content=\"1157\" \/>\n\t<meta property=\"og:image:type\" content=\"image\/webp\" \/>\n<meta name=\"twitter:card\" content=\"summary_large_image\" \/>\n<meta name=\"twitter:label1\" content=\"Tiempo de lectura\" \/>\n\t<meta name=\"twitter:data1\" content=\"4 minutos\" \/>\n<script type=\"application\/ld+json\" class=\"yoast-schema-graph\">{\"@context\":\"https:\/\/schema.org\",\"@graph\":[{\"@type\":\"WebPage\",\"@id\":\"https:\/\/saharatoursmarruecos.com\/es\/producto\/excursion-de-4-dias-de-tanger-a-marrakech-por-el-desierto-del-sahara\/\",\"url\":\"https:\/\/saharatoursmarruecos.com\/es\/producto\/excursion-de-4-dias-de-tanger-a-marrakech-por-el-desierto-del-sahara\/\",\"name\":\"Excursi\u00f3n de 4 d\u00edas de T\u00e1nger a Marrakech por el desierto del S\u00e1hara - Sahara Tours Marruecos\",\"isPartOf\":{\"@id\":\"https:\/\/saharatoursmarruecos.com\/#website\"},\"datePublished\":\"2023-02-11T19:01:51+00:00\",\"dateModified\":\"2023-02-11T19:01:51+00:00\",\"description\":\"Explore la impresionante belleza de Marruecos con nuestra excursi\u00f3n de 6 d\u00edas a Marrakech. Experimente el desierto, visite ciudades hist\u00f3ricas y marav\u00edllese ante paisajes esc\u00e9nicos.\",\"breadcrumb\":{\"@id\":\"https:\/\/saharatoursmarruecos.com\/es\/producto\/excursion-de-4-dias-de-tanger-a-marrakech-por-el-desierto-del-sahara\/#breadcrumb\"},\"inLanguage\":\"es\",\"potentialAction\":[{\"@type\":\"ReadAction\",\"target\":[\"https:\/\/saharatoursmarruecos.com\/es\/producto\/excursion-de-4-dias-de-tanger-a-marrakech-por-el-desierto-del-sahara\/\"]}]},{\"@type\":\"BreadcrumbList\",\"@id\":\"https:\/\/saharatoursmarruecos.com\/es\/producto\/excursion-de-4-dias-de-tanger-a-marrakech-por-el-desierto-del-sahara\/#breadcrumb\",\"itemListElement\":[{\"@type\":\"ListItem\",\"position\":1,\"name\":\"Home\",\"item\":\"https:\/\/saharatoursmarruecos.com\/\"},{\"@type\":\"ListItem\",\"position\":2,\"name\":\"Shop\",\"item\":\"https:\/\/saharatoursmarruecos.com\/shop\/\"},{\"@type\":\"ListItem\",\"position\":3,\"name\":\"Excursi\u00f3n de 4 d\u00edas de T\u00e1nger a Marrakech por el desierto del S\u00e1hara\"}]},{\"@type\":\"WebSite\",\"@id\":\"https:\/\/saharatoursmarruecos.com\/#website\",\"url\":\"https:\/\/saharatoursmarruecos.com\/\",\"name\":\"Sahara Tours Marruecos\",\"description\":\"Sahara Tours Marruecos\",\"potentialAction\":[{\"@type\":\"SearchAction\",\"target\":{\"@type\":\"EntryPoint\",\"urlTemplate\":\"https:\/\/saharatoursmarruecos.com\/?s={search_term_string}\"},\"query-input\":\"required name=search_term_string\"}],\"inLanguage\":\"es\"}]}<\/script>\n<!-- \/ Yoast SEO plugin. -->","yoast_head_json":{"title":"Excursi\u00f3n de 4 d\u00edas de T\u00e1nger a Marrakech por el desierto del S\u00e1hara - Sahara Tours Marruecos","description":"Explore la impresionante belleza de Marruecos con nuestra excursi\u00f3n de 6 d\u00edas a Marrakech. Experimente el desierto, visite ciudades hist\u00f3ricas y marav\u00edllese ante paisajes esc\u00e9nicos.","robots":{"index":"index","follow":"follow","max-snippet":"max-snippet:-1","max-image-preview":"max-image-preview:large","max-video-preview":"max-video-preview:-1"},"canonical":"https:\/\/saharatoursmarruecos.com\/es\/producto\/excursion-de-4-dias-de-tanger-a-marrakech-por-el-desierto-del-sahara\/","og_locale":"es_ES","og_type":"article","og_title":"Excursi\u00f3n de 4 d\u00edas de T\u00e1nger a Marrakech por el desierto del S\u00e1hara - Sahara Tours Marruecos","og_description":"Explore la impresionante belleza de Marruecos con nuestra excursi\u00f3n de 6 d\u00edas a Marrakech. Experimente el desierto, visite ciudades hist\u00f3ricas y marav\u00edllese ante paisajes esc\u00e9nicos.","og_url":"https:\/\/saharatoursmarruecos.com\/es\/producto\/excursion-de-4-dias-de-tanger-a-marrakech-por-el-desierto-del-sahara\/","og_site_name":"Sahara Tours Marruecos","og_image":[{"width":1542,"height":1157,"url":"https:\/\/saharatoursmarruecos.com\/wp-content\/uploads\/2023\/02\/rock-the-kasbah-gq-1215-5.webp","type":"image\/webp"}],"twitter_card":"summary_large_image","twitter_misc":{"Tiempo de lectura":"4 minutos"},"schema":{"@context":"https:\/\/schema.org","@graph":[{"@type":"WebPage","@id":"https:\/\/saharatoursmarruecos.com\/es\/producto\/excursion-de-4-dias-de-tanger-a-marrakech-por-el-desierto-del-sahara\/","url":"https:\/\/saharatoursmarruecos.com\/es\/producto\/excursion-de-4-dias-de-tanger-a-marrakech-por-el-desierto-del-sahara\/","name":"Excursi\u00f3n de 4 d\u00edas de T\u00e1nger a Marrakech por el desierto del S\u00e1hara - Sahara Tours Marruecos","isPartOf":{"@id":"https:\/\/saharatoursmarruecos.com\/#website"},"datePublished":"2023-02-11T19:01:51+00:00","dateModified":"2023-02-11T19:01:51+00:00","description":"Explore la impresionante belleza de Marruecos con nuestra excursi\u00f3n de 6 d\u00edas a Marrakech. Experimente el desierto, visite ciudades hist\u00f3ricas y marav\u00edllese ante paisajes esc\u00e9nicos.","breadcrumb":{"@id":"https:\/\/saharatoursmarruecos.com\/es\/producto\/excursion-de-4-dias-de-tanger-a-marrakech-por-el-desierto-del-sahara\/#breadcrumb"},"inLanguage":"es","potentialAction":[{"@type":"ReadAction","target":["https:\/\/saharatoursmarruecos.com\/es\/producto\/excursion-de-4-dias-de-tanger-a-marrakech-por-el-desierto-del-sahara\/"]}]},{"@type":"BreadcrumbList","@id":"https:\/\/saharatoursmarruecos.com\/es\/producto\/excursion-de-4-dias-de-tanger-a-marrakech-por-el-desierto-del-sahara\/#breadcrumb","itemListElement":[{"@type":"ListItem","position":1,"name":"Home","item":"https:\/\/saharatoursmarruecos.com\/"},{"@type":"ListItem","position":2,"name":"Shop","item":"https:\/\/saharatoursmarruecos.com\/shop\/"},{"@type":"ListItem","position":3,"name":"Excursi\u00f3n de 4 d\u00edas de T\u00e1nger a Marrakech por el desierto del S\u00e1hara"}]},{"@type":"WebSite","@id":"https:\/\/saharatoursmarruecos.com\/#website","url":"https:\/\/saharatoursmarruecos.com\/","name":"Sahara Tours Marruecos","description":"Sahara Tours Marruecos","potentialAction":[{"@type":"SearchAction","target":{"@type":"EntryPoint","urlTemplate":"https:\/\/saharatoursmarruecos.com\/?s={search_term_string}"},"query-input":"required name=search_term_string"}],"inLanguage":"es"}]}},"_links":{"self":[{"href":"https:\/\/saharatoursmarruecos.com\/es\/wp-json\/wp\/v2\/product\/5733","targetHints":{"allow":["GET"]}}],"collection":[{"href":"https:\/\/saharatoursmarruecos.com\/es\/wp-json\/wp\/v2\/product"}],"about":[{"href":"https:\/\/saharatoursmarruecos.com\/es\/wp-json\/wp\/v2\/types\/product"}],"replies":[{"embeddable":true,"href":"https:\/\/saharatoursmarruecos.com\/es\/wp-json\/wp\/v2\/comments?post=5733"}],"wp:featuredmedia":[{"embeddable":true,"href":"https:\/\/saharatoursmarruecos.com\/es\/wp-json\/wp\/v2\/media\/5669"}],"wp:attachment":[{"href":"https:\/\/saharatoursmarruecos.com\/es\/wp-json\/wp\/v2\/media?parent=5733"}],"wp:term":[{"taxonomy":"product_cat","embeddable":true,"href":"https:\/\/saharatoursmarruecos.com\/es\/wp-json\/wp\/v2\/product_cat?post=5733"},{"taxonomy":"product_tag","embeddable":true,"href":"https:\/\/saharatoursmarruecos.com\/es\/wp-json\/wp\/v2\/product_tag?post=5733"}],"curies":[{"name":"wp","href":"https:\/\/api.w.org\/{rel}","templated":true}]}}