{"id":5732,"date":"2023-02-11T19:14:16","date_gmt":"2023-02-11T19:14:16","guid":{"rendered":"https:\/\/www.saharatoursmarruecos.com\/product\/8-dias-de-tanger-a-marrakech-por-el-desierto-del-sahara\/"},"modified":"2023-02-11T19:14:16","modified_gmt":"2023-02-11T19:14:16","slug":"ruta-de-8-dias-de-tanger-a-marrakech-por-el-desierto-del-sahara","status":"publish","type":"product","link":"https:\/\/saharatoursmarruecos.com\/es\/producto\/ruta-de-8-dias-de-tanger-a-marrakech-por-el-desierto-del-sahara\/","title":{"rendered":"8 d\u00edas de T\u00e1nger a Marrakech por el desierto del S\u00e1hara"},"content":{"rendered":"<h2>8 d\u00edas de T\u00e1nger a Marrakech por el desierto del S\u00e1hara<\/h2>\n<div class=\"flex-1 overflow-hidden\">\n<div class=\"react-scroll-to-bottom--css-kohyx-79elbk h-full dark:bg-gray-800\">\n<div class=\"react-scroll-to-bottom--css-kohyx-1n7m0yu\">\n<div class=\"flex flex-col items-center text-sm dark:bg-gray-800\">\n<div class=\"w-full border-b border-black\/10 dark:border-gray-900\/50 text-gray-800 dark:text-gray-100 group bg-gray-50 dark:bg-[#444654]\">\n<div class=\"text-base gap-4 md:gap-6 m-auto md:max-w-2xl lg:max-w-2xl xl:max-w-3xl p-4 md:py-6 flex lg:px-0\">\n<p>&nbsp;<\/p>\n<h3>D\u00eda 1: T\u00e1nger &#8211; Chefchaouen<\/h3>\n<p>Nos reuniremos con usted en el puerto o aeropuerto y cruzaremos las monta\u00f1as del Rif, pasando por la ciudad de Titouen, disfrutando del hermoso paisaje monta\u00f1oso, hasta llegar a Chefchaouen. De hecho, es uno de los pueblos m\u00e1s bellos a los pies del Rif. La medina de Chefchaouen tiene una plaza de estilo espa\u00f1ol rodeada de numerosas tiendas de artesan\u00eda de moda, restaurantes en azoteas y caf\u00e9s donde almorzaremos antes de continuar hacia Fez, donde pasaremos una noche tradicional en un riad marroqu\u00ed.<\/p>\n<p>&nbsp;<\/p>\n<h3>D\u00cdA 2: CHEFCHAOUEN &#8211; VOLUBILIS &#8211; MEKNES &#8211; FES<\/h3>\n<p>Hoy despu\u00e9s del desayuno en el Riad, comenzamos nuestro verdadero viaje de T\u00e1nger Marruecos Tours a Volubilis. Pasar por Ouazins y otras ciudades del Rif. As\u00ed, en Volubilis, descubriremos las ruinas romanas y conoceremos los yacimientos arqueol\u00f3gicos de la historia de Marruecos. Tras visitar las ruinas, nos dirigiremos a la ciudad de Meknes, patrimonio del siglo XVII. All\u00ed nos detuvimos a comer, paseamos por la muralla hist\u00f3rica de la medina, Bab El Mansour, y visitamos el santuario de Moulay Ismail. Finalmente, tras visitar Meknes nos dirigiremos directamente a la ciudad de Fez, donde pasar\u00e1 la noche en un riad.<\/p>\n<p>&nbsp;<\/p>\n<h3>D\u00eda 3: Visita a Fez<\/h3>\n<p>Tras desayunar en su hotel, comenzar\u00e1 a explorar la ciudad m\u00e1s antigua de Marruecos. Primero, pasee por sus callejuelas y calles laterales. Nuestra visita comienza, por tanto, con la visita de la Puerta del Palacio Real, sede del pueblo jud\u00edo, la primera mellah construida en Marruecos, en el siglo XVI. Por ello, nos aseguraremos de que visite todos los lugares de importancia cultural e hist\u00f3rica, como la famosa Universidad Al Qaraouine, la m\u00e1s antigua de la regi\u00f3n, la curtidur\u00eda, el Museo Atalin y el Mausoleo de Moulay Idris. Despu\u00e9s de comer, visitaremos una cooperativa de azulejos. A continuaci\u00f3n, descubra una magn\u00edfica panor\u00e1mica de toda la medina de Fez.<\/p>\n<p>&nbsp;<\/p>\n<h3>D\u00cdA 4: FES &#8211; IFRANE &#8211; MIDELT &#8211; MERZOUGA &#8211; PASEO EN CAMELLO Y NOCHE EN TIENDA DE CAMPA\u00d1A<\/h3>\n<p>Este d\u00eda recorreremos el Atlas Medio hacia el sureste pasando por Ifrane, la \u00abSuiza de Marruecos\u00bb, y luego nos detendremos en Azrou, en el famoso bosque de cedros, el mayor de Marruecos, para ver y jugar con los monos de Berber\u00eda. Desde all\u00ed continuaremos hacia el sur pasando por varios pueblos donde tendr\u00e1 la oportunidad de ver n\u00f3madas viviendo en tiendas de campa\u00f1a. A continuaci\u00f3n nos detendremos en Midert, donde almorzaremos. Continuaremos hacia Merzouga por el puerto de Tizi N&#8217;Talghomt (1907 m) para disfrutar de vistas panor\u00e1micas. Tambi\u00e9n se detendr\u00e1 para admirar la vista panor\u00e1mica del palmeral de Aoufous a orillas del r\u00edo Ziz. Al final del d\u00eda, continuaremos hacia las impresionantes dunas de Erg Chebbi, donde montar\u00e1 en camello y pasar\u00e1 la noche en tiendas n\u00f3madas.<\/p>\n<p>&nbsp;<\/p>\n<h3>D\u00cdA 5: MERZOUGA &#8211; GARGANTAS DEL TODRA &#8211; VALLE DEL DADES<\/h3>\n<p>Tras contemplar el amanecer sobre las dunas del desierto del S\u00e1hara y desayunar, regresaremos al hotel o riad en dromedario. Luego continuamos hacia las monta\u00f1as de Sagro. A continuaci\u00f3n llegaremos a las gargantas del Todra, donde tomaremos un almuerzo tradicional marroqu\u00ed, y despu\u00e9s cruzaremos las gargantas antes de llegar al valle del Dades para cenar y pasar la noche.<\/p>\n<p>&nbsp;<\/p>\n<h3>D\u00eda 6: Valle del Dades &#8211; Ouarzazate &#8211; Aiben Haddou &#8211; Marrakech<\/h3>\n<p>Despu\u00e9s del desayuno, iniciaremos nuestro viaje por el Valle del Dades hacia Karamguna y Ouarzazate. Dado que la ruta por el valle del Dades es el Sendero de los Mil Castillos, ofrece innumerables oportunidades para capturar algunas de las mejores fotos de su viaje. A continuaci\u00f3n, nos detendremos en la Kasbah de Ait Ben Haddou para almorzar. En primer lugar, es la mayor Kasbah de Marruecos. Construido por T-hami El Glaoui, uno de los \u00faltimos l\u00edderes bereberes de principios del siglo XX. Fue una escala en su largo viaje desde el desierto del Sahara hasta Marrakech. De hecho, la Kasbah forma parte del patrimonio de la UNESCO. A continuaci\u00f3n, cambiaremos de ruta y cruzaremos las monta\u00f1as del Alto Atlas, disfrutando de vistas panor\u00e1micas y encantadores pueblos bereberes por el camino, hasta llegar a Marrakech. Por \u00faltimo, pase la noche en un riad de lujo en la medina.<\/p>\n<p>&nbsp;<\/p>\n<h3>D\u00eda 7: Marrakech D\u00eda completo<\/h3>\n<p>Despu\u00e9s del desayuno en el Riad, explore Marrakech, la \u00abCiudad Roja de Marruecos\u00bb. As\u00ed, en estos circuitos por T\u00e1nger, Marruecos, nos aseguraremos de que vea los lugares hist\u00f3ricos y culturales m\u00e1s importantes. Incluidos los Jardines Majorelle, la Torre Koutoubia, las Tumbas Saad\u00edes y el Palacio Bah\u00eda. Despu\u00e9s de comer en un restaurante cercano a la plaza, pasear\u00e1 por los zocos admirando cientos de objetos de artesan\u00eda. Por \u00faltimo, dispondr\u00e1 de tiempo libre por la tarde para explorar el resto de la ciudad por su cuenta.<\/p>\n<p>&nbsp;<\/p>\n<h3>D\u00eda 8: Marrakech &#8211; Aeropuerto<\/h3>\n<p>Traslado al aeropuerto, nuestro servicio por fin ha terminado.<\/p>\n<h4>incluye:<\/h4>\n<ul>\n<li>Recogida en su riad\/hotel.<\/li>\n<li>Viaje en un veh\u00edculo c\u00f3modo.<\/li>\n<li>Conductor\/Espa\u00f1ol.<\/li>\n<li>Cena y desayuno.<\/li>\n<\/ul>\n<h4>\nNo incluye:<\/h4>\n<ul>\n<li>El desayuno.<\/li>\n<li>Beverages.<\/li>\n<li>Prompt.<\/li>\n<li>Gastos personales.<\/li>\n<\/ul>\n<\/div>\n<\/div>\n<\/div>\n<\/div>\n<\/div>\n<\/div>\n","protected":false},"excerpt":{"rendered":"<p>8 d\u00edas de T\u00e1nger a Marrakech por el desierto del S\u00e1hara &nbsp; D\u00eda 1: T\u00e1nger &#8211; Chefchaouen Nos reuniremos con usted en el puerto o aeropuerto y cruzaremos las monta\u00f1as del Rif, pasando por la ciudad de Titouen, disfrutando del hermoso paisaje monta\u00f1oso, hasta llegar a Chefchaouen. De hecho, es uno de los pueblos m\u00e1s [&hellip;]<\/p>\n","protected":false},"featured_media":5657,"comment_status":"open","ping_status":"closed","template":"","meta":[],"product_cat":[67],"product_tag":[],"class_list":["post-5732","product","type-product","status-publish","has-post-thumbnail","hentry","product_cat-tours-desde-tanger"],"yoast_head":"<!-- This site is optimized with the Yoast SEO plugin v20.1 - https:\/\/yoast.com\/wordpress\/plugins\/seo\/ -->\n<title>8 d\u00edas de T\u00e1nger a Marrakech por el desierto del S\u00e1hara - Sahara Tours Marruecos<\/title>\n<meta name=\"description\" content=\"Explore la impresionante belleza de Marruecos con nuestra excursi\u00f3n de 6 d\u00edas a Marrakech. Experimente el desierto, visite ciudades hist\u00f3ricas y marav\u00edllese ante paisajes esc\u00e9nicos.\" \/>\n<meta name=\"robots\" content=\"index, follow, max-snippet:-1, max-image-preview:large, max-video-preview:-1\" \/>\n<link rel=\"canonical\" href=\"https:\/\/saharatoursmarruecos.com\/es\/producto\/ruta-de-8-dias-de-tanger-a-marrakech-por-el-desierto-del-sahara\/\" \/>\n<meta property=\"og:locale\" content=\"es_ES\" \/>\n<meta property=\"og:type\" content=\"article\" \/>\n<meta property=\"og:title\" content=\"8 d\u00edas de T\u00e1nger a Marrakech por el desierto del S\u00e1hara - Sahara Tours Marruecos\" \/>\n<meta property=\"og:description\" content=\"Explore la impresionante belleza de Marruecos con nuestra excursi\u00f3n de 6 d\u00edas a Marrakech. Experimente el desierto, visite ciudades hist\u00f3ricas y marav\u00edllese ante paisajes esc\u00e9nicos.\" \/>\n<meta property=\"og:url\" content=\"https:\/\/saharatoursmarruecos.com\/es\/producto\/ruta-de-8-dias-de-tanger-a-marrakech-por-el-desierto-del-sahara\/\" \/>\n<meta property=\"og:site_name\" content=\"Sahara Tours Marruecos\" \/>\n<meta property=\"og:image\" content=\"https:\/\/saharatoursmarruecos.com\/wp-content\/uploads\/2023\/02\/el-hedim-square.jpg\" \/>\n\t<meta property=\"og:image:width\" content=\"600\" \/>\n\t<meta property=\"og:image:height\" content=\"400\" \/>\n\t<meta property=\"og:image:type\" content=\"image\/jpeg\" \/>\n<meta name=\"twitter:card\" content=\"summary_large_image\" \/>\n<meta name=\"twitter:label1\" content=\"Tiempo de lectura\" \/>\n\t<meta name=\"twitter:data1\" content=\"4 minutos\" \/>\n<script type=\"application\/ld+json\" class=\"yoast-schema-graph\">{\"@context\":\"https:\/\/schema.org\",\"@graph\":[{\"@type\":\"WebPage\",\"@id\":\"https:\/\/saharatoursmarruecos.com\/es\/producto\/ruta-de-8-dias-de-tanger-a-marrakech-por-el-desierto-del-sahara\/\",\"url\":\"https:\/\/saharatoursmarruecos.com\/es\/producto\/ruta-de-8-dias-de-tanger-a-marrakech-por-el-desierto-del-sahara\/\",\"name\":\"8 d\u00edas de T\u00e1nger a Marrakech por el desierto del S\u00e1hara - Sahara Tours Marruecos\",\"isPartOf\":{\"@id\":\"https:\/\/saharatoursmarruecos.com\/#website\"},\"datePublished\":\"2023-02-11T19:14:16+00:00\",\"dateModified\":\"2023-02-11T19:14:16+00:00\",\"description\":\"Explore la impresionante belleza de Marruecos con nuestra excursi\u00f3n de 6 d\u00edas a Marrakech. Experimente el desierto, visite ciudades hist\u00f3ricas y marav\u00edllese ante paisajes esc\u00e9nicos.\",\"breadcrumb\":{\"@id\":\"https:\/\/saharatoursmarruecos.com\/es\/producto\/ruta-de-8-dias-de-tanger-a-marrakech-por-el-desierto-del-sahara\/#breadcrumb\"},\"inLanguage\":\"es\",\"potentialAction\":[{\"@type\":\"ReadAction\",\"target\":[\"https:\/\/saharatoursmarruecos.com\/es\/producto\/ruta-de-8-dias-de-tanger-a-marrakech-por-el-desierto-del-sahara\/\"]}]},{\"@type\":\"BreadcrumbList\",\"@id\":\"https:\/\/saharatoursmarruecos.com\/es\/producto\/ruta-de-8-dias-de-tanger-a-marrakech-por-el-desierto-del-sahara\/#breadcrumb\",\"itemListElement\":[{\"@type\":\"ListItem\",\"position\":1,\"name\":\"Home\",\"item\":\"https:\/\/saharatoursmarruecos.com\/\"},{\"@type\":\"ListItem\",\"position\":2,\"name\":\"Shop\",\"item\":\"https:\/\/saharatoursmarruecos.com\/shop\/\"},{\"@type\":\"ListItem\",\"position\":3,\"name\":\"8 d\u00edas de T\u00e1nger a Marrakech por el desierto del S\u00e1hara\"}]},{\"@type\":\"WebSite\",\"@id\":\"https:\/\/saharatoursmarruecos.com\/#website\",\"url\":\"https:\/\/saharatoursmarruecos.com\/\",\"name\":\"Sahara Tours Marruecos\",\"description\":\"Sahara Tours Marruecos\",\"potentialAction\":[{\"@type\":\"SearchAction\",\"target\":{\"@type\":\"EntryPoint\",\"urlTemplate\":\"https:\/\/saharatoursmarruecos.com\/?s={search_term_string}\"},\"query-input\":\"required name=search_term_string\"}],\"inLanguage\":\"es\"}]}<\/script>\n<!-- \/ Yoast SEO plugin. -->","yoast_head_json":{"title":"8 d\u00edas de T\u00e1nger a Marrakech por el desierto del S\u00e1hara - Sahara Tours Marruecos","description":"Explore la impresionante belleza de Marruecos con nuestra excursi\u00f3n de 6 d\u00edas a Marrakech. Experimente el desierto, visite ciudades hist\u00f3ricas y marav\u00edllese ante paisajes esc\u00e9nicos.","robots":{"index":"index","follow":"follow","max-snippet":"max-snippet:-1","max-image-preview":"max-image-preview:large","max-video-preview":"max-video-preview:-1"},"canonical":"https:\/\/saharatoursmarruecos.com\/es\/producto\/ruta-de-8-dias-de-tanger-a-marrakech-por-el-desierto-del-sahara\/","og_locale":"es_ES","og_type":"article","og_title":"8 d\u00edas de T\u00e1nger a Marrakech por el desierto del S\u00e1hara - Sahara Tours Marruecos","og_description":"Explore la impresionante belleza de Marruecos con nuestra excursi\u00f3n de 6 d\u00edas a Marrakech. Experimente el desierto, visite ciudades hist\u00f3ricas y marav\u00edllese ante paisajes esc\u00e9nicos.","og_url":"https:\/\/saharatoursmarruecos.com\/es\/producto\/ruta-de-8-dias-de-tanger-a-marrakech-por-el-desierto-del-sahara\/","og_site_name":"Sahara Tours Marruecos","og_image":[{"width":600,"height":400,"url":"https:\/\/saharatoursmarruecos.com\/wp-content\/uploads\/2023\/02\/el-hedim-square.jpg","type":"image\/jpeg"}],"twitter_card":"summary_large_image","twitter_misc":{"Tiempo de lectura":"4 minutos"},"schema":{"@context":"https:\/\/schema.org","@graph":[{"@type":"WebPage","@id":"https:\/\/saharatoursmarruecos.com\/es\/producto\/ruta-de-8-dias-de-tanger-a-marrakech-por-el-desierto-del-sahara\/","url":"https:\/\/saharatoursmarruecos.com\/es\/producto\/ruta-de-8-dias-de-tanger-a-marrakech-por-el-desierto-del-sahara\/","name":"8 d\u00edas de T\u00e1nger a Marrakech por el desierto del S\u00e1hara - Sahara Tours Marruecos","isPartOf":{"@id":"https:\/\/saharatoursmarruecos.com\/#website"},"datePublished":"2023-02-11T19:14:16+00:00","dateModified":"2023-02-11T19:14:16+00:00","description":"Explore la impresionante belleza de Marruecos con nuestra excursi\u00f3n de 6 d\u00edas a Marrakech. Experimente el desierto, visite ciudades hist\u00f3ricas y marav\u00edllese ante paisajes esc\u00e9nicos.","breadcrumb":{"@id":"https:\/\/saharatoursmarruecos.com\/es\/producto\/ruta-de-8-dias-de-tanger-a-marrakech-por-el-desierto-del-sahara\/#breadcrumb"},"inLanguage":"es","potentialAction":[{"@type":"ReadAction","target":["https:\/\/saharatoursmarruecos.com\/es\/producto\/ruta-de-8-dias-de-tanger-a-marrakech-por-el-desierto-del-sahara\/"]}]},{"@type":"BreadcrumbList","@id":"https:\/\/saharatoursmarruecos.com\/es\/producto\/ruta-de-8-dias-de-tanger-a-marrakech-por-el-desierto-del-sahara\/#breadcrumb","itemListElement":[{"@type":"ListItem","position":1,"name":"Home","item":"https:\/\/saharatoursmarruecos.com\/"},{"@type":"ListItem","position":2,"name":"Shop","item":"https:\/\/saharatoursmarruecos.com\/shop\/"},{"@type":"ListItem","position":3,"name":"8 d\u00edas de T\u00e1nger a Marrakech por el desierto del S\u00e1hara"}]},{"@type":"WebSite","@id":"https:\/\/saharatoursmarruecos.com\/#website","url":"https:\/\/saharatoursmarruecos.com\/","name":"Sahara Tours Marruecos","description":"Sahara Tours Marruecos","potentialAction":[{"@type":"SearchAction","target":{"@type":"EntryPoint","urlTemplate":"https:\/\/saharatoursmarruecos.com\/?s={search_term_string}"},"query-input":"required name=search_term_string"}],"inLanguage":"es"}]}},"_links":{"self":[{"href":"https:\/\/saharatoursmarruecos.com\/es\/wp-json\/wp\/v2\/product\/5732","targetHints":{"allow":["GET"]}}],"collection":[{"href":"https:\/\/saharatoursmarruecos.com\/es\/wp-json\/wp\/v2\/product"}],"about":[{"href":"https:\/\/saharatoursmarruecos.com\/es\/wp-json\/wp\/v2\/types\/product"}],"replies":[{"embeddable":true,"href":"https:\/\/saharatoursmarruecos.com\/es\/wp-json\/wp\/v2\/comments?post=5732"}],"wp:featuredmedia":[{"embeddable":true,"href":"https:\/\/saharatoursmarruecos.com\/es\/wp-json\/wp\/v2\/media\/5657"}],"wp:attachment":[{"href":"https:\/\/saharatoursmarruecos.com\/es\/wp-json\/wp\/v2\/media?parent=5732"}],"wp:term":[{"taxonomy":"product_cat","embeddable":true,"href":"https:\/\/saharatoursmarruecos.com\/es\/wp-json\/wp\/v2\/product_cat?post=5732"},{"taxonomy":"product_tag","embeddable":true,"href":"https:\/\/saharatoursmarruecos.com\/es\/wp-json\/wp\/v2\/product_tag?post=5732"}],"curies":[{"name":"wp","href":"https:\/\/api.w.org\/{rel}","templated":true}]}}