{"id":5731,"date":"2023-02-11T19:29:06","date_gmt":"2023-02-11T19:29:06","guid":{"rendered":"https:\/\/www.saharatoursmarruecos.com\/product\/excursion-de-un-dia-al-valle-del-ourika\/"},"modified":"2023-02-11T19:29:06","modified_gmt":"2023-02-11T19:29:06","slug":"excursion-de-un-dia-al-valle-delourika","status":"publish","type":"product","link":"https:\/\/saharatoursmarruecos.com\/es\/producto\/excursion-de-un-dia-al-valle-delourika\/","title":{"rendered":"Excursi\u00f3n de un d\u00eda al valle del Ourika"},"content":{"rendered":"<h1>Excursi\u00f3n de un d\u00eda al valle del Ourika<\/h1>\n<p>Uno de los valles m\u00e1s bellos de Marruecos con sus 7 cascadas. Situado a unos treinta kil\u00f3metros al sur de Marrakech, a una hora en coche. Camino del Alto Atlas. Durante esta excursi\u00f3n de un d\u00eda, atravesaremos la llanura del Haouz y flanquearemos el r\u00edo Ourika, donde el agua abunda todo el a\u00f1o.<\/p>\n<p>Durante este viaje, visitaremos a una familia bereber que nos abrir\u00e1 las puertas de su casa para descubrir el modo de vida de los bereberes y explorar sus tradiciones y su cultura local. Adem\u00e1s, haremos muchas paradas para tomar fotograf\u00edas de los pueblos bereberes situados en las estribaciones del Alto Atlas.<\/p>\n<p>Continuaremos por el valle y nos detendremos para visitar una cooperativa local de aceite de arg\u00e1n gestionada por mujeres de la zona. Luego continuar\u00e1 hasta el final de la carretera en el pueblo de Setti Fatma, a 1500 m sobre el nivel del mar.<\/p>\n<p>Nos reuniremos con nuestro gu\u00eda local que nos llevar\u00e1 a dar un paseo guiado para descubrir las 7 cascadas de Setti Fatma. Tras 2 horas de caminata, regresaremos al pueblo para disfrutar de un delicioso almuerzo tradicional en un restaurante local junto al r\u00edo.<\/p>\n<p>Nuestra agencia de transporte tur\u00edstico ofrece una amplia selecci\u00f3n de veh\u00edculos y c\u00f3modos monovol\u00famenes con conductores cualificados para descubrir los puntos fuertes y el encanto de esta regi\u00f3n.<\/p>\n<h4>Incluido:<\/h4>\n<ul>\n<li>Transporte en un c\u00f3modo monovolumen con conductor cualificado<\/li>\n<li>Visita a una familia bereber y exploraci\u00f3n de su cultura y tradiciones locales<\/li>\n<li>Paradas para fotografiar pueblos bereberes<\/li>\n<li>Visita a una cooperativa local de aceite de arg\u00e1n gestionada por mujeres de la zona<\/li>\n<li>Paseo guiado para descubrir las 7 cascadas de Setti Fatma con un gu\u00eda local<\/li>\n<li>Almuerzo tradicional en un restaurante local junto al r\u00edo<\/li>\n<\/ul>\n<h4>No se incluye:<\/h4>\n<ul>\n<li>Gastos personales como recuerdos, aperitivos y bebidas<\/li>\n<li>Propinas para el gu\u00eda o el conductor<\/li>\n<li>Cualquier actividad o atracci\u00f3n adicional no mencionada en el itinerario<\/li>\n<li>Seguro de viaje o gastos m\u00e9dicos<\/li>\n<li>Cualquier otro art\u00edculo o servicio que no figure expl\u00edcitamente como incluido.<\/li>\n<\/ul>\n","protected":false},"excerpt":{"rendered":"<p>Excursi\u00f3n de un d\u00eda al valle del Ourika Uno de los valles m\u00e1s bellos de Marruecos con sus 7 cascadas. Situado a unos treinta kil\u00f3metros al sur de Marrakech, a una hora en coche. Camino del Alto Atlas. Durante esta excursi\u00f3n de un d\u00eda, atravesaremos la llanura del Haouz y flanquearemos el r\u00edo Ourika, donde [&hellip;]<\/p>\n","protected":false},"featured_media":5776,"comment_status":"open","ping_status":"closed","template":"","meta":[],"product_cat":[66],"product_tag":[],"class_list":["post-5731","product","type-product","status-publish","has-post-thumbnail","hentry","product_cat-excursiones-de-un-dia-es"],"yoast_head":"<!-- This site is optimized with the Yoast SEO plugin v20.1 - https:\/\/yoast.com\/wordpress\/plugins\/seo\/ -->\n<title>Excursi\u00f3n de un d\u00eda al valle del Ourika - Sahara Tours Marruecos<\/title>\n<meta name=\"description\" content=\"Explore la impresionante belleza de Marruecos con nuestra excursi\u00f3n de 6 d\u00edas a Marrakech. Experimente el desierto, visite ciudades hist\u00f3ricas y marav\u00edllese ante paisajes esc\u00e9nicos.\" \/>\n<meta name=\"robots\" content=\"index, follow, max-snippet:-1, max-image-preview:large, max-video-preview:-1\" \/>\n<link rel=\"canonical\" href=\"https:\/\/saharatoursmarruecos.com\/es\/producto\/excursion-de-un-dia-al-valle-delourika\/\" \/>\n<meta property=\"og:locale\" content=\"es_ES\" \/>\n<meta property=\"og:type\" content=\"article\" \/>\n<meta property=\"og:title\" content=\"Excursi\u00f3n de un d\u00eda al valle del Ourika - Sahara Tours Marruecos\" \/>\n<meta property=\"og:description\" content=\"Explore la impresionante belleza de Marruecos con nuestra excursi\u00f3n de 6 d\u00edas a Marrakech. Experimente el desierto, visite ciudades hist\u00f3ricas y marav\u00edllese ante paisajes esc\u00e9nicos.\" \/>\n<meta property=\"og:url\" content=\"https:\/\/saharatoursmarruecos.com\/es\/producto\/excursion-de-un-dia-al-valle-delourika\/\" \/>\n<meta property=\"og:site_name\" content=\"Sahara Tours Marruecos\" \/>\n<meta property=\"og:image\" content=\"https:\/\/saharatoursmarruecos.com\/wp-content\/uploads\/2023\/02\/marrakech-to-ourika-day-tour.webp\" \/>\n\t<meta property=\"og:image:width\" content=\"700\" \/>\n\t<meta property=\"og:image:height\" content=\"469\" \/>\n\t<meta property=\"og:image:type\" content=\"image\/webp\" \/>\n<meta name=\"twitter:card\" content=\"summary_large_image\" \/>\n<meta name=\"twitter:label1\" content=\"Tiempo de lectura\" \/>\n\t<meta name=\"twitter:data1\" content=\"2 minutos\" \/>\n<script type=\"application\/ld+json\" class=\"yoast-schema-graph\">{\"@context\":\"https:\/\/schema.org\",\"@graph\":[{\"@type\":\"WebPage\",\"@id\":\"https:\/\/saharatoursmarruecos.com\/es\/producto\/excursion-de-un-dia-al-valle-delourika\/\",\"url\":\"https:\/\/saharatoursmarruecos.com\/es\/producto\/excursion-de-un-dia-al-valle-delourika\/\",\"name\":\"Excursi\u00f3n de un d\u00eda al valle del Ourika - Sahara Tours Marruecos\",\"isPartOf\":{\"@id\":\"https:\/\/saharatoursmarruecos.com\/#website\"},\"datePublished\":\"2023-02-11T19:29:06+00:00\",\"dateModified\":\"2023-02-11T19:29:06+00:00\",\"description\":\"Explore la impresionante belleza de Marruecos con nuestra excursi\u00f3n de 6 d\u00edas a Marrakech. Experimente el desierto, visite ciudades hist\u00f3ricas y marav\u00edllese ante paisajes esc\u00e9nicos.\",\"breadcrumb\":{\"@id\":\"https:\/\/saharatoursmarruecos.com\/es\/producto\/excursion-de-un-dia-al-valle-delourika\/#breadcrumb\"},\"inLanguage\":\"es\",\"potentialAction\":[{\"@type\":\"ReadAction\",\"target\":[\"https:\/\/saharatoursmarruecos.com\/es\/producto\/excursion-de-un-dia-al-valle-delourika\/\"]}]},{\"@type\":\"BreadcrumbList\",\"@id\":\"https:\/\/saharatoursmarruecos.com\/es\/producto\/excursion-de-un-dia-al-valle-delourika\/#breadcrumb\",\"itemListElement\":[{\"@type\":\"ListItem\",\"position\":1,\"name\":\"Home\",\"item\":\"https:\/\/saharatoursmarruecos.com\/\"},{\"@type\":\"ListItem\",\"position\":2,\"name\":\"Shop\",\"item\":\"https:\/\/saharatoursmarruecos.com\/shop\/\"},{\"@type\":\"ListItem\",\"position\":3,\"name\":\"Excursi\u00f3n de un d\u00eda al valle del Ourika\"}]},{\"@type\":\"WebSite\",\"@id\":\"https:\/\/saharatoursmarruecos.com\/#website\",\"url\":\"https:\/\/saharatoursmarruecos.com\/\",\"name\":\"Sahara Tours Marruecos\",\"description\":\"Sahara Tours Marruecos\",\"potentialAction\":[{\"@type\":\"SearchAction\",\"target\":{\"@type\":\"EntryPoint\",\"urlTemplate\":\"https:\/\/saharatoursmarruecos.com\/?s={search_term_string}\"},\"query-input\":\"required name=search_term_string\"}],\"inLanguage\":\"es\"}]}<\/script>\n<!-- \/ Yoast SEO plugin. -->","yoast_head_json":{"title":"Excursi\u00f3n de un d\u00eda al valle del Ourika - Sahara Tours Marruecos","description":"Explore la impresionante belleza de Marruecos con nuestra excursi\u00f3n de 6 d\u00edas a Marrakech. Experimente el desierto, visite ciudades hist\u00f3ricas y marav\u00edllese ante paisajes esc\u00e9nicos.","robots":{"index":"index","follow":"follow","max-snippet":"max-snippet:-1","max-image-preview":"max-image-preview:large","max-video-preview":"max-video-preview:-1"},"canonical":"https:\/\/saharatoursmarruecos.com\/es\/producto\/excursion-de-un-dia-al-valle-delourika\/","og_locale":"es_ES","og_type":"article","og_title":"Excursi\u00f3n de un d\u00eda al valle del Ourika - Sahara Tours Marruecos","og_description":"Explore la impresionante belleza de Marruecos con nuestra excursi\u00f3n de 6 d\u00edas a Marrakech. Experimente el desierto, visite ciudades hist\u00f3ricas y marav\u00edllese ante paisajes esc\u00e9nicos.","og_url":"https:\/\/saharatoursmarruecos.com\/es\/producto\/excursion-de-un-dia-al-valle-delourika\/","og_site_name":"Sahara Tours Marruecos","og_image":[{"width":700,"height":469,"url":"https:\/\/saharatoursmarruecos.com\/wp-content\/uploads\/2023\/02\/marrakech-to-ourika-day-tour.webp","type":"image\/webp"}],"twitter_card":"summary_large_image","twitter_misc":{"Tiempo de lectura":"2 minutos"},"schema":{"@context":"https:\/\/schema.org","@graph":[{"@type":"WebPage","@id":"https:\/\/saharatoursmarruecos.com\/es\/producto\/excursion-de-un-dia-al-valle-delourika\/","url":"https:\/\/saharatoursmarruecos.com\/es\/producto\/excursion-de-un-dia-al-valle-delourika\/","name":"Excursi\u00f3n de un d\u00eda al valle del Ourika - Sahara Tours Marruecos","isPartOf":{"@id":"https:\/\/saharatoursmarruecos.com\/#website"},"datePublished":"2023-02-11T19:29:06+00:00","dateModified":"2023-02-11T19:29:06+00:00","description":"Explore la impresionante belleza de Marruecos con nuestra excursi\u00f3n de 6 d\u00edas a Marrakech. Experimente el desierto, visite ciudades hist\u00f3ricas y marav\u00edllese ante paisajes esc\u00e9nicos.","breadcrumb":{"@id":"https:\/\/saharatoursmarruecos.com\/es\/producto\/excursion-de-un-dia-al-valle-delourika\/#breadcrumb"},"inLanguage":"es","potentialAction":[{"@type":"ReadAction","target":["https:\/\/saharatoursmarruecos.com\/es\/producto\/excursion-de-un-dia-al-valle-delourika\/"]}]},{"@type":"BreadcrumbList","@id":"https:\/\/saharatoursmarruecos.com\/es\/producto\/excursion-de-un-dia-al-valle-delourika\/#breadcrumb","itemListElement":[{"@type":"ListItem","position":1,"name":"Home","item":"https:\/\/saharatoursmarruecos.com\/"},{"@type":"ListItem","position":2,"name":"Shop","item":"https:\/\/saharatoursmarruecos.com\/shop\/"},{"@type":"ListItem","position":3,"name":"Excursi\u00f3n de un d\u00eda al valle del Ourika"}]},{"@type":"WebSite","@id":"https:\/\/saharatoursmarruecos.com\/#website","url":"https:\/\/saharatoursmarruecos.com\/","name":"Sahara Tours Marruecos","description":"Sahara Tours Marruecos","potentialAction":[{"@type":"SearchAction","target":{"@type":"EntryPoint","urlTemplate":"https:\/\/saharatoursmarruecos.com\/?s={search_term_string}"},"query-input":"required name=search_term_string"}],"inLanguage":"es"}]}},"_links":{"self":[{"href":"https:\/\/saharatoursmarruecos.com\/es\/wp-json\/wp\/v2\/product\/5731","targetHints":{"allow":["GET"]}}],"collection":[{"href":"https:\/\/saharatoursmarruecos.com\/es\/wp-json\/wp\/v2\/product"}],"about":[{"href":"https:\/\/saharatoursmarruecos.com\/es\/wp-json\/wp\/v2\/types\/product"}],"replies":[{"embeddable":true,"href":"https:\/\/saharatoursmarruecos.com\/es\/wp-json\/wp\/v2\/comments?post=5731"}],"wp:featuredmedia":[{"embeddable":true,"href":"https:\/\/saharatoursmarruecos.com\/es\/wp-json\/wp\/v2\/media\/5776"}],"wp:attachment":[{"href":"https:\/\/saharatoursmarruecos.com\/es\/wp-json\/wp\/v2\/media?parent=5731"}],"wp:term":[{"taxonomy":"product_cat","embeddable":true,"href":"https:\/\/saharatoursmarruecos.com\/es\/wp-json\/wp\/v2\/product_cat?post=5731"},{"taxonomy":"product_tag","embeddable":true,"href":"https:\/\/saharatoursmarruecos.com\/es\/wp-json\/wp\/v2\/product_tag?post=5731"}],"curies":[{"name":"wp","href":"https:\/\/api.w.org\/{rel}","templated":true}]}}