{"id":5730,"date":"2023-02-11T19:17:22","date_gmt":"2023-02-11T19:17:22","guid":{"rendered":"https:\/\/www.saharatoursmarruecos.com\/product\/circuito-de-10-dias-de-tanger-a-marrakech-pasando-por-merzouga\/"},"modified":"2023-02-11T19:17:22","modified_gmt":"2023-02-11T19:17:22","slug":"circuito-de-10-dias-de-tanger-a-marrakech-pasando-por-merzouga","status":"publish","type":"product","link":"https:\/\/saharatoursmarruecos.com\/es\/producto\/circuito-de-10-dias-de-tanger-a-marrakech-pasando-por-merzouga\/","title":{"rendered":"Circuito de 10 d\u00edas de T\u00e1nger a Marrakech pasando por Merzouga"},"content":{"rendered":"<h2>Circuito de 10 d\u00edas de T\u00e1nger a Marrakech pasando por Merzouga<\/h2>\n<div class=\"flex-1 overflow-hidden\">\n<div class=\"react-scroll-to-bottom--css-kohyx-79elbk h-full dark:bg-gray-800\">\n<div class=\"react-scroll-to-bottom--css-kohyx-1n7m0yu\">\n<div class=\"flex flex-col items-center text-sm dark:bg-gray-800\">\n<div class=\"w-full border-b border-black\/10 dark:border-gray-900\/50 text-gray-800 dark:text-gray-100 group bg-gray-50 dark:bg-[#444654]\">\n<div class=\"text-base gap-4 md:gap-6 m-auto md:max-w-2xl lg:max-w-2xl xl:max-w-3xl p-4 md:py-6 flex lg:px-0\">\n<p>&nbsp;<\/p>\n<h3>D\u00eda 1: De T\u00e1nger a Chefchaouen<\/h3>\n<p>Tras reunirnos con usted en el lugar acordado, iniciaremos nuestro viaje a trav\u00e9s de las monta\u00f1as del Rif y la ciudad de Tituen, con hermosas vistas de las monta\u00f1as, hasta llegar al chawan de Chefchaouen. De hecho, es uno de los pueblos m\u00e1s bellos a los pies del Rif. La medina de Chefchaouen cuenta con una plaza de estilo espa\u00f1ol rodeada de numerosas tiendas de artesan\u00eda de moda, restaurantes y caf\u00e9s en las azoteas, un lugar perfecto para pasar la noche disfrutando de la brisa y la belleza de la naturaleza.<\/p>\n<p>&nbsp;<\/p>\n<h3>D\u00cdA 2: CHEFCHAOUEN &#8211; VOLUBILIS &#8211; MEKNES &#8211; FES<\/h3>\n<p>Tras desayunar en el riad, iniciaremos el camino hacia Volubilis pasando por Wazan y otros pueblos de pico. As\u00ed, en Volubilis, descubriremos las ruinas romanas y descubriremos los yacimientos arqueol\u00f3gicos de la historia marroqu\u00ed, despu\u00e9s de visitar las ruinas, nos dirigiremos a la ciudad de Meknes, patrimonio del siglo XVII, donde almorzaremos y haremos una parada para pasear por la hist\u00f3rica medina de la Gran Muralla, bab el mansour, y disfrutar de la visita del santuario de Moulay Ismail. Despu\u00e9s de visitar Meknes, nos dirigiremos directamente a la ciudad de Fez, donde pasar\u00e1 la noche en el Riad.<\/p>\n<p>&nbsp;<\/p>\n<h3>D\u00eda 3: Jornada completa FES<\/h3>\n<p>Tras desayunar en su riad, comenzar\u00e1 a explorar los callejones y callejuelas de la ciudad m\u00e1s antigua de Marruecos. As\u00ed que empezamos visitando la Puerta del Palacio Real, sede del pueblo jud\u00edo, la primera mellah construida en Marruecos, en el siglo XVI. En primer lugar, nos aseguraremos de que visite todos los lugares de importancia cultural e hist\u00f3rica, como la famosa Universidad Al Qaraouine, la m\u00e1s antigua de la regi\u00f3n, la Curtidur\u00eda, el Museo Attarine y el Mausoleo Mulay Idriss. Tras el almuerzo, continuar\u00e1 su recorrido por Marruecos en T\u00e1nger, visitando una cooperativa de azulejos antes de admirar una magn\u00edfica panor\u00e1mica de la medina de Fez.<\/p>\n<p>&nbsp;<\/p>\n<h3>D\u00cdA 4: FES &#8211; IIFRANE &#8211; MIDELT &#8211; VALLE DEL ZIZ &#8211; ERFOUD &#8211; MERZOUGA<\/h3>\n<p>Este d\u00eda recorreremos el Atlas Medio hacia el sureste pasando por Ifrane, la \u00abSuiza marroqu\u00ed\u00bb, luego Azrou, haremos una parada en el famoso bosque de cedros, el lugar m\u00e1s grande de Marruecos para ver y jugar con los monos bereberes. Desde all\u00ed continuaremos hacia el sur pasando por varios pueblos donde tendr\u00e1 la oportunidad de ver n\u00f3madas viviendo en tiendas de campa\u00f1a. A continuaci\u00f3n nos detendremos en Midert, donde almorzaremos. Continuaremos hacia Merzouga por el puerto de Tizi N&#8217;Talghomt (1907 m) para disfrutar de vistas panor\u00e1micas. Tambi\u00e9n se detendr\u00e1 para admirar la vista panor\u00e1mica del palmeral de Aoufous a orillas del r\u00edo Ziz. Al final del d\u00eda, continuaremos hacia las magn\u00edficas dunas de Erg Chebbi, donde pasar\u00e1 la noche en un riad o en un hotel.<\/p>\n<p>&nbsp;<\/p>\n<h3>D\u00eda 5: MERZOUGA &#8211; ERG CHEBBI &#8211; CAMELISMO<\/h3>\n<p>Tras desayunar en su Riad, podr\u00e1 explorar un poco la zona antes de embarcarse en un paseo en camello; conocer\u00e1 al pueblo gnawa -originario de Mali, Senegal y Sud\u00e1n- en su aldea de Khamlia, donde aprender\u00e1 sobre su m\u00fasica y su forma de vida. M\u00e1s tarde, nos dirigiremos a la zona des\u00e9rtica para conocer a familias n\u00f3madas y explorar su modo de vida. Nuestro almuerzo de hoy ser\u00e1 una comida tradicional bereber (pizza bereber). Tambi\u00e9n puede optar por visitar el casco antiguo de Rissani, fundaci\u00f3n de la dinast\u00eda alau\u00ed, actual familia real reinante en Marruecos. Rissani est\u00e1 rodeada por unos 360 ksar (pueblo fortificado con numerosas torres) y cuenta con un gran zoco (mercado al aire libre) que se celebra tres veces por semana. Antiguamente se llamaba Sijilmassa y era el punto de encuentro de las caravanas de sal procedentes de Tombuct\u00fa (Mali). Aqu\u00ed podr\u00e1 pasear por los zocos de venta de especias, verduras y telas. Regreso a la ciudad de Merzouga. Por la tarde, dar\u00e1 un paseo en camello guiado por un camellero experimentado para descubrir lo que se esconde en medio de las dunas de arena m\u00e1s altas de Marruecos. La cena se servir\u00e1 frente a su tienda de campa\u00f1a.<\/p>\n<p>&nbsp;<\/p>\n<h3>D\u00cdA 6: MERZOUGA &#8211; GARGANTAS DEL TOUDRA &#8211; VALLE DEL DADES<\/h3>\n<p>Tras contemplar el amanecer sobre las dunas del S\u00e1hara y desayunar, regresaremos al hotel o riad a lomos de un camello. Luego cruzaremos los ca\u00f1ones de Rissani, Alnif y Todra. All\u00ed haremos escalada en roca y tomaremos un almuerzo tradicional marroqu\u00ed. Recorremos una corta distancia a trav\u00e9s del ca\u00f1\u00f3n antes de llegar al valle del Dades para cenar y alojarnos.<\/p>\n<p>&nbsp;<\/p>\n<h3>D\u00eda 7: Valle del Dades &#8211; Ouarzazate &#8211; AIT BEN HADDOU &#8211; Marrakech<\/h3>\n<p>Despu\u00e9s del desayuno, cruzaremos el valle del Dades hasta Karamguna Ouarzazate. Porque la carretera que atraviesa el valle del Dades es la carretera de los mil castillos. Esto ofrece muchas oportunidades para capturar las mejores fotos de su viaje. A continuaci\u00f3n haremos una parada para almorzar en la Kasbah de Ait Ben Haddou, la mayor Kasbah de Marruecos, construida por T-hami El Glaoui, uno de los \u00faltimos caciques bereberes de principios del siglo XX, y que fue una de sus largas escalas. Desierto del Sahara en Marrakech. En la actualidad, el castillo forma parte del patrimonio de la UNESCO. Despu\u00e9s cambiaremos de ruta y cruzaremos las monta\u00f1as del Alto Atlas, disfrutando de vistas panor\u00e1micas y encantadores pueblos bereberes hasta Marrakech. A continuaci\u00f3n, pase la noche en un lujoso riad de la medina.<\/p>\n<p>&nbsp;<\/p>\n<h3>D\u00eda 8: D\u00eda completo en Marrakech<\/h3>\n<p>Despu\u00e9s del desayuno en el Riad por la ma\u00f1ana, exploraremos Marrakech, la \u00abCiudad Roja de Marruecos\u00bb, nos aseguraremos de que vea los principales lugares hist\u00f3ricos y culturales. En primer lugar, los Jardines Majorelle, la Torre Koutoubia, las Tumbas Saad\u00edes y el Palacio Bah\u00eda. Despu\u00e9s de comer en un restaurante cercano a la plaza, pasear\u00e1 por los zocos admirando cientos de objetos de artesan\u00eda. Por la tarde tendr\u00e1 tiempo libre para explorar el resto de la ciudad por su cuenta. Noche en el Riad.<\/p>\n<p>&nbsp;<\/p>\n<h3>D\u00eda 9: Excursi\u00f3n a Essaouira<\/h3>\n<p>Tras desayunar en su hotel, emprender\u00e1 viaje a la ciudad costera de Essaouira y explorar\u00e1 la ciudad. Nos aseguraremos de visitar la Fortaleza de Scala; ver madera de Thuya cortada por artesanos. A continuaci\u00f3n, pasee por las callejuelas de la medina para contemplar cientos de objetos de artesan\u00eda. La \u00abCiudad del Viento\u00bb atrae a surfistas de todo el mundo. Essaouira ha pasado por muchas civilizaciones, incluida la ocupaci\u00f3n portuguesa. Como resultado, han influido mucho en su arquitectura, aunque sigue siendo una ciudad con mucha historia. Por su tama\u00f1o y sus caracter\u00edsticas puertas azules y paredes lavadas. Tambi\u00e9n se la considera la \u00abPerla del Atl\u00e1ntico\u00bb de Marruecos.<\/p>\n<p>Por ello, tambi\u00e9n visitar\u00e1 una cooperativa de mujeres para obtener aceite de arg\u00e1n. Aqu\u00ed se extraen aceites conocidos por sus propiedades culinarias, cosm\u00e9ticas y medicinales. El almuerzo se servir\u00e1 al estilo marroqu\u00ed: pescado fresco \u00abcocinado al momento\u00bb en la lonja. Por la tarde regresar\u00e1 a Marrakech. Por fin una noche en su riad.<\/p>\n<p>&nbsp;<\/p>\n<h3>D\u00eda 10: Marrakech &#8211; Aeropuerto<\/h3>\n<p>Traslado al aeropuerto de Casablanca o Marrakech para finalizar nuestro recorrido por Marruecos en T\u00e1nger.<\/p>\n<\/div>\n<p>&nbsp;<\/p>\n<h4>Incluido en el recorrido:<\/h4>\n<ul>\n<li>Alojamiento en riads y hoteles<\/li>\n<li>Desayuno, almuerzo y cena (como se menciona en el itinerario)<\/li>\n<li>Transporte en veh\u00edculo privado<\/li>\n<li>Excursi\u00f3n a camello en Merzouga<\/li>\n<li>Visita a diversos lugares de inter\u00e9s cultural e hist\u00f3rico, como las ruinas romanas de Volubilis, la ciudad de Meknes, patrimonio del siglo XVII y la m\u00e1s antigua de Marruecos, Fez, Ifrane, Azrou, Midelt, el valle del Ziz, Erfoud, Merzouga, las gargantas del Toudra, el valle del Dades, Ouarzazate, Ait Ben Haddou y Marrakech.<\/li>\n<li>Visita al pueblo gnawa, familias n\u00f3madas, y comida tradicional bereber<\/li>\n<li>Gu\u00eda local para excursiones y visitas<\/li>\n<li>Amanecer en las dunas del S\u00e1hara<\/li>\n<\/ul>\n<h4>No incluido en el tour:<\/h4>\n<ul>\n<li>Gastos personales<\/li>\n<li>Bebidas<\/li>\n<li>Excursiones o actividades opcionales<\/li>\n<li>Seguro de viaje<\/li>\n<li>Propinas para gu\u00edas y conductores.<\/li>\n<\/ul>\n<\/div>\n<\/div>\n<\/div>\n<\/div>\n<\/div>\n","protected":false},"excerpt":{"rendered":"<p>Circuito de 10 d\u00edas de T\u00e1nger a Marrakech pasando por Merzouga &nbsp; D\u00eda 1: De T\u00e1nger a Chefchaouen Tras reunirnos con usted en el lugar acordado, iniciaremos nuestro viaje a trav\u00e9s de las monta\u00f1as del Rif y la ciudad de Tituen, con hermosas vistas de las monta\u00f1as, hasta llegar al chawan de Chefchaouen. De hecho, [&hellip;]<\/p>\n","protected":false},"featured_media":5387,"comment_status":"open","ping_status":"closed","template":"","meta":[],"product_cat":[67],"product_tag":[],"class_list":["post-5730","product","type-product","status-publish","has-post-thumbnail","hentry","product_cat-tours-desde-tanger"],"yoast_head":"<!-- This site is optimized with the Yoast SEO plugin v20.1 - https:\/\/yoast.com\/wordpress\/plugins\/seo\/ -->\n<title>Circuito de 10 d\u00edas de T\u00e1nger a Marrakech pasando por Merzouga - Sahara Tours Marruecos<\/title>\n<meta name=\"description\" content=\"Explore la impresionante belleza de Marruecos con nuestra excursi\u00f3n de 6 d\u00edas a Marrakech. Experimente el desierto, visite ciudades hist\u00f3ricas y marav\u00edllese ante paisajes esc\u00e9nicos.\" \/>\n<meta name=\"robots\" content=\"index, follow, max-snippet:-1, max-image-preview:large, max-video-preview:-1\" \/>\n<link rel=\"canonical\" href=\"https:\/\/saharatoursmarruecos.com\/es\/producto\/circuito-de-10-dias-de-tanger-a-marrakech-pasando-por-merzouga\/\" \/>\n<meta property=\"og:locale\" content=\"es_ES\" \/>\n<meta property=\"og:type\" content=\"article\" \/>\n<meta property=\"og:title\" content=\"Circuito de 10 d\u00edas de T\u00e1nger a Marrakech pasando por Merzouga - Sahara Tours Marruecos\" \/>\n<meta property=\"og:description\" content=\"Explore la impresionante belleza de Marruecos con nuestra excursi\u00f3n de 6 d\u00edas a Marrakech. Experimente el desierto, visite ciudades hist\u00f3ricas y marav\u00edllese ante paisajes esc\u00e9nicos.\" \/>\n<meta property=\"og:url\" content=\"https:\/\/saharatoursmarruecos.com\/es\/producto\/circuito-de-10-dias-de-tanger-a-marrakech-pasando-por-merzouga\/\" \/>\n<meta property=\"og:site_name\" content=\"Sahara Tours Marruecos\" \/>\n<meta property=\"og:image\" content=\"https:\/\/saharatoursmarruecos.com\/wp-content\/uploads\/2023\/02\/Chefchaouen-Lucy-Laucht-tout-copy-1.jpg\" \/>\n\t<meta property=\"og:image:width\" content=\"1024\" \/>\n\t<meta property=\"og:image:height\" content=\"768\" \/>\n\t<meta property=\"og:image:type\" content=\"image\/jpeg\" \/>\n<meta name=\"twitter:card\" content=\"summary_large_image\" \/>\n<meta name=\"twitter:label1\" content=\"Tiempo de lectura\" \/>\n\t<meta name=\"twitter:data1\" content=\"7 minutos\" \/>\n<script type=\"application\/ld+json\" class=\"yoast-schema-graph\">{\"@context\":\"https:\/\/schema.org\",\"@graph\":[{\"@type\":\"WebPage\",\"@id\":\"https:\/\/saharatoursmarruecos.com\/es\/producto\/circuito-de-10-dias-de-tanger-a-marrakech-pasando-por-merzouga\/\",\"url\":\"https:\/\/saharatoursmarruecos.com\/es\/producto\/circuito-de-10-dias-de-tanger-a-marrakech-pasando-por-merzouga\/\",\"name\":\"Circuito de 10 d\u00edas de T\u00e1nger a Marrakech pasando por Merzouga - Sahara Tours Marruecos\",\"isPartOf\":{\"@id\":\"https:\/\/saharatoursmarruecos.com\/#website\"},\"datePublished\":\"2023-02-11T19:17:22+00:00\",\"dateModified\":\"2023-02-11T19:17:22+00:00\",\"description\":\"Explore la impresionante belleza de Marruecos con nuestra excursi\u00f3n de 6 d\u00edas a Marrakech. Experimente el desierto, visite ciudades hist\u00f3ricas y marav\u00edllese ante paisajes esc\u00e9nicos.\",\"breadcrumb\":{\"@id\":\"https:\/\/saharatoursmarruecos.com\/es\/producto\/circuito-de-10-dias-de-tanger-a-marrakech-pasando-por-merzouga\/#breadcrumb\"},\"inLanguage\":\"es\",\"potentialAction\":[{\"@type\":\"ReadAction\",\"target\":[\"https:\/\/saharatoursmarruecos.com\/es\/producto\/circuito-de-10-dias-de-tanger-a-marrakech-pasando-por-merzouga\/\"]}]},{\"@type\":\"BreadcrumbList\",\"@id\":\"https:\/\/saharatoursmarruecos.com\/es\/producto\/circuito-de-10-dias-de-tanger-a-marrakech-pasando-por-merzouga\/#breadcrumb\",\"itemListElement\":[{\"@type\":\"ListItem\",\"position\":1,\"name\":\"Home\",\"item\":\"https:\/\/saharatoursmarruecos.com\/\"},{\"@type\":\"ListItem\",\"position\":2,\"name\":\"Shop\",\"item\":\"https:\/\/saharatoursmarruecos.com\/shop\/\"},{\"@type\":\"ListItem\",\"position\":3,\"name\":\"Circuito de 10 d\u00edas de T\u00e1nger a Marrakech pasando por Merzouga\"}]},{\"@type\":\"WebSite\",\"@id\":\"https:\/\/saharatoursmarruecos.com\/#website\",\"url\":\"https:\/\/saharatoursmarruecos.com\/\",\"name\":\"Sahara Tours Marruecos\",\"description\":\"Sahara Tours Marruecos\",\"potentialAction\":[{\"@type\":\"SearchAction\",\"target\":{\"@type\":\"EntryPoint\",\"urlTemplate\":\"https:\/\/saharatoursmarruecos.com\/?s={search_term_string}\"},\"query-input\":\"required name=search_term_string\"}],\"inLanguage\":\"es\"}]}<\/script>\n<!-- \/ Yoast SEO plugin. -->","yoast_head_json":{"title":"Circuito de 10 d\u00edas de T\u00e1nger a Marrakech pasando por Merzouga - Sahara Tours Marruecos","description":"Explore la impresionante belleza de Marruecos con nuestra excursi\u00f3n de 6 d\u00edas a Marrakech. Experimente el desierto, visite ciudades hist\u00f3ricas y marav\u00edllese ante paisajes esc\u00e9nicos.","robots":{"index":"index","follow":"follow","max-snippet":"max-snippet:-1","max-image-preview":"max-image-preview:large","max-video-preview":"max-video-preview:-1"},"canonical":"https:\/\/saharatoursmarruecos.com\/es\/producto\/circuito-de-10-dias-de-tanger-a-marrakech-pasando-por-merzouga\/","og_locale":"es_ES","og_type":"article","og_title":"Circuito de 10 d\u00edas de T\u00e1nger a Marrakech pasando por Merzouga - Sahara Tours Marruecos","og_description":"Explore la impresionante belleza de Marruecos con nuestra excursi\u00f3n de 6 d\u00edas a Marrakech. Experimente el desierto, visite ciudades hist\u00f3ricas y marav\u00edllese ante paisajes esc\u00e9nicos.","og_url":"https:\/\/saharatoursmarruecos.com\/es\/producto\/circuito-de-10-dias-de-tanger-a-marrakech-pasando-por-merzouga\/","og_site_name":"Sahara Tours Marruecos","og_image":[{"width":1024,"height":768,"url":"https:\/\/saharatoursmarruecos.com\/wp-content\/uploads\/2023\/02\/Chefchaouen-Lucy-Laucht-tout-copy-1.jpg","type":"image\/jpeg"}],"twitter_card":"summary_large_image","twitter_misc":{"Tiempo de lectura":"7 minutos"},"schema":{"@context":"https:\/\/schema.org","@graph":[{"@type":"WebPage","@id":"https:\/\/saharatoursmarruecos.com\/es\/producto\/circuito-de-10-dias-de-tanger-a-marrakech-pasando-por-merzouga\/","url":"https:\/\/saharatoursmarruecos.com\/es\/producto\/circuito-de-10-dias-de-tanger-a-marrakech-pasando-por-merzouga\/","name":"Circuito de 10 d\u00edas de T\u00e1nger a Marrakech pasando por Merzouga - Sahara Tours Marruecos","isPartOf":{"@id":"https:\/\/saharatoursmarruecos.com\/#website"},"datePublished":"2023-02-11T19:17:22+00:00","dateModified":"2023-02-11T19:17:22+00:00","description":"Explore la impresionante belleza de Marruecos con nuestra excursi\u00f3n de 6 d\u00edas a Marrakech. Experimente el desierto, visite ciudades hist\u00f3ricas y marav\u00edllese ante paisajes esc\u00e9nicos.","breadcrumb":{"@id":"https:\/\/saharatoursmarruecos.com\/es\/producto\/circuito-de-10-dias-de-tanger-a-marrakech-pasando-por-merzouga\/#breadcrumb"},"inLanguage":"es","potentialAction":[{"@type":"ReadAction","target":["https:\/\/saharatoursmarruecos.com\/es\/producto\/circuito-de-10-dias-de-tanger-a-marrakech-pasando-por-merzouga\/"]}]},{"@type":"BreadcrumbList","@id":"https:\/\/saharatoursmarruecos.com\/es\/producto\/circuito-de-10-dias-de-tanger-a-marrakech-pasando-por-merzouga\/#breadcrumb","itemListElement":[{"@type":"ListItem","position":1,"name":"Home","item":"https:\/\/saharatoursmarruecos.com\/"},{"@type":"ListItem","position":2,"name":"Shop","item":"https:\/\/saharatoursmarruecos.com\/shop\/"},{"@type":"ListItem","position":3,"name":"Circuito de 10 d\u00edas de T\u00e1nger a Marrakech pasando por Merzouga"}]},{"@type":"WebSite","@id":"https:\/\/saharatoursmarruecos.com\/#website","url":"https:\/\/saharatoursmarruecos.com\/","name":"Sahara Tours Marruecos","description":"Sahara Tours Marruecos","potentialAction":[{"@type":"SearchAction","target":{"@type":"EntryPoint","urlTemplate":"https:\/\/saharatoursmarruecos.com\/?s={search_term_string}"},"query-input":"required name=search_term_string"}],"inLanguage":"es"}]}},"_links":{"self":[{"href":"https:\/\/saharatoursmarruecos.com\/es\/wp-json\/wp\/v2\/product\/5730","targetHints":{"allow":["GET"]}}],"collection":[{"href":"https:\/\/saharatoursmarruecos.com\/es\/wp-json\/wp\/v2\/product"}],"about":[{"href":"https:\/\/saharatoursmarruecos.com\/es\/wp-json\/wp\/v2\/types\/product"}],"replies":[{"embeddable":true,"href":"https:\/\/saharatoursmarruecos.com\/es\/wp-json\/wp\/v2\/comments?post=5730"}],"wp:featuredmedia":[{"embeddable":true,"href":"https:\/\/saharatoursmarruecos.com\/es\/wp-json\/wp\/v2\/media\/5387"}],"wp:attachment":[{"href":"https:\/\/saharatoursmarruecos.com\/es\/wp-json\/wp\/v2\/media?parent=5730"}],"wp:term":[{"taxonomy":"product_cat","embeddable":true,"href":"https:\/\/saharatoursmarruecos.com\/es\/wp-json\/wp\/v2\/product_cat?post=5730"},{"taxonomy":"product_tag","embeddable":true,"href":"https:\/\/saharatoursmarruecos.com\/es\/wp-json\/wp\/v2\/product_tag?post=5730"}],"curies":[{"name":"wp","href":"https:\/\/api.w.org\/{rel}","templated":true}]}}