{"id":5729,"date":"2023-02-11T19:24:17","date_gmt":"2023-02-11T19:24:17","guid":{"rendered":"https:\/\/www.saharatoursmarruecos.com\/product\/excursion-de-un-dia-a-la-ciudad-de-essaouira\/"},"modified":"2023-02-11T19:24:17","modified_gmt":"2023-02-11T19:24:17","slug":"excursion-de-un-dia-a-la-ciudad-de-isauira","status":"publish","type":"product","link":"https:\/\/saharatoursmarruecos.com\/es\/producto\/excursion-de-un-dia-a-la-ciudad-de-isauira\/","title":{"rendered":"Excursi\u00f3n de un d\u00eda a la ciudad de Essaouira"},"content":{"rendered":"<h1>Excursi\u00f3n de un d\u00eda a la ciudad de Essaouira<\/h1>\n<p>Su excursi\u00f3n de un d\u00eda de Marrakech a Essaouira comenzar\u00e1 atravesando la llanura de Hauz hasta el pueblo de Chichahua, donde podr\u00e1 parar a tomar un caf\u00e9 antes de dirigirse a Sidi Mokhtar. A lo largo del camino, pasar\u00e1 por un bosque de arg\u00e1n, donde ver\u00e1 cabras trepando por los \u00e1rboles de arg\u00e1n. Aprenda c\u00f3mo se extrae el aceite de arg\u00e1n (tambi\u00e9n conocido como oro l\u00edquido o aceite de arg\u00e1n), visite una cooperativa local de mujeres y vea c\u00f3mo se utiliza localmente el rico aceite de arg\u00e1n para crear exquisitos cosm\u00e9ticos.<\/p>\n<p>Desde all\u00ed continuaremos nuestra excursi\u00f3n de un d\u00eda a Essaouira con su llegada; podr\u00e1 explorar esta hermosa ciudad con placer:<\/p>\n<p>Por experiencia podemos decir que es f\u00e1cil explorar Essaouira a tu manera: Los habitantes son muy amables, la medina es peque\u00f1a (en comparaci\u00f3n con otras antiguas ciudades marroqu\u00edes) y sus calles est\u00e1n hechas para. Desde luego, no necesita un gu\u00eda para visitar la ciudad. Si insiste en tener uno, su conductor le ayudar\u00e1 a contratar un gu\u00eda local.<\/p>\n<p>En Essaouira, visitar\u00e1 la antigua Kasbah Secala portuguesa, desde donde explorar\u00e1 el puerto y ver\u00e1 a los pescadores vendiendo pescado fresco y marisco desde sus barcas. A continuaci\u00f3n, entrar\u00e1 en la antigua medina a trav\u00e9s de la famosa plaza Moulay Hassan, explorar\u00e1 las callejuelas y visitar\u00e1 las numerosas galer\u00edas de arte. Despu\u00e9s, disfrute de un almuerzo a base de pescado en un restaurante local o regrese al puerto para recoger pescado fresco y cocinarlo en un peque\u00f1o restaurante local.<\/p>\n<p>Al final de la tarde, regreso a Marrakech, fin del d\u00eda en Essaouira, y vuelta al hotel o riad.<\/p>\n<p>&nbsp;<\/p>\n<h4>Incluido en esta excursi\u00f3n de un d\u00eda a Essaouira:<\/h4>\n<ul>\n<li>Transporte de ida y vuelta a Marrakech<\/li>\n<li>Caf\u00e9 en Chichaoua<\/li>\n<li>Visita a una cooperativa local de mujeres en el bosque de arg\u00e1n<\/li>\n<li>Visita a la antigua casbah portuguesa de Secala<\/li>\n<li>Visita al puerto y a las barcas de los pescadores<\/li>\n<li>Visita a la antigua medina y a las galer\u00edas de arte<\/li>\n<li>Almuerzo de pescado en un restaurante local o la opci\u00f3n de elegir pescado fresco y pedir que lo cocinen en un peque\u00f1o restaurante local.<\/li>\n<\/ul>\n<h4>No incluido en esta excursi\u00f3n de un d\u00eda a Essaouira:<\/h4>\n<ul>\n<li>Servicio de gu\u00eda en Essaouira (pero su ch\u00f3fer puede ayudarle a contratar un gu\u00eda local si lo desea)<\/li>\n<li>Cualquier gasto personal, como recuerdos o comida y bebida adicionales.<\/li>\n<\/ul>\n","protected":false},"excerpt":{"rendered":"<p>Excursi\u00f3n de un d\u00eda a la ciudad de Essaouira Su excursi\u00f3n de un d\u00eda de Marrakech a Essaouira comenzar\u00e1 atravesando la llanura de Hauz hasta el pueblo de Chichahua, donde podr\u00e1 parar a tomar un caf\u00e9 antes de dirigirse a Sidi Mokhtar. A lo largo del camino, pasar\u00e1 por un bosque de arg\u00e1n, donde ver\u00e1 [&hellip;]<\/p>\n","protected":false},"featured_media":5649,"comment_status":"open","ping_status":"closed","template":"","meta":[],"product_cat":[66],"product_tag":[],"class_list":["post-5729","product","type-product","status-publish","has-post-thumbnail","hentry","product_cat-excursiones-de-un-dia-es"],"yoast_head":"<!-- This site is optimized with the Yoast SEO plugin v20.1 - https:\/\/yoast.com\/wordpress\/plugins\/seo\/ -->\n<title>Excursi\u00f3n de un d\u00eda a la ciudad de Essaouira - Sahara Tours Marruecos<\/title>\n<meta name=\"description\" content=\"Explore la impresionante belleza de Marruecos con nuestra excursi\u00f3n de 6 d\u00edas a Marrakech. Experimente el desierto, visite ciudades hist\u00f3ricas y marav\u00edllese ante paisajes esc\u00e9nicos.\" \/>\n<meta name=\"robots\" content=\"index, follow, max-snippet:-1, max-image-preview:large, max-video-preview:-1\" \/>\n<link rel=\"canonical\" href=\"https:\/\/saharatoursmarruecos.com\/es\/producto\/excursion-de-un-dia-a-la-ciudad-de-isauira\/\" \/>\n<meta property=\"og:locale\" content=\"es_ES\" \/>\n<meta property=\"og:type\" content=\"article\" \/>\n<meta property=\"og:title\" content=\"Excursi\u00f3n de un d\u00eda a la ciudad de Essaouira - Sahara Tours Marruecos\" \/>\n<meta property=\"og:description\" content=\"Explore la impresionante belleza de Marruecos con nuestra excursi\u00f3n de 6 d\u00edas a Marrakech. Experimente el desierto, visite ciudades hist\u00f3ricas y marav\u00edllese ante paisajes esc\u00e9nicos.\" \/>\n<meta property=\"og:url\" content=\"https:\/\/saharatoursmarruecos.com\/es\/producto\/excursion-de-un-dia-a-la-ciudad-de-isauira\/\" \/>\n<meta property=\"og:site_name\" content=\"Sahara Tours Marruecos\" \/>\n<meta property=\"og:image\" content=\"https:\/\/saharatoursmarruecos.com\/wp-content\/uploads\/2023\/02\/363e5cdb3dad9e445d2a9adda1d10f14.jpg\" \/>\n\t<meta property=\"og:image:width\" content=\"780\" \/>\n\t<meta property=\"og:image:height\" content=\"468\" \/>\n\t<meta property=\"og:image:type\" content=\"image\/jpeg\" \/>\n<meta name=\"twitter:card\" content=\"summary_large_image\" \/>\n<meta name=\"twitter:label1\" content=\"Tiempo de lectura\" \/>\n\t<meta name=\"twitter:data1\" content=\"2 minutos\" \/>\n<script type=\"application\/ld+json\" class=\"yoast-schema-graph\">{\"@context\":\"https:\/\/schema.org\",\"@graph\":[{\"@type\":\"WebPage\",\"@id\":\"https:\/\/saharatoursmarruecos.com\/es\/producto\/excursion-de-un-dia-a-la-ciudad-de-isauira\/\",\"url\":\"https:\/\/saharatoursmarruecos.com\/es\/producto\/excursion-de-un-dia-a-la-ciudad-de-isauira\/\",\"name\":\"Excursi\u00f3n de un d\u00eda a la ciudad de Essaouira - Sahara Tours Marruecos\",\"isPartOf\":{\"@id\":\"https:\/\/saharatoursmarruecos.com\/#website\"},\"datePublished\":\"2023-02-11T19:24:17+00:00\",\"dateModified\":\"2023-02-11T19:24:17+00:00\",\"description\":\"Explore la impresionante belleza de Marruecos con nuestra excursi\u00f3n de 6 d\u00edas a Marrakech. Experimente el desierto, visite ciudades hist\u00f3ricas y marav\u00edllese ante paisajes esc\u00e9nicos.\",\"breadcrumb\":{\"@id\":\"https:\/\/saharatoursmarruecos.com\/es\/producto\/excursion-de-un-dia-a-la-ciudad-de-isauira\/#breadcrumb\"},\"inLanguage\":\"es\",\"potentialAction\":[{\"@type\":\"ReadAction\",\"target\":[\"https:\/\/saharatoursmarruecos.com\/es\/producto\/excursion-de-un-dia-a-la-ciudad-de-isauira\/\"]}]},{\"@type\":\"BreadcrumbList\",\"@id\":\"https:\/\/saharatoursmarruecos.com\/es\/producto\/excursion-de-un-dia-a-la-ciudad-de-isauira\/#breadcrumb\",\"itemListElement\":[{\"@type\":\"ListItem\",\"position\":1,\"name\":\"Home\",\"item\":\"https:\/\/saharatoursmarruecos.com\/\"},{\"@type\":\"ListItem\",\"position\":2,\"name\":\"Shop\",\"item\":\"https:\/\/saharatoursmarruecos.com\/shop\/\"},{\"@type\":\"ListItem\",\"position\":3,\"name\":\"Excursi\u00f3n de un d\u00eda a la ciudad de Essaouira\"}]},{\"@type\":\"WebSite\",\"@id\":\"https:\/\/saharatoursmarruecos.com\/#website\",\"url\":\"https:\/\/saharatoursmarruecos.com\/\",\"name\":\"Sahara Tours Marruecos\",\"description\":\"Sahara Tours Marruecos\",\"potentialAction\":[{\"@type\":\"SearchAction\",\"target\":{\"@type\":\"EntryPoint\",\"urlTemplate\":\"https:\/\/saharatoursmarruecos.com\/?s={search_term_string}\"},\"query-input\":\"required name=search_term_string\"}],\"inLanguage\":\"es\"}]}<\/script>\n<!-- \/ Yoast SEO plugin. -->","yoast_head_json":{"title":"Excursi\u00f3n de un d\u00eda a la ciudad de Essaouira - Sahara Tours Marruecos","description":"Explore la impresionante belleza de Marruecos con nuestra excursi\u00f3n de 6 d\u00edas a Marrakech. Experimente el desierto, visite ciudades hist\u00f3ricas y marav\u00edllese ante paisajes esc\u00e9nicos.","robots":{"index":"index","follow":"follow","max-snippet":"max-snippet:-1","max-image-preview":"max-image-preview:large","max-video-preview":"max-video-preview:-1"},"canonical":"https:\/\/saharatoursmarruecos.com\/es\/producto\/excursion-de-un-dia-a-la-ciudad-de-isauira\/","og_locale":"es_ES","og_type":"article","og_title":"Excursi\u00f3n de un d\u00eda a la ciudad de Essaouira - Sahara Tours Marruecos","og_description":"Explore la impresionante belleza de Marruecos con nuestra excursi\u00f3n de 6 d\u00edas a Marrakech. Experimente el desierto, visite ciudades hist\u00f3ricas y marav\u00edllese ante paisajes esc\u00e9nicos.","og_url":"https:\/\/saharatoursmarruecos.com\/es\/producto\/excursion-de-un-dia-a-la-ciudad-de-isauira\/","og_site_name":"Sahara Tours Marruecos","og_image":[{"width":780,"height":468,"url":"https:\/\/saharatoursmarruecos.com\/wp-content\/uploads\/2023\/02\/363e5cdb3dad9e445d2a9adda1d10f14.jpg","type":"image\/jpeg"}],"twitter_card":"summary_large_image","twitter_misc":{"Tiempo de lectura":"2 minutos"},"schema":{"@context":"https:\/\/schema.org","@graph":[{"@type":"WebPage","@id":"https:\/\/saharatoursmarruecos.com\/es\/producto\/excursion-de-un-dia-a-la-ciudad-de-isauira\/","url":"https:\/\/saharatoursmarruecos.com\/es\/producto\/excursion-de-un-dia-a-la-ciudad-de-isauira\/","name":"Excursi\u00f3n de un d\u00eda a la ciudad de Essaouira - Sahara Tours Marruecos","isPartOf":{"@id":"https:\/\/saharatoursmarruecos.com\/#website"},"datePublished":"2023-02-11T19:24:17+00:00","dateModified":"2023-02-11T19:24:17+00:00","description":"Explore la impresionante belleza de Marruecos con nuestra excursi\u00f3n de 6 d\u00edas a Marrakech. Experimente el desierto, visite ciudades hist\u00f3ricas y marav\u00edllese ante paisajes esc\u00e9nicos.","breadcrumb":{"@id":"https:\/\/saharatoursmarruecos.com\/es\/producto\/excursion-de-un-dia-a-la-ciudad-de-isauira\/#breadcrumb"},"inLanguage":"es","potentialAction":[{"@type":"ReadAction","target":["https:\/\/saharatoursmarruecos.com\/es\/producto\/excursion-de-un-dia-a-la-ciudad-de-isauira\/"]}]},{"@type":"BreadcrumbList","@id":"https:\/\/saharatoursmarruecos.com\/es\/producto\/excursion-de-un-dia-a-la-ciudad-de-isauira\/#breadcrumb","itemListElement":[{"@type":"ListItem","position":1,"name":"Home","item":"https:\/\/saharatoursmarruecos.com\/"},{"@type":"ListItem","position":2,"name":"Shop","item":"https:\/\/saharatoursmarruecos.com\/shop\/"},{"@type":"ListItem","position":3,"name":"Excursi\u00f3n de un d\u00eda a la ciudad de Essaouira"}]},{"@type":"WebSite","@id":"https:\/\/saharatoursmarruecos.com\/#website","url":"https:\/\/saharatoursmarruecos.com\/","name":"Sahara Tours Marruecos","description":"Sahara Tours Marruecos","potentialAction":[{"@type":"SearchAction","target":{"@type":"EntryPoint","urlTemplate":"https:\/\/saharatoursmarruecos.com\/?s={search_term_string}"},"query-input":"required name=search_term_string"}],"inLanguage":"es"}]}},"_links":{"self":[{"href":"https:\/\/saharatoursmarruecos.com\/es\/wp-json\/wp\/v2\/product\/5729","targetHints":{"allow":["GET"]}}],"collection":[{"href":"https:\/\/saharatoursmarruecos.com\/es\/wp-json\/wp\/v2\/product"}],"about":[{"href":"https:\/\/saharatoursmarruecos.com\/es\/wp-json\/wp\/v2\/types\/product"}],"replies":[{"embeddable":true,"href":"https:\/\/saharatoursmarruecos.com\/es\/wp-json\/wp\/v2\/comments?post=5729"}],"wp:featuredmedia":[{"embeddable":true,"href":"https:\/\/saharatoursmarruecos.com\/es\/wp-json\/wp\/v2\/media\/5649"}],"wp:attachment":[{"href":"https:\/\/saharatoursmarruecos.com\/es\/wp-json\/wp\/v2\/media?parent=5729"}],"wp:term":[{"taxonomy":"product_cat","embeddable":true,"href":"https:\/\/saharatoursmarruecos.com\/es\/wp-json\/wp\/v2\/product_cat?post=5729"},{"taxonomy":"product_tag","embeddable":true,"href":"https:\/\/saharatoursmarruecos.com\/es\/wp-json\/wp\/v2\/product_tag?post=5729"}],"curies":[{"name":"wp","href":"https:\/\/api.w.org\/{rel}","templated":true}]}}