{"id":5728,"date":"2023-02-11T19:31:05","date_gmt":"2023-02-11T19:31:05","guid":{"rendered":"https:\/\/www.saharatoursmarruecos.com\/product\/excursion-de-un-dia-a-las-cascadas-de-ouzoud\/"},"modified":"2023-02-11T19:31:05","modified_gmt":"2023-02-11T19:31:05","slug":"excursion-de-un-dia-a-las-cataratas-deouzoud","status":"publish","type":"product","link":"https:\/\/saharatoursmarruecos.com\/es\/producto\/excursion-de-un-dia-a-las-cataratas-deouzoud\/","title":{"rendered":"Excursi\u00f3n de un d\u00eda a las cascadas de Ouzoud"},"content":{"rendered":"<h1>Excursi\u00f3n de un d\u00eda a las cascadas de Ouzoud<\/h1>\n<p>Comience el d\u00eda con una recogida y, a continuaci\u00f3n, suba a un veh\u00edculo con aire acondicionado para disfrutar de las vistas mientras viaja hasta las cataratas de Ouzoud y escucha datos fascinantes sobre la cultura bereber y las cataratas de Ouzoud, as\u00ed como su clasificaci\u00f3n entre las cascadas naturales m\u00e1s altas del norte de \u00c1frica.<\/p>\n<p>Tras un trayecto de 2,5 horas en coche, re\u00fanase con su experto gu\u00eda local y camine durante aproximadamente 1 hora, siguiendo el sendero hasta el borde de las cataratas. A continuaci\u00f3n, contemple las asombrosas cascadas que descienden desde diferentes alturas en el anfiteatro natural de acantilados de roca roja.<\/p>\n<p>Sum\u00e9rjase en el impacto de las cataratas mientras saca fotos y, con un poco de suerte, vea a los simios de Berber\u00eda congreg\u00e1ndose al borde del agua o a uno de los resplandecientes arco iris cruzando entre la niebla que rodea las aguas. Visite varios miradores, descienda las escaleras hasta la base y explore las cataratas inferiores en barco para verlas desde un punto de vista \u00fanico.<\/p>\n<p>Despu\u00e9s de admirar todo lo que ofrece la zona, disfrute de un exclusivo almuerzo en uno de los restaurantes del sendero que lleva a las cataratas, contemplando las impresionantes vistas. Por \u00faltimo, disfrute del viaje de regreso a Marrakech, donde su excursi\u00f3n finaliza con la devoluci\u00f3n en el punto de encuentro.<\/p>\n<h4>Esta excursi\u00f3n de un d\u00eda incluye<\/h4>\n<ul>\n<li>Recogida y regreso al punto de encuentro<\/li>\n<li>Veh\u00edculo con aire acondicionado para el transporte<\/li>\n<li>Un gu\u00eda local experto<\/li>\n<li>Paseo guiado a las cataratas de Ouzoud<\/li>\n<li>Acceso a varios miradores de las cataratas<\/li>\n<li>Paseo en barco para explorar las cataratas inferiores<\/li>\n<li>Almuerzo exclusivo en uno de los restaurantes del sendero de las cataratas<\/li>\n<\/ul>\n<h4>No incluido en esta excursi\u00f3n de un d\u00eda:<\/h4>\n<ul>\n<li>Gastos personales como bebidas, recuerdos, etc.<\/li>\n<li>Propinas para el gu\u00eda y el conductor<\/li>\n<li>Cualquier otro elemento no mencionado en la lista \u00abIncluido<\/li>\n<\/ul>\n","protected":false},"excerpt":{"rendered":"<p>Excursi\u00f3n de un d\u00eda a las cascadas de Ouzoud Comience el d\u00eda con una recogida y, a continuaci\u00f3n, suba a un veh\u00edculo con aire acondicionado para disfrutar de las vistas mientras viaja hasta las cataratas de Ouzoud y escucha datos fascinantes sobre la cultura bereber y las cataratas de Ouzoud, as\u00ed como su clasificaci\u00f3n entre [&hellip;]<\/p>\n","protected":false},"featured_media":5393,"comment_status":"open","ping_status":"closed","template":"","meta":[],"product_cat":[66],"product_tag":[],"class_list":["post-5728","product","type-product","status-publish","has-post-thumbnail","hentry","product_cat-excursiones-de-un-dia-es"],"yoast_head":"<!-- This site is optimized with the Yoast SEO plugin v20.1 - https:\/\/yoast.com\/wordpress\/plugins\/seo\/ -->\n<title>Excursi\u00f3n de un d\u00eda a las cascadas de Ouzoud - Sahara Tours Marruecos<\/title>\n<meta name=\"description\" content=\"Explore la impresionante belleza de Marruecos con nuestra excursi\u00f3n de 6 d\u00edas a Marrakech. Experimente el desierto, visite ciudades hist\u00f3ricas y marav\u00edllese ante paisajes esc\u00e9nicos.\" \/>\n<meta name=\"robots\" content=\"index, follow, max-snippet:-1, max-image-preview:large, max-video-preview:-1\" \/>\n<link rel=\"canonical\" href=\"https:\/\/saharatoursmarruecos.com\/es\/producto\/excursion-de-un-dia-a-las-cataratas-deouzoud\/\" \/>\n<meta property=\"og:locale\" content=\"es_ES\" \/>\n<meta property=\"og:type\" content=\"article\" \/>\n<meta property=\"og:title\" content=\"Excursi\u00f3n de un d\u00eda a las cascadas de Ouzoud - Sahara Tours Marruecos\" \/>\n<meta property=\"og:description\" content=\"Explore la impresionante belleza de Marruecos con nuestra excursi\u00f3n de 6 d\u00edas a Marrakech. Experimente el desierto, visite ciudades hist\u00f3ricas y marav\u00edllese ante paisajes esc\u00e9nicos.\" \/>\n<meta property=\"og:url\" content=\"https:\/\/saharatoursmarruecos.com\/es\/producto\/excursion-de-un-dia-a-las-cataratas-deouzoud\/\" \/>\n<meta property=\"og:site_name\" content=\"Sahara Tours Marruecos\" \/>\n<meta property=\"og:image\" content=\"https:\/\/saharatoursmarruecos.com\/wp-content\/uploads\/2023\/02\/Depuis-Marrakech-journ-e-aux-cascades-d-Ouzoud.jpeg\" \/>\n\t<meta property=\"og:image:width\" content=\"798\" \/>\n\t<meta property=\"og:image:height\" content=\"532\" \/>\n\t<meta property=\"og:image:type\" content=\"image\/jpeg\" \/>\n<meta name=\"twitter:card\" content=\"summary_large_image\" \/>\n<meta name=\"twitter:label1\" content=\"Tiempo de lectura\" \/>\n\t<meta name=\"twitter:data1\" content=\"2 minutos\" \/>\n<script type=\"application\/ld+json\" class=\"yoast-schema-graph\">{\"@context\":\"https:\/\/schema.org\",\"@graph\":[{\"@type\":\"WebPage\",\"@id\":\"https:\/\/saharatoursmarruecos.com\/es\/producto\/excursion-de-un-dia-a-las-cataratas-deouzoud\/\",\"url\":\"https:\/\/saharatoursmarruecos.com\/es\/producto\/excursion-de-un-dia-a-las-cataratas-deouzoud\/\",\"name\":\"Excursi\u00f3n de un d\u00eda a las cascadas de Ouzoud - Sahara Tours Marruecos\",\"isPartOf\":{\"@id\":\"https:\/\/saharatoursmarruecos.com\/#website\"},\"datePublished\":\"2023-02-11T19:31:05+00:00\",\"dateModified\":\"2023-02-11T19:31:05+00:00\",\"description\":\"Explore la impresionante belleza de Marruecos con nuestra excursi\u00f3n de 6 d\u00edas a Marrakech. Experimente el desierto, visite ciudades hist\u00f3ricas y marav\u00edllese ante paisajes esc\u00e9nicos.\",\"breadcrumb\":{\"@id\":\"https:\/\/saharatoursmarruecos.com\/es\/producto\/excursion-de-un-dia-a-las-cataratas-deouzoud\/#breadcrumb\"},\"inLanguage\":\"es\",\"potentialAction\":[{\"@type\":\"ReadAction\",\"target\":[\"https:\/\/saharatoursmarruecos.com\/es\/producto\/excursion-de-un-dia-a-las-cataratas-deouzoud\/\"]}]},{\"@type\":\"BreadcrumbList\",\"@id\":\"https:\/\/saharatoursmarruecos.com\/es\/producto\/excursion-de-un-dia-a-las-cataratas-deouzoud\/#breadcrumb\",\"itemListElement\":[{\"@type\":\"ListItem\",\"position\":1,\"name\":\"Home\",\"item\":\"https:\/\/saharatoursmarruecos.com\/\"},{\"@type\":\"ListItem\",\"position\":2,\"name\":\"Shop\",\"item\":\"https:\/\/saharatoursmarruecos.com\/shop\/\"},{\"@type\":\"ListItem\",\"position\":3,\"name\":\"Excursi\u00f3n de un d\u00eda a las cascadas de Ouzoud\"}]},{\"@type\":\"WebSite\",\"@id\":\"https:\/\/saharatoursmarruecos.com\/#website\",\"url\":\"https:\/\/saharatoursmarruecos.com\/\",\"name\":\"Sahara Tours Marruecos\",\"description\":\"Sahara Tours Marruecos\",\"potentialAction\":[{\"@type\":\"SearchAction\",\"target\":{\"@type\":\"EntryPoint\",\"urlTemplate\":\"https:\/\/saharatoursmarruecos.com\/?s={search_term_string}\"},\"query-input\":\"required name=search_term_string\"}],\"inLanguage\":\"es\"}]}<\/script>\n<!-- \/ Yoast SEO plugin. -->","yoast_head_json":{"title":"Excursi\u00f3n de un d\u00eda a las cascadas de Ouzoud - Sahara Tours Marruecos","description":"Explore la impresionante belleza de Marruecos con nuestra excursi\u00f3n de 6 d\u00edas a Marrakech. Experimente el desierto, visite ciudades hist\u00f3ricas y marav\u00edllese ante paisajes esc\u00e9nicos.","robots":{"index":"index","follow":"follow","max-snippet":"max-snippet:-1","max-image-preview":"max-image-preview:large","max-video-preview":"max-video-preview:-1"},"canonical":"https:\/\/saharatoursmarruecos.com\/es\/producto\/excursion-de-un-dia-a-las-cataratas-deouzoud\/","og_locale":"es_ES","og_type":"article","og_title":"Excursi\u00f3n de un d\u00eda a las cascadas de Ouzoud - Sahara Tours Marruecos","og_description":"Explore la impresionante belleza de Marruecos con nuestra excursi\u00f3n de 6 d\u00edas a Marrakech. Experimente el desierto, visite ciudades hist\u00f3ricas y marav\u00edllese ante paisajes esc\u00e9nicos.","og_url":"https:\/\/saharatoursmarruecos.com\/es\/producto\/excursion-de-un-dia-a-las-cataratas-deouzoud\/","og_site_name":"Sahara Tours Marruecos","og_image":[{"width":798,"height":532,"url":"https:\/\/saharatoursmarruecos.com\/wp-content\/uploads\/2023\/02\/Depuis-Marrakech-journ-e-aux-cascades-d-Ouzoud.jpeg","type":"image\/jpeg"}],"twitter_card":"summary_large_image","twitter_misc":{"Tiempo de lectura":"2 minutos"},"schema":{"@context":"https:\/\/schema.org","@graph":[{"@type":"WebPage","@id":"https:\/\/saharatoursmarruecos.com\/es\/producto\/excursion-de-un-dia-a-las-cataratas-deouzoud\/","url":"https:\/\/saharatoursmarruecos.com\/es\/producto\/excursion-de-un-dia-a-las-cataratas-deouzoud\/","name":"Excursi\u00f3n de un d\u00eda a las cascadas de Ouzoud - Sahara Tours Marruecos","isPartOf":{"@id":"https:\/\/saharatoursmarruecos.com\/#website"},"datePublished":"2023-02-11T19:31:05+00:00","dateModified":"2023-02-11T19:31:05+00:00","description":"Explore la impresionante belleza de Marruecos con nuestra excursi\u00f3n de 6 d\u00edas a Marrakech. Experimente el desierto, visite ciudades hist\u00f3ricas y marav\u00edllese ante paisajes esc\u00e9nicos.","breadcrumb":{"@id":"https:\/\/saharatoursmarruecos.com\/es\/producto\/excursion-de-un-dia-a-las-cataratas-deouzoud\/#breadcrumb"},"inLanguage":"es","potentialAction":[{"@type":"ReadAction","target":["https:\/\/saharatoursmarruecos.com\/es\/producto\/excursion-de-un-dia-a-las-cataratas-deouzoud\/"]}]},{"@type":"BreadcrumbList","@id":"https:\/\/saharatoursmarruecos.com\/es\/producto\/excursion-de-un-dia-a-las-cataratas-deouzoud\/#breadcrumb","itemListElement":[{"@type":"ListItem","position":1,"name":"Home","item":"https:\/\/saharatoursmarruecos.com\/"},{"@type":"ListItem","position":2,"name":"Shop","item":"https:\/\/saharatoursmarruecos.com\/shop\/"},{"@type":"ListItem","position":3,"name":"Excursi\u00f3n de un d\u00eda a las cascadas de Ouzoud"}]},{"@type":"WebSite","@id":"https:\/\/saharatoursmarruecos.com\/#website","url":"https:\/\/saharatoursmarruecos.com\/","name":"Sahara Tours Marruecos","description":"Sahara Tours Marruecos","potentialAction":[{"@type":"SearchAction","target":{"@type":"EntryPoint","urlTemplate":"https:\/\/saharatoursmarruecos.com\/?s={search_term_string}"},"query-input":"required name=search_term_string"}],"inLanguage":"es"}]}},"_links":{"self":[{"href":"https:\/\/saharatoursmarruecos.com\/es\/wp-json\/wp\/v2\/product\/5728","targetHints":{"allow":["GET"]}}],"collection":[{"href":"https:\/\/saharatoursmarruecos.com\/es\/wp-json\/wp\/v2\/product"}],"about":[{"href":"https:\/\/saharatoursmarruecos.com\/es\/wp-json\/wp\/v2\/types\/product"}],"replies":[{"embeddable":true,"href":"https:\/\/saharatoursmarruecos.com\/es\/wp-json\/wp\/v2\/comments?post=5728"}],"wp:featuredmedia":[{"embeddable":true,"href":"https:\/\/saharatoursmarruecos.com\/es\/wp-json\/wp\/v2\/media\/5393"}],"wp:attachment":[{"href":"https:\/\/saharatoursmarruecos.com\/es\/wp-json\/wp\/v2\/media?parent=5728"}],"wp:term":[{"taxonomy":"product_cat","embeddable":true,"href":"https:\/\/saharatoursmarruecos.com\/es\/wp-json\/wp\/v2\/product_cat?post=5728"},{"taxonomy":"product_tag","embeddable":true,"href":"https:\/\/saharatoursmarruecos.com\/es\/wp-json\/wp\/v2\/product_tag?post=5728"}],"curies":[{"name":"wp","href":"https:\/\/api.w.org\/{rel}","templated":true}]}}