{"id":5692,"date":"2022-07-07T04:36:44","date_gmt":"2022-07-07T04:36:44","guid":{"rendered":"https:\/\/www.saharatoursmarruecos.com\/quienes-somos-2\/"},"modified":"2023-03-05T16:44:07","modified_gmt":"2023-03-05T16:44:07","slug":"quienes-somos-2","status":"publish","type":"page","link":"https:\/\/saharatoursmarruecos.com\/es\/quienes-somos-2\/","title":{"rendered":"Qui\u00e9nes somos"},"content":{"rendered":"\t\t<div data-elementor-type=\"wp-page\" data-elementor-id=\"5692\" class=\"elementor elementor-5692 elementor-5197\">\n\t\t\t\t\t\t<section class=\"elementor-section elementor-top-section elementor-element elementor-element-4d2ae82 elementor-section-boxed elementor-section-height-default elementor-section-height-default\" data-id=\"4d2ae82\" data-element_type=\"section\">\n\t\t\t\t\t\t<div class=\"elementor-container elementor-column-gap-default\">\n\t\t\t\t\t<div class=\"elementor-column elementor-col-50 elementor-top-column elementor-element elementor-element-a725ada\" data-id=\"a725ada\" data-element_type=\"column\">\n\t\t\t<div class=\"elementor-widget-wrap elementor-element-populated\">\n\t\t\t\t\t\t<div class=\"elementor-element elementor-element-3910163 elementor-widget elementor-widget-heading\" data-id=\"3910163\" data-element_type=\"widget\" data-widget_type=\"heading.default\">\n\t\t\t\t<div class=\"elementor-widget-container\">\n\t\t\t<h1 class=\"elementor-heading-title elementor-size-default\">Viaje a Marruecos<\/h1>\t\t<\/div>\n\t\t\t\t<\/div>\n\t\t\t\t<div class=\"elementor-element elementor-element-7383b21 elementor-widget elementor-widget-text-editor\" data-id=\"7383b21\" data-element_type=\"widget\" data-widget_type=\"text-editor.default\">\n\t\t\t\t<div class=\"elementor-widget-container\">\n\t\t\t\t\t\t\t<p>Sahara Tours Marruecos es una agencia de viajes l\u00edder con sede en Marruecos especializada en ofrecer viajes inolvidables a los destinos m\u00e1s emblem\u00e1ticos del pa\u00eds. Con m\u00e1s de 10 a\u00f1os de experiencia en el sector de los viajes, nos hemos forjado una reputaci\u00f3n de excelencia y un profundo aprecio por la rica historia, cultura y belleza natural de Marruecos.<\/p>\n<\/p>\n<p>Nuestros viajes le llevar\u00e1n desde las bulliciosas calles de Marrakech y Fez hasta la pintoresca ciudad costera de Casablanca y el encantador puerto de T\u00e1nger. Nuestros gu\u00edas expertos se asegurar\u00e1n de que aproveche al m\u00e1ximo cada uno de estos destinos \u00fanicos, mostrando lo mejor que Marruecos tiene que ofrecer.<\/p>\n<p>En Sahara Tours Marruecos, creemos que viajar debe ser algo m\u00e1s que visitar nuevos lugares, debe ser crear experiencias significativas y recuerdos que duren toda la vida. Por eso ofrecemos una gama de viajes que se adaptan a diferentes intereses, tanto si desea adentrarse en el rico patrimonio cultural del pa\u00eds como explorar los escarpados paisajes de la cordillera del Atlas.<\/p>\n<\/p>\n<p>Nuestro equipo de experimentados profesionales de los viajes se dedica a garantizar que todos y cada uno de nuestros clientes vivan una experiencia inolvidable en Marruecos. Desde el momento en que llegue, nos aseguraremos de que se atiendan todas sus necesidades, para que pueda sentarse, relajarse y disfrutar de todo lo que este incre\u00edble pa\u00eds tiene que ofrecer.<\/p>\n<p>\u00bfPor qu\u00e9 esperar? Reserve hoy mismo su viaje con Sahara Tours Marruecos y descubra por s\u00ed mismo la magia de Marruecos.<\/p>\n\t\t\t\t\t\t<\/div>\n\t\t\t\t<\/div>\n\t\t\t\t\t<\/div>\n\t\t<\/div>\n\t\t\t\t<div class=\"elementor-column elementor-col-50 elementor-top-column elementor-element elementor-element-496b054\" data-id=\"496b054\" data-element_type=\"column\">\n\t\t\t<div class=\"elementor-widget-wrap elementor-element-populated\">\n\t\t\t\t\t\t<div class=\"elementor-element elementor-element-b4d0cfb elementor-widget elementor-widget-image\" data-id=\"b4d0cfb\" data-element_type=\"widget\" data-widget_type=\"image.default\">\n\t\t\t\t<div class=\"elementor-widget-container\">\n\t\t\t\t\t\t\t\t\t\t\t\t\t<img decoding=\"async\" src=\"https:\/\/saharatoursmarruecos.com\/wp-content\/uploads\/elementor\/thumbs\/rock-the-kasbah-gq-1215-5-q68a9shc4bfsv7ynczhzgf8bggmvln6qsyjac7eh3c.webp\" title=\"rock-the-kasbah-gq-1215-5\" alt=\"rock-the-kasbah-gq-1215-5\" loading=\"lazy\" \/>\t\t\t\t\t\t\t\t\t\t\t\t\t<\/div>\n\t\t\t\t<\/div>\n\t\t\t\t<div class=\"elementor-element elementor-element-48f29ca elementor-widget__width-auto elementor-absolute elementor-hidden-mobile elementor-widget elementor-widget-image\" data-id=\"48f29ca\" data-element_type=\"widget\" data-settings=\"{&quot;_position&quot;:&quot;absolute&quot;}\" data-widget_type=\"image.default\">\n\t\t\t\t<div class=\"elementor-widget-container\">\n\t\t\t\t\t\t\t\t\t\t\t\t\t<img decoding=\"async\" src=\"https:\/\/saharatoursmarruecos.com\/wp-content\/uploads\/elementor\/thumbs\/marrakech-minaret-1-q68a81i3okxwmu27d7zdn6n8kzddkb4ewnj975txk0.jpg\" title=\"Koutoubia mosque in the morning surrounded by palm tree, Marrakesh, Morocco\" alt=\"Koutoubia mosque in the morning surrounded by palm tree, Marrakesh, Morocco\" loading=\"lazy\" \/>\t\t\t\t\t\t\t\t\t\t\t\t\t<\/div>\n\t\t\t\t<\/div>\n\t\t\t\t\t<\/div>\n\t\t<\/div>\n\t\t\t\t\t<\/div>\n\t\t<\/section>\n\t\t\t\t<\/div>\n\t\t","protected":false},"excerpt":{"rendered":"<p>Viaje a Marruecos Sahara Tours Marruecos es una agencia de viajes l\u00edder con sede en Marruecos especializada en ofrecer viajes inolvidables a los destinos m\u00e1s emblem\u00e1ticos del pa\u00eds. Con m\u00e1s de 10 a\u00f1os de experiencia en el sector de los viajes, nos hemos forjado una reputaci\u00f3n de excelencia y un profundo aprecio por la rica [&hellip;]<\/p>\n","protected":false},"author":1,"featured_media":0,"parent":0,"menu_order":0,"comment_status":"closed","ping_status":"closed","template":"elementor_header_footer","meta":{"footnotes":""},"class_list":["post-5692","page","type-page","status-publish","hentry"],"yoast_head":"<!-- This site is optimized with the Yoast SEO plugin v20.1 - https:\/\/yoast.com\/wordpress\/plugins\/seo\/ -->\n<title>Qui\u00e9nes somos - Sahara Tours Marruecos<\/title>\n<meta name=\"robots\" content=\"index, follow, max-snippet:-1, max-image-preview:large, max-video-preview:-1\" \/>\n<link rel=\"canonical\" href=\"https:\/\/saharatoursmarruecos.com\/es\/quienes-somos-2\/\" \/>\n<meta property=\"og:locale\" content=\"es_ES\" \/>\n<meta property=\"og:type\" content=\"article\" \/>\n<meta property=\"og:title\" content=\"Qui\u00e9nes somos - Sahara Tours Marruecos\" \/>\n<meta property=\"og:description\" content=\"Viaje a Marruecos Sahara Tours Marruecos es una agencia de viajes l\u00edder con sede en Marruecos especializada en ofrecer viajes inolvidables a los destinos m\u00e1s emblem\u00e1ticos del pa\u00eds. Con m\u00e1s de 10 a\u00f1os de experiencia en el sector de los viajes, nos hemos forjado una reputaci\u00f3n de excelencia y un profundo aprecio por la rica [&hellip;]\" \/>\n<meta property=\"og:url\" content=\"https:\/\/saharatoursmarruecos.com\/es\/quienes-somos-2\/\" \/>\n<meta property=\"og:site_name\" content=\"Sahara Tours Marruecos\" \/>\n<meta property=\"article:modified_time\" content=\"2023-03-05T16:44:07+00:00\" \/>\n<meta property=\"og:image\" content=\"https:\/\/www.saharatoursmarruecos.com\/wp-content\/uploads\/elementor\/thumbs\/rock-the-kasbah-gq-1215-5-q21x16cxpi1mbf48wzwjrcvwtgnw0djar9saumwfm0.webp\" \/>\n<meta name=\"twitter:card\" content=\"summary_large_image\" \/>\n<meta name=\"twitter:label1\" content=\"Tiempo de lectura\" \/>\n\t<meta name=\"twitter:data1\" content=\"1 minuto\" \/>\n<script type=\"application\/ld+json\" class=\"yoast-schema-graph\">{\"@context\":\"https:\/\/schema.org\",\"@graph\":[{\"@type\":\"WebPage\",\"@id\":\"https:\/\/saharatoursmarruecos.com\/es\/quienes-somos-2\/\",\"url\":\"https:\/\/saharatoursmarruecos.com\/es\/quienes-somos-2\/\",\"name\":\"Qui\u00e9nes somos - Sahara Tours Marruecos\",\"isPartOf\":{\"@id\":\"https:\/\/saharatoursmarruecos.com\/#website\"},\"datePublished\":\"2022-07-07T04:36:44+00:00\",\"dateModified\":\"2023-03-05T16:44:07+00:00\",\"breadcrumb\":{\"@id\":\"https:\/\/saharatoursmarruecos.com\/es\/quienes-somos-2\/#breadcrumb\"},\"inLanguage\":\"es\",\"potentialAction\":[{\"@type\":\"ReadAction\",\"target\":[\"https:\/\/saharatoursmarruecos.com\/es\/quienes-somos-2\/\"]}]},{\"@type\":\"BreadcrumbList\",\"@id\":\"https:\/\/saharatoursmarruecos.com\/es\/quienes-somos-2\/#breadcrumb\",\"itemListElement\":[{\"@type\":\"ListItem\",\"position\":1,\"name\":\"Home\",\"item\":\"https:\/\/saharatoursmarruecos.com\/\"},{\"@type\":\"ListItem\",\"position\":2,\"name\":\"Qui\u00e9nes somos\"}]},{\"@type\":\"WebSite\",\"@id\":\"https:\/\/saharatoursmarruecos.com\/#website\",\"url\":\"https:\/\/saharatoursmarruecos.com\/\",\"name\":\"Sahara Tours Marruecos\",\"description\":\"Sahara Tours Marruecos\",\"potentialAction\":[{\"@type\":\"SearchAction\",\"target\":{\"@type\":\"EntryPoint\",\"urlTemplate\":\"https:\/\/saharatoursmarruecos.com\/?s={search_term_string}\"},\"query-input\":\"required name=search_term_string\"}],\"inLanguage\":\"es\"}]}<\/script>\n<!-- \/ Yoast SEO plugin. -->","yoast_head_json":{"title":"Qui\u00e9nes somos - Sahara Tours Marruecos","robots":{"index":"index","follow":"follow","max-snippet":"max-snippet:-1","max-image-preview":"max-image-preview:large","max-video-preview":"max-video-preview:-1"},"canonical":"https:\/\/saharatoursmarruecos.com\/es\/quienes-somos-2\/","og_locale":"es_ES","og_type":"article","og_title":"Qui\u00e9nes somos - Sahara Tours Marruecos","og_description":"Viaje a Marruecos Sahara Tours Marruecos es una agencia de viajes l\u00edder con sede en Marruecos especializada en ofrecer viajes inolvidables a los destinos m\u00e1s emblem\u00e1ticos del pa\u00eds. Con m\u00e1s de 10 a\u00f1os de experiencia en el sector de los viajes, nos hemos forjado una reputaci\u00f3n de excelencia y un profundo aprecio por la rica [&hellip;]","og_url":"https:\/\/saharatoursmarruecos.com\/es\/quienes-somos-2\/","og_site_name":"Sahara Tours Marruecos","article_modified_time":"2023-03-05T16:44:07+00:00","og_image":[{"url":"https:\/\/www.saharatoursmarruecos.com\/wp-content\/uploads\/elementor\/thumbs\/rock-the-kasbah-gq-1215-5-q21x16cxpi1mbf48wzwjrcvwtgnw0djar9saumwfm0.webp"}],"twitter_card":"summary_large_image","twitter_misc":{"Tiempo de lectura":"1 minuto"},"schema":{"@context":"https:\/\/schema.org","@graph":[{"@type":"WebPage","@id":"https:\/\/saharatoursmarruecos.com\/es\/quienes-somos-2\/","url":"https:\/\/saharatoursmarruecos.com\/es\/quienes-somos-2\/","name":"Qui\u00e9nes somos - Sahara Tours Marruecos","isPartOf":{"@id":"https:\/\/saharatoursmarruecos.com\/#website"},"datePublished":"2022-07-07T04:36:44+00:00","dateModified":"2023-03-05T16:44:07+00:00","breadcrumb":{"@id":"https:\/\/saharatoursmarruecos.com\/es\/quienes-somos-2\/#breadcrumb"},"inLanguage":"es","potentialAction":[{"@type":"ReadAction","target":["https:\/\/saharatoursmarruecos.com\/es\/quienes-somos-2\/"]}]},{"@type":"BreadcrumbList","@id":"https:\/\/saharatoursmarruecos.com\/es\/quienes-somos-2\/#breadcrumb","itemListElement":[{"@type":"ListItem","position":1,"name":"Home","item":"https:\/\/saharatoursmarruecos.com\/"},{"@type":"ListItem","position":2,"name":"Qui\u00e9nes somos"}]},{"@type":"WebSite","@id":"https:\/\/saharatoursmarruecos.com\/#website","url":"https:\/\/saharatoursmarruecos.com\/","name":"Sahara Tours Marruecos","description":"Sahara Tours Marruecos","potentialAction":[{"@type":"SearchAction","target":{"@type":"EntryPoint","urlTemplate":"https:\/\/saharatoursmarruecos.com\/?s={search_term_string}"},"query-input":"required name=search_term_string"}],"inLanguage":"es"}]}},"_links":{"self":[{"href":"https:\/\/saharatoursmarruecos.com\/es\/wp-json\/wp\/v2\/pages\/5692","targetHints":{"allow":["GET"]}}],"collection":[{"href":"https:\/\/saharatoursmarruecos.com\/es\/wp-json\/wp\/v2\/pages"}],"about":[{"href":"https:\/\/saharatoursmarruecos.com\/es\/wp-json\/wp\/v2\/types\/page"}],"author":[{"embeddable":true,"href":"https:\/\/saharatoursmarruecos.com\/es\/wp-json\/wp\/v2\/users\/1"}],"replies":[{"embeddable":true,"href":"https:\/\/saharatoursmarruecos.com\/es\/wp-json\/wp\/v2\/comments?post=5692"}],"version-history":[{"count":0,"href":"https:\/\/saharatoursmarruecos.com\/es\/wp-json\/wp\/v2\/pages\/5692\/revisions"}],"wp:attachment":[{"href":"https:\/\/saharatoursmarruecos.com\/es\/wp-json\/wp\/v2\/media?parent=5692"}],"curies":[{"name":"wp","href":"https:\/\/api.w.org\/{rel}","templated":true}]}}