{"id":5689,"date":"2023-02-11T18:11:07","date_gmt":"2023-02-11T18:11:07","guid":{"rendered":"https:\/\/www.saharatoursmarruecos.com\/excursiones-de-un-dia\/"},"modified":"2023-03-05T16:44:04","modified_gmt":"2023-03-05T16:44:04","slug":"excursiones-de-un-dia","status":"publish","type":"page","link":"https:\/\/saharatoursmarruecos.com\/es\/excursiones-de-un-dia\/","title":{"rendered":"Excursiones de un d\u00eda"},"content":{"rendered":"\t\t<div data-elementor-type=\"wp-post\" data-elementor-id=\"5689\" class=\"elementor elementor-5689 elementor-5073\">\n\t\t\t\t\t\t<section class=\"elementor-section elementor-top-section elementor-element elementor-element-bd5d7a4 elementor-section-full_width elementor-section-height-min-height elementor-section-height-default elementor-section-items-middle\" data-id=\"bd5d7a4\" data-element_type=\"section\" data-settings=\"{&quot;background_background&quot;:&quot;classic&quot;}\">\n\t\t\t\t\t\t\t<div class=\"elementor-background-overlay\"><\/div>\n\t\t\t\t\t\t\t<div class=\"elementor-container elementor-column-gap-default\">\n\t\t\t\t\t<div class=\"elementor-column elementor-col-100 elementor-top-column elementor-element elementor-element-8c70b1a\" data-id=\"8c70b1a\" data-element_type=\"column\">\n\t\t\t<div class=\"elementor-widget-wrap elementor-element-populated\">\n\t\t\t\t\t\t<div class=\"elementor-element elementor-element-3272291 elementor-widget elementor-widget-heading\" data-id=\"3272291\" data-element_type=\"widget\" data-widget_type=\"heading.default\">\n\t\t\t\t<div class=\"elementor-widget-container\">\n\t\t\t<style>\/*! elementor - v3.23.0 - 05-08-2024 *\/\n.elementor-heading-title{padding:0;margin:0;line-height:1}.elementor-widget-heading .elementor-heading-title[class*=elementor-size-]>a{color:inherit;font-size:inherit;line-height:inherit}.elementor-widget-heading .elementor-heading-title.elementor-size-small{font-size:15px}.elementor-widget-heading .elementor-heading-title.elementor-size-medium{font-size:19px}.elementor-widget-heading .elementor-heading-title.elementor-size-large{font-size:29px}.elementor-widget-heading .elementor-heading-title.elementor-size-xl{font-size:39px}.elementor-widget-heading .elementor-heading-title.elementor-size-xxl{font-size:59px}<\/style><h2 class=\"elementor-heading-title elementor-size-default\">Excursiones de un d\u00eda<\/h2>\t\t<\/div>\n\t\t\t\t<\/div>\n\t\t\t\t<div class=\"elementor-element elementor-element-ffae90d elementor-widget elementor-widget-text-editor\" data-id=\"ffae90d\" data-element_type=\"widget\" data-widget_type=\"text-editor.default\">\n\t\t\t\t<div class=\"elementor-widget-container\">\n\t\t\t<style>\/*! elementor - v3.23.0 - 05-08-2024 *\/\n.elementor-widget-text-editor.elementor-drop-cap-view-stacked .elementor-drop-cap{background-color:#69727d;color:#fff}.elementor-widget-text-editor.elementor-drop-cap-view-framed .elementor-drop-cap{color:#69727d;border:3px solid;background-color:transparent}.elementor-widget-text-editor:not(.elementor-drop-cap-view-default) .elementor-drop-cap{margin-top:8px}.elementor-widget-text-editor:not(.elementor-drop-cap-view-default) .elementor-drop-cap-letter{width:1em;height:1em}.elementor-widget-text-editor .elementor-drop-cap{float:left;text-align:center;line-height:1;font-size:50px}.elementor-widget-text-editor .elementor-drop-cap-letter{display:inline-block}<\/style>\t\t\t\t<p>Descubrir Marruecos en un d\u00eda<\/p>\n\t\t\t\t\t\t<\/div>\n\t\t\t\t<\/div>\n\t\t\t\t\t<\/div>\n\t\t<\/div>\n\t\t\t\t\t<\/div>\n\t\t<\/section>\n\t\t\t\t<section class=\"elementor-section elementor-top-section elementor-element elementor-element-2c3ddb4 elementor-section-boxed elementor-section-height-default elementor-section-height-default\" data-id=\"2c3ddb4\" data-element_type=\"section\">\n\t\t\t\t\t\t<div class=\"elementor-container elementor-column-gap-default\">\n\t\t\t\t\t<div class=\"elementor-column elementor-col-100 elementor-top-column elementor-element elementor-element-c0754cf\" data-id=\"c0754cf\" data-element_type=\"column\">\n\t\t\t<div class=\"elementor-widget-wrap elementor-element-populated\">\n\t\t\t\t\t\t<div class=\"elementor-element elementor-element-c10619a elementor-widget elementor-widget-heading\" data-id=\"c10619a\" data-element_type=\"widget\" data-widget_type=\"heading.default\">\n\t\t\t\t<div class=\"elementor-widget-container\">\n\t\t\t<h2 class=\"elementor-heading-title elementor-size-default\">Excursiones de un d\u00eda a Marruecos<\/h2>\t\t<\/div>\n\t\t\t\t<\/div>\n\t\t\t\t<div class=\"elementor-element elementor-element-1eb01e3 elementor-widget elementor-widget-text-editor\" data-id=\"1eb01e3\" data-element_type=\"widget\" data-widget_type=\"text-editor.default\">\n\t\t\t\t<div class=\"elementor-widget-container\">\n\t\t\t\t\t\t\t<p>Descubra las maravillas de Marruecos con nuestras emocionantes excursiones de un d\u00eda. Tanto si es la primera vez que visita el pa\u00eds como si es un viajero experimentado, nuestros viajes ofrecen una experiencia inolvidable que muestra lo mejor de este vibrante pa\u00eds. Desde los bulliciosos mercados de Marrakech hasta la serena belleza de las monta\u00f1as del Atlas, nuestros viajes est\u00e1n dise\u00f1ados para ofrecerle una muestra de la diversidad paisaj\u00edstica y la riqueza cultural de Marruecos.<\/p>\n\t\t\t\t\t\t<\/div>\n\t\t\t\t<\/div>\n\t\t\t\t<div class=\"elementor-element elementor-element-13916c4 elementor-widget elementor-widget-ovabrw_product_list\" data-id=\"13916c4\" data-element_type=\"widget\" data-widget_type=\"ovabrw_product_list.default\">\n\t\t\t\t<div class=\"elementor-widget-container\">\n\t\t\t\n\t\t\t\t\t<div class=\"ova-product-list column3\">\n\t\t\t\t\t\t\t\t\t\n\t\n\t<div class=\"ova-product product type-product post-5731 status-publish first instock product_cat-excursiones-de-un-dia-es has-post-thumbnail shipping-taxable product-type-ovabrw_car_rental\">\n\t\t\n<div class=\"ova_head_product\">\n\t\t\t\t<div class=\"ova-product-wishlist\">\n\t\t\t\n<div\n\tclass=\"yith-wcwl-add-to-wishlist add-to-wishlist-5731  wishlist-fragment on-first-load\"\n\tdata-fragment-ref=\"5731\"\n\tdata-fragment-options=\"{&quot;base_url&quot;:&quot;&quot;,&quot;in_default_wishlist&quot;:false,&quot;is_single&quot;:false,&quot;show_exists&quot;:false,&quot;product_id&quot;:5731,&quot;parent_product_id&quot;:5731,&quot;product_type&quot;:&quot;ovabrw_car_rental&quot;,&quot;show_view&quot;:false,&quot;browse_wishlist_text&quot;:&quot;Browse wishlist&quot;,&quot;already_in_wishslist_text&quot;:&quot;The product is already in your wishlist!&quot;,&quot;product_added_text&quot;:&quot;Product added!&quot;,&quot;heading_icon&quot;:&quot;fa-heart-o&quot;,&quot;available_multi_wishlist&quot;:false,&quot;disable_wishlist&quot;:false,&quot;show_count&quot;:false,&quot;ajax_loading&quot;:false,&quot;loop_position&quot;:&quot;after_add_to_cart&quot;,&quot;item&quot;:&quot;add_to_wishlist&quot;}\"\n>\n\t\t\t\n\t\t\t<!-- ADD TO WISHLIST -->\n\t\t\t\n<div class=\"yith-wcwl-add-button\">\n\t\t<a\n\t\thref=\"?add_to_wishlist=5731&#038;_wpnonce=dfb8e8b823\"\n\t\tclass=\"add_to_wishlist single_add_to_wishlist\"\n\t\tdata-product-id=\"5731\"\n\t\tdata-product-type=\"ovabrw_car_rental\"\n\t\tdata-original-product-id=\"5731\"\n\t\tdata-title=\"Add to wishlist\"\n\t\trel=\"nofollow\"\n\t>\n\t\t<i class=\"yith-wcwl-icon fa fa-heart-o\"><\/i>\t\t<span>Add to wishlist<\/span>\n\t<\/a>\n<\/div>\n\n\t\t\t<!-- COUNT TEXT -->\n\t\t\t\n\t\t\t<\/div>\n\t\t<\/div>\n\t\t<a href=\"https:\/\/saharatoursmarruecos.com\/es\/producto\/excursion-de-un-dia-al-valle-delourika\/?ovabrw_adults=1\" class=\"ova-product-thumbnail\">\n\t\t<img fetchpriority=\"high\" decoding=\"async\" width=\"636\" height=\"426\" src=\"https:\/\/saharatoursmarruecos.com\/wp-content\/uploads\/2023\/02\/marrakech-to-ourika-day-tour-636x426.webp\" class=\"attachment-tripgo_product_slider size-tripgo_product_slider\" alt=\"\" srcset=\"https:\/\/saharatoursmarruecos.com\/wp-content\/uploads\/2023\/02\/marrakech-to-ourika-day-tour-636x426.webp 636w, https:\/\/saharatoursmarruecos.com\/wp-content\/uploads\/2023\/02\/marrakech-to-ourika-day-tour-300x201.webp 300w, https:\/\/saharatoursmarruecos.com\/wp-content\/uploads\/2023\/02\/marrakech-to-ourika-day-tour-416x280.webp 416w, https:\/\/saharatoursmarruecos.com\/wp-content\/uploads\/2023\/02\/marrakech-to-ourika-day-tour-600x402.webp 600w, https:\/\/saharatoursmarruecos.com\/wp-content\/uploads\/2023\/02\/marrakech-to-ourika-day-tour.webp 700w\" sizes=\"(max-width: 636px) 100vw, 636px\" \/>\t<\/a>\n\t<\/div>\n\n<div class=\"ova_foot_product\">\n\t\n\t<h2 class=\"ova-product-title\">\n\t\t<a href=\"https:\/\/saharatoursmarruecos.com\/es\/producto\/excursion-de-un-dia-al-valle-delourika\/?ovabrw_adults=1\">\n\t        Excursi\u00f3n de un d\u00eda al valle del Ourika\t    <\/a>\n\t<\/h2>\n\t\n\t\n    \n\t<div class=\"ova-product-wrapper-price\">\n\t\t<div class=\"ova-product-price\">\n\t\t\t\t\t    \t<span class=\"no-product-price\">Price Negotiable<\/span>\n\t\t\t\t\t<\/div>\n\t\t<a href=\"https:\/\/saharatoursmarruecos.com\/es\/producto\/excursion-de-un-dia-al-valle-delourika\/?ovabrw_adults=1\" class=\"btn product-btn-book-now\">\n\t\t\tExplore\t\t<\/a>\n\t<\/div>\n\n<\/div>\t<\/div>\n\n\t\t\t\t\t\t\t\t\t\n\t\n\t<div class=\"ova-product product type-product post-5729 status-publish instock product_cat-excursiones-de-un-dia-es has-post-thumbnail shipping-taxable product-type-ovabrw_car_rental\">\n\t\t\n<div class=\"ova_head_product\">\n\t\t\t\t<div class=\"ova-product-wishlist\">\n\t\t\t\n<div\n\tclass=\"yith-wcwl-add-to-wishlist add-to-wishlist-5729  wishlist-fragment on-first-load\"\n\tdata-fragment-ref=\"5729\"\n\tdata-fragment-options=\"{&quot;base_url&quot;:&quot;&quot;,&quot;in_default_wishlist&quot;:false,&quot;is_single&quot;:false,&quot;show_exists&quot;:false,&quot;product_id&quot;:5729,&quot;parent_product_id&quot;:5729,&quot;product_type&quot;:&quot;ovabrw_car_rental&quot;,&quot;show_view&quot;:false,&quot;browse_wishlist_text&quot;:&quot;Browse wishlist&quot;,&quot;already_in_wishslist_text&quot;:&quot;The product is already in your wishlist!&quot;,&quot;product_added_text&quot;:&quot;Product added!&quot;,&quot;heading_icon&quot;:&quot;fa-heart-o&quot;,&quot;available_multi_wishlist&quot;:false,&quot;disable_wishlist&quot;:false,&quot;show_count&quot;:false,&quot;ajax_loading&quot;:false,&quot;loop_position&quot;:&quot;after_add_to_cart&quot;,&quot;item&quot;:&quot;add_to_wishlist&quot;}\"\n>\n\t\t\t\n\t\t\t<!-- ADD TO WISHLIST -->\n\t\t\t\n<div class=\"yith-wcwl-add-button\">\n\t\t<a\n\t\thref=\"?add_to_wishlist=5729&#038;_wpnonce=dfb8e8b823\"\n\t\tclass=\"add_to_wishlist single_add_to_wishlist\"\n\t\tdata-product-id=\"5729\"\n\t\tdata-product-type=\"ovabrw_car_rental\"\n\t\tdata-original-product-id=\"5729\"\n\t\tdata-title=\"Add to wishlist\"\n\t\trel=\"nofollow\"\n\t>\n\t\t<i class=\"yith-wcwl-icon fa fa-heart-o\"><\/i>\t\t<span>Add to wishlist<\/span>\n\t<\/a>\n<\/div>\n\n\t\t\t<!-- COUNT TEXT -->\n\t\t\t\n\t\t\t<\/div>\n\t\t<\/div>\n\t\t<a href=\"https:\/\/saharatoursmarruecos.com\/es\/producto\/excursion-de-un-dia-a-la-ciudad-de-isauira\/?ovabrw_adults=1\" class=\"ova-product-thumbnail\">\n\t\t<img decoding=\"async\" width=\"636\" height=\"426\" src=\"https:\/\/saharatoursmarruecos.com\/wp-content\/uploads\/2023\/02\/363e5cdb3dad9e445d2a9adda1d10f14-636x426.jpg\" class=\"attachment-tripgo_product_slider size-tripgo_product_slider\" alt=\"\" srcset=\"https:\/\/saharatoursmarruecos.com\/wp-content\/uploads\/2023\/02\/363e5cdb3dad9e445d2a9adda1d10f14-636x426.jpg 636w, https:\/\/saharatoursmarruecos.com\/wp-content\/uploads\/2023\/02\/363e5cdb3dad9e445d2a9adda1d10f14-416x280.jpg 416w\" sizes=\"(max-width: 636px) 100vw, 636px\" \/>\t<\/a>\n\t<\/div>\n\n<div class=\"ova_foot_product\">\n\t\n\t<h2 class=\"ova-product-title\">\n\t\t<a href=\"https:\/\/saharatoursmarruecos.com\/es\/producto\/excursion-de-un-dia-a-la-ciudad-de-isauira\/?ovabrw_adults=1\">\n\t        Excursi\u00f3n de un d\u00eda a la ciudad de Essaouira\t    <\/a>\n\t<\/h2>\n\t\n\t\n    \n\t<div class=\"ova-product-wrapper-price\">\n\t\t<div class=\"ova-product-price\">\n\t\t\t\t\t    \t<span class=\"no-product-price\">Price Negotiable<\/span>\n\t\t\t\t\t<\/div>\n\t\t<a href=\"https:\/\/saharatoursmarruecos.com\/es\/producto\/excursion-de-un-dia-a-la-ciudad-de-isauira\/?ovabrw_adults=1\" class=\"btn product-btn-book-now\">\n\t\t\tExplore\t\t<\/a>\n\t<\/div>\n\n<\/div>\t<\/div>\n\n\t\t\t\t\t\t\t\t\t\n\t\n\t<div class=\"ova-product product type-product post-5728 status-publish instock product_cat-excursiones-de-un-dia-es has-post-thumbnail shipping-taxable product-type-ovabrw_car_rental\">\n\t\t\n<div class=\"ova_head_product\">\n\t\t\t\t<div class=\"ova-product-wishlist\">\n\t\t\t\n<div\n\tclass=\"yith-wcwl-add-to-wishlist add-to-wishlist-5728  wishlist-fragment on-first-load\"\n\tdata-fragment-ref=\"5728\"\n\tdata-fragment-options=\"{&quot;base_url&quot;:&quot;&quot;,&quot;in_default_wishlist&quot;:false,&quot;is_single&quot;:false,&quot;show_exists&quot;:false,&quot;product_id&quot;:5728,&quot;parent_product_id&quot;:5728,&quot;product_type&quot;:&quot;ovabrw_car_rental&quot;,&quot;show_view&quot;:false,&quot;browse_wishlist_text&quot;:&quot;Browse wishlist&quot;,&quot;already_in_wishslist_text&quot;:&quot;The product is already in your wishlist!&quot;,&quot;product_added_text&quot;:&quot;Product added!&quot;,&quot;heading_icon&quot;:&quot;fa-heart-o&quot;,&quot;available_multi_wishlist&quot;:false,&quot;disable_wishlist&quot;:false,&quot;show_count&quot;:false,&quot;ajax_loading&quot;:false,&quot;loop_position&quot;:&quot;after_add_to_cart&quot;,&quot;item&quot;:&quot;add_to_wishlist&quot;}\"\n>\n\t\t\t\n\t\t\t<!-- ADD TO WISHLIST -->\n\t\t\t\n<div class=\"yith-wcwl-add-button\">\n\t\t<a\n\t\thref=\"?add_to_wishlist=5728&#038;_wpnonce=dfb8e8b823\"\n\t\tclass=\"add_to_wishlist single_add_to_wishlist\"\n\t\tdata-product-id=\"5728\"\n\t\tdata-product-type=\"ovabrw_car_rental\"\n\t\tdata-original-product-id=\"5728\"\n\t\tdata-title=\"Add to wishlist\"\n\t\trel=\"nofollow\"\n\t>\n\t\t<i class=\"yith-wcwl-icon fa fa-heart-o\"><\/i>\t\t<span>Add to wishlist<\/span>\n\t<\/a>\n<\/div>\n\n\t\t\t<!-- COUNT TEXT -->\n\t\t\t\n\t\t\t<\/div>\n\t\t<\/div>\n\t\t<a href=\"https:\/\/saharatoursmarruecos.com\/es\/producto\/excursion-de-un-dia-a-las-cataratas-deouzoud\/?ovabrw_adults=1\" class=\"ova-product-thumbnail\">\n\t\t<img decoding=\"async\" width=\"636\" height=\"426\" src=\"https:\/\/saharatoursmarruecos.com\/wp-content\/uploads\/2023\/02\/Depuis-Marrakech-journ-e-aux-cascades-d-Ouzoud-636x426.jpeg\" class=\"attachment-tripgo_product_slider size-tripgo_product_slider\" alt=\"\" srcset=\"https:\/\/saharatoursmarruecos.com\/wp-content\/uploads\/2023\/02\/Depuis-Marrakech-journ-e-aux-cascades-d-Ouzoud-636x426.jpeg 636w, https:\/\/saharatoursmarruecos.com\/wp-content\/uploads\/2023\/02\/Depuis-Marrakech-journ-e-aux-cascades-d-Ouzoud-300x200.jpeg 300w, https:\/\/saharatoursmarruecos.com\/wp-content\/uploads\/2023\/02\/Depuis-Marrakech-journ-e-aux-cascades-d-Ouzoud-416x280.jpeg 416w\" sizes=\"(max-width: 636px) 100vw, 636px\" \/>\t<\/a>\n\t<\/div>\n\n<div class=\"ova_foot_product\">\n\t\n\t<h2 class=\"ova-product-title\">\n\t\t<a href=\"https:\/\/saharatoursmarruecos.com\/es\/producto\/excursion-de-un-dia-a-las-cataratas-deouzoud\/?ovabrw_adults=1\">\n\t        Excursi\u00f3n de un d\u00eda a las cascadas de Ouzoud\t    <\/a>\n\t<\/h2>\n\t\n\t\n    \n\t<div class=\"ova-product-wrapper-price\">\n\t\t<div class=\"ova-product-price\">\n\t\t\t\t\t    \t<span class=\"no-product-price\">Price Negotiable<\/span>\n\t\t\t\t\t<\/div>\n\t\t<a href=\"https:\/\/saharatoursmarruecos.com\/es\/producto\/excursion-de-un-dia-a-las-cataratas-deouzoud\/?ovabrw_adults=1\" class=\"btn product-btn-book-now\">\n\t\t\tExplore\t\t<\/a>\n\t<\/div>\n\n<\/div>\t<\/div>\n\n\t\t\t\t\t\t\t<\/div>\n\n\t\t\n\t\t\t\t<\/div>\n\t\t\t\t<\/div>\n\t\t\t\t\t<\/div>\n\t\t<\/div>\n\t\t\t\t\t<\/div>\n\t\t<\/section>\n\t\t\t\t<\/div>\n\t\t","protected":false},"excerpt":{"rendered":"<p>Excursiones de un d\u00eda Descubrir Marruecos en un d\u00eda Excursiones de un d\u00eda a Marruecos Descubra las maravillas de Marruecos con nuestras emocionantes excursiones de un d\u00eda. Tanto si es la primera vez que visita el pa\u00eds como si es un viajero experimentado, nuestros viajes ofrecen una experiencia inolvidable que muestra lo mejor de este [&hellip;]<\/p>\n","protected":false},"author":1,"featured_media":0,"parent":0,"menu_order":0,"comment_status":"closed","ping_status":"closed","template":"elementor_header_footer","meta":{"footnotes":""},"class_list":["post-5689","page","type-page","status-publish","hentry"],"yoast_head":"<!-- This site is optimized with the Yoast SEO plugin v20.1 - https:\/\/yoast.com\/wordpress\/plugins\/seo\/ -->\n<title>Excursiones de un d\u00eda - Sahara Tours Marruecos<\/title>\n<meta name=\"robots\" content=\"index, follow, max-snippet:-1, max-image-preview:large, max-video-preview:-1\" \/>\n<link rel=\"canonical\" href=\"https:\/\/saharatoursmarruecos.com\/es\/excursiones-de-un-dia\/\" \/>\n<meta property=\"og:locale\" content=\"es_ES\" \/>\n<meta property=\"og:type\" content=\"article\" \/>\n<meta property=\"og:title\" content=\"Excursiones de un d\u00eda - Sahara Tours Marruecos\" \/>\n<meta property=\"og:description\" content=\"Excursiones de un d\u00eda Descubrir Marruecos en un d\u00eda Excursiones de un d\u00eda a Marruecos Descubra las maravillas de Marruecos con nuestras emocionantes excursiones de un d\u00eda. Tanto si es la primera vez que visita el pa\u00eds como si es un viajero experimentado, nuestros viajes ofrecen una experiencia inolvidable que muestra lo mejor de este [&hellip;]\" \/>\n<meta property=\"og:url\" content=\"https:\/\/saharatoursmarruecos.com\/es\/excursiones-de-un-dia\/\" \/>\n<meta property=\"og:site_name\" content=\"Sahara Tours Marruecos\" \/>\n<meta property=\"article:modified_time\" content=\"2023-03-05T16:44:04+00:00\" \/>\n<meta property=\"og:image\" content=\"https:\/\/www.saharatoursmarruecos.com\/wp-content\/uploads\/2023\/02\/Depuis-Marrakech-journ-e-aux-cascades-d-Ouzoud-636x426.jpeg\" \/>\n<meta name=\"twitter:card\" content=\"summary_large_image\" \/>\n<meta name=\"twitter:label1\" content=\"Tiempo de lectura\" \/>\n\t<meta name=\"twitter:data1\" content=\"1 minuto\" \/>\n<script type=\"application\/ld+json\" class=\"yoast-schema-graph\">{\"@context\":\"https:\/\/schema.org\",\"@graph\":[{\"@type\":\"WebPage\",\"@id\":\"https:\/\/saharatoursmarruecos.com\/es\/excursiones-de-un-dia\/\",\"url\":\"https:\/\/saharatoursmarruecos.com\/es\/excursiones-de-un-dia\/\",\"name\":\"Excursiones de un d\u00eda - Sahara Tours Marruecos\",\"isPartOf\":{\"@id\":\"https:\/\/saharatoursmarruecos.com\/#website\"},\"datePublished\":\"2023-02-11T18:11:07+00:00\",\"dateModified\":\"2023-03-05T16:44:04+00:00\",\"breadcrumb\":{\"@id\":\"https:\/\/saharatoursmarruecos.com\/es\/excursiones-de-un-dia\/#breadcrumb\"},\"inLanguage\":\"es\",\"potentialAction\":[{\"@type\":\"ReadAction\",\"target\":[\"https:\/\/saharatoursmarruecos.com\/es\/excursiones-de-un-dia\/\"]}]},{\"@type\":\"BreadcrumbList\",\"@id\":\"https:\/\/saharatoursmarruecos.com\/es\/excursiones-de-un-dia\/#breadcrumb\",\"itemListElement\":[{\"@type\":\"ListItem\",\"position\":1,\"name\":\"Home\",\"item\":\"https:\/\/saharatoursmarruecos.com\/\"},{\"@type\":\"ListItem\",\"position\":2,\"name\":\"Excursiones de un d\u00eda\"}]},{\"@type\":\"WebSite\",\"@id\":\"https:\/\/saharatoursmarruecos.com\/#website\",\"url\":\"https:\/\/saharatoursmarruecos.com\/\",\"name\":\"Sahara Tours Marruecos\",\"description\":\"Sahara Tours Marruecos\",\"potentialAction\":[{\"@type\":\"SearchAction\",\"target\":{\"@type\":\"EntryPoint\",\"urlTemplate\":\"https:\/\/saharatoursmarruecos.com\/?s={search_term_string}\"},\"query-input\":\"required name=search_term_string\"}],\"inLanguage\":\"es\"}]}<\/script>\n<!-- \/ Yoast SEO plugin. -->","yoast_head_json":{"title":"Excursiones de un d\u00eda - Sahara Tours Marruecos","robots":{"index":"index","follow":"follow","max-snippet":"max-snippet:-1","max-image-preview":"max-image-preview:large","max-video-preview":"max-video-preview:-1"},"canonical":"https:\/\/saharatoursmarruecos.com\/es\/excursiones-de-un-dia\/","og_locale":"es_ES","og_type":"article","og_title":"Excursiones de un d\u00eda - Sahara Tours Marruecos","og_description":"Excursiones de un d\u00eda Descubrir Marruecos en un d\u00eda Excursiones de un d\u00eda a Marruecos Descubra las maravillas de Marruecos con nuestras emocionantes excursiones de un d\u00eda. Tanto si es la primera vez que visita el pa\u00eds como si es un viajero experimentado, nuestros viajes ofrecen una experiencia inolvidable que muestra lo mejor de este [&hellip;]","og_url":"https:\/\/saharatoursmarruecos.com\/es\/excursiones-de-un-dia\/","og_site_name":"Sahara Tours Marruecos","article_modified_time":"2023-03-05T16:44:04+00:00","og_image":[{"url":"https:\/\/www.saharatoursmarruecos.com\/wp-content\/uploads\/2023\/02\/Depuis-Marrakech-journ-e-aux-cascades-d-Ouzoud-636x426.jpeg"}],"twitter_card":"summary_large_image","twitter_misc":{"Tiempo de lectura":"1 minuto"},"schema":{"@context":"https:\/\/schema.org","@graph":[{"@type":"WebPage","@id":"https:\/\/saharatoursmarruecos.com\/es\/excursiones-de-un-dia\/","url":"https:\/\/saharatoursmarruecos.com\/es\/excursiones-de-un-dia\/","name":"Excursiones de un d\u00eda - Sahara Tours Marruecos","isPartOf":{"@id":"https:\/\/saharatoursmarruecos.com\/#website"},"datePublished":"2023-02-11T18:11:07+00:00","dateModified":"2023-03-05T16:44:04+00:00","breadcrumb":{"@id":"https:\/\/saharatoursmarruecos.com\/es\/excursiones-de-un-dia\/#breadcrumb"},"inLanguage":"es","potentialAction":[{"@type":"ReadAction","target":["https:\/\/saharatoursmarruecos.com\/es\/excursiones-de-un-dia\/"]}]},{"@type":"BreadcrumbList","@id":"https:\/\/saharatoursmarruecos.com\/es\/excursiones-de-un-dia\/#breadcrumb","itemListElement":[{"@type":"ListItem","position":1,"name":"Home","item":"https:\/\/saharatoursmarruecos.com\/"},{"@type":"ListItem","position":2,"name":"Excursiones de un d\u00eda"}]},{"@type":"WebSite","@id":"https:\/\/saharatoursmarruecos.com\/#website","url":"https:\/\/saharatoursmarruecos.com\/","name":"Sahara Tours Marruecos","description":"Sahara Tours Marruecos","potentialAction":[{"@type":"SearchAction","target":{"@type":"EntryPoint","urlTemplate":"https:\/\/saharatoursmarruecos.com\/?s={search_term_string}"},"query-input":"required name=search_term_string"}],"inLanguage":"es"}]}},"_links":{"self":[{"href":"https:\/\/saharatoursmarruecos.com\/es\/wp-json\/wp\/v2\/pages\/5689","targetHints":{"allow":["GET"]}}],"collection":[{"href":"https:\/\/saharatoursmarruecos.com\/es\/wp-json\/wp\/v2\/pages"}],"about":[{"href":"https:\/\/saharatoursmarruecos.com\/es\/wp-json\/wp\/v2\/types\/page"}],"author":[{"embeddable":true,"href":"https:\/\/saharatoursmarruecos.com\/es\/wp-json\/wp\/v2\/users\/1"}],"replies":[{"embeddable":true,"href":"https:\/\/saharatoursmarruecos.com\/es\/wp-json\/wp\/v2\/comments?post=5689"}],"version-history":[{"count":0,"href":"https:\/\/saharatoursmarruecos.com\/es\/wp-json\/wp\/v2\/pages\/5689\/revisions"}],"wp:attachment":[{"href":"https:\/\/saharatoursmarruecos.com\/es\/wp-json\/wp\/v2\/media?parent=5689"}],"curies":[{"name":"wp","href":"https:\/\/api.w.org\/{rel}","templated":true}]}}